{"id":31,"date":"2023-10-27T19:48:46","date_gmt":"2023-10-27T17:48:46","guid":{"rendered":"https:\/\/jifeline.net\/?page_id=31"},"modified":"2024-09-23T16:42:15","modified_gmt":"2024-09-23T14:42:15","slug":"unsere-firma","status":"publish","type":"page","link":"https:\/\/jifeline.net\/de\/over-ons\/","title":{"rendered":"Unsere Firma"},"content":{"rendered":"<h3 class=\"wp-block-heading\">Progressives Sehen<\/h3>\n\n\n\n<p>Im Jahr 2012 wurde Jifeline mit der fortschrittlichen Vision gegr\u00fcndet, die Automobilindustrie im Bereich der Ferndiagnose zu revolutionieren.<\/p>\n\n\n\n<p>Durch die rasante technologische Entwicklung in der Automobilindustrie entstand der Bedarf an einer L\u00f6sung, die es den Werkst\u00e4tten erm\u00f6glicht, Diagnose-, Codierungs- und Programmierprobleme aus der Ferne zu l\u00f6sen.<\/p>\n\n\n\n<br>\n\n\n\n<hr class=\"wp-block-separator has-text-color has-alpha-channel-opacity has-background\" style=\"background-color:#27b7ea;color:#27b7ea\"\/>\n\n\n\n<br>\n\n\n\n<h3 class=\"wp-block-heading\">Fokus auf Innovation<\/h3>\n\n\n\n<p>Mit einem starken Fokus auf Innovation und Technologie hat Jifeline eine einzigartige und solide Infrastruktur entwickelt, die eine Ferndiagnose des Fahrzeugs erm\u00f6glicht, ohne dass das Fahrzeug die Werkstatt verlassen muss.<\/p>\n\n\n\n<p>Es entstand eine kostensparende L\u00f6sung, bei der die einmalige Anschaffung der Jifeline-Fernschnittstelle ausreicht und der Jifeline-Nutzer nur f\u00fcr die tats\u00e4chlich in Anspruch genommenen Leistungen zahlt.<\/p>\n\n\n\n<br>\n\n\n\n<hr class=\"wp-block-separator has-text-color has-alpha-channel-opacity has-background\" style=\"background-color:#27b7ea;color:#27b7ea\"\/>\n\n\n\n<br>\n\n\n\n<h3 class=\"wp-block-heading\">Die Geburt von Jifeline Networks<\/h3>\n\n\n\n<p>Der wachsende Erfolg und die steigende Nachfrage von internationalen Parteien und Fahrzeugspezialisten, diese Technologie ebenfalls nutzen zu k\u00f6nnen, f\u00fchrte 2018 zur Gr\u00fcndung von Jifeline Networks. Die Infrastruktur wird Partnern zur Verf\u00fcgung gestellt, die sie f\u00fcr ihre eigenen Standorte oder Kunden nutzen k\u00f6nnen. Dies ist auch unter dem eigenen Label des Partners m\u00f6glich, was Jifeline Networks auch zu einem wichtigen Marketinginstrument macht. <\/p>\n\n\n\n<br>\n\n\n\n<hr class=\"wp-block-separator has-text-color has-alpha-channel-opacity has-background\" style=\"background-color:#27b7ea;color:#27b7ea\"\/>\n\n\n\n<br>\n\n\n\n<h3 class=\"wp-block-heading\">Zukunft<\/h3>\n\n\n\n<p>Seitdem hat sich Jifeline Networks zu einem globalen Netzwerk mit mehr als 150 Partnern entwickelt. Den Partnern wird eine einzigartige Plattform geboten, auf der Arbeiten auch an andere Partner innerhalb des Netzwerks ausgelagert werden k\u00f6nnen. Diese Zusammenarbeit und der Austausch von Wissen erm\u00f6glicht es den Partnern, vom Fachwissen der anderen zu profitieren, ohne dass sie dieses spezifische Wissen selbst erwerben m\u00fcssen. Dieses Netzwerk wird auch in Zukunft weiter wachsen.<\/p>\n\n\n\n<br>\n\n\n\n<hr class=\"wp-block-separator has-text-color has-alpha-channel-opacity has-background\" style=\"background-color:#27b7ea;color:#27b7ea\"\/>\n\n\n\n<br>","protected":false},"excerpt":{"rendered":"<p>Vooruitstrevende visie In 2012 werd Jifeline opgericht met de vooruitstrevende visie om een revolutie teweeg te gaan brengen in de auto-industrie op het gebied van remote diagnose. Door de snelle technologische ontwikkelingen binnen de auto-industrie ontstond de behoefte aan een oplossing die garagebedrijven in staat stelde om diagnose-, codeer- en programmeerproblemen op afstand op te [&hellip;]<\/p>\n","protected":false},"author":1,"featured_media":4183,"parent":0,"menu_order":0,"comment_status":"closed","ping_status":"closed","template":"","meta":{"footnotes":""},"soort-pagina":[],"class_list":["post-31","page","type-page","status-publish","has-post-thumbnail","hentry"],"_links":{"self":[{"href":"https:\/\/jifeline.net\/de\/wp-json\/wp\/v2\/pages\/31","targetHints":{"allow":["GET"]}}],"collection":[{"href":"https:\/\/jifeline.net\/de\/wp-json\/wp\/v2\/pages"}],"about":[{"href":"https:\/\/jifeline.net\/de\/wp-json\/wp\/v2\/types\/page"}],"author":[{"embeddable":true,"href":"https:\/\/jifeline.net\/de\/wp-json\/wp\/v2\/users\/1"}],"replies":[{"embeddable":true,"href":"https:\/\/jifeline.net\/de\/wp-json\/wp\/v2\/comments?post=31"}],"version-history":[{"count":5,"href":"https:\/\/jifeline.net\/de\/wp-json\/wp\/v2\/pages\/31\/revisions"}],"predecessor-version":[{"id":4975,"href":"https:\/\/jifeline.net\/de\/wp-json\/wp\/v2\/pages\/31\/revisions\/4975"}],"wp:featuredmedia":[{"embeddable":true,"href":"https:\/\/jifeline.net\/de\/wp-json\/wp\/v2\/media\/4183"}],"wp:attachment":[{"href":"https:\/\/jifeline.net\/de\/wp-json\/wp\/v2\/media?parent=31"}],"wp:term":[{"taxonomy":"soort-pagina","embeddable":true,"href":"https:\/\/jifeline.net\/de\/wp-json\/wp\/v2\/soort-pagina?post=31"}],"curies":[{"name":"wp","href":"https:\/\/api.w.org\/{rel}","templated":true}]}}