{"id":34,"date":"2023-10-27T19:49:04","date_gmt":"2023-10-27T17:49:04","guid":{"rendered":"https:\/\/jifeline.net\/?page_id=34"},"modified":"2026-01-21T12:32:02","modified_gmt":"2026-01-21T11:32:02","slug":"ferndiagnose","status":"publish","type":"page","link":"https:\/\/jifeline.net\/de\/creeer-uw-eigen-netwerk\/","title":{"rendered":"Erstellen Sie Ihr eigenes Netzwerk"},"content":{"rendered":"<h3>Werden Sie Partner<\/h3>\n<p>Partner von Jifeline Networks zu werden ist einfach. Die wichtigsten Schritte, die Sie unternehmen m\u00fcssen, sind organisatorischer Natur:\u00a0<\/p>\n\n\n<ul class=\"wp-block-list\">\n<li>Sorgen Sie daf\u00fcr, dass Ihre besten Diagnosespezialisten ihren eigenen zentralen Standort haben.<\/li>\n\n\n\n<li>Den Spezialisten Ihres Diagnosezentrums wird dann die Jifeline-Infrastruktur zur Verf\u00fcgung gestellt. Diese besteht aus einer \"lokalen Schnittstelle\" mit zugeh\u00f6rigem personalisierten Dashboard.<\/li>\n\n\n\n<li>Die Mechaniker in den Mitgliedsbetrieben verf\u00fcgen \u00fcber ein \"Remote Interface\", ein Jifeline-Ger\u00e4t, das \u00fcber den OBD2-Stecker an das Fahrzeug angeschlossen wird.<\/li>\n<\/ul>\n\n\n\n<p>Nachdem der Mechaniker \u00fcber die Fernschnittstelle ein Ticket erstellt hat, kann der Spezialist das Fahrzeug \u00fcbernehmen. Der Spezialist schlie\u00dft das erforderliche Diagnoseger\u00e4t aus der Ferne an seine lokale Schnittstelle an und die Codierung\/Programmierung kann beginnen.<\/p>\n\n\n\n<br>\n\n\n\n<hr class=\"wp-block-separator has-text-color has-alpha-channel-opacity has-background\" style=\"background-color:#1ab7ea;color:#1ab7ea\"\/>\n\n\n\n<br>\n\n\n\n<h3 class=\"wp-block-heading\">\u00dcber das Netzwerk k\u00f6nnen Sie<\/h3>\n\n\n\n<ul class=\"wp-block-list\">\n<li>Diagnose, Codierung oder Programmierung von Fahrzeugen mit einem OBDII-Stecker durchf\u00fchren<\/li>\n\n\n\n<li>Unterst\u00fctzen Sie Ihre eigenen Kunden oder arbeiten Sie mit einem anderen Jifeline-Partner zusammen, um dessen Kunden zu unterst\u00fctzen.<\/li>\n\n\n\n<li>Unterst\u00fctzung von einem anderen Partner anfordern, wenn Sie eine bestimmte Leistung nicht selbst erbringen k\u00f6nnen (oder wollen)<\/li>\n\n\n\n<li>Fernarbeit an Fahrzeugen in ganz Europa - \u00fcber ein sicheres, stabiles Netz<\/li>\n\n\n\n<li>Verwendung verschiedener Protokolldateien, um ein besseres Verst\u00e4ndnis der tats\u00e4chlichen Kodierungen zu erhalten<\/li>\n\n\n\n<li>Nutzung automatisierter Funktionen \u00fcber Programmierskripte, um Ihren Kunden sehr kosteneffizient zu helfen<\/li>\n<\/ul>\n\n\n\n<br>\n\n\n\n<hr class=\"wp-block-separator has-text-color has-alpha-channel-opacity has-background\" style=\"background-color:#1ab7ea;color:#1ab7ea\"\/>\n\n\n\n<br>\n\n\n\n<h3 class=\"wp-block-heading\">Was brauchen Sie? <\/h3>\n\n\n\n<p>Um unser Netz zu nutzen, ist Hardware erforderlich. Auf der Seite des Garagisten ist dies der so genannte \"Remote\", beim entfernten Helpdesk ist es der lokale Server. Die lokalen Server sind in verschiedenen Versionen verf\u00fcgbar, so dass es f\u00fcr jeden Partner eine passende L\u00f6sung gibt:<\/p>\n\n\n\n<ul class=\"wp-block-list\">\n<li><strong>Geh\u00e4use des Servers Local-1:<\/strong> Sie k\u00f6nnen problemlos von zu Hause oder einem anderen B\u00fcro aus arbeiten.<\/li>\n\n\n\n<li>L<strong>ocal-4 Servergeh\u00e4use:<\/strong> Geeignet f\u00fcr einen Schreibtisch, mit der M\u00f6glichkeit, an 4 Fahrzeugen gleichzeitig zu arbeiten.<\/li>\n\n\n\n<li><strong>Local-10-Servergeh\u00e4use (19-Zoll-Rack):<\/strong> So k\u00f6nnen Sie die Diagnosetools in Ihrem Serverraum platzieren und mit der Arbeit aus der Ferne beginnen.<\/li>\n<\/ul>\n\n\n\n<br>\n\n\n\n<div class=\"wp-block-media-text is-stacked-on-mobile is-vertically-aligned-center\"><figure class=\"wp-block-media-text__media\"><img fetchpriority=\"high\" decoding=\"async\" width=\"1024\" height=\"1024\" src=\"https:\/\/jifeline.net\/wp-content\/uploads\/2024\/09\/local-server-1-1024x1024.png\" alt=\"Lokal 4\" class=\"wp-image-4454 size-full\" srcset=\"https:\/\/jifeline.net\/wp-content\/uploads\/2024\/09\/local-server-1-1024x1024.png 1024w, https:\/\/jifeline.net\/wp-content\/uploads\/2024\/09\/local-server-1-300x300.png 300w, https:\/\/jifeline.net\/wp-content\/uploads\/2024\/09\/local-server-1-150x150.png 150w, https:\/\/jifeline.net\/wp-content\/uploads\/2024\/09\/local-server-1-768x768.png 768w, https:\/\/jifeline.net\/wp-content\/uploads\/2024\/09\/local-server-1-12x12.png 12w, https:\/\/jifeline.net\/wp-content\/uploads\/2024\/09\/local-server-1.png 1500w\" sizes=\"(max-width: 1024px) 100vw, 1024px\" \/><\/figure><div class=\"wp-block-media-text__content\">\n<p>Das Starterpaket enth\u00e4lt ein personalisiertes Dashboard mit einem lokalen Servergeh\u00e4use mit mindestens einem lokalen Modul. Damit k\u00f6nnen Sie eine sichere Verbindung zum anderen Teil der Infrastruktur, der \"Remote-Schnittstelle\", herstellen. Mit diesen beiden Komponenten k\u00f6nnen Sie auf die Fahrzeugnetze zugreifen.<\/p>\n<\/div><\/div>\n\n\n\n<br>\n\n\n\n<br>\n\n\n\n<hr class=\"wp-block-separator has-text-color has-alpha-channel-opacity has-background\" style=\"background-color:#1ab7ea;color:#1ab7ea\"\/>\n\n\n\n<br>\n\n\n\n<h3 class=\"wp-block-heading\">Zugang zu einer breiten Palette von Tools und Wissen<\/h3>\n\n\n\n<p>Mit mehr als 150 internationalen Partnern ist Jifeline Networks ein wirklich globales Netzwerk. Die Partner profitieren vom Know-how der anderen und k\u00f6nnen Diagnose- und Programmieraufgaben \u00fcber die Jifeline-Plattform problemlos austauschen. Dieser internationale Charakter stellt sicher, dass die Partner unabh\u00e4ngig von ihrem eigenen Standort und ihren Ressourcen Zugang zu einem breiten Spektrum an Wissen und Tools haben.<\/p>\n\n\n\n<br>\n\n\n\n<hr class=\"wp-block-separator has-text-color has-alpha-channel-opacity has-background\" style=\"background-color:#1ab7ea;color:#1ab7ea\"\/>\n\n\n\n<br>\n\n\n\n<h3 class=\"wp-block-heading\">Zusammenarbeit mit anderen Partnern<\/h3>\n\n\n\n<p>Eine einzigartige Funktion ist die M\u00f6glichkeit, Tickets an andere Jifeline-Partner auszulagern. Manchmal gibt es Probleme, f\u00fcr die Ihre eigenen Diagnosespezialisten keine L\u00f6sung haben. Dann ist es gut zu wissen, dass Sie sich an die Dutzenden anderen Partner von Jifeline Networks wenden k\u00f6nnen. Es gibt immer einen mit dem richtigen Fachgebiet, der das Problem f\u00fcr Sie \u00fcber das Netzwerk l\u00f6sen kann. Nat\u00fcrlich entscheiden Sie selbst, mit welchen Partnern Sie zusammenarbeiten wollen und mit welchen nicht. <\/p>\n\n\n\n<br>\n\n\n\n<hr class=\"wp-block-separator has-text-color has-alpha-channel-opacity has-background is-style-default\" style=\"background-color:#1ab7ea;color:#1ab7ea\"\/>\n\n\n\n<br>\n\n\n\n<h3 class=\"wp-block-heading\">Automatisierte Dienste<\/h3>\n\n\n\n<p>Jifeline entwickelt eigene Skripte, mit denen h\u00e4ufige und komplexe Programmierungen viel schneller durchgef\u00fchrt werden k\u00f6nnen. So wird zum Beispiel das Erlernen von Anh\u00e4ngevorrichtungen und Schl\u00fcsseln f\u00fcr bestimmte Automodelle zu einer Sache von Sekunden.<\/p>\n\n\n\n<br>\n\n\n\n<hr class=\"wp-block-separator has-text-color has-alpha-channel-opacity has-background\" style=\"background-color:#1ab7ea;color:#1ab7ea\"\/>","protected":false},"excerpt":{"rendered":"<p>Partner worden Partner worden van Jifeline Networks is eenvoudig. De belangrijkste stappen die u moet zetten zijn organisatorisch:\u00a0 Nadat de monteur met de remote interface een ticket heeft aangemaakt, kan de specialist het voertuig overnemen. De specialist koppelt op afstand het benodigde diagnoseapparaat aan zijn local interface en het coderen\/programmeren kan beginnen. Via het netwerk [&hellip;]<\/p>\n","protected":false},"author":1,"featured_media":4534,"parent":0,"menu_order":0,"comment_status":"closed","ping_status":"closed","template":"","meta":{"footnotes":""},"soort-pagina":[],"class_list":["post-34","page","type-page","status-publish","has-post-thumbnail","hentry"],"_links":{"self":[{"href":"https:\/\/jifeline.net\/de\/wp-json\/wp\/v2\/pages\/34","targetHints":{"allow":["GET"]}}],"collection":[{"href":"https:\/\/jifeline.net\/de\/wp-json\/wp\/v2\/pages"}],"about":[{"href":"https:\/\/jifeline.net\/de\/wp-json\/wp\/v2\/types\/page"}],"author":[{"embeddable":true,"href":"https:\/\/jifeline.net\/de\/wp-json\/wp\/v2\/users\/1"}],"replies":[{"embeddable":true,"href":"https:\/\/jifeline.net\/de\/wp-json\/wp\/v2\/comments?post=34"}],"version-history":[{"count":5,"href":"https:\/\/jifeline.net\/de\/wp-json\/wp\/v2\/pages\/34\/revisions"}],"predecessor-version":[{"id":5256,"href":"https:\/\/jifeline.net\/de\/wp-json\/wp\/v2\/pages\/34\/revisions\/5256"}],"wp:featuredmedia":[{"embeddable":true,"href":"https:\/\/jifeline.net\/de\/wp-json\/wp\/v2\/media\/4534"}],"wp:attachment":[{"href":"https:\/\/jifeline.net\/de\/wp-json\/wp\/v2\/media?parent=34"}],"wp:term":[{"taxonomy":"soort-pagina","embeddable":true,"href":"https:\/\/jifeline.net\/de\/wp-json\/wp\/v2\/soort-pagina?post=34"}],"curies":[{"name":"wp","href":"https:\/\/api.w.org\/{rel}","templated":true}]}}