{"id":3819,"date":"2024-08-21T15:32:12","date_gmt":"2024-08-21T13:32:12","guid":{"rendered":"https:\/\/jifeline.net\/?page_id=3819"},"modified":"2026-01-21T12:45:59","modified_gmt":"2026-01-21T11:45:59","slug":"openobd","status":"publish","type":"page","link":"https:\/\/jifeline.net\/de\/openobd\/","title":{"rendered":"OpenOBD"},"content":{"rendered":"<h2 class=\"wp-block-heading has-text-color has-link-color wp-elements-9f76a00341eecb691e1eb61efa21cffe\" style=\"color:#e50d6d\">Was ist openOBD? <\/h2>\n\n\n\n<p>F\u00fchren Sie den Weg in eine neue \u00c4ra der Ferndiagnose mit openOBD. Entdecken Sie das Potenzial von openOBD, um Ihre Ferndiagnose auf die n\u00e4chste Stufe zu heben. Mit openOBD k\u00f6nnen Sie sich direkt mit dem OBD2-Port eines Fahrzeugs verbinden, indem Sie die Infrastruktur von Jifeline Networks nutzen. Dies erm\u00f6glicht Ihnen, automatisierte Diagnoseverfahren (Automated Functions) in Ihrer bevorzugten Sprache zu erstellen. So k\u00f6nnen Sie komplexe Reparatur- und Wartungsverfahren vereinfachen und Ihr Team von Bedienern unterst\u00fctzen.<\/p>\n\n\n\n<br>\n\n\n\n<hr class=\"wp-block-separator has-text-color has-alpha-channel-opacity has-background\" style=\"background-color:#e50d6d;color:#e50d6d\"\/>\n\n\n\n<br>\n\n\n\n<h3 class=\"wp-block-heading has-text-color has-link-color wp-elements-a91d322ae6d37dfdf5aa0ed19aed4eb3\" style=\"color:#e50d6d\">Die Herausforderung<\/h3>\n\n\n\n<div class=\"wp-block-media-text is-stacked-on-mobile\"><figure class=\"wp-block-media-text__media\"><img fetchpriority=\"high\" decoding=\"async\" width=\"654\" height=\"797\" src=\"https:\/\/jifeline.net\/wp-content\/uploads\/2024\/09\/ford_puma_topology.png\" alt=\"OpenOBD\" class=\"wp-image-4730 size-full\" srcset=\"https:\/\/jifeline.net\/wp-content\/uploads\/2024\/09\/ford_puma_topology.png 654w, https:\/\/jifeline.net\/wp-content\/uploads\/2024\/09\/ford_puma_topology-246x300.png 246w, https:\/\/jifeline.net\/wp-content\/uploads\/2024\/09\/ford_puma_topology-10x12.png 10w\" sizes=\"(max-width: 654px) 100vw, 654px\" \/><\/figure><div class=\"wp-block-media-text__content\">\n<p>Die Fahrzeuge von heute haben eine komplexe elektronische Architektur, die spezielle Kenntnisse in der Codierung, Programmierung und Kalibrierung erfordert. Die hohen Kosten und die rasche Weiterentwicklung der Diagnoseger\u00e4te stellen f\u00fcr viele Werkst\u00e4tten eine gro\u00dfe Herausforderung dar. Die Ferndiagnose bietet eine vielversprechende L\u00f6sung, indem sie die Diagnosewerkzeuge und das Wissen optimiert. Das derzeitige Modell, bei dem f\u00fcr jede Ferndiagnose spezielle Werkzeuge und Mitarbeiter ben\u00f6tigt werden, schr\u00e4nkt jedoch die Effizienz ein.<\/p>\n<\/div><\/div>\n\n\n\n<br>\n\n\n\n<hr class=\"wp-block-separator has-text-color has-alpha-channel-opacity has-background\" style=\"background-color:#e50d6d;color:#e50d6d\"\/>\n\n\n\n<br>\n\n\n\n<h3 class=\"wp-block-heading has-text-color has-link-color wp-elements-d9c778a84b7ac87c2cf6122b1bfeb123\" style=\"color:#e50d6d\">Die L\u00f6sung <\/h3>\n\n\n\n<p>Um diese Herausforderungen zu meistern, stellt Jifeline Networks openOBD vor. Diese innovative Technologie erm\u00f6glicht es Ihnen, ma\u00dfgeschneiderte Diagnoseverfahren zu erstellen, die die OBD2-Kommunikation direkt verwalten. Durch die Automatisierung von Routineaufgaben und die Rationalisierung von Arbeitsabl\u00e4ufen hilft openOBD den Werkst\u00e4tten, ihre Abl\u00e4ufe zu optimieren und sich auf komplexe Probleme zu konzentrieren.<\/p>\n\n\n\n<br>\n\n\n\n<hr class=\"wp-block-separator has-text-color has-alpha-channel-opacity has-background\" style=\"background-color:#e50d6d;color:#e50d6d\"\/>\n\n\n\n<br>\n\n\n\n<h3 class=\"wp-block-heading has-text-color has-link-color wp-elements-f9402a5aa499c6fe793e6be3cf259246\" style=\"color:#e50d6d\">Warum openOBD?  <\/h3>\n\n\n\n<p>Remote Service Provider k\u00f6nnen Diagnoseroutinen nahtlos in ihren t\u00e4glichen Arbeitsablauf integrieren. Zum Beispiel durch die Automatisierung g\u00e4ngiger Diagnoseaufgaben und die Beseitigung von Wartezeiten, so dass sich Ihre Mitarbeiter auf komplexere Diagnosen konzentrieren k\u00f6nnen. Es k\u00f6nnen auch automatisierte Berichte oder Fehlercodes erstellt werden.<\/p>\n\n\n\n<br>\n\n\n\n<hr class=\"wp-block-separator has-text-color has-alpha-channel-opacity has-background\" style=\"background-color:#e50d6d;color:#e50d6d\"\/>\n\n\n\n<br>\n\n\n\n<h3 class=\"wp-block-heading has-text-color has-link-color wp-elements-778007f34063671ccdd30e0c56bbbe7a\" style=\"color:#e50d6d\">Wie funktioniert das?  <\/h3>\n\n\n\n<figure class=\"wp-block-image size-full\"><img decoding=\"async\" width=\"702\" height=\"443\" src=\"https:\/\/jifeline.net\/wp-content\/uploads\/2024\/09\/openobd-flow.png\" alt=\"OpenOBD\" class=\"wp-image-4732\" srcset=\"https:\/\/jifeline.net\/wp-content\/uploads\/2024\/09\/openobd-flow.png 702w, https:\/\/jifeline.net\/wp-content\/uploads\/2024\/09\/openobd-flow-300x189.png 300w, https:\/\/jifeline.net\/wp-content\/uploads\/2024\/09\/openobd-flow-18x12.png 18w\" sizes=\"(max-width: 702px) 100vw, 702px\" \/><\/figure>\n\n\n\n<br>\n\n\n\n<hr class=\"wp-block-separator has-text-color has-alpha-channel-opacity has-background\" style=\"background-color:#e50d6d;color:#e50d6d\"\/>\n\n\n\n<br>\n\n\n\n<h3 class=\"wp-block-heading has-text-color has-link-color wp-elements-5cefa8f93691a540b3f3d79d22a1b2bb\" style=\"color:#e50d6d\">Die Vorteile von openOBD<\/h3>\n\n\n\n<br>\n\n\n\n<h5 class=\"wp-block-heading has-text-color has-link-color wp-elements-7b31ceae28bd6a4e03831d340483f851\" style=\"color:#e50d6d\">Schnellerer Zugang, schnellere L\u00f6sungen<\/h5>\n\n\n\n<p>Stellen Sie \u00fcber die Infrastruktur von Jifeline Networks eine direkte Verbindung mit dem OBD2-Anschluss Ihres Fahrzeugs her. Erstellen Sie benutzerdefinierte Diagnoseverfahren in Ihrer bevorzugten Programmiersprache, um Fernreparaturen zu rationalisieren und Ihr Team zu unterst\u00fctzen.<\/p>\n\n\n\n<br>\n\n\n\n<h5 class=\"wp-block-heading has-text-color has-link-color wp-elements-252ad5002f8f2207e7f4d8a6781ce805\" style=\"color:#e50d6d\">Steigern Sie Ihre Effizienz und beeindrucken Sie Ihre Kunden<\/h5>\n\n\n\n<p>Transformieren Sie Ihren Helpdesk, automatisieren Sie Diagnoseaufgaben und beeindrucken Sie Ihre Kunden mit detaillierten Fehlerberichten. Erzielen Sie zus\u00e4tzliche Einnahmen, indem Sie Ihr Fachwissen mit Partnern teilen.<\/p>\n\n\n\n<br>\n\n\n\n<h5 class=\"wp-block-heading has-text-color has-link-color wp-elements-8545cb89c503718a6986716f58b72746\" style=\"color:#e50d6d\">Offen, flexibel und sicher<\/h5>\n\n\n\n<p>Nutzen Sie die Leistungsf\u00e4higkeit der Open-Source gRPC-Technologie, um Ihre eigenen Diagnosel\u00f6sungen zu entwickeln. Profitieren Sie von der nahtlosen Integration mit Jifeline Networks und behalten Sie die volle Kontrolle \u00fcber Ihr geistiges Eigentum.<\/p>\n\n\n\n<br>\n\n\n\n<hr class=\"wp-block-separator has-text-color has-alpha-channel-opacity has-background\" style=\"background-color:#e50d6d;color:#e50d6d\"\/>\n\n\n\n<br>","protected":false},"excerpt":{"rendered":"<p>Wat is openOBD? Loop voorop in een nieuw tijdperk van diagnose op afstand met openOBD. Ontdek het potentieel van openOBD om uw diagnose op afstand naar een hoger niveau te tillen. Met openOBD kunt u direct verbinding maken met de OBD2-poort van een voertuig door gebruik te maken van de infrastructuur van Jifeline Networks. Hierdoor [&hellip;]<\/p>\n","protected":false},"author":1,"featured_media":4490,"parent":0,"menu_order":0,"comment_status":"closed","ping_status":"closed","template":"","meta":{"footnotes":""},"soort-pagina":[35],"class_list":["post-3819","page","type-page","status-publish","has-post-thumbnail","hentry","soort-pagina-standaard-contentpagina"],"_links":{"self":[{"href":"https:\/\/jifeline.net\/de\/wp-json\/wp\/v2\/pages\/3819","targetHints":{"allow":["GET"]}}],"collection":[{"href":"https:\/\/jifeline.net\/de\/wp-json\/wp\/v2\/pages"}],"about":[{"href":"https:\/\/jifeline.net\/de\/wp-json\/wp\/v2\/types\/page"}],"author":[{"embeddable":true,"href":"https:\/\/jifeline.net\/de\/wp-json\/wp\/v2\/users\/1"}],"replies":[{"embeddable":true,"href":"https:\/\/jifeline.net\/de\/wp-json\/wp\/v2\/comments?post=3819"}],"version-history":[{"count":5,"href":"https:\/\/jifeline.net\/de\/wp-json\/wp\/v2\/pages\/3819\/revisions"}],"predecessor-version":[{"id":5268,"href":"https:\/\/jifeline.net\/de\/wp-json\/wp\/v2\/pages\/3819\/revisions\/5268"}],"wp:featuredmedia":[{"embeddable":true,"href":"https:\/\/jifeline.net\/de\/wp-json\/wp\/v2\/media\/4490"}],"wp:attachment":[{"href":"https:\/\/jifeline.net\/de\/wp-json\/wp\/v2\/media?parent=3819"}],"wp:term":[{"taxonomy":"soort-pagina","embeddable":true,"href":"https:\/\/jifeline.net\/de\/wp-json\/wp\/v2\/soort-pagina?post=3819"}],"curies":[{"name":"wp","href":"https:\/\/api.w.org\/{rel}","templated":true}]}}