{"id":3821,"date":"2024-08-21T15:32:33","date_gmt":"2024-08-21T13:32:33","guid":{"rendered":"https:\/\/jifeline.net\/?page_id=3821"},"modified":"2025-06-02T08:53:36","modified_gmt":"2025-06-02T06:53:36","slug":"fur-wen","status":"publish","type":"page","link":"https:\/\/jifeline.net\/de\/voor-wie\/","title":{"rendered":"F\u00fcr wen"},"content":{"rendered":"<p>Die L\u00f6sung von Jifeline Networks bietet eine vielseitige und umfassende Unterst\u00fctzung f\u00fcr ein breites Spektrum von Automobilspezialisten. Jifeline Networks bietet die Werkzeuge und Technologien f\u00fcr effizientes Arbeiten. Diese L\u00f6sung hilft Fachleuten, ihre Arbeit schneller, genauer und mit mehr Vertrauen auszuf\u00fchren.<\/p>\n\n\n\n<br>\n\n\n\n<hr class=\"wp-block-separator has-text-color has-alpha-channel-opacity has-background\" style=\"background-color:#27b7ea;color:#27b7ea\"\/>\n\n\n\n<br>\n\n\n\n<h3 class=\"wp-block-heading\">Wer kann von den Dienstleistungen von Jifeline profitieren?<\/h3>\n\n\n\n<p>Jifeline Networks entwickelt, unterh\u00e4lt und liefert Hardware und Infrastruktur an Partner in ganz Europa. Diese Partner haben ihre eigenen Ferndiagnose-Helpdesks, um ihren eigenen Kunden zu helfen, oder sie haben sich auf ein bestimmtes Fachgebiet spezialisiert und unterst\u00fctzen nur andere Partner mit diesem Fachgebiet. Falls ein Partner nicht die Zeit, die Werkzeuge oder das Wissen hat, kann die Anfrage eines Kunden an einen anderen Partner im Jifeline-Netzwerk ausgelagert werden.<\/p>\n\n\n\n<br>\n\n\n\n<h5 class=\"wp-block-heading\"><a href=\"https:\/\/jifeline.net\/de\/segmente\/diagnose-helpdesks\/\" data-type=\"segmenten\" data-id=\"4497\">Helpdesks f\u00fcr Diagnosezwecke<\/a><\/h5>\n\n\n\n<h5 class=\"wp-block-heading\"><a href=\"https:\/\/jifeline.net\/de\/segmente\/schadensbehebung\/\" data-type=\"segmenten\" data-id=\"3862\">Reparatur von Sch\u00e4den<\/a><\/h5>\n\n\n\n<h5 class=\"wp-block-heading\"><a href=\"https:\/\/jifeline.net\/de\/segmente\/fensterspezialisten\/\" data-type=\"segmenten\" data-id=\"4371\">Windschutzscheiben-Spezialisten f\u00fcr ADAS-Kalibrierungen<\/a><\/h5>\n\n\n\n<h5 class=\"wp-block-heading\"><a href=\"https:\/\/jifeline.net\/de\/segmente\/anhangerspezialisten\/\" data-type=\"segmenten\" data-id=\"4372\">Spezialisten f\u00fcr Anh\u00e4ngevorrichtungen<\/a><\/h5>\n\n\n\n<h5 class=\"wp-block-heading\"><a href=\"https:\/\/jifeline.net\/de\/segmente\/markenhandler-universalwerkstatten-und-werkstattkonzepte\/\" data-type=\"segmenten\" data-id=\"4373\">(Marken-)H\u00e4ndler, Universalwerkst\u00e4tten und Werkstattkonzepte<\/a><\/h5>\n\n\n\n<h5 class=\"wp-block-heading\"><a href=\"https:\/\/jifeline.net\/de\/segmente\/teilehandler\/\" data-type=\"segmenten\" data-id=\"4374\">Wiederverk\u00e4ufer von Teilen<\/a><\/h5>\n\n\n\n<h5 class=\"wp-block-heading\"><a href=\"https:\/\/jifeline.net\/de\/segmente\/versicherungsgesellschaften\/\" data-type=\"segmenten\" data-id=\"4376\">Versicherungsgesellschaften<\/a><\/h5>\n\n\n\n<h5 class=\"wp-block-heading\"><a href=\"https:\/\/jifeline.net\/de\/segmente\/flottenmanager\/\" data-type=\"segmenten\" data-id=\"4378\">Flottenmanager<\/a><\/h5>\n\n\n\n<h5 class=\"wp-block-heading\"><a href=\"https:\/\/jifeline.net\/de\/segmente\/pannendienste\/\" data-type=\"segmenten\" data-id=\"4379\">Pannendienste<\/a><\/h5>\n\n\n\n<br>","protected":false},"excerpt":{"rendered":"<p>De Jifeline Networks oplossing biedt een veelzijdige en uitgebreide ondersteuning voor een breed scala aan automotive specialisten. Jifeline Networks levert de tools en technologie\u00ebn om effici\u00ebnt te werken. Deze oplossing helpt professionals om hun werkzaamheden sneller, nauwkeuriger en met meer vertrouwen uit te voeren. Wie kan profiteren van de diensten van Jifeline? Jifeline Networks ontwikkelt [&hellip;]<\/p>\n","protected":false},"author":1,"featured_media":4182,"parent":0,"menu_order":0,"comment_status":"closed","ping_status":"closed","template":"","meta":{"footnotes":""},"soort-pagina":[],"class_list":["post-3821","page","type-page","status-publish","has-post-thumbnail","hentry"],"_links":{"self":[{"href":"https:\/\/jifeline.net\/de\/wp-json\/wp\/v2\/pages\/3821","targetHints":{"allow":["GET"]}}],"collection":[{"href":"https:\/\/jifeline.net\/de\/wp-json\/wp\/v2\/pages"}],"about":[{"href":"https:\/\/jifeline.net\/de\/wp-json\/wp\/v2\/types\/page"}],"author":[{"embeddable":true,"href":"https:\/\/jifeline.net\/de\/wp-json\/wp\/v2\/users\/1"}],"replies":[{"embeddable":true,"href":"https:\/\/jifeline.net\/de\/wp-json\/wp\/v2\/comments?post=3821"}],"version-history":[{"count":5,"href":"https:\/\/jifeline.net\/de\/wp-json\/wp\/v2\/pages\/3821\/revisions"}],"predecessor-version":[{"id":4943,"href":"https:\/\/jifeline.net\/de\/wp-json\/wp\/v2\/pages\/3821\/revisions\/4943"}],"wp:featuredmedia":[{"embeddable":true,"href":"https:\/\/jifeline.net\/de\/wp-json\/wp\/v2\/media\/4182"}],"wp:attachment":[{"href":"https:\/\/jifeline.net\/de\/wp-json\/wp\/v2\/media?parent=3821"}],"wp:term":[{"taxonomy":"soort-pagina","embeddable":true,"href":"https:\/\/jifeline.net\/de\/wp-json\/wp\/v2\/soort-pagina?post=3821"}],"curies":[{"name":"wp","href":"https:\/\/api.w.org\/{rel}","templated":true}]}}