{"id":3832,"date":"2024-08-21T15:37:05","date_gmt":"2024-08-21T13:37:05","guid":{"rendered":"https:\/\/jifeline.net\/?page_id=3832"},"modified":"2025-07-23T16:59:03","modified_gmt":"2025-07-23T14:59:03","slug":"auftrag-und-vision","status":"publish","type":"page","link":"https:\/\/jifeline.net\/de\/over-ons\/missie-en-visie\/","title":{"rendered":"Auftrag und Vision"},"content":{"rendered":"<h3 class=\"wp-block-heading\">Mission&nbsp;<\/h3>\n\n\n\n<p>Wir bauen und unterhalten ein unabh\u00e4ngiges internationales Ferndiagnose-Netzwerk und streben danach, der weltweit f\u00fchrende Anbieter von Ferndiagnose-Technologien zu sein, der jede Werkstatt mit den richtigen Werkzeugen und Fachkenntnissen f\u00fcr eine schnelle und pr\u00e4zise Fahrzeugreparatur versorgt.<\/p>\n\n\n\n<br>\n\n\n\n<hr class=\"wp-block-separator has-text-color has-alpha-channel-opacity has-background\" style=\"background-color:#1ab7ea;color:#1ab7ea\"\/>\n\n\n\n<br>\n\n\n\n<h3 class=\"wp-block-heading\">Vision<\/h3>\n\n\n\n<p>Wir bieten hochwertige Ferndiagnosedienste an, mit denen Werkst\u00e4tten komplexe Fahrzeugprobleme schnell und effizient erkennen und l\u00f6sen k\u00f6nnen. Durch umfassende Schulungen und Support sind unsere Kunden mit unseren Technologien bestens vertraut und k\u00f6nnen sie in ihrem t\u00e4glichen Betrieb optimal nutzen. Mit regelm\u00e4\u00dfigen Software-Updates und Innovationen bleiben wir an der Spitze der Branche und stellen sicher, dass unsere Kunden immer Zugang zu den neuesten Tools und Funktionen haben.<\/p>\n\n\n\n<br>\n\n\n\n<hr class=\"wp-block-separator has-text-color has-alpha-channel-opacity has-background\" style=\"background-color:#1ab7ea;color:#1ab7ea\"\/>\n\n\n\n<br>\n\n\n\n<h3 class=\"wp-block-heading\">Zentrale Werte<\/h3>\n\n\n\n<ul class=\"wp-block-list\">\n<li><strong>Zuverl\u00e4ssig<\/strong>Sie k\u00f6nnen immer auf unsere st\u00e4ndige und zuverl\u00e4ssige Unterst\u00fctzung z\u00e4hlen.<\/li>\n\n\n\n<li><strong>Experte<\/strong>Wir helfen Ihnen mit unserer umfassenden Erfahrung und unserem aktuellen Wissen.<\/li>\n\n\n\n<li><strong>Dedizierte<\/strong>Wir setzen alles daran, Ihren Erfolg zu sichern.<\/li>\n\n\n\n<li><strong>Innovativ<\/strong>: Wir verbessern unsere Dienstleistungen st\u00e4ndig mit den neuesten Entwicklungen.<\/li>\n\n\n\n<li><strong>Transparent<\/strong>Offene und ehrliche Kommunikation ist unsere Norm.<\/li>\n<\/ul>\n\n\n\n<br>\n\n\n\n<hr class=\"wp-block-separator has-text-color has-alpha-channel-opacity has-background\" style=\"background-color:#1ab7ea;color:#1ab7ea\"\/>\n\n\n\n<br>\n\n\n\n<h3 class=\"wp-block-heading\">Zukunft<\/h3>\n\n\n\n<p>Wir stellen uns eine Zukunft vor, in der unser Netzwerk weiter w\u00e4chst und Werkst\u00e4tten auf der ganzen Welt die Werkzeuge und das Wissen zur Verf\u00fcgung stellt, die sie f\u00fcr ihren Erfolg ben\u00f6tigen. Indem wir uns weiterhin auf unsere Kernwerte konzentrieren, werden wir unsere Position als Marktf\u00fchrer st\u00e4rken und einen dauerhaften Wert f\u00fcr unsere Kunden schaffen. Gemeinsam arbeiten wir an einer Welt, in der Fahrzeuge mit einem H\u00f6chstma\u00df an Professionalit\u00e4t und Effizienz gewartet und repariert werden - jederzeit und \u00fcberall.<\/p>\n\n\n\n<br>\n\n\n\n<hr class=\"wp-block-separator has-text-color has-alpha-channel-opacity has-background\" style=\"background-color:#1ab7ea;color:#1ab7ea\"\/>","protected":false},"excerpt":{"rendered":"<p>Missie&nbsp; Wij bouwen en onderhouden een onafhankelijk internationaal netwerk voor diagnose op afstand, en streven ernaar wereldwijd de toonaangevende leverancier te zijn van technologie\u00ebn voor diagnose op afstand, zodat elke werkplaats beschikt over de juiste tools en expertise voor snelle en nauwkeurige voertuigreparaties. Visie We leveren hoogwaardige diensten voor diagnose op afstand, waarmee garages snel [&hellip;]<\/p>\n","protected":false},"author":1,"featured_media":4749,"parent":31,"menu_order":0,"comment_status":"closed","ping_status":"closed","template":"","meta":{"footnotes":""},"soort-pagina":[35],"class_list":["post-3832","page","type-page","status-publish","has-post-thumbnail","hentry","soort-pagina-standaard-contentpagina"],"_links":{"self":[{"href":"https:\/\/jifeline.net\/de\/wp-json\/wp\/v2\/pages\/3832","targetHints":{"allow":["GET"]}}],"collection":[{"href":"https:\/\/jifeline.net\/de\/wp-json\/wp\/v2\/pages"}],"about":[{"href":"https:\/\/jifeline.net\/de\/wp-json\/wp\/v2\/types\/page"}],"author":[{"embeddable":true,"href":"https:\/\/jifeline.net\/de\/wp-json\/wp\/v2\/users\/1"}],"replies":[{"embeddable":true,"href":"https:\/\/jifeline.net\/de\/wp-json\/wp\/v2\/comments?post=3832"}],"version-history":[{"count":5,"href":"https:\/\/jifeline.net\/de\/wp-json\/wp\/v2\/pages\/3832\/revisions"}],"predecessor-version":[{"id":4748,"href":"https:\/\/jifeline.net\/de\/wp-json\/wp\/v2\/pages\/3832\/revisions\/4748"}],"up":[{"embeddable":true,"href":"https:\/\/jifeline.net\/de\/wp-json\/wp\/v2\/pages\/31"}],"wp:featuredmedia":[{"embeddable":true,"href":"https:\/\/jifeline.net\/de\/wp-json\/wp\/v2\/media\/4749"}],"wp:attachment":[{"href":"https:\/\/jifeline.net\/de\/wp-json\/wp\/v2\/media?parent=3832"}],"wp:term":[{"taxonomy":"soort-pagina","embeddable":true,"href":"https:\/\/jifeline.net\/de\/wp-json\/wp\/v2\/soort-pagina?post=3832"}],"curies":[{"name":"wp","href":"https:\/\/api.w.org\/{rel}","templated":true}]}}