{"id":3843,"date":"2024-08-21T15:39:33","date_gmt":"2024-08-21T13:39:33","guid":{"rendered":"https:\/\/jifeline.net\/?page_id=3843"},"modified":"2026-03-24T09:20:28","modified_gmt":"2026-03-24T08:20:28","slug":"hardware","status":"publish","type":"page","link":"https:\/\/jifeline.net\/de\/creeer-uw-eigen-netwerk\/hardware\/","title":{"rendered":"Hardware"},"content":{"rendered":"<p>Um die Ferndiagnose zu erm\u00f6glichen, hat Jifeline Networks seine eigene, einzigartige Hardware entwickelt. Um eine Verbindung zwischen Auto und Ferndiagnose-Spezialist zu erm\u00f6glichen, sind zwei Hardware-Komponenten erforderlich: das Ferndiagnose-VCI in der Werkstatt und ein \"Jifeline local server housing\" beim Ferndiagnose-Spezialisten. Wenn beide \u00fcber das Internet mit dem zentralen Jifeline-Server verbunden sind, wird ein sicherer \"Tunnel\" ge\u00f6ffnet, der den OBD-Anschluss des Autos sozusagen bis zum Schreibtisch des Ferndiagnostikers verl\u00e4ngert.<\/p>\n\n\n\n<p>Die gesamte Hardware und eingebettete Software wird von Jifeline Networks selbst entwickelt und produziert, wobei die Lieferanten ebenfalls in den Niederlanden ans\u00e4ssig sind. Dies wirkt sich positiv auf die Flexibilit\u00e4t und die Qualit\u00e4t der Hardware aus.<\/p>\n\n\n\n<br>\n\n\n\n<hr class=\"wp-block-separator has-text-color has-alpha-channel-opacity has-background\" style=\"background-color:#1ab7ea;color:#1ab7ea\"\/>\n\n\n\n<br>\n\n\n\n<h3 class=\"wp-block-heading\">Ferndiagnose VCI<\/h3>\n\n\n\n<br>\n\n\n\n<p>Wir bieten zwei verschiedene Ferndiagnose-VCIs an, die beide einige einzigartige Merkmale aufweisen, die eine effiziente Ferndiagnose erm\u00f6glichen;<\/p>\n\n\n\n<br>\n\n\n\n<figure class=\"wp-block-gallery has-nested-images columns-default is-cropped wp-block-gallery-1 is-layout-flex wp-block-gallery-is-layout-flex\">\n<figure class=\"wp-block-image size-large\"><img fetchpriority=\"high\" decoding=\"async\" width=\"1024\" height=\"683\" data-id=\"5046\" src=\"https:\/\/jifeline.net\/wp-content\/uploads\/2025\/10\/24-1128-Car-Lock-Systems-producten-104-1-1024x683.jpg\" alt=\"J-ReX\" class=\"wp-image-5046\" srcset=\"https:\/\/jifeline.net\/wp-content\/uploads\/2025\/10\/24-1128-Car-Lock-Systems-producten-104-1-1024x683.jpg 1024w, https:\/\/jifeline.net\/wp-content\/uploads\/2025\/10\/24-1128-Car-Lock-Systems-producten-104-1-300x200.jpg 300w, https:\/\/jifeline.net\/wp-content\/uploads\/2025\/10\/24-1128-Car-Lock-Systems-producten-104-1-768x512.jpg 768w, https:\/\/jifeline.net\/wp-content\/uploads\/2025\/10\/24-1128-Car-Lock-Systems-producten-104-1-1536x1024.jpg 1536w, https:\/\/jifeline.net\/wp-content\/uploads\/2025\/10\/24-1128-Car-Lock-Systems-producten-104-1-2048x1366.jpg 2048w, https:\/\/jifeline.net\/wp-content\/uploads\/2025\/10\/24-1128-Car-Lock-Systems-producten-104-1-18x12.jpg 18w\" sizes=\"(max-width: 1024px) 100vw, 1024px\" \/><\/figure>\n\n\n\n<figure class=\"wp-block-image size-large\"><img decoding=\"async\" width=\"1024\" height=\"666\" data-id=\"5049\" src=\"https:\/\/jifeline.net\/wp-content\/uploads\/2025\/10\/DSC02298-jpg-hoog-6-1-1-1-1024x666.jpg\" alt=\"J-TaB\" class=\"wp-image-5049\" srcset=\"https:\/\/jifeline.net\/wp-content\/uploads\/2025\/10\/DSC02298-jpg-hoog-6-1-1-1-1024x666.jpg 1024w, https:\/\/jifeline.net\/wp-content\/uploads\/2025\/10\/DSC02298-jpg-hoog-6-1-1-1-300x195.jpg 300w, https:\/\/jifeline.net\/wp-content\/uploads\/2025\/10\/DSC02298-jpg-hoog-6-1-1-1-768x500.jpg 768w, https:\/\/jifeline.net\/wp-content\/uploads\/2025\/10\/DSC02298-jpg-hoog-6-1-1-1-1536x1000.jpg 1536w, https:\/\/jifeline.net\/wp-content\/uploads\/2025\/10\/DSC02298-jpg-hoog-6-1-1-1-2048x1333.jpg 2048w, https:\/\/jifeline.net\/wp-content\/uploads\/2025\/10\/DSC02298-jpg-hoog-6-1-1-1-18x12.jpg 18w\" sizes=\"(max-width: 1024px) 100vw, 1024px\" \/><figcaption class=\"wp-element-caption\"><strong><a href=\"https:\/\/jifeline.net\/de\/j-tab\/\" target=\"_blank\" rel=\"noreferrer noopener\">Weitere Informationen \u00fcber die J-TaB<\/a><\/strong><\/figcaption><\/figure>\n<\/figure>\n\n\n\n<br>\n\n\n\n<ul class=\"wp-block-list\">\n<li>Internetverbindung \u00fcber Wi-Fi oder \u00fcber UTP-Kabel<\/li>\n\n\n\n<li>Geeignet f\u00fcr Mehrkanal-CAN (bis zu 4-CAN-Busse im Parallelbetrieb)<\/li>\n\n\n\n<li>Geeignet f\u00fcr K-Line, CAN BUS, DoIP und vorbereitet f\u00fcr CAN FD<\/li>\n<\/ul>\n\n\n\n<br>\n\n\n\n<p>Dar\u00fcber hinaus verf\u00fcgen die Ferndiagnose-VCIs \u00fcber ein robustes Geh\u00e4use, mehrere LEDs und einen Summer zur R\u00fcckmeldung an den Benutzer in der Werkstatt.<\/p>\n\n\n\n<p>Beide Ferndiagnose-VCIs k\u00f6nnen mit Ihrem eigenen Branding versehen werden, und es ist diverses Zubeh\u00f6r erh\u00e4ltlich, wie z. B. eine passende Schutzh\u00fclle.<\/p>\n\n\n\n<br>\n\n\n\n<hr class=\"wp-block-separator has-text-color has-alpha-channel-opacity has-background\" style=\"background-color:#1ab7ea;color:#1ab7ea\"\/>\n\n\n\n<br>\n\n\n\n<h3 class=\"wp-block-heading\">Ferndiagnose-Geh\u00e4use<\/h3>\n\n\n\n<p>Die Ferndiagnose-Geh\u00e4use sind in drei verschiedenen Ausf\u00fchrungen erh\u00e4ltlich. Das macht es einfach, an verschiedenen Standorten zu arbeiten oder Ihre Kapazit\u00e4ten und Investitionen schrittweise zu erweitern, wenn Ihr Kundenstamm w\u00e4chst.<\/p>\n\n\n\n<br>\n\n\n\n<div class=\"wp-block-media-text is-stacked-on-mobile\"><figure class=\"wp-block-media-text__media\"><img decoding=\"async\" width=\"2500\" height=\"2500\" src=\"https:\/\/jifeline.net\/wp-content\/uploads\/2024\/09\/Single-Local-1.jpg\" alt=\"Geh\u00e4use des Servers Local 1\" class=\"wp-image-4669 size-full\" srcset=\"https:\/\/jifeline.net\/wp-content\/uploads\/2024\/09\/Single-Local-1.jpg 2500w, https:\/\/jifeline.net\/wp-content\/uploads\/2024\/09\/Single-Local-1-300x300.jpg 300w, https:\/\/jifeline.net\/wp-content\/uploads\/2024\/09\/Single-Local-1-1024x1024.jpg 1024w, https:\/\/jifeline.net\/wp-content\/uploads\/2024\/09\/Single-Local-1-150x150.jpg 150w, https:\/\/jifeline.net\/wp-content\/uploads\/2024\/09\/Single-Local-1-768x768.jpg 768w, https:\/\/jifeline.net\/wp-content\/uploads\/2024\/09\/Single-Local-1-1536x1536.jpg 1536w, https:\/\/jifeline.net\/wp-content\/uploads\/2024\/09\/Single-Local-1-2048x2048.jpg 2048w, https:\/\/jifeline.net\/wp-content\/uploads\/2024\/09\/Single-Local-1-12x12.jpg 12w\" sizes=\"(max-width: 2500px) 100vw, 2500px\" \/><\/figure><div class=\"wp-block-media-text__content\">\n<h5 class=\"wp-block-heading\"><strong>Geh\u00e4use des Servers Local-1<\/strong> (<em>einschlie\u00dflich <\/em>1 lokales Modul)<\/h5>\n\n\n\n<p>Ein kleines Geh\u00e4use, das sich ideal f\u00fcr die Arbeit zu Hause oder f\u00fcr den Einsatz neben einem Local-4- oder Local-10-Servergeh\u00e4use eignet.<\/p>\n<\/div><\/div>\n\n\n\n<br>\n\n\n\n<div class=\"wp-block-media-text has-media-on-the-right is-stacked-on-mobile\"><div class=\"wp-block-media-text__content\">\n<h5 class=\"wp-block-heading\"><strong>Local-4-Server-Geh\u00e4use<\/strong> (f\u00fcr 4 lokale Module)<\/h5>\n\n\n\n<p>Das meistverkaufte Geh\u00e4use. Erm\u00f6glicht den kontinuierlichen Anschluss von bis zu 4 Diagnoseger\u00e4ten an die Jifeline-Infrastruktur. So k\u00f6nnen Sie \u00fcber das Partnerportal einfach zwischen den Diagnoseger\u00e4ten wechseln oder an mehreren Fahrzeugen gleichzeitig arbeiten.<\/p>\n<\/div><figure class=\"wp-block-media-text__media\"><img loading=\"lazy\" decoding=\"async\" width=\"1024\" height=\"1024\" src=\"https:\/\/jifeline.net\/wp-content\/uploads\/2024\/09\/local-server-11-1024x1024.png\" alt=\"Local 4 Servergeh\u00e4use\" class=\"wp-image-4670 size-full\" srcset=\"https:\/\/jifeline.net\/wp-content\/uploads\/2024\/09\/local-server-11-1024x1024.png 1024w, https:\/\/jifeline.net\/wp-content\/uploads\/2024\/09\/local-server-11-300x300.png 300w, https:\/\/jifeline.net\/wp-content\/uploads\/2024\/09\/local-server-11-150x150.png 150w, https:\/\/jifeline.net\/wp-content\/uploads\/2024\/09\/local-server-11-768x768.png 768w, https:\/\/jifeline.net\/wp-content\/uploads\/2024\/09\/local-server-11-12x12.png 12w, https:\/\/jifeline.net\/wp-content\/uploads\/2024\/09\/local-server-11.png 1500w\" sizes=\"(max-width: 1024px) 100vw, 1024px\" \/><\/figure><\/div>\n\n\n\n<br>\n\n\n\n<p>Die Leiterplatten (lokale Module), die die OBD-Ports im local-4 Servergeh\u00e4use \"versorgen\", k\u00f6nnen separat geliefert werden. So k\u00f6nnen Sie z.B. mit einem lokalen Modul (1 OBD-Port live) beginnen und durch zus\u00e4tzliche lokale Module erweitern. Auf diese Weise k\u00f6nnen Sie die Kapazit\u00e4t bei steigendem Bedarf problemlos erweitern.<\/p>\n\n\n\n<br>\n\n\n\n<div class=\"wp-block-media-text is-stacked-on-mobile\"><figure class=\"wp-block-media-text__media\"><img loading=\"lazy\" decoding=\"async\" width=\"1024\" height=\"1024\" src=\"https:\/\/jifeline.net\/wp-content\/uploads\/2024\/09\/19inch-Local-2-1024x1024.jpg\" alt=\"Local 10 Servergeh\u00e4use\" class=\"wp-image-4673 size-full\" srcset=\"https:\/\/jifeline.net\/wp-content\/uploads\/2024\/09\/19inch-Local-2-1024x1024.jpg 1024w, https:\/\/jifeline.net\/wp-content\/uploads\/2024\/09\/19inch-Local-2-300x300.jpg 300w, https:\/\/jifeline.net\/wp-content\/uploads\/2024\/09\/19inch-Local-2-150x150.jpg 150w, https:\/\/jifeline.net\/wp-content\/uploads\/2024\/09\/19inch-Local-2-768x768.jpg 768w, https:\/\/jifeline.net\/wp-content\/uploads\/2024\/09\/19inch-Local-2-12x12.jpg 12w, https:\/\/jifeline.net\/wp-content\/uploads\/2024\/09\/19inch-Local-2.jpg 1500w\" sizes=\"(max-width: 1024px) 100vw, 1024px\" \/><\/figure><div class=\"wp-block-media-text__content\">\n<h5 class=\"wp-block-heading\">Local-10-Server-Geh\u00e4use <strong>(f\u00fcr 10 lokale Module)<\/strong><\/h5>\n\n\n\n<p>Das local-10 Servergeh\u00e4use ist speziell f\u00fcr den Einbau in ein Server-Rack konzipiert. Bis zu 10 lokale Module k\u00f6nnen darin untergebracht werden, so dass bis zu 10 Diagnosetools st\u00e4ndig mit dem Jifeline-Server verbunden sein k\u00f6nnen.<\/p>\n\n\n\n<p>Der Anschluss an Ihr eigenes Netzwerk erfolgt \u00fcber ein einziges UTP-Kabel und ein Stromkabel. \u00dcber das bereitgestellte digitale Portal k\u00f6nnen Ihre Ferntechniker, sofern sie sich im selben LAN-Netzwerk befinden, die Ferndiagnosetools individuell aktivieren oder deaktivieren.<\/p>\n<\/div><\/div>\n\n\n\n<br>\n\n\n\n<div class=\"wp-block-media-text has-media-on-the-right is-stacked-on-mobile\" style=\"grid-template-columns:auto 45%\"><div class=\"wp-block-media-text__content\">\n<h5 class=\"wp-block-heading\">Local-1 Servergeh\u00e4use - Lastwagen<\/h5>\n\n\n\n<p>Ein kompaktes Geh\u00e4use, ideal f\u00fcr die Arbeit zu Hause oder f\u00fcr den Einsatz neben einem Local-4-Serverschrank. Beinhaltet 1x lokales Modul und OBD-Adapter.<\/p>\n<\/div><figure class=\"wp-block-media-text__media\"><img loading=\"lazy\" decoding=\"async\" width=\"960\" height=\"960\" src=\"https:\/\/jifeline.net\/wp-content\/uploads\/2026\/03\/2.png\" alt=\"Local-1 Servergeh\u00e4use - Lastwagen\" class=\"wp-image-5333 size-full\" srcset=\"https:\/\/jifeline.net\/wp-content\/uploads\/2026\/03\/2.png 960w, https:\/\/jifeline.net\/wp-content\/uploads\/2026\/03\/2-300x300.png 300w, https:\/\/jifeline.net\/wp-content\/uploads\/2026\/03\/2-150x150.png 150w, https:\/\/jifeline.net\/wp-content\/uploads\/2026\/03\/2-768x768.png 768w, https:\/\/jifeline.net\/wp-content\/uploads\/2026\/03\/2-12x12.png 12w\" sizes=\"(max-width: 960px) 100vw, 960px\" \/><\/figure><\/div>\n\n\n\n<br>\n\n\n\n<div class=\"wp-block-media-text is-stacked-on-mobile\"><figure class=\"wp-block-media-text__media\"><img loading=\"lazy\" decoding=\"async\" width=\"1024\" height=\"547\" src=\"https:\/\/jifeline.net\/wp-content\/uploads\/2026\/03\/jhgfdcx-1024x547.png\" alt=\"\" class=\"wp-image-5334 size-full\" srcset=\"https:\/\/jifeline.net\/wp-content\/uploads\/2026\/03\/jhgfdcx-1024x547.png 1024w, https:\/\/jifeline.net\/wp-content\/uploads\/2026\/03\/jhgfdcx-300x160.png 300w, https:\/\/jifeline.net\/wp-content\/uploads\/2026\/03\/jhgfdcx-768x411.png 768w, https:\/\/jifeline.net\/wp-content\/uploads\/2026\/03\/jhgfdcx-18x10.png 18w, https:\/\/jifeline.net\/wp-content\/uploads\/2026\/03\/jhgfdcx.png 1171w\" sizes=\"(max-width: 1024px) 100vw, 1024px\" \/><\/figure><div class=\"wp-block-media-text__content\">\n<h5 class=\"wp-block-heading\">Local-4 Servergeh\u00e4use - Lastwagen<\/h5>\n\n\n\n<p>Das meistverkaufte Geh\u00e4use. Platz f\u00fcr bis zu 4 lokale Module (nicht enthalten).<\/p>\n<\/div><\/div>\n\n\n\n<br>\n\n\n\n<br>\n\n\n\n<hr class=\"wp-block-separator has-text-color has-alpha-channel-opacity has-background\" style=\"background-color:#1ab7ea;color:#1ab7ea\"\/>\n\n\n\n<br>","protected":false},"excerpt":{"rendered":"<p>Om Remote Diagnose mogelijk te maken, heeft Jifeline Networks haar eigen, unieke hardware ontwikkeld. Om een verbinding tussen auto en diagnose specialist op afstand mogelijk te maken zijn er twee hardware componenten benodigd: de Remote Diagnose VCI in de werkplaats en een \u2018Jifeline local server housing\u2019 bij de remote diagnose specialist. Als deze beiden over [&hellip;]<\/p>\n","protected":false},"author":1,"featured_media":2058,"parent":34,"menu_order":0,"comment_status":"closed","ping_status":"closed","template":"","meta":{"footnotes":""},"soort-pagina":[35],"class_list":["post-3843","page","type-page","status-publish","has-post-thumbnail","hentry","soort-pagina-standaard-contentpagina"],"_links":{"self":[{"href":"https:\/\/jifeline.net\/de\/wp-json\/wp\/v2\/pages\/3843","targetHints":{"allow":["GET"]}}],"collection":[{"href":"https:\/\/jifeline.net\/de\/wp-json\/wp\/v2\/pages"}],"about":[{"href":"https:\/\/jifeline.net\/de\/wp-json\/wp\/v2\/types\/page"}],"author":[{"embeddable":true,"href":"https:\/\/jifeline.net\/de\/wp-json\/wp\/v2\/users\/1"}],"replies":[{"embeddable":true,"href":"https:\/\/jifeline.net\/de\/wp-json\/wp\/v2\/comments?post=3843"}],"version-history":[{"count":5,"href":"https:\/\/jifeline.net\/de\/wp-json\/wp\/v2\/pages\/3843\/revisions"}],"predecessor-version":[{"id":5335,"href":"https:\/\/jifeline.net\/de\/wp-json\/wp\/v2\/pages\/3843\/revisions\/5335"}],"up":[{"embeddable":true,"href":"https:\/\/jifeline.net\/de\/wp-json\/wp\/v2\/pages\/34"}],"wp:featuredmedia":[{"embeddable":true,"href":"https:\/\/jifeline.net\/de\/wp-json\/wp\/v2\/media\/2058"}],"wp:attachment":[{"href":"https:\/\/jifeline.net\/de\/wp-json\/wp\/v2\/media?parent=3843"}],"wp:term":[{"taxonomy":"soort-pagina","embeddable":true,"href":"https:\/\/jifeline.net\/de\/wp-json\/wp\/v2\/soort-pagina?post=3843"}],"curies":[{"name":"wp","href":"https:\/\/api.w.org\/{rel}","templated":true}]}}