{"id":3845,"date":"2024-08-21T15:39:49","date_gmt":"2024-08-21T13:39:49","guid":{"rendered":"https:\/\/jifeline.net\/?page_id=3845"},"modified":"2025-08-27T11:29:06","modified_gmt":"2025-08-27T09:29:06","slug":"branding","status":"publish","type":"page","link":"https:\/\/jifeline.net\/de\/creeer-uw-eigen-netwerk\/branding\/","title":{"rendered":"Branding"},"content":{"rendered":"<h3 class=\"wp-block-heading\">In Ihrer eigenen Corporate Identity&nbsp;<\/h3>\n\n\n\n<p>Jifeline Networks bietet nicht nur technische Vorteile, sondern auch Marketingm\u00f6glichkeiten, da Partner die Technologie unter ihrem eigenen Markennamen nutzen k\u00f6nnen. Dies macht es zu einer vielseitigen L\u00f6sung f\u00fcr ein breites Spektrum von Kunden, von einzelnen Diagnosespezialisten bis hin zu gro\u00dfen Serviceorganisationen. Mit Private Branding k\u00f6nnen Sie das Diagnosewerkzeug unter Ihrem eigenen Markennamen anbieten, was Ihre Marke st\u00e4rkt und ein einheitliches Image Ihres Unternehmens schafft.<\/p>\n\n\n\n<p>Die Fernbedienungen sind mit einer technischen Folie ausgestattet, die vollst\u00e4ndig personalisiert werden kann. So k\u00f6nnen Sie Ihren Kunden eine Fernbedienung in Ihrem eigenen Stil anbieten. Wir entlasten unsere Partner mit einer Full-Service-L\u00f6sung, bei der die Fernbedienung in einem kompletten Paket geliefert wird, einschlie\u00dflich eines stabilen Koffers oder einer Schachtel mit einer gebrandeten H\u00fclle um die Schachtel. Wir liefern auch Handb\u00fccher und weiteres Zubeh\u00f6r.<\/p>\n\n\n\n<br>\n\n\n\n<hr class=\"wp-block-separator has-text-color has-alpha-channel-opacity has-background\" style=\"background-color:#27b7ea;color:#27b7ea\"\/>\n\n\n\n<br>\n\n\n\n<h3 class=\"wp-block-heading\">Integration in Ihre Gesch\u00e4ftsprozesse<\/h3>\n\n\n\n<p>Jifeline Networks hat es auch m\u00f6glich gemacht, die L\u00f6sung in Ihre eigenen Gesch\u00e4ftsprozesse zu integrieren. Ganz gleich, ob es sich um Ihr eigenes Kundenportal, Ihre App, Ihre diagnostische Fachumgebung, Ihr Finanz- oder Ticketingsystem oder Ihren Produktkatalog handelt, die Integration ist h\u00f6chstwahrscheinlich \u00fcber unsere vollst\u00e4ndige Reihe von APIs und SDKs m\u00f6glich.<\/p>\n\n\n\n<br>\n\n\n\n<hr class=\"wp-block-separator has-text-color has-alpha-channel-opacity has-background\" style=\"background-color:#27b7ea;color:#27b7ea\"\/>\n\n\n\n<br>","protected":false},"excerpt":{"rendered":"<p>In uw eigen corporate identity&nbsp; Jifeline Networks biedt niet alleen technische voordelen, maar ook marketingmogelijkheden, doordat partners de technologie kunnen gebruiken onder hun eigen merknaam. Dit maakt het een veelzijdige oplossing voor een breed scala aan klanten, van individuele diagnosespecialisten tot grote serviceorganisaties\u200b. Met private branding kunt u de diagnosetool onder uw eigen merknaam aanbieden, [&hellip;]<\/p>\n","protected":false},"author":1,"featured_media":4223,"parent":34,"menu_order":0,"comment_status":"closed","ping_status":"closed","template":"","meta":{"footnotes":""},"soort-pagina":[35],"class_list":["post-3845","page","type-page","status-publish","has-post-thumbnail","hentry","soort-pagina-standaard-contentpagina"],"_links":{"self":[{"href":"https:\/\/jifeline.net\/de\/wp-json\/wp\/v2\/pages\/3845","targetHints":{"allow":["GET"]}}],"collection":[{"href":"https:\/\/jifeline.net\/de\/wp-json\/wp\/v2\/pages"}],"about":[{"href":"https:\/\/jifeline.net\/de\/wp-json\/wp\/v2\/types\/page"}],"author":[{"embeddable":true,"href":"https:\/\/jifeline.net\/de\/wp-json\/wp\/v2\/users\/1"}],"replies":[{"embeddable":true,"href":"https:\/\/jifeline.net\/de\/wp-json\/wp\/v2\/comments?post=3845"}],"version-history":[{"count":4,"href":"https:\/\/jifeline.net\/de\/wp-json\/wp\/v2\/pages\/3845\/revisions"}],"predecessor-version":[{"id":4752,"href":"https:\/\/jifeline.net\/de\/wp-json\/wp\/v2\/pages\/3845\/revisions\/4752"}],"up":[{"embeddable":true,"href":"https:\/\/jifeline.net\/de\/wp-json\/wp\/v2\/pages\/34"}],"wp:featuredmedia":[{"embeddable":true,"href":"https:\/\/jifeline.net\/de\/wp-json\/wp\/v2\/media\/4223"}],"wp:attachment":[{"href":"https:\/\/jifeline.net\/de\/wp-json\/wp\/v2\/media?parent=3845"}],"wp:term":[{"taxonomy":"soort-pagina","embeddable":true,"href":"https:\/\/jifeline.net\/de\/wp-json\/wp\/v2\/soort-pagina?post=3845"}],"curies":[{"name":"wp","href":"https:\/\/api.w.org\/{rel}","templated":true}]}}