{"id":3848,"date":"2024-08-21T15:40:09","date_gmt":"2024-08-21T13:40:09","guid":{"rendered":"https:\/\/jifeline.net\/?page_id=3848"},"modified":"2025-08-27T11:41:20","modified_gmt":"2025-08-27T09:41:20","slug":"unterstutzung","status":"publish","type":"page","link":"https:\/\/jifeline.net\/de\/creeer-uw-eigen-netwerk\/support\/","title":{"rendered":"Support"},"content":{"rendered":"<h3 class=\"wp-block-heading\">Jifeline Ferndiagnose-Helpdesk<\/h3>\n\n\n\n<br>\n\n\n\n<p>Jifeline Remote Diagnostics ist der Jifeline-eigene Helpdesk f\u00fcr Ferndiagnose. Der Helpdesk mit Sitz in den Niederlanden arbeitet mit etwa 30 Mitarbeitern an mehr als 15.000 Codes pro Monat. Diese Mengen geben unseren Bedienern eine sehr umfassende Erfahrung. In Verbindung mit unserem Zugang zu OEM-Tools von mehr als 60 Marken gibt es fast keine Codierung\/Programmierung, die sie nicht durchf\u00fchren k\u00f6nnen.<\/p>\n\n\n\n<p>Der Schwerpunkt von Jifeline Remote Diagnostics verlagert sich auf die Unterst\u00fctzung der anderen Jifeline-Partner. Auf diese Weise haben Sie als Jifeline-Partner immer die M\u00f6glichkeit, Ihren Kunden zu helfen. \u00dcber Ihr eigenes Diagnoseteam, einen anderen Jifeline Networks Partner oder \u00fcber Jifeline Remote Diagnostics. Und Ihr Kunde merkt nichts davon!<\/p>\n\n\n\n<br>\n\n\n\n<hr class=\"wp-block-separator has-text-color has-alpha-channel-opacity has-background\" style=\"background-color:#1ab7ea;color:#1ab7ea\"\/>\n\n\n\n<br>","protected":false},"excerpt":{"rendered":"<p>Jifeline Remote Diagnostics helpdesk Jifeline Remote Diagnostics is Jifeline&#8217;s eigen Remote Diagnostics helpdesk. Zij werken vanuit Nederland met ongeveer 30 operators aan meer dan 15.000 coderingen per maand. Deze hoeveelheden geven onze operators een zeer uitgebreide ervaring. Gecombineerd met onze toegang tot OEM tools van meer dan 60 merken, is er bijna geen codering \/ [&hellip;]<\/p>\n","protected":false},"author":1,"featured_media":2063,"parent":34,"menu_order":0,"comment_status":"closed","ping_status":"closed","template":"","meta":{"footnotes":""},"soort-pagina":[35],"class_list":["post-3848","page","type-page","status-publish","has-post-thumbnail","hentry","soort-pagina-standaard-contentpagina"],"_links":{"self":[{"href":"https:\/\/jifeline.net\/de\/wp-json\/wp\/v2\/pages\/3848","targetHints":{"allow":["GET"]}}],"collection":[{"href":"https:\/\/jifeline.net\/de\/wp-json\/wp\/v2\/pages"}],"about":[{"href":"https:\/\/jifeline.net\/de\/wp-json\/wp\/v2\/types\/page"}],"author":[{"embeddable":true,"href":"https:\/\/jifeline.net\/de\/wp-json\/wp\/v2\/users\/1"}],"replies":[{"embeddable":true,"href":"https:\/\/jifeline.net\/de\/wp-json\/wp\/v2\/comments?post=3848"}],"version-history":[{"count":5,"href":"https:\/\/jifeline.net\/de\/wp-json\/wp\/v2\/pages\/3848\/revisions"}],"predecessor-version":[{"id":5009,"href":"https:\/\/jifeline.net\/de\/wp-json\/wp\/v2\/pages\/3848\/revisions\/5009"}],"up":[{"embeddable":true,"href":"https:\/\/jifeline.net\/de\/wp-json\/wp\/v2\/pages\/34"}],"wp:featuredmedia":[{"embeddable":true,"href":"https:\/\/jifeline.net\/de\/wp-json\/wp\/v2\/media\/2063"}],"wp:attachment":[{"href":"https:\/\/jifeline.net\/de\/wp-json\/wp\/v2\/media?parent=3848"}],"wp:term":[{"taxonomy":"soort-pagina","embeddable":true,"href":"https:\/\/jifeline.net\/de\/wp-json\/wp\/v2\/soort-pagina?post=3848"}],"curies":[{"name":"wp","href":"https:\/\/api.w.org\/{rel}","templated":true}]}}