{"id":3850,"date":"2024-08-21T15:40:22","date_gmt":"2024-08-21T13:40:22","guid":{"rendered":"https:\/\/jifeline.net\/?page_id=3850"},"modified":"2026-01-21T12:31:41","modified_gmt":"2026-01-21T11:31:41","slug":"ferndiagnose-2","status":"publish","type":"page","link":"https:\/\/jifeline.net\/de\/over-ons\/diagnose-op-afstand\/","title":{"rendered":"Ferndiagnose"},"content":{"rendered":"<h3 class=\"wp-block-heading\">Wie funktioniert das? <\/h3>\n\n\n\n<p>Stellen Sie sich Folgendes vor: Ein Auto steht in einem Autohaus und hat eine Frage oder ein Problem. Das Auto kann einfach dort bleiben, weil der Diagnosespezialist aus der Ferne arbeitet. Es ist zum Beispiel sogar m\u00f6glich, dass ein Diagnosespezialist in den Niederlanden ein Fahrzeug in den Vereinigten Staaten programmiert, codiert oder diagnostiziert. Alles, was der Diagnosespezialist dazu braucht, ist seine Diagnoseausr\u00fcstung und ein Jifeline local, das mit dem Internet verbunden ist.<\/p>\n\n\n\n<p>Der Kunde, der am Auto arbeitet, steckt die Jifeline Remote VCI in den OBD2-Anschluss des Fahrzeugs. Dann wird automatisch eine App gestartet, mit der der Kunde angeben kann, welche Wartung durchgef\u00fchrt werden soll.<\/p>\n\n\n\n<br>\n\n\n\n<hr class=\"wp-block-separator has-text-color has-alpha-channel-opacity has-background\" style=\"background-color:#17b7ea;color:#17b7ea\"\/>\n\n\n\n<br>\n\n\n\n<h3 class=\"wp-block-heading\">Fachleute auf Abruf<\/h3>\n\n\n\n<p>Analyse einer Fehlermeldung, Anlernen einer Anh\u00e4ngerkupplung oder eines Schl\u00fcssels? Ihr Remote-Spezialist \u00fcbernimmt das Fahrzeug mit Jifeline Networks Technologie und sorgt daf\u00fcr, dass die gew\u00fcnschte Aufgabe ausgef\u00fchrt wird. Der Diagnosespezialist kann \u00fcber die OBD2-Verbindung auf Fahrzeuge zugreifen, als ob er selbst im Fahrzeug w\u00e4re. In komplexen F\u00e4llen ist es m\u00f6glich, die Hilfe der Diagnosespezialisten von Jifeline Remote Diagnostics in Anspruch zu nehmen. Gemeinsam finden wir immer eine L\u00f6sung.<\/p>\n\n\n\n<br>\n\n\n\n<hr class=\"wp-block-separator has-text-color has-alpha-channel-opacity has-background\" style=\"background-color:#17b7ea;color:#17b7ea\"\/>\n\n\n\n<br>\n\n\n\n<h3 class=\"wp-block-heading\">Automatisierte Dienste<\/h3>\n\n\n\n<p>Entdecken Sie die einzigartigen Vorteile der automatischen Skripte von Jifeline. Mit diesem innovativen Tool k\u00f6nnen Sie verschiedene Codierungsaufgaben, wie z. B. das Anbringen von Schraubenschl\u00fcsseln und Abschleppstangen, blitzschnell durchf\u00fchren, ohne dass ein Mitarbeiter vor Ort sein muss. Unsere automatisierten Skripte liefern nicht nur Schritt-f\u00fcr-Schritt-Anweisungen f\u00fcr Ihren Werkstatttechniker, sondern f\u00fchren auch wichtige Kontrollen im Hintergrund durch.<\/p>\n\n\n\n<p>Es ist ganz einfach: Weisen Sie ein eingehendes Ticket unserem virtuellen Partner \"Automatisierte Funktionen\" zu und erhalten Sie sofortigen Zugriff auf diese Funktionen. Das spart Zeit und erh\u00f6ht die Effizienz in Ihrer Werkstatt.<\/p>\n\n\n\n<br>\n\n\n\n<hr class=\"wp-block-separator has-text-color has-alpha-channel-opacity has-background\" style=\"background-color:#17b7ea;color:#17b7ea\"\/>\n\n\n\n<br>\n\n\n\n<h3 class=\"wp-block-heading\">Partner-Netzwerk<\/h3>\n\n\n\n<p>Die Partner von Jifeline Networks k\u00f6nnen die fortschrittliche Hardware und Infrastruktur von Jifeline nutzen, um ihre Kunden aus der Ferne zu unterst\u00fctzen. Das Netzwerk bietet die M\u00f6glichkeit, Arbeiten an andere Jifeline-Partner auszulagern, die \u00fcber die erforderlichen Diagnosetools und Fachkenntnisse verf\u00fcgen. Auf diese Weise k\u00f6nnen Unternehmen ihr Serviceangebot erweitern und ihre Kunden besser bedienen, was zu Wachstum und Erfolg f\u00fchrt, ohne gro\u00dfe Investitionen in neue Ger\u00e4te oder Schulungen t\u00e4tigen zu m\u00fcssen.<\/p>\n\n\n\n<figure class=\"wp-block-image size-full\"><img fetchpriority=\"high\" decoding=\"async\" width=\"882\" height=\"529\" src=\"https:\/\/jifeline.net\/wp-content\/uploads\/2024\/08\/2024_JNW_Automechanika_folder_A4-6_Pagina_1.jpg\" alt=\"Jifeline Networks\" class=\"wp-image-4218\" srcset=\"https:\/\/jifeline.net\/wp-content\/uploads\/2024\/08\/2024_JNW_Automechanika_folder_A4-6_Pagina_1.jpg 882w, https:\/\/jifeline.net\/wp-content\/uploads\/2024\/08\/2024_JNW_Automechanika_folder_A4-6_Pagina_1-300x180.jpg 300w, https:\/\/jifeline.net\/wp-content\/uploads\/2024\/08\/2024_JNW_Automechanika_folder_A4-6_Pagina_1-768x461.jpg 768w\" sizes=\"(max-width: 882px) 100vw, 882px\" \/><\/figure>\n\n\n\n<br>\n\n\n\n<hr class=\"wp-block-separator has-text-color has-alpha-channel-opacity has-background\" style=\"background-color:#17b7ea;color:#17b7ea\"\/>\n\n\n\n<br>","protected":false},"excerpt":{"rendered":"<p>Hoe werkt het? Stelt u zich het volgende voor: een auto staat bij een autobedrijf met een vraag of probleem. De auto kan daar gewoon blijven staan want de diagnosespecialist werkt op afstand. Het is bijvoorbeeld voor een diagnosespecialist in Nederland zelfs mogelijk om een voertuig in de Verenigde Staten te voorzien van een programmering, [&hellip;]<\/p>\n","protected":false},"author":1,"featured_media":4182,"parent":31,"menu_order":0,"comment_status":"closed","ping_status":"closed","template":"","meta":{"footnotes":""},"soort-pagina":[35],"class_list":["post-3850","page","type-page","status-publish","has-post-thumbnail","hentry","soort-pagina-standaard-contentpagina"],"_links":{"self":[{"href":"https:\/\/jifeline.net\/de\/wp-json\/wp\/v2\/pages\/3850","targetHints":{"allow":["GET"]}}],"collection":[{"href":"https:\/\/jifeline.net\/de\/wp-json\/wp\/v2\/pages"}],"about":[{"href":"https:\/\/jifeline.net\/de\/wp-json\/wp\/v2\/types\/page"}],"author":[{"embeddable":true,"href":"https:\/\/jifeline.net\/de\/wp-json\/wp\/v2\/users\/1"}],"replies":[{"embeddable":true,"href":"https:\/\/jifeline.net\/de\/wp-json\/wp\/v2\/comments?post=3850"}],"version-history":[{"count":5,"href":"https:\/\/jifeline.net\/de\/wp-json\/wp\/v2\/pages\/3850\/revisions"}],"predecessor-version":[{"id":5255,"href":"https:\/\/jifeline.net\/de\/wp-json\/wp\/v2\/pages\/3850\/revisions\/5255"}],"up":[{"embeddable":true,"href":"https:\/\/jifeline.net\/de\/wp-json\/wp\/v2\/pages\/31"}],"wp:featuredmedia":[{"embeddable":true,"href":"https:\/\/jifeline.net\/de\/wp-json\/wp\/v2\/media\/4182"}],"wp:attachment":[{"href":"https:\/\/jifeline.net\/de\/wp-json\/wp\/v2\/media?parent=3850"}],"wp:term":[{"taxonomy":"soort-pagina","embeddable":true,"href":"https:\/\/jifeline.net\/de\/wp-json\/wp\/v2\/soort-pagina?post=3850"}],"curies":[{"name":"wp","href":"https:\/\/api.w.org\/{rel}","templated":true}]}}