{"id":3852,"date":"2024-08-21T15:40:43","date_gmt":"2024-08-21T13:40:43","guid":{"rendered":"https:\/\/jifeline.net\/?page_id=3852"},"modified":"2025-11-17T13:40:30","modified_gmt":"2025-11-17T12:40:30","slug":"partner","status":"publish","type":"page","link":"https:\/\/jifeline.net\/de\/creeer-uw-eigen-netwerk\/partner-worden\/","title":{"rendered":"Werden Sie Partner"},"content":{"rendered":"<h3 class=\"wp-block-heading\">Interessiert? <\/h3>\n\n\n\n<p>Sind Sie von den M\u00f6glichkeiten der Jifeline-Infrastruktur begeistert und m\u00f6chten Sie Ihren Kunden bei der Fernwartung ihrer Fahrzeugelektronik selbst helfen? Dann werden Sie Partner von Jifeline Networks!<br><br>F\u00fcllen Sie das untenstehende Formular aus und wir werden uns mit Ihnen in Verbindung setzen, um die M\u00f6glichkeiten zu besprechen.<\/p>\n\n\n\n<br>\n\n\n\n<hr class=\"wp-block-separator has-text-color has-alpha-channel-opacity has-background\" style=\"background-color:#27b7ea;color:#27b7ea\"\/>\n\n\n\n<br>\n\n\n\n<p><\/p>","protected":false},"excerpt":{"rendered":"<p>Interessiert? Haben Sie sich f\u00fcr die M\u00f6glichkeiten der Jifeline-Infrastruktur begeistert und m\u00f6chten Sie Ihren Kunden bei der Fernwartung ihrer Fahrzeugelektronik selbst helfen? Dann werden Sie ein Partner von Jifeline Networks! F\u00fcllen Sie das untenstehende Formular aus und wir werden Sie kontaktieren, um die M\u00f6glichkeiten zu besprechen.<\/p>","protected":false},"author":1,"featured_media":2068,"parent":34,"menu_order":0,"comment_status":"closed","ping_status":"closed","template":"","meta":{"footnotes":""},"soort-pagina":[35],"class_list":["post-3852","page","type-page","status-publish","has-post-thumbnail","hentry","soort-pagina-standaard-contentpagina"],"_links":{"self":[{"href":"https:\/\/jifeline.net\/de\/wp-json\/wp\/v2\/pages\/3852","targetHints":{"allow":["GET"]}}],"collection":[{"href":"https:\/\/jifeline.net\/de\/wp-json\/wp\/v2\/pages"}],"about":[{"href":"https:\/\/jifeline.net\/de\/wp-json\/wp\/v2\/types\/page"}],"author":[{"embeddable":true,"href":"https:\/\/jifeline.net\/de\/wp-json\/wp\/v2\/users\/1"}],"replies":[{"embeddable":true,"href":"https:\/\/jifeline.net\/de\/wp-json\/wp\/v2\/comments?post=3852"}],"version-history":[{"count":5,"href":"https:\/\/jifeline.net\/de\/wp-json\/wp\/v2\/pages\/3852\/revisions"}],"predecessor-version":[{"id":5099,"href":"https:\/\/jifeline.net\/de\/wp-json\/wp\/v2\/pages\/3852\/revisions\/5099"}],"up":[{"embeddable":true,"href":"https:\/\/jifeline.net\/de\/wp-json\/wp\/v2\/pages\/34"}],"wp:featuredmedia":[{"embeddable":true,"href":"https:\/\/jifeline.net\/de\/wp-json\/wp\/v2\/media\/2068"}],"wp:attachment":[{"href":"https:\/\/jifeline.net\/de\/wp-json\/wp\/v2\/media?parent=3852"}],"wp:term":[{"taxonomy":"soort-pagina","embeddable":true,"href":"https:\/\/jifeline.net\/de\/wp-json\/wp\/v2\/soort-pagina?post=3852"}],"curies":[{"name":"wp","href":"https:\/\/api.w.org\/{rel}","templated":true}]}}