{"id":4576,"date":"2024-09-04T19:21:30","date_gmt":"2024-09-04T17:21:30","guid":{"rendered":"https:\/\/jifeline.net\/?page_id=4576"},"modified":"2026-02-26T08:21:23","modified_gmt":"2026-02-26T07:21:23","slug":"api","status":"publish","type":"page","link":"https:\/\/jifeline.net\/de\/creeer-uw-eigen-netwerk\/api\/","title":{"rendered":"APIs"},"content":{"rendered":"<h3 class=\"wp-block-heading\">Vollst\u00e4ndig API-basiert&nbsp;<\/h3>\n\n\n\n<p>Die Infrastruktur von Jifeline Networks ist vollst\u00e4ndig API-basiert. Dies gilt f\u00fcr: <\/p>\n\n\n\n<ul class=\"wp-block-list\">\n<li>Das Jifeline-Kundenportal, \u00fcber das der Garagist einen Service anfordern kann<\/li>\n\n\n\n<li>Das Partnerportal, in dem die Remote-Experten arbeiten<\/li>\n\n\n\n<li>Das administrative Back-End f\u00fcr z.B. die finanzielle Abwicklung<\/li>\n<\/ul>\n\n\n\n<p>So k\u00f6nnen Sie eine vollst\u00e4ndige Integration mit Ihrem digitalen Shop, Arbeitsplatzmanagementsystem, Kundenportal oder ERP-System aufbauen.<\/p>\n\n\n\n<div class=\"wp-block-buttons is-content-justification-center is-layout-flex wp-container-core-buttons-is-layout-a89b3969 wp-block-buttons-is-layout-flex\">\n<div class=\"wp-block-button has-custom-width wp-block-button__width-100 is-style-fill\"><a class=\"wp-block-button__link has-white-color has-text-color has-background has-link-color has-medium-font-size has-text-align-center has-custom-font-size wp-element-button\" href=\"https:\/\/partner-api-docs-001.prd.jifeline.cloud\/\" style=\"border-radius:0px;background-color:#27b7ea\" target=\"_blank\" rel=\"noopener\">Partner-API-Dokumentation<\/a><\/div>\n\n\n\n<div class=\"wp-block-button has-custom-width wp-block-button__width-100 is-style-fill\"><a class=\"wp-block-button__link has-white-color has-text-color has-background has-link-color has-medium-font-size has-text-align-center has-custom-font-size wp-element-button\" href=\"https:\/\/customer-api-docs-001.prd.jifeline.cloud\/\" style=\"border-radius:0px;background-color:#27b7ea\" target=\"_blank\" rel=\"noopener\">Kundenportal API-Dokumentation<\/a><\/div>\n<\/div>\n\n\n\n<br>\n\n\n\n<hr class=\"wp-block-separator has-text-color has-alpha-channel-opacity has-background\" style=\"background-color:#27b7ea;color:#27b7ea\"\/>\n\n\n\n<br>\n\n\n\n<h3 class=\"wp-block-heading\">Beispiele<\/h3>\n\n\n\n<br>\n\n\n\n<p>Die M\u00f6glichkeiten zur nahtlosen Integration der Ferndiagnose in Ihren Arbeitsablauf oder den Ihrer Kunden sind endlos. Hier sind einige Beispiele:<\/p>\n\n\n\n<br>\n\n\n\n<h4 class=\"wp-block-heading\">Automatische Rechnungsstellung<\/h4>\n\n\n\n<p>Nach dem erfolgreichen Abschluss eines Tickets werden die Kundendaten, die Details der Dienstleistung, der vereinbarte Preis usw. direkt an Ihr Finanzsystem gesendet, so dass Sie sofort eine Rechnung erstellen k\u00f6nnen.<\/p>\n\n\n\n<br>\n\n\n\n<h4 class=\"wp-block-heading\">Automatische Berichte vor und nach dem Scannen f\u00fcr den Versicherer<\/h4>\n\n\n\n<p>Nach der Kalibrierung einer ADAS-Kamera nach dem Austausch einer Windschutzscheibe werden die Pre- und Post-Scan-Berichte, eine Best\u00e4tigung der tats\u00e4chlichen Kalibrierung und die Rechnung automatisch gesammelt und an den Versicherer geschickt.<\/p>\n\n\n\n<br>\n\n\n\n<h4 class=\"wp-block-heading\">Automatische Erkennung und Start der Programmierung<\/h4>\n\n\n\n<p>Ein Werkstattbesitzer kauft ein Lenkgetriebe im Webshop eines Gro\u00dfh\u00e4ndlers, sieht, dass es eingelernt werden muss und kauft sofort die Codierung daf\u00fcr. In dem Moment, in dem er die Ferndiagnoseschnittstelle an das Auto anschlie\u00dft, wird diese erkannt und der Autopilot wird sofort eingelernt.<\/p>\n\n\n\n<br>\n\n\n\n<h4 class=\"wp-block-heading\">Automatische Verf\u00fcgbarkeitspr\u00fcfung<\/h4>\n\n\n\n<p>Ein Mechaniker in einer Werkstatt will mit einem Vor-Ort-Diagnoseger\u00e4t ein Modul-Update durchf\u00fchren, was daran scheitert, dass das Fahrzeug zu neu ist und das Vor-Ort-Diagnoseger\u00e4t es noch nicht kennt. Das Vor-Ort-Diagnoseger\u00e4t pr\u00fcft mit der Ferndiagnoseabteilung, ob dieser Vorgang bereits aus der Ferne m\u00f6glich ist, und bietet ihn dann dem Mechaniker an. Sobald dies best\u00e4tigt ist, wird automatisch ein Ticket bei der Ferndiagnoseabteilung erstellt und das Modul wird weiterhin aktualisiert.<\/p>\n\n\n\n<br>\n\n\n\n<hr class=\"wp-block-separator has-text-color has-alpha-channel-opacity has-background\" style=\"background-color:#27b7ea;color:#27b7ea\"\/>\n\n\n\n<br>\n\n\n\n<h3 class=\"wp-block-heading\">Lassen Sie sich von den M\u00f6glichkeiten inspirieren!<\/h3>\n\n\n\n<p>So sind unz\u00e4hlige Szenarien denkbar, in denen die Ferndiagnose bestehende Prozesse unterst\u00fctzen oder (teilweise) ersetzen kann. So kann die Werkstatt effizienter, schneller und kosteng\u00fcnstiger arbeiten.<\/p>\n\n\n\n<br>\n\n\n\n<hr class=\"wp-block-separator has-text-color has-alpha-channel-opacity has-background\" style=\"background-color:#27b7ea;color:#27b7ea\"\/>\n\n\n\n<p><\/p>","protected":false},"excerpt":{"rendered":"<p>Volledig API gebaseerd&nbsp; De Jifeline Networks infrastructuur is volledig API gebaseerd. Dit geldt voor: Hierdoor kunt u een volledige integratie met uw digitale winkel, werkplaats management systeem, klantenportaal of ERP-systeem bouwen. Voorbeelden De mogelijkheden om Remote Diagnose naadloos te integreren in uw workflow of die van uw klanten zijn oneindig. Hier zijn enkele voorbeelden: Automatische [&hellip;]<\/p>\n","protected":false},"author":4,"featured_media":2063,"parent":34,"menu_order":0,"comment_status":"closed","ping_status":"closed","template":"","meta":{"footnotes":""},"soort-pagina":[35],"class_list":["post-4576","page","type-page","status-publish","has-post-thumbnail","hentry","soort-pagina-standaard-contentpagina"],"_links":{"self":[{"href":"https:\/\/jifeline.net\/de\/wp-json\/wp\/v2\/pages\/4576","targetHints":{"allow":["GET"]}}],"collection":[{"href":"https:\/\/jifeline.net\/de\/wp-json\/wp\/v2\/pages"}],"about":[{"href":"https:\/\/jifeline.net\/de\/wp-json\/wp\/v2\/types\/page"}],"author":[{"embeddable":true,"href":"https:\/\/jifeline.net\/de\/wp-json\/wp\/v2\/users\/4"}],"replies":[{"embeddable":true,"href":"https:\/\/jifeline.net\/de\/wp-json\/wp\/v2\/comments?post=4576"}],"version-history":[{"count":5,"href":"https:\/\/jifeline.net\/de\/wp-json\/wp\/v2\/pages\/4576\/revisions"}],"predecessor-version":[{"id":5293,"href":"https:\/\/jifeline.net\/de\/wp-json\/wp\/v2\/pages\/4576\/revisions\/5293"}],"up":[{"embeddable":true,"href":"https:\/\/jifeline.net\/de\/wp-json\/wp\/v2\/pages\/34"}],"wp:featuredmedia":[{"embeddable":true,"href":"https:\/\/jifeline.net\/de\/wp-json\/wp\/v2\/media\/2063"}],"wp:attachment":[{"href":"https:\/\/jifeline.net\/de\/wp-json\/wp\/v2\/media?parent=4576"}],"wp:term":[{"taxonomy":"soort-pagina","embeddable":true,"href":"https:\/\/jifeline.net\/de\/wp-json\/wp\/v2\/soort-pagina?post=4576"}],"curies":[{"name":"wp","href":"https:\/\/api.w.org\/{rel}","templated":true}]}}