{"id":5044,"date":"2025-10-20T11:31:29","date_gmt":"2025-10-20T09:31:29","guid":{"rendered":"https:\/\/jifeline.net\/?page_id=5044"},"modified":"2025-12-16T08:15:02","modified_gmt":"2025-12-16T07:15:02","slug":"j-tab","status":"publish","type":"page","link":"https:\/\/jifeline.net\/de\/j-tab\/","title":{"rendered":"J-TaB"},"content":{"rendered":"<h2 class=\"wp-block-heading\"><strong>Treffen Sie den J-TaB: unser brandneues Ferndiagnose-VCI<\/strong><\/h2>\n\n\n\n<br>\n\n\n\n<p>Wir sind stolz darauf, den J-TaB, unsere neueste Innovation im Bereich der Ferndiagnose-Technologie, vorstellen zu k\u00f6nnen. Das J-TaB basiert auf unserer bew\u00e4hrten und sicheren Fahrzeug-Fernkommunikationstechnologie und bietet dieselben leistungsstarken Diagnosefunktionen wie das J-TaB, jetzt kombiniert mit noch mehr Benutzerfreundlichkeit und Einfachheit.&nbsp;<\/p>\n\n\n\n<p>Mit seinem integrierten Display ist der J-TaB ein echtes All-in-One-Ger\u00e4t, das auf h\u00f6chste Leistung, Zuverl\u00e4ssigkeit und Benutzerfreundlichkeit ausgelegt ist. Es wurde f\u00fcr die Anforderungen moderner Werkst\u00e4tten entwickelt und vereint alles, was Sie brauchen, in einer intelligenten L\u00f6sung.&nbsp;<\/p>\n\n\n\n<br>\n\n\n\n<figure class=\"wp-block-image size-large\"><img fetchpriority=\"high\" decoding=\"async\" width=\"1024\" height=\"666\" src=\"https:\/\/jifeline.net\/wp-content\/uploads\/2025\/10\/DSC02298-jpg-hoog-6-1-1-1024x666.jpg\" alt=\"J-TaB\" class=\"wp-image-5047\" srcset=\"https:\/\/jifeline.net\/wp-content\/uploads\/2025\/10\/DSC02298-jpg-hoog-6-1-1-1024x666.jpg 1024w, https:\/\/jifeline.net\/wp-content\/uploads\/2025\/10\/DSC02298-jpg-hoog-6-1-1-300x195.jpg 300w, https:\/\/jifeline.net\/wp-content\/uploads\/2025\/10\/DSC02298-jpg-hoog-6-1-1-768x500.jpg 768w, https:\/\/jifeline.net\/wp-content\/uploads\/2025\/10\/DSC02298-jpg-hoog-6-1-1-1536x1000.jpg 1536w, https:\/\/jifeline.net\/wp-content\/uploads\/2025\/10\/DSC02298-jpg-hoog-6-1-1-2048x1333.jpg 2048w, https:\/\/jifeline.net\/wp-content\/uploads\/2025\/10\/DSC02298-jpg-hoog-6-1-1-18x12.jpg 18w\" sizes=\"(max-width: 1024px) 100vw, 1024px\" \/><\/figure>\n\n\n\n<br>\n\n\n\n<hr class=\"wp-block-separator has-text-color has-alpha-channel-opacity has-background\" style=\"background-color:#1ab7ea;color:#1ab7ea\"\/>\n\n\n\n<br>\n\n\n\n<h3 class=\"wp-block-heading\"><strong>Hauptmerkmale der J-TaB<\/strong><\/h3>\n\n\n\n<ul class=\"wp-block-list\">\n<li>Integriertes Display: kein Laptop, Telefon oder Tablet n\u00f6tig, alles ist dabei<\/li>\n\n\n\n<li>4G-Konnektivit\u00e4t: immer in Verbindung bleiben, egal wo Sie sind<\/li>\n\n\n\n<li>Verbesserte Wi-Fi-Verbindung: unterst\u00fctzt sowohl 2,4 GHz als auch 5 GHz<\/li>\n\n\n\n<li>Einfache Wi-Fi-Verbindung: \u00dcbersichtliche Benutzeroberfl\u00e4che und verbesserter Verbindungsprozess<\/li>\n\n\n\n<li>Intelligente Status-LED-Leiste: Auf einen Blick informiert dank Farbanzeigen<\/li>\n\n\n\n<li>Robustes Design: Widersteht anspruchsvollen Werkstattumgebungen<\/li>\n\n\n\n<li>OBD-gesteuertes Laden: L\u00e4dt w\u00e4hrend der Nutzung, einfach an das Fahrzeug anschlie\u00dfen<\/li>\n\n\n\n<li>Dockingstation (optional): Einfach andocken, aufladen und den \u00dcberblick behalten<\/li>\n\n\n\n<li>Integrierte Kameras (vorne und hinten): Fotos direkt im Ticket-Chat aufnehmen und teilen<\/li>\n\n\n\n<li>Stylus-Stift: Bedienen Sie den Bildschirm pr\u00e4zise und bequem<\/li>\n\n\n\n<li>Tragegriff: sorgt f\u00fcr einen sicheren und bequemen Halt<\/li>\n<\/ul>\n\n\n\n<p>Angetrieben durch Kundenfeedback und die wachsende Nachfrage nach einer All-in-One-L\u00f6sung, vereint der J-TaB alles, was Techniker brauchen, in einem leistungsstarken und einfach zu bedienenden Ger\u00e4t. Egal, ob Sie in der Werkstatt oder unterwegs arbeiten, der J-TaB macht die Ferndiagnose einfach und schnell.<\/p>\n\n\n\n<div class=\"wp-block-buttons is-layout-flex wp-block-buttons-is-layout-flex\">\n<div class=\"wp-block-button\"><a class=\"wp-block-button__link wp-element-button\" href=\"https:\/\/jifeline.net\/de\/haufig-gestellte-fragen-j-tab\/\">H\u00e4ufig gestellte Fragen<\/a><\/div>\n<\/div>\n\n\n\n<br>\n\n\n\n<hr class=\"wp-block-separator has-text-color has-alpha-channel-opacity has-background\" style=\"background-color:#1ab7ea;color:#1ab7ea\"\/>\n\n\n\n<br>\n\n\n\n<h3 class=\"wp-block-heading\"><strong>Spezielles Einf\u00fchrungsangebot<\/strong><\/h3>\n\n\n\n<p>Ab dem 1. November 2025 k\u00f6nnen Sie im Rahmen unserer speziellen Einf\u00fchrungsaktion vorbestellen und erhalten eine kostenlose Dockingstation.<\/p>\n\n\n\n<p>Vorbestellungen k\u00f6nnen aufgegeben werden \u00fcber <a href=\"mailto:commercial@jifeline.com\">commercial@jifeline.com<\/a> und bleiben bis zu den ersten Lieferungen g\u00fcltig, die f\u00fcr das zweite Quartal 2026 erwartet werden. Private-Label-Branding ist f\u00fcr Bestellungen ab 10 St\u00fcck verf\u00fcgbar.<br><\/p>\n\n\n\n<br>\n\n\n\n<hr class=\"wp-block-separator has-text-color has-alpha-channel-opacity has-background\" style=\"background-color:#1ab7ea;color:#1ab7ea\"\/>\n\n\n\n<br>","protected":false},"excerpt":{"rendered":"<p>Maak kennis met de J-TaB: ons gloednieuwe remote diagnose VCI Vol trots introduceren we de J-TaB,&nbsp;onze nieuwste innovatie op het gebied van remote diagnosetechnologie. Gebouwd op onze vertrouwde en veilige technologie voor communicatie met voertuigen op afstand, biedt de J-TaB&nbsp;dezelfde krachtige diagnosemogelijkheden die&nbsp;we al hebben,&nbsp;nu gecombineerd met nog meer gebruiksgemak en eenvoud.&nbsp; Met&nbsp;de&nbsp;ge\u00efntegreerde display is [&hellip;]<\/p>\n","protected":false},"author":4,"featured_media":5047,"parent":0,"menu_order":0,"comment_status":"closed","ping_status":"closed","template":"","meta":{"footnotes":""},"soort-pagina":[35],"class_list":["post-5044","page","type-page","status-publish","has-post-thumbnail","hentry","soort-pagina-standaard-contentpagina"],"_links":{"self":[{"href":"https:\/\/jifeline.net\/de\/wp-json\/wp\/v2\/pages\/5044","targetHints":{"allow":["GET"]}}],"collection":[{"href":"https:\/\/jifeline.net\/de\/wp-json\/wp\/v2\/pages"}],"about":[{"href":"https:\/\/jifeline.net\/de\/wp-json\/wp\/v2\/types\/page"}],"author":[{"embeddable":true,"href":"https:\/\/jifeline.net\/de\/wp-json\/wp\/v2\/users\/4"}],"replies":[{"embeddable":true,"href":"https:\/\/jifeline.net\/de\/wp-json\/wp\/v2\/comments?post=5044"}],"version-history":[{"count":5,"href":"https:\/\/jifeline.net\/de\/wp-json\/wp\/v2\/pages\/5044\/revisions"}],"predecessor-version":[{"id":5198,"href":"https:\/\/jifeline.net\/de\/wp-json\/wp\/v2\/pages\/5044\/revisions\/5198"}],"wp:featuredmedia":[{"embeddable":true,"href":"https:\/\/jifeline.net\/de\/wp-json\/wp\/v2\/media\/5047"}],"wp:attachment":[{"href":"https:\/\/jifeline.net\/de\/wp-json\/wp\/v2\/media?parent=5044"}],"wp:term":[{"taxonomy":"soort-pagina","embeddable":true,"href":"https:\/\/jifeline.net\/de\/wp-json\/wp\/v2\/soort-pagina?post=5044"}],"curies":[{"name":"wp","href":"https:\/\/api.w.org\/{rel}","templated":true}]}}