{"id":5215,"date":"2025-12-23T15:26:53","date_gmt":"2025-12-23T14:26:53","guid":{"rendered":"https:\/\/jifeline.net\/?page_id=5215"},"modified":"2026-03-30T12:01:59","modified_gmt":"2026-03-30T10:01:59","slug":"lastkraftwagen","status":"publish","type":"page","link":"https:\/\/jifeline.net\/de\/nl-trucks\/","title":{"rendered":"Lastkraftwagen"},"content":{"rendered":"<p>Jifeline Networks ist seit einem Jahrzehnt Marktf\u00fchrer im Bereich der Ferndiagnose f\u00fcr Personenkraftwagen und bringt sein Know-how nun auch in den Lkw-Bereich ein. Diese Entwicklung er\u00f6ffnet neue M\u00f6glichkeiten f\u00fcr die Ferndiagnose und erm\u00f6glicht eine l\u00fcckenlose \u00dcberwachung und Wartung von schweren Lkw.<\/p>\n\n\n\n<br>\n\n\n\n<figure class=\"wp-block-image size-large\"><img fetchpriority=\"high\" decoding=\"async\" width=\"1024\" height=\"683\" src=\"https:\/\/jifeline.net\/wp-content\/uploads\/2025\/12\/JNW-1024x683.png\" alt=\"Lastkraftwagen\" class=\"wp-image-5217\" srcset=\"https:\/\/jifeline.net\/wp-content\/uploads\/2025\/12\/JNW-1024x683.png 1024w, https:\/\/jifeline.net\/wp-content\/uploads\/2025\/12\/JNW-300x200.png 300w, https:\/\/jifeline.net\/wp-content\/uploads\/2025\/12\/JNW-768x512.png 768w, https:\/\/jifeline.net\/wp-content\/uploads\/2025\/12\/JNW-1536x1024.png 1536w, https:\/\/jifeline.net\/wp-content\/uploads\/2025\/12\/JNW-2048x1365.png 2048w, https:\/\/jifeline.net\/wp-content\/uploads\/2025\/12\/JNW-18x12.png 18w\" sizes=\"(max-width: 1024px) 100vw, 1024px\" \/><\/figure>\n\n\n\n<br>\n\n\n\n<p>Mit unserer Lkw-L\u00f6sung k\u00f6nnen unsere Partner Ferndiagnosen f\u00fcr eine breite Palette gro\u00dfer Lkw-Marken durchf\u00fchren, darunter MAN, Mercedes Trucks, DAF, IVECO Trucks, Volvo Trucks und Renault Trucks. Au\u00dferdem f\u00fcgen wir st\u00e4ndig neue Marken hinzu. Zusammen decken diese Marken den gr\u00f6\u00dften Teil des Lkw-Marktes ab und bieten direkten Zugang zu den meisten f\u00fchrenden Herstellern.<\/p>\n\n\n\n<p>Unsere Technologie unterst\u00fctzt die Kommunikationsprotokolle K-Line, CANBUS und DoIP. Dienstleistungen wie das Lesen\/R\u00fccksetzen von Fehlercodes, Kodierung und Modulkalibrierung werden vollst\u00e4ndig unterst\u00fctzt.<\/p>\n\n\n\n<p>Sowohl unsere J-ReX- als auch unsere J-TaB-Ger\u00e4te sind voll kompatibel mit LKW-Systemen. Diese Tickets k\u00f6nnen in jedem unserer bestehenden Betreiberportale verarbeitet werden. Dies gew\u00e4hrleistet einen reibungslosen und effizienten Rollout der Lkw-Dienste.<\/p>\n\n\n\n<p>Um den Anforderungen bestimmter OEM-Diagnoseger\u00e4te gerecht zu werden, bieten wir eine 24-V-Version unserer Local-1- und Local-4-Geh\u00e4use an.<\/p>\n\n\n\n<br>\n\n\n\n<hr class=\"wp-block-separator has-text-color has-alpha-channel-opacity has-background\" style=\"background-color:#27b7ea;color:#27b7ea\"\/>\n\n\n\n<br>\n\n\n\n<h4 class=\"wp-block-heading\">FAQ <\/h4>\n\n\n\n<p><strong>F:<\/strong>&nbsp;Welche Lkw-Marken werden unterst\u00fctzt?<br><strong>A:<\/strong>&nbsp;DAF \u2013 IVECO Trucks \u2013 MAN \u2013 Mercedes Trucks \u2013 Renault Trucks \u2013 Scania \u2013 Volvo Trucks. Alle Lkw ab 2013 wurden getestet und ihr CANBUS wird unterst\u00fctzt. Die Unterst\u00fctzung f\u00fcr K-Line ist ungewiss. Bei IVECO ist die Unterst\u00fctzung derzeit auf Modelle ab 2019 beschr\u00e4nkt, da \u00e4ltere Fahrzeuge stark von K-Line abh\u00e4ngig sind.<\/p>\n\n\n\n<p><strong>F:<\/strong>&nbsp;Brauche ich ein anderes Dashboard?<br><strong>A:<\/strong>&nbsp;Nein, Lkw-Tickets erscheinen auf demselben Partner-Armaturenbrett und k\u00f6nnen wie Pkw-Bu\u00dfgelder behandelt werden.<\/p>\n\n\n\n<br>\n\n\n\n<p>Wenn Sie weitere Informationen w\u00fcnschen, k\u00f6nnen Sie sich \u00fcber das unten stehende Kontaktformular mit uns in Verbindung setzen.<\/p>\n\n\n\n<br>","protected":false},"excerpt":{"rendered":"<p>Na een decennium marktleider te zijn geweest in diagnose op afstand voor personenauto&#8217;s, brengt Jifeline Networks zijn expertise nu ook naar trucks. Deze ontwikkeling opent nieuwe mogelijkheden voor diagnose op afstand, waardoor naadloze monitoring en onderhoud van zware trucks mogelijk wordt. Onze truckoplossing stelt onze partners in staat om op afstand diagnoses uit te voeren [&hellip;]<\/p>\n","protected":false},"author":4,"featured_media":5216,"parent":0,"menu_order":0,"comment_status":"closed","ping_status":"closed","template":"","meta":{"footnotes":""},"soort-pagina":[35],"class_list":["post-5215","page","type-page","status-publish","has-post-thumbnail","hentry","soort-pagina-standaard-contentpagina"],"_links":{"self":[{"href":"https:\/\/jifeline.net\/de\/wp-json\/wp\/v2\/pages\/5215","targetHints":{"allow":["GET"]}}],"collection":[{"href":"https:\/\/jifeline.net\/de\/wp-json\/wp\/v2\/pages"}],"about":[{"href":"https:\/\/jifeline.net\/de\/wp-json\/wp\/v2\/types\/page"}],"author":[{"embeddable":true,"href":"https:\/\/jifeline.net\/de\/wp-json\/wp\/v2\/users\/4"}],"replies":[{"embeddable":true,"href":"https:\/\/jifeline.net\/de\/wp-json\/wp\/v2\/comments?post=5215"}],"version-history":[{"count":5,"href":"https:\/\/jifeline.net\/de\/wp-json\/wp\/v2\/pages\/5215\/revisions"}],"predecessor-version":[{"id":5339,"href":"https:\/\/jifeline.net\/de\/wp-json\/wp\/v2\/pages\/5215\/revisions\/5339"}],"wp:featuredmedia":[{"embeddable":true,"href":"https:\/\/jifeline.net\/de\/wp-json\/wp\/v2\/media\/5216"}],"wp:attachment":[{"href":"https:\/\/jifeline.net\/de\/wp-json\/wp\/v2\/media?parent=5215"}],"wp:term":[{"taxonomy":"soort-pagina","embeddable":true,"href":"https:\/\/jifeline.net\/de\/wp-json\/wp\/v2\/soort-pagina?post=5215"}],"curies":[{"name":"wp","href":"https:\/\/api.w.org\/{rel}","templated":true}]}}