{"id":1915,"date":"2023-12-08T11:12:44","date_gmt":"2023-12-08T10:12:44","guid":{"rendered":"https:\/\/jifeline.net\/?page_id=1915"},"modified":"2025-08-27T11:54:11","modified_gmt":"2025-08-27T09:54:11","slug":"privacidad","status":"publish","type":"page","link":"https:\/\/jifeline.net\/es\/privacy\/","title":{"rendered":"Privacidad"},"content":{"rendered":"<h2 class=\"wp-block-heading\">POL\u00cdTICA DE PRIVACIDAD<\/h2>\n\n\n\n<p>Gracias por utilizar la infraestructura de Jifeline a trav\u00e9s de nosotros o de nuestros socios designados, o por visitar nuestro(s) sitio(s) web. Esta pol\u00edtica explica la informaci\u00f3n que recogemos, c\u00f3mo y por qu\u00e9 la recogemos, y c\u00f3mo la utilizamos y divulgamos. Nos tomamos muy en serio su privacidad y nunca vendemos su informaci\u00f3n personal, incluidas las direcciones de correo electr\u00f3nico.&nbsp;<\/p>\n\n\n\n<br>\n\n\n\n<hr class=\"wp-block-separator has-text-color has-alpha-channel-opacity has-background\" style=\"background-color:#1ab7ea;color:#1ab7ea\"\/>\n\n\n\n<br>\n\n\n\n<h3 class=\"wp-block-heading\">Definiciones<\/h3>\n\n\n\n<p>Las siguientes definiciones deber\u00edan ayudarle a entender esta pol\u00edtica. Cuando nos referimos a \u201cnosotros\u201d, \u201cnos\u201d o \u201cnuestro\u201d, nos referimos a Jifeline Networks B.V., con sede en los Pa\u00edses Bajos.<\/p>\n\n\n\n<p>Proporcionamos una infraestructura que puede utilizar para codificar\/programar su veh\u00edculo (los \u201cServicios\u201d). Esto puede hacerse directamente a trav\u00e9s de nosotros o a trav\u00e9s de uno de nuestros socios designados.<\/p>\n\n\n\n<p>\u201cSocio designado\u201d se refiere a nuestros socios que utilizan nuestra infraestructura para prestar servicios a sus afiliados a trav\u00e9s de sus propios centros de servicio.<\/p>\n\n\n\n<p>\u201cMiembro\u201d se refiere a la persona o entidad que est\u00e1 registrada con nosotros o con uno de nuestros socios para utilizar nuestros Servicios. \u201cUsted\u201d se refiere tanto a un Miembro como a cualquier otra persona que visite cualquiera de nuestros sitios web.<\/p>\n\n\n\n<p>\u201cInformaci\u00f3n personal\u201d se refiere a la informaci\u00f3n que puede utilizarse para identificarle, como el nombre y los datos de direcci\u00f3n, el nombre de la organizaci\u00f3n, la direcci\u00f3n de facturaci\u00f3n, la direcci\u00f3n de env\u00edo, la direcci\u00f3n de correo electr\u00f3nico (profesional), el n\u00famero de tel\u00e9fono (profesional), los datos de pago, la direcci\u00f3n IP.<\/p>\n\n\n\n<p>La presente Pol\u00edtica de Privacidad se aplica a nuestros sitios web y a las aplicaciones de Jifeline Google, as\u00ed como a cualquier otro sitio que poseamos o gestionemos.<\/p>\n\n\n\n<p>Los \u201csitios web\u201d incluyen los propios sitios web y cualquier p\u00e1gina web relacionada, funciones interactivas, aplicaciones, widgets, blogs, redes sociales u otras ofertas en l\u00ednea que enlacen con esta Pol\u00edtica de privacidad.<\/p>\n\n\n\n<p>Las \u201caplicaciones de Google\u201d incluyen todas las aplicaciones creadas por Jifeline, pero con la marca de nuestros socios.<\/p>\n\n\n\n<br>\n\n\n\n<hr class=\"wp-block-separator has-text-color has-alpha-channel-opacity has-background\" style=\"background-color:#1ab7ea;color:#1ab7ea\"\/>\n\n\n\n<br>\n\n\n\n<h3 class=\"wp-block-heading\">Alcance<\/h3>\n\n\n\n<p>La presente Pol\u00edtica de Privacidad se aplica a todos los datos que hemos recopilado o recopilaremos sobre usted.<\/p>\n\n\n\n<br>\n\n\n\n<hr class=\"wp-block-separator has-text-color has-alpha-channel-opacity has-background\" style=\"background-color:#1ab7ea;color:#1ab7ea\"\/>\n\n\n\n<br>\n\n\n\n<h3 class=\"wp-block-heading\">Informaci\u00f3n que recopilamos<\/h3>\n\n\n\n<br>\n\n\n\n<h5 class=\"wp-block-heading\">Informaci\u00f3n que facilita voluntariamente<\/h5>\n\n\n\n<p>Cuando se registra y utiliza nuestros Servicios, se pone en contacto con nuestro servicio de atenci\u00f3n al cliente, nos env\u00eda un correo electr\u00f3nico, publica en nuestro blog o se comunica con nosotros de cualquier otra forma, nos facilita voluntariamente informaci\u00f3n. Esta informaci\u00f3n puede incluir su nombre, direcci\u00f3n f\u00edsica, direcci\u00f3n de correo electr\u00f3nico, direcci\u00f3n IP, n\u00famero de tel\u00e9fono, as\u00ed como detalles como su ocupaci\u00f3n, ubicaci\u00f3n, historial de compras y otra informaci\u00f3n demogr\u00e1fica.<\/p>\n\n\n\n<br>\n\n\n\n<h5 class=\"wp-block-heading\">Informaci\u00f3n que recopilamos autom\u00e1ticamente<\/h5>\n\n\n\n<p>Cuando utiliza nuestros Servicios o navega por nuestros Sitios Web, podemos recopilar autom\u00e1ticamente informaci\u00f3n sobre su visita. Esta informaci\u00f3n puede incluir su direcci\u00f3n IP, sistema operativo, identificaci\u00f3n del navegador, actividad de navegaci\u00f3n y otros detalles sobre c\u00f3mo interactu\u00f3 con nuestros sitios web. Podemos recopilar esta informaci\u00f3n a trav\u00e9s de archivos de registro, cookies u otras tecnolog\u00edas de seguimiento.<\/p>\n\n\n\n<br>\n\n\n\n<h5 class=\"wp-block-heading\">Informaci\u00f3n procedente del uso del Servicio<\/h5>\n\n\n\n<p>Podemos recopilar informaci\u00f3n sobre c\u00f3mo y cu\u00e1ndo utiliza nuestros Servicios, y almacenar esta informaci\u00f3n en archivos de registro u otros tipos de archivos asociados a su cuenta. Esta informaci\u00f3n nos ayuda a mejorar nuestros Servicios para usted y todos nuestros usuarios.<\/p>\n\n\n\n<br>\n\n\n\n<h5 class=\"wp-block-heading\">Cookies y rastreo<\/h5>\n\n\n\n<p>Utilizamos cookies y tecnolog\u00edas similares para analizar tendencias, administrar el sitio web, seguir los movimientos de los usuarios y recopilar informaci\u00f3n demogr\u00e1fica sobre nuestra base de usuarios.<\/p>\n\n\n\n<br>\n\n\n\n<h5 class=\"wp-block-heading\">Balizas web<\/h5>\n\n\n\n<p>Utilizamos balizas web en nuestros sitios web y en nuestros correos electr\u00f3nicos para realizar un seguimiento del comportamiento, como qui\u00e9n ha abierto los correos electr\u00f3nicos y ha hecho clic en los enlaces. Esto nos ayuda a medir el rendimiento de nuestras campa\u00f1as de correo electr\u00f3nico y a mejorar nuestras funciones.<\/p>\n\n\n\n<br>\n\n\n\n<h5 class=\"wp-block-heading\">Informaci\u00f3n de nuestras aplicaciones m\u00f3viles<\/h5>\n\n\n\n<p>Cuando utiliza nuestras aplicaciones m\u00f3viles, podemos recopilar informaci\u00f3n como el tipo de dispositivo y sistema operativo que utiliza, su ubicaci\u00f3n, y podemos utilizar funciones de audio o c\u00e1mara. Tambi\u00e9n podemos enviarle notificaciones push, que puede desactivar a trav\u00e9s de la configuraci\u00f3n de su dispositivo.<\/p>\n\n\n\n<br>\n\n\n\n<hr class=\"wp-block-separator has-text-color has-alpha-channel-opacity has-background\" style=\"background-color:#1ab7ea;color:#1ab7ea\"\/>\n\n\n\n<br>\n\n\n\n<h3 class=\"wp-block-heading\">USO Y DIVULGACI\u00d3N DE INFORMACI\u00d3N PERSONAL<\/h3>\n\n\n\n<br>\n\n\n\n<p>Podemos utilizar y divulgar sus Datos Personales para los siguientes fines:<\/p>\n\n\n\n<ul class=\"wp-block-list\">\n<li>Para promocionar el uso de nuestros Servicios, incluido el env\u00edo de correos electr\u00f3nicos promocionales.<\/li>\n\n\n\n<li>Facturar y cobrar el dinero que nos deben los afiliados.<\/li>\n\n\n\n<li>Para enviarle mensajes de alerta del sistema en relaci\u00f3n con cambios en nuestros Servicios.<\/li>\n\n\n\n<li>Comunicarse con los diputados en relaci\u00f3n con su cuenta y prestar asistencia al cliente.<\/li>\n\n\n\n<li>Para hacer cumplir nuestras Condiciones de uso y la legislaci\u00f3n aplicable.<\/li>\n\n\n\n<li>Proteger los derechos y la seguridad de nuestros usuarios, de terceros y de nosotros mismos.<\/li>\n\n\n\n<li>Cumplir los requisitos legales y facilitar informaci\u00f3n a los representantes legales.<\/li>\n\n\n\n<li>Para apoyar y mejorar nuestros Servicios, incluido el intercambio de informaci\u00f3n con terceros bajo contrato.<\/li>\n\n\n\n<li>Ejecutar los acuerdos que suscribimos y mantener las relaciones que de ello se derivan.<\/li>\n<\/ul>\n\n\n\n<br>\n\n\n\n<h3 class=\"wp-block-heading\">COMPARTIR DATOS PERSONALES CON TERCEROS<\/h3>\n\n\n\n<br>\n\n\n\n<p>S\u00f3lo compartimos sus datos con terceros cuando lo permite la legislaci\u00f3n vigente. Puede haber casos en los que facilitemos sus datos personales a terceros porque:<\/p>\n\n\n\n<ul class=\"wp-block-list\">\n<li>Los hemos contratado para procesar determinados datos en nuestro nombre;<\/li>\n\n\n\n<li>Es necesario para cumplir lo acordado con usted;<\/li>\n\n\n\n<li>Usted ha dado su consentimiento para ello;<\/li>\n\n\n\n<li>Tenemos un inter\u00e9s leg\u00edtimo en hacerlo;<\/li>\n\n\n\n<li>Estamos legalmente obligados a hacerlo (por ejemplo, si la polic\u00eda lo requiere en caso de sospecha de delito).<\/li>\n<\/ul>\n\n\n\n<p>Las partes que procesan datos personales en nuestro nombre o en el suyo incluyen:<\/p>\n\n\n\n<ul class=\"wp-block-list\">\n<li>Proveedores de cookies<\/li>\n\n\n\n<li>Proveedores de servicios inform\u00e1ticos<\/li>\n\n\n\n<li>Nuestra plataforma de comercio electr\u00f3nico alojada<\/li>\n\n\n\n<li>Herramientas de examen y evaluaci\u00f3n en l\u00ednea<\/li>\n\n\n\n<li>Servicio de entrega<\/li>\n\n\n\n<li>Proveedores de servicios de pago (y agencias de cobro de deudas)<\/li>\n\n\n\n<li>Consultores<\/li>\n\n\n\n<li>Organizaciones y lugares de eventos<\/li>\n<\/ul>\n\n\n\n<p>Para prestar nuestros servicios, podemos compartir sus datos personales con terceros situados fuera del Espacio Econ\u00f3mico Europeo (EEE). S\u00f3lo lo hacemos si se garantiza un nivel adecuado de protecci\u00f3n para el tratamiento de los datos personales. Esto puede incluir el uso de una cl\u00e1usula contractual est\u00e1ndar de la Comisi\u00f3n Europea o acuerdos espec\u00edficos sobre el tratamiento de datos personales.<\/p>\n\n\n\n<br>\n\n\n\n<hr class=\"wp-block-separator has-text-color has-alpha-channel-opacity has-background\" style=\"background-color:#1ab7ea;color:#1ab7ea\"\/>\n\n\n\n<br>\n\n\n\n<h3 class=\"wp-block-heading\">BASE JUR\u00cdDICA DEL TRATAMIENTO<\/h3>\n\n\n\n<br>\n\n\n\n<p>Tratamos sus datos personales bas\u00e1ndonos en uno o varios de los siguientes fundamentos jur\u00eddicos:<\/p>\n\n\n\n<p>Inter\u00e9s leg\u00edtimo: Podemos tratar sus datos cuando sea necesario a efectos de nuestros intereses leg\u00edtimos, como mejorar nuestros servicios, mantener relaciones comerciales y garantizar la seguridad de nuestros sistemas.<\/p>\n\n\n\n<p>Consentimiento: En los casos en que nos basemos en su consentimiento, s\u00f3lo procesaremos sus datos personales tras obtener su consentimiento claro y expl\u00edcito. Tiene derecho a retirar su consentimiento en cualquier momento.<\/p>\n\n\n\n<p>Obligaci\u00f3n legal: Podemos procesar sus datos para cumplir con obligaciones legales, como cumplir con requisitos de retenci\u00f3n de impuestos o responder a solicitudes legales de las autoridades p\u00fablicas.<\/p>\n\n\n\n<p>Cumplimiento de un contrato: tratamos sus datos cuando es necesario para cumplir los t\u00e9rminos de un contrato, como la prestaci\u00f3n de un servicio o la entrega de un producto que usted ha solicitado.<\/p>\n\n\n\n<p>Intereses vitales: En raras ocasiones, podemos tratar sus datos para proteger sus intereses vitales o los de otra persona, por ejemplo, en situaciones de emergencia en las que la vida o la salud corren peligro.<\/p>\n\n\n\n<br>\n\n\n\n<hr class=\"wp-block-separator has-text-color has-alpha-channel-opacity has-background\" style=\"background-color:#1ab7ea;color:#1ab7ea\"\/>\n\n\n\n<br>\n\n\n\n<h3 class=\"wp-block-heading\">INFORMACI\u00d3N P\u00daBLICA Y SITIOS WEB DE TERCEROS<\/h3>\n\n\n\n<br>\n\n\n\n<h5 class=\"wp-block-heading\">Blog<\/h5>\n\n\n\n<p>Nuestros sitios web pueden contener blogs p\u00fablicos. Cualquier informaci\u00f3n que incluya en un comentario en nuestro blog puede ser le\u00edda, recopilada y utilizada por cualquier persona.<\/p>\n\n\n\n<br>\n\n\n\n<h5 class=\"wp-block-heading\">Plataformas de redes sociales y widgets<\/h5>\n\n\n\n<p>Nuestros sitios web pueden incluir funciones de redes sociales que recopilan informaci\u00f3n sobre su direcci\u00f3n IP y la p\u00e1gina que est\u00e1 visitando. Sus interacciones con estas funciones se rigen por las pol\u00edticas de privacidad de las respectivas plataformas.<\/p>\n\n\n\n<br>\n\n\n\n<h5 class=\"wp-block-heading\">Enlaces a sitios web de terceros<\/h5>\n\n\n\n<p>Nuestros sitios web pueden contener enlaces a otros sitios web. Sus pr\u00e1cticas de privacidad pueden diferir de las nuestras, por lo que le recomendamos que lea sus pol\u00edticas de privacidad.<\/p>\n\n\n\n<br>\n\n\n\n<hr class=\"wp-block-separator has-text-color has-alpha-channel-opacity has-background\" style=\"background-color:#1ab7ea;color:#1ab7ea\"\/>\n\n\n\n<br>\n\n\n\n<h3 class=\"wp-block-heading\">SEGURIDAD<\/h3>\n\n\n\n<br>\n\n\n\n<p>Damos prioridad a la seguridad de su informaci\u00f3n personal y adoptamos un enfoque integral para protegerla del acceso no autorizado, la alteraci\u00f3n, la divulgaci\u00f3n o la destrucci\u00f3n. Aplicamos una serie de medidas de seguridad t\u00e9cnicas, administrativas y f\u00edsicas para salvaguardar sus datos.  A continuaci\u00f3n se detallan las principales pr\u00e1cticas de seguridad que seguimos:<\/p>\n\n\n\n<br>\n\n\n\n<h5 class=\"wp-block-heading\"><a><\/a>Cifrado<\/h5>\n\n\n\n<ul class=\"wp-block-list\">\n<li><strong>Datos en tr\u00e1nsito y en reposo:<\/strong> Utilizamos el cifrado para proteger su informaci\u00f3n tanto mientras se transmite por Internet como cuando se almacena en nuestros servidores.<\/li>\n<\/ul>\n\n\n\n<h5 class=\"wp-block-heading\"><a><\/a>Control de acceso<\/h5>\n\n\n\n<ul class=\"wp-block-list\">\n<li><strong>Acceso basado en roles:<\/strong> El acceso a los datos personales est\u00e1 limitado al personal autorizado en funci\u00f3n de sus responsabilidades laborales.<\/li>\n\n\n\n<li><strong>Autentificaci\u00f3n:<\/strong> Aplicamos una autenticaci\u00f3n s\u00f3lida, incluidas pol\u00edticas de contrase\u00f1as y autenticaci\u00f3n de dos factores (2FA), para impedir el acceso no autorizado.<\/li>\n<\/ul>\n\n\n\n<h5 class=\"wp-block-heading\"><a><\/a>Control y auditor\u00eda<\/h5>\n\n\n\n<ul class=\"wp-block-list\">\n<li><strong>Registros y detecci\u00f3n de intrusos:<\/strong> Supervisamos la actividad de los usuarios y el tr\u00e1fico de la red, revisamos peri\u00f3dicamente los registros y utilizamos sistemas de detecci\u00f3n de intrusos para detectar y hacer frente a posibles amenazas.<\/li>\n<\/ul>\n\n\n\n<h5 class=\"wp-block-heading\"><a><\/a>Evaluaciones de seguridad<\/h5>\n\n\n\n<ul class=\"wp-block-list\">\n<li><strong>Exploraci\u00f3n de vulnerabilidades y pruebas de penetraci\u00f3n:<\/strong> Realizamos an\u00e1lisis peri\u00f3dicos de vulnerabilidad y contratamos a expertos externos para que comprueben nuestros sistemas en busca de puntos d\u00e9biles.<\/li>\n\n\n\n<li><strong>Gesti\u00f3n de parches:<\/strong> Aplicamos r\u00e1pidamente parches de seguridad para mantener nuestros sistemas actualizados.<\/li>\n<\/ul>\n\n\n\n<h5 class=\"wp-block-heading\"><a><\/a>Pr\u00e1cticas de desarrollo seguras<\/h5>\n\n\n\n<ul class=\"wp-block-list\">\n<li><strong>Revisiones y pruebas del c\u00f3digo:<\/strong> Seguimos pr\u00e1cticas de codificaci\u00f3n seguras, realizando revisiones del c\u00f3digo y pruebas rigurosas para minimizar las vulnerabilidades.<\/li>\n<\/ul>\n\n\n\n<h5 class=\"wp-block-heading\"><a><\/a>Minimizaci\u00f3n y conservaci\u00f3n de datos<\/h5>\n\n\n\n<ul class=\"wp-block-list\">\n<li><strong>Minimizaci\u00f3n:<\/strong> Recogemos \u00fanicamente los datos necesarios para fines espec\u00edficos y los almacenamos s\u00f3lo el tiempo necesario.<\/li>\n\n\n\n<li><strong>Retenci\u00f3n:<\/strong> Cuando ya no se necesitan, los datos se eliminan de forma segura o se convierten en an\u00f3nimos.<\/li>\n<\/ul>\n\n\n\n<h5 class=\"wp-block-heading\"><a><\/a>Respuesta a incidentes<\/h5>\n\n\n\n<ul class=\"wp-block-list\">\n<li><strong>Gesti\u00f3n de incidentes:<\/strong> Disponemos de un plan de respuesta detallado en caso de violaci\u00f3n de datos, que incluye procedimientos de notificaci\u00f3n acordes con los requisitos legales.<\/li>\n<\/ul>\n\n\n\n<h5 class=\"wp-block-heading\"><a><\/a>Formaci\u00f3n y sensibilizaci\u00f3n<\/h5>\n\n\n\n<ul class=\"wp-block-list\">\n<li><strong>Formaci\u00f3n de los empleados:<\/strong> Nuestro personal recibe formaci\u00f3n peri\u00f3dica sobre seguridad, que incluye concienciaci\u00f3n sobre phishing y prevenci\u00f3n de ingenier\u00eda social.<\/li>\n<\/ul>\n\n\n\n<h5 class=\"wp-block-heading\"><a><\/a>Seguridad f\u00edsica<\/h5>\n\n\n\n<ul class=\"wp-block-list\">\n<li><strong>Seguridad de centros de datos y oficinas:<\/strong> Nuestros servidores est\u00e1n alojados en centros de datos seguros con fuertes medidas de seguridad f\u00edsica, y el acceso a nuestras oficinas est\u00e1 restringido.<\/li>\n<\/ul>\n\n\n\n<h5 class=\"wp-block-heading\"><a><\/a>Seguridad de terceros<\/h5>\n\n\n\n<ul class=\"wp-block-list\">\n<li><strong>Gesti\u00f3n de proveedores:<\/strong> Nos aseguramos de que los proveedores externos cumplan nuestras normas de seguridad y los requisitos legales mediante acuerdos de procesamiento de datos.<\/li>\n<\/ul>\n\n\n\n<p>Si tiene alguna duda o sospecha de un acceso no autorizado a su cuenta, p\u00f3ngase en contacto con nosotros inmediatamente.<\/p>\n\n\n\n<br>\n\n\n\n<hr class=\"wp-block-separator has-text-color has-alpha-channel-opacity has-background\" style=\"background-color:#1ab7ea;color:#1ab7ea\"\/>\n\n\n\n<br>\n\n\n\n<h3 class=\"wp-block-heading\">EXACTITUD DE LOS DATOS Y TRANSPARENCIA<\/h3>\n\n\n\n<br>\n\n\n\n<p>Nos esforzamos por mantener sus datos exactos y actualizados. Usted es responsable de notificarnos cualquier cambio en su informaci\u00f3n. Conservaremos su informaci\u00f3n mientras su cuenta est\u00e9 activa o mientras sea necesario para prestar nuestros Servicios y\/o cumplir con obligaciones legales, por ejemplo, debido al periodo de retenci\u00f3n fiscal de siete a\u00f1os.<\/p>\n\n\n\n<br>\n\n\n\n<hr class=\"wp-block-separator has-text-color has-alpha-channel-opacity has-background\" style=\"background-color:#1ab7ea;color:#1ab7ea\"\/>\n\n\n\n<br>\n\n\n\n<h3 class=\"wp-block-heading\">PREGUNTAS E INQUIETUDES<\/h3>\n\n\n\n<br>\n\n\n\n<p>Si tiene alguna pregunta, comentario o duda, o si desea actualizar, eliminar o modificar cualquier dato personal que tengamos, p\u00f3ngase en contacto con nosotros en privacy@jifeline.com o utilice nuestro formulario de contacto. No obstante, si considera que no le estamos atendiendo correctamente, puede ponerse en contacto con el <a href=\"https:\/\/autoriteitpersoonsgegevens.nl\/nl\/contact-met-de-autoriteit-persoonsgegevens\/tip-ons\" target=\"_blank\" rel=\"noopener\">Autoridad neerlandesa de protecci\u00f3n de datos<\/a> (Autoridad de Datos Personales) para presentar una denuncia.<\/p>\n\n\n\n<br>\n\n\n\n<hr class=\"wp-block-separator has-text-color has-alpha-channel-opacity has-background\" style=\"background-color:#1ab7ea;color:#1ab7ea\"\/>\n\n\n\n<br>\n\n\n\n<h3 class=\"wp-block-heading\">CAMBIOS<\/h3>\n\n\n\n<br>\n\n\n\n<p>Podemos actualizar esta Pol\u00edtica de Privacidad de vez en cuando. La \u00faltima versi\u00f3n de la Pol\u00edtica de Privacidad se reflejar\u00e1 mediante la fecha que aparece en la parte inferior de esta p\u00e1gina. Cualquier actualizaci\u00f3n o modificaci\u00f3n entrar\u00e1 en vigor inmediatamente despu\u00e9s de su notificaci\u00f3n, que podemos proporcionar mediante la publicaci\u00f3n de la pol\u00edtica revisada en nuestro sitio web. Le recomendamos que revise peri\u00f3dicamente esta Pol\u00edtica de Privacidad para mantenerse informado sobre cualquier cambio que pueda afectarle. El uso continuado de nuestro sitio web o de nuestros servicios indica su consentimiento a la Pol\u00edtica de Privacidad actualizada.<\/p>\n\n\n\n<br>\n\n\n\n<hr class=\"wp-block-separator has-text-color has-alpha-channel-opacity has-background\" style=\"background-color:#1ab7ea;color:#1ab7ea\"\/>\n\n\n\n<br>\n\n\n\n<p>Jifeline Networks B.V.<br>Zweihaak 1<br>4251 LT Werkendam<br>Pa\u00edses Bajos<\/p>\n\n\n\n<p>privacy@jifeline.com<br>www.jifeline.com<\/p>","protected":false},"excerpt":{"rendered":"<p>PRIVACY POLICY Thank you for using the Jifeline infrastructure through us or through our designated partners, or for visiting our website(s). This policy explains the information we collect, how and why we collect it, and how we use and disclose it. We take your privacy very seriously and never sell your personal information, including email [&hellip;]<\/p>\n","protected":false},"author":1,"featured_media":4551,"parent":0,"menu_order":0,"comment_status":"closed","ping_status":"closed","template":"","meta":{"footnotes":""},"soort-pagina":[35],"class_list":["post-1915","page","type-page","status-publish","has-post-thumbnail","hentry","soort-pagina-standaard-contentpagina"],"_links":{"self":[{"href":"https:\/\/jifeline.net\/es\/wp-json\/wp\/v2\/pages\/1915","targetHints":{"allow":["GET"]}}],"collection":[{"href":"https:\/\/jifeline.net\/es\/wp-json\/wp\/v2\/pages"}],"about":[{"href":"https:\/\/jifeline.net\/es\/wp-json\/wp\/v2\/types\/page"}],"author":[{"embeddable":true,"href":"https:\/\/jifeline.net\/es\/wp-json\/wp\/v2\/users\/1"}],"replies":[{"embeddable":true,"href":"https:\/\/jifeline.net\/es\/wp-json\/wp\/v2\/comments?post=1915"}],"version-history":[{"count":5,"href":"https:\/\/jifeline.net\/es\/wp-json\/wp\/v2\/pages\/1915\/revisions"}],"predecessor-version":[{"id":5010,"href":"https:\/\/jifeline.net\/es\/wp-json\/wp\/v2\/pages\/1915\/revisions\/5010"}],"wp:featuredmedia":[{"embeddable":true,"href":"https:\/\/jifeline.net\/es\/wp-json\/wp\/v2\/media\/4551"}],"wp:attachment":[{"href":"https:\/\/jifeline.net\/es\/wp-json\/wp\/v2\/media?parent=1915"}],"wp:term":[{"taxonomy":"soort-pagina","embeddable":true,"href":"https:\/\/jifeline.net\/es\/wp-json\/wp\/v2\/soort-pagina?post=1915"}],"curies":[{"name":"wp","href":"https:\/\/api.w.org\/{rel}","templated":true}]}}