{"id":31,"date":"2023-10-27T19:48:46","date_gmt":"2023-10-27T17:48:46","guid":{"rendered":"https:\/\/jifeline.net\/?page_id=31"},"modified":"2024-09-23T16:42:15","modified_gmt":"2024-09-23T14:42:15","slug":"acerca-de-nosotros","status":"publish","type":"page","link":"https:\/\/jifeline.net\/es\/over-ons\/","title":{"rendered":"Qui\u00e9nes somos"},"content":{"rendered":"<h3 class=\"wp-block-heading\">Visi\u00f3n progresiva<\/h3>\n\n\n\n<p>En 2012, se fund\u00f3 Jifeline con la visi\u00f3n progresista de revolucionar la industria del autom\u00f3vil en el campo del diagn\u00f3stico remoto.<\/p>\n\n\n\n<p>La r\u00e1pida evoluci\u00f3n tecnol\u00f3gica de la industria automovil\u00edstica cre\u00f3 la necesidad de una soluci\u00f3n que permitiera a los talleres resolver problemas de diagn\u00f3stico, codificaci\u00f3n y programaci\u00f3n a distancia.<\/p>\n\n\n\n<br>\n\n\n\n<hr class=\"wp-block-separator has-text-color has-alpha-channel-opacity has-background\" style=\"background-color:#27b7ea;color:#27b7ea\"\/>\n\n\n\n<br>\n\n\n\n<h3 class=\"wp-block-heading\">Centrarse en la innovaci\u00f3n<\/h3>\n\n\n\n<p>Con un fuerte enfoque en la innovaci\u00f3n y la tecnolog\u00eda, Jifeline desarroll\u00f3 una infraestructura \u00fanica y s\u00f3lida que permite el diagn\u00f3stico remoto del veh\u00edculo sin que \u00e9ste tenga que salir del taller.<\/p>\n\n\n\n<p>As\u00ed naci\u00f3 una soluci\u00f3n de ahorro en la que la compra \u00fanica del hardware de la interfaz remota Jifeline es suficiente y el usuario de Jifeline s\u00f3lo paga por los servicios realmente prestados.<\/p>\n\n\n\n<br>\n\n\n\n<hr class=\"wp-block-separator has-text-color has-alpha-channel-opacity has-background\" style=\"background-color:#27b7ea;color:#27b7ea\"\/>\n\n\n\n<br>\n\n\n\n<h3 class=\"wp-block-heading\">El nacimiento de Jifeline Networks<\/h3>\n\n\n\n<p>El creciente \u00e9xito y la creciente demanda de partidos internacionales y especialistas en veh\u00edculos para poder utilizar tambi\u00e9n esta tecnolog\u00eda dieron lugar a la creaci\u00f3n de Jifeline Networks en 2018. La infraestructura se pone a disposici\u00f3n de socios que pueden utilizarla para dar servicio a sus propios centros o clientes. Esto tambi\u00e9n es posible bajo la propia marca del socio, lo que tambi\u00e9n convierte a Jifeline Networks en una importante herramienta de marketing. <\/p>\n\n\n\n<br>\n\n\n\n<hr class=\"wp-block-separator has-text-color has-alpha-channel-opacity has-background\" style=\"background-color:#27b7ea;color:#27b7ea\"\/>\n\n\n\n<br>\n\n\n\n<h3 class=\"wp-block-heading\">Futuro<\/h3>\n\n\n\n<p>Desde entonces, Jifeline Networks se ha convertido en una red mundial con m\u00e1s de 150 socios. A los socios se les ofrece una plataforma \u00fanica en la que el trabajo tambi\u00e9n puede subcontratarse a otros socios de la red. Esta cooperaci\u00f3n e intercambio de conocimientos permite a los socios beneficiarse de la experiencia de los dem\u00e1s, sin necesidad de adquirir ellos mismos estos conocimientos espec\u00edficos. Esta red seguir\u00e1 creciendo en el futuro.<\/p>\n\n\n\n<br>\n\n\n\n<hr class=\"wp-block-separator has-text-color has-alpha-channel-opacity has-background\" style=\"background-color:#27b7ea;color:#27b7ea\"\/>\n\n\n\n<br>","protected":false},"excerpt":{"rendered":"<p>Vooruitstrevende visie In 2012 werd Jifeline opgericht met de vooruitstrevende visie om een revolutie teweeg te gaan brengen in de auto-industrie op het gebied van remote diagnose. Door de snelle technologische ontwikkelingen binnen de auto-industrie ontstond de behoefte aan een oplossing die garagebedrijven in staat stelde om diagnose-, codeer- en programmeerproblemen op afstand op te [&hellip;]<\/p>\n","protected":false},"author":1,"featured_media":4183,"parent":0,"menu_order":0,"comment_status":"closed","ping_status":"closed","template":"","meta":{"footnotes":""},"soort-pagina":[],"class_list":["post-31","page","type-page","status-publish","has-post-thumbnail","hentry"],"_links":{"self":[{"href":"https:\/\/jifeline.net\/es\/wp-json\/wp\/v2\/pages\/31","targetHints":{"allow":["GET"]}}],"collection":[{"href":"https:\/\/jifeline.net\/es\/wp-json\/wp\/v2\/pages"}],"about":[{"href":"https:\/\/jifeline.net\/es\/wp-json\/wp\/v2\/types\/page"}],"author":[{"embeddable":true,"href":"https:\/\/jifeline.net\/es\/wp-json\/wp\/v2\/users\/1"}],"replies":[{"embeddable":true,"href":"https:\/\/jifeline.net\/es\/wp-json\/wp\/v2\/comments?post=31"}],"version-history":[{"count":5,"href":"https:\/\/jifeline.net\/es\/wp-json\/wp\/v2\/pages\/31\/revisions"}],"predecessor-version":[{"id":4975,"href":"https:\/\/jifeline.net\/es\/wp-json\/wp\/v2\/pages\/31\/revisions\/4975"}],"wp:featuredmedia":[{"embeddable":true,"href":"https:\/\/jifeline.net\/es\/wp-json\/wp\/v2\/media\/4183"}],"wp:attachment":[{"href":"https:\/\/jifeline.net\/es\/wp-json\/wp\/v2\/media?parent=31"}],"wp:term":[{"taxonomy":"soort-pagina","embeddable":true,"href":"https:\/\/jifeline.net\/es\/wp-json\/wp\/v2\/soort-pagina?post=31"}],"curies":[{"name":"wp","href":"https:\/\/api.w.org\/{rel}","templated":true}]}}