{"id":34,"date":"2023-10-27T19:49:04","date_gmt":"2023-10-27T17:49:04","guid":{"rendered":"https:\/\/jifeline.net\/?page_id=34"},"modified":"2026-01-21T12:32:02","modified_gmt":"2026-01-21T11:32:02","slug":"cree-su-propia-red","status":"publish","type":"page","link":"https:\/\/jifeline.net\/es\/creeer-uw-eigen-netwerk\/","title":{"rendered":"Cree su propia red"},"content":{"rendered":"<h3>H\u00e1gase socio<\/h3>\n<p>Convertirse en socio de Jifeline Networks es f\u00e1cil. Los principales pasos que debe dar son organizativos:\u00a0<\/p>\n\n\n<ul class=\"wp-block-list\">\n<li>Aseg\u00farese de que sus mejores especialistas en diagn\u00f3stico tengan su propia sede central.<\/li>\n\n\n\n<li>A continuaci\u00f3n, los especialistas de su centro de diagn\u00f3stico disponen de la infraestructura Jifeline. Esta consiste en una \u2018interfaz local\u2019 con un cuadro de mandos personalizado asociado.<\/li>\n\n\n\n<li>Los mec\u00e1nicos de las empresas asociadas disponen de una \u2018interfaz remota\u2019, un dispositivo Jifeline que se conecta al veh\u00edculo a trav\u00e9s del conector OBD2.<\/li>\n<\/ul>\n\n\n\n<p>Despu\u00e9s de que el mec\u00e1nico utilice la interfaz remota para crear un ticket, el especialista puede hacerse cargo del veh\u00edculo. El especialista conecta a distancia el dispositivo de diagn\u00f3stico necesario a su interfaz local y puede comenzar la codificaci\u00f3n\/programaci\u00f3n.<\/p>\n\n\n\n<br>\n\n\n\n<hr class=\"wp-block-separator has-text-color has-alpha-channel-opacity has-background\" style=\"background-color:#1ab7ea;color:#1ab7ea\"\/>\n\n\n\n<br>\n\n\n\n<h3 class=\"wp-block-heading\">A trav\u00e9s de la red, puedes<\/h3>\n\n\n\n<ul class=\"wp-block-list\">\n<li>Realizar diagn\u00f3sticos, codificaci\u00f3n o programaci\u00f3n en veh\u00edculos con un conector OBDII.<\/li>\n\n\n\n<li>Preste asistencia a sus propios clientes o colabore con otro socio de Jifeline para prestar asistencia a sus clientes.<\/li>\n\n\n\n<li>Solicite ayuda a otro socio si no puede (o no quiere) realizar un determinado servicio usted mismo.<\/li>\n\n\n\n<li>Trabajo a distancia en veh\u00edculos de toda Europa, a trav\u00e9s de una red segura y estable<\/li>\n\n\n\n<li>Uso de diferentes archivos de registro para comprender mejor las codificaciones reales<\/li>\n\n\n\n<li>Uso de funciones automatizadas mediante guiones de programaci\u00f3n para ayudar a sus clientes de forma muy rentable.<\/li>\n<\/ul>\n\n\n\n<br>\n\n\n\n<hr class=\"wp-block-separator has-text-color has-alpha-channel-opacity has-background\" style=\"background-color:#1ab7ea;color:#1ab7ea\"\/>\n\n\n\n<br>\n\n\n\n<h3 class=\"wp-block-heading\">\u00bfQu\u00e9 necesita? <\/h3>\n\n\n\n<p>Para utilizar nuestra red se necesita hardware. Por parte del garagista, se trata del llamado \u2018remoto\u2019, y por parte del servicio de asistencia remota, del servidor local. Los servidores locales est\u00e1n disponibles en distintas versiones, por lo que hay una soluci\u00f3n adecuada para cada socio:<\/p>\n\n\n\n<ul class=\"wp-block-list\">\n<li><strong>Alojamiento del servidor Local-1:<\/strong> F\u00e1cil de trasladar para trabajar desde casa o desde otra oficina.<\/li>\n\n\n\n<li>L<strong>carcasa del servidor ocal-4:<\/strong> Adecuado para sobremesa, con capacidad para trabajar en 4 veh\u00edculos simult\u00e1neamente.<\/li>\n\n\n\n<li><strong>Carcasa de servidor Local-10 (rack de 19 pulgadas):<\/strong> Esto le permite colocar herramientas de diagn\u00f3stico en su sala de servidores y empezar a trabajar a distancia.<\/li>\n<\/ul>\n\n\n\n<br>\n\n\n\n<div class=\"wp-block-media-text is-stacked-on-mobile is-vertically-aligned-center\"><figure class=\"wp-block-media-text__media\"><img fetchpriority=\"high\" decoding=\"async\" width=\"1024\" height=\"1024\" src=\"https:\/\/jifeline.net\/wp-content\/uploads\/2024\/09\/local-server-1-1024x1024.png\" alt=\"Local 4\" class=\"wp-image-4454 size-full\" srcset=\"https:\/\/jifeline.net\/wp-content\/uploads\/2024\/09\/local-server-1-1024x1024.png 1024w, https:\/\/jifeline.net\/wp-content\/uploads\/2024\/09\/local-server-1-300x300.png 300w, https:\/\/jifeline.net\/wp-content\/uploads\/2024\/09\/local-server-1-150x150.png 150w, https:\/\/jifeline.net\/wp-content\/uploads\/2024\/09\/local-server-1-768x768.png 768w, https:\/\/jifeline.net\/wp-content\/uploads\/2024\/09\/local-server-1-12x12.png 12w, https:\/\/jifeline.net\/wp-content\/uploads\/2024\/09\/local-server-1.png 1500w\" sizes=\"(max-width: 1024px) 100vw, 1024px\" \/><\/figure><div class=\"wp-block-media-text__content\">\n<p>El paquete de inicio incluye un panel de control personalizado que incluye un alojamiento de servidor local con al menos un m\u00f3dulo local. Esto le permite establecer una conexi\u00f3n segura con la otra parte de la infraestructura, la \u2018interfaz remota\u2019. Ambos componentes le permiten acceder a las redes de los veh\u00edculos.<\/p>\n<\/div><\/div>\n\n\n\n<br>\n\n\n\n<br>\n\n\n\n<hr class=\"wp-block-separator has-text-color has-alpha-channel-opacity has-background\" style=\"background-color:#1ab7ea;color:#1ab7ea\"\/>\n\n\n\n<br>\n\n\n\n<h3 class=\"wp-block-heading\">Acceda a una amplia gama de herramientas y conocimientos<\/h3>\n\n\n\n<p>Con m\u00e1s de 150 socios internacionales, Jifeline Networks es una red verdaderamente global. Los socios se benefician de la experiencia de los dem\u00e1s y pueden intercambiar f\u00e1cilmente tareas de diagn\u00f3stico y programaci\u00f3n a trav\u00e9s de la plataforma Jifeline. Este car\u00e1cter internacional garantiza que los socios tengan acceso a una amplia gama de conocimientos y herramientas, independientemente de su propia ubicaci\u00f3n o recursos.<\/p>\n\n\n\n<br>\n\n\n\n<hr class=\"wp-block-separator has-text-color has-alpha-channel-opacity has-background\" style=\"background-color:#1ab7ea;color:#1ab7ea\"\/>\n\n\n\n<br>\n\n\n\n<h3 class=\"wp-block-heading\">Trabajar con otros socios<\/h3>\n\n\n\n<p>Una caracter\u00edstica \u00fanica es la posibilidad de subcontratar tickets a otros socios de Jifeline. A veces hay problemas para los que sus propios especialistas en diagn\u00f3stico no tienen la soluci\u00f3n. Entonces es bueno saber que puede recurrir a las docenas de otros socios de Jifeline Networks. A trav\u00e9s de la red siempre hay alguien con la especialidad adecuada para resolverle el problema. Por supuesto, usted decide con qu\u00e9 socios quiere trabajar y con cu\u00e1les no. <\/p>\n\n\n\n<br>\n\n\n\n<hr class=\"wp-block-separator has-text-color has-alpha-channel-opacity has-background is-style-default\" style=\"background-color:#1ab7ea;color:#1ab7ea\"\/>\n\n\n\n<br>\n\n\n\n<h3 class=\"wp-block-heading\">Servicios automatizados<\/h3>\n\n\n\n<p>Jifeline desarrolla scripts internos que agilizan enormemente la programaci\u00f3n com\u00fan y compleja. Por ejemplo, aprender ganchos de remolque y llaves para determinados modelos de coche se convierte en cuesti\u00f3n de segundos.<\/p>\n\n\n\n<br>\n\n\n\n<hr class=\"wp-block-separator has-text-color has-alpha-channel-opacity has-background\" style=\"background-color:#1ab7ea;color:#1ab7ea\"\/>","protected":false},"excerpt":{"rendered":"<p>Partner worden Partner worden van Jifeline Networks is eenvoudig. De belangrijkste stappen die u moet zetten zijn organisatorisch:\u00a0 Nadat de monteur met de remote interface een ticket heeft aangemaakt, kan de specialist het voertuig overnemen. De specialist koppelt op afstand het benodigde diagnoseapparaat aan zijn local interface en het coderen\/programmeren kan beginnen. Via het netwerk [&hellip;]<\/p>\n","protected":false},"author":1,"featured_media":4534,"parent":0,"menu_order":0,"comment_status":"closed","ping_status":"closed","template":"","meta":{"footnotes":""},"soort-pagina":[],"class_list":["post-34","page","type-page","status-publish","has-post-thumbnail","hentry"],"_links":{"self":[{"href":"https:\/\/jifeline.net\/es\/wp-json\/wp\/v2\/pages\/34","targetHints":{"allow":["GET"]}}],"collection":[{"href":"https:\/\/jifeline.net\/es\/wp-json\/wp\/v2\/pages"}],"about":[{"href":"https:\/\/jifeline.net\/es\/wp-json\/wp\/v2\/types\/page"}],"author":[{"embeddable":true,"href":"https:\/\/jifeline.net\/es\/wp-json\/wp\/v2\/users\/1"}],"replies":[{"embeddable":true,"href":"https:\/\/jifeline.net\/es\/wp-json\/wp\/v2\/comments?post=34"}],"version-history":[{"count":5,"href":"https:\/\/jifeline.net\/es\/wp-json\/wp\/v2\/pages\/34\/revisions"}],"predecessor-version":[{"id":5256,"href":"https:\/\/jifeline.net\/es\/wp-json\/wp\/v2\/pages\/34\/revisions\/5256"}],"wp:featuredmedia":[{"embeddable":true,"href":"https:\/\/jifeline.net\/es\/wp-json\/wp\/v2\/media\/4534"}],"wp:attachment":[{"href":"https:\/\/jifeline.net\/es\/wp-json\/wp\/v2\/media?parent=34"}],"wp:term":[{"taxonomy":"soort-pagina","embeddable":true,"href":"https:\/\/jifeline.net\/es\/wp-json\/wp\/v2\/soort-pagina?post=34"}],"curies":[{"name":"wp","href":"https:\/\/api.w.org\/{rel}","templated":true}]}}