{"id":3819,"date":"2024-08-21T15:32:12","date_gmt":"2024-08-21T13:32:12","guid":{"rendered":"https:\/\/jifeline.net\/?page_id=3819"},"modified":"2026-01-21T12:45:59","modified_gmt":"2026-01-21T11:45:59","slug":"openobd","status":"publish","type":"page","link":"https:\/\/jifeline.net\/es\/openobd\/","title":{"rendered":"OpenOBD"},"content":{"rendered":"<h2 class=\"wp-block-heading has-text-color has-link-color wp-elements-9f76a00341eecb691e1eb61efa21cffe\" style=\"color:#e50d6d\">\u00bfQu\u00e9 es openOBD? <\/h2>\n\n\n\n<p>Marque el camino hacia una nueva era del diagn\u00f3stico remoto con openOBD. Descubra el potencial de openOBD para llevar su diagn\u00f3stico remoto al siguiente nivel. Con openOBD, puede conectarse directamente al puerto OBD2 de un veh\u00edculo utilizando la infraestructura de Jifeline Networks. Esto le permite crear procedimientos de diagn\u00f3stico automatizados (Funciones Automatizadas) en su propio idioma preferido. Esto le permite simplificar los complejos procedimientos de reparaci\u00f3n y mantenimiento para apoyar a su equipo de operadores.<\/p>\n\n\n\n<br>\n\n\n\n<hr class=\"wp-block-separator has-text-color has-alpha-channel-opacity has-background\" style=\"background-color:#e50d6d;color:#e50d6d\"\/>\n\n\n\n<br>\n\n\n\n<h3 class=\"wp-block-heading has-text-color has-link-color wp-elements-a91d322ae6d37dfdf5aa0ed19aed4eb3\" style=\"color:#e50d6d\">El reto<\/h3>\n\n\n\n<div class=\"wp-block-media-text is-stacked-on-mobile\"><figure class=\"wp-block-media-text__media\"><img fetchpriority=\"high\" decoding=\"async\" width=\"654\" height=\"797\" src=\"https:\/\/jifeline.net\/wp-content\/uploads\/2024\/09\/ford_puma_topology.png\" alt=\"OpenOBD\" class=\"wp-image-4730 size-full\" srcset=\"https:\/\/jifeline.net\/wp-content\/uploads\/2024\/09\/ford_puma_topology.png 654w, https:\/\/jifeline.net\/wp-content\/uploads\/2024\/09\/ford_puma_topology-246x300.png 246w, https:\/\/jifeline.net\/wp-content\/uploads\/2024\/09\/ford_puma_topology-10x12.png 10w\" sizes=\"(max-width: 654px) 100vw, 654px\" \/><\/figure><div class=\"wp-block-media-text__content\">\n<p>Los veh\u00edculos actuales tienen arquitecturas electr\u00f3nicas complejas que requieren conocimientos especializados de codificaci\u00f3n, programaci\u00f3n y calibraci\u00f3n. El elevado coste y la r\u00e1pida evoluci\u00f3n de los equipos de diagn\u00f3stico suponen un gran reto para muchos talleres. El diagn\u00f3stico a distancia ofrece una soluci\u00f3n prometedora al optimizar las herramientas y los conocimientos de diagn\u00f3stico. Sin embargo, el modelo actual, que depende de herramientas y personal espec\u00edficos para cada servicio a distancia, limita la eficiencia.<\/p>\n<\/div><\/div>\n\n\n\n<br>\n\n\n\n<hr class=\"wp-block-separator has-text-color has-alpha-channel-opacity has-background\" style=\"background-color:#e50d6d;color:#e50d6d\"\/>\n\n\n\n<br>\n\n\n\n<h3 class=\"wp-block-heading has-text-color has-link-color wp-elements-d9c778a84b7ac87c2cf6122b1bfeb123\" style=\"color:#e50d6d\">La soluci\u00f3n <\/h3>\n\n\n\n<p>Para superar estos retos, Jifeline Networks presenta openOBD. Esta innovadora tecnolog\u00eda permite crear procedimientos de diagn\u00f3stico personalizados que gestionan directamente las comunicaciones OBD2. Al automatizar las tareas rutinarias y agilizar los flujos de trabajo, openOBD ayuda a los talleres a optimizar sus operaciones y a centrarse en problemas complejos.<\/p>\n\n\n\n<br>\n\n\n\n<hr class=\"wp-block-separator has-text-color has-alpha-channel-opacity has-background\" style=\"background-color:#e50d6d;color:#e50d6d\"\/>\n\n\n\n<br>\n\n\n\n<h3 class=\"wp-block-heading has-text-color has-link-color wp-elements-f9402a5aa499c6fe793e6be3cf259246\" style=\"color:#e50d6d\">\u00bfPor qu\u00e9 openOBD?  <\/h3>\n\n\n\n<p>Los proveedores de servicios remotos pueden integrar perfectamente las rutinas de diagn\u00f3stico en su flujo de trabajo diario. Por ejemplo, automatizando tareas de diagn\u00f3stico comunes y eliminando tiempos de espera, lo que permite a su personal centrarse en diagn\u00f3sticos m\u00e1s complejos. Tambi\u00e9n se pueden generar informes automatizados o c\u00f3digos de error.<\/p>\n\n\n\n<br>\n\n\n\n<hr class=\"wp-block-separator has-text-color has-alpha-channel-opacity has-background\" style=\"background-color:#e50d6d;color:#e50d6d\"\/>\n\n\n\n<br>\n\n\n\n<h3 class=\"wp-block-heading has-text-color has-link-color wp-elements-778007f34063671ccdd30e0c56bbbe7a\" style=\"color:#e50d6d\">\u00bfC\u00f3mo funciona?  <\/h3>\n\n\n\n<figure class=\"wp-block-image size-full\"><img decoding=\"async\" width=\"702\" height=\"443\" src=\"https:\/\/jifeline.net\/wp-content\/uploads\/2024\/09\/openobd-flow.png\" alt=\"OpenOBD\" class=\"wp-image-4732\" srcset=\"https:\/\/jifeline.net\/wp-content\/uploads\/2024\/09\/openobd-flow.png 702w, https:\/\/jifeline.net\/wp-content\/uploads\/2024\/09\/openobd-flow-300x189.png 300w, https:\/\/jifeline.net\/wp-content\/uploads\/2024\/09\/openobd-flow-18x12.png 18w\" sizes=\"(max-width: 702px) 100vw, 702px\" \/><\/figure>\n\n\n\n<br>\n\n\n\n<hr class=\"wp-block-separator has-text-color has-alpha-channel-opacity has-background\" style=\"background-color:#e50d6d;color:#e50d6d\"\/>\n\n\n\n<br>\n\n\n\n<h3 class=\"wp-block-heading has-text-color has-link-color wp-elements-5cefa8f93691a540b3f3d79d22a1b2bb\" style=\"color:#e50d6d\">Las ventajas de openOBD<\/h3>\n\n\n\n<br>\n\n\n\n<h5 class=\"wp-block-heading has-text-color has-link-color wp-elements-7b31ceae28bd6a4e03831d340483f851\" style=\"color:#e50d6d\">Acceso m\u00e1s r\u00e1pido, soluciones m\u00e1s r\u00e1pidas<\/h5>\n\n\n\n<p>Con\u00e9ctese directamente al puerto OBD2 de su veh\u00edculo a trav\u00e9s de la infraestructura de Jifeline Networks. Cree procedimientos de diagn\u00f3stico personalizados en su lenguaje de programaci\u00f3n preferido para agilizar las reparaciones remotas y apoyar a su equipo.<\/p>\n\n\n\n<br>\n\n\n\n<h5 class=\"wp-block-heading has-text-color has-link-color wp-elements-252ad5002f8f2207e7f4d8a6781ce805\" style=\"color:#e50d6d\">Aumente su eficacia e impresione a sus clientes<\/h5>\n\n\n\n<p>Transforme su servicio de asistencia, automatice las tareas de diagn\u00f3stico e impresione a los clientes con informes de errores detallados. Genere ingresos adicionales compartiendo su experiencia con sus socios.<\/p>\n\n\n\n<br>\n\n\n\n<h5 class=\"wp-block-heading has-text-color has-link-color wp-elements-8545cb89c503718a6986716f58b72746\" style=\"color:#e50d6d\">Abierto, flexible y seguro<\/h5>\n\n\n\n<p>Aproveche la potencia de la tecnolog\u00eda gRPC de c\u00f3digo abierto para crear sus propias soluciones de diagn\u00f3stico. Benef\u00edciese de una integraci\u00f3n perfecta con Jifeline Networks y mantenga el control total sobre su propiedad intelectual.<\/p>\n\n\n\n<br>\n\n\n\n<hr class=\"wp-block-separator has-text-color has-alpha-channel-opacity has-background\" style=\"background-color:#e50d6d;color:#e50d6d\"\/>\n\n\n\n<br>","protected":false},"excerpt":{"rendered":"<p>Wat is openOBD? Loop voorop in een nieuw tijdperk van diagnose op afstand met openOBD. Ontdek het potentieel van openOBD om uw diagnose op afstand naar een hoger niveau te tillen. Met openOBD kunt u direct verbinding maken met de OBD2-poort van een voertuig door gebruik te maken van de infrastructuur van Jifeline Networks. Hierdoor [&hellip;]<\/p>\n","protected":false},"author":1,"featured_media":4490,"parent":0,"menu_order":0,"comment_status":"closed","ping_status":"closed","template":"","meta":{"footnotes":""},"soort-pagina":[35],"class_list":["post-3819","page","type-page","status-publish","has-post-thumbnail","hentry","soort-pagina-standaard-contentpagina"],"_links":{"self":[{"href":"https:\/\/jifeline.net\/es\/wp-json\/wp\/v2\/pages\/3819","targetHints":{"allow":["GET"]}}],"collection":[{"href":"https:\/\/jifeline.net\/es\/wp-json\/wp\/v2\/pages"}],"about":[{"href":"https:\/\/jifeline.net\/es\/wp-json\/wp\/v2\/types\/page"}],"author":[{"embeddable":true,"href":"https:\/\/jifeline.net\/es\/wp-json\/wp\/v2\/users\/1"}],"replies":[{"embeddable":true,"href":"https:\/\/jifeline.net\/es\/wp-json\/wp\/v2\/comments?post=3819"}],"version-history":[{"count":5,"href":"https:\/\/jifeline.net\/es\/wp-json\/wp\/v2\/pages\/3819\/revisions"}],"predecessor-version":[{"id":5268,"href":"https:\/\/jifeline.net\/es\/wp-json\/wp\/v2\/pages\/3819\/revisions\/5268"}],"wp:featuredmedia":[{"embeddable":true,"href":"https:\/\/jifeline.net\/es\/wp-json\/wp\/v2\/media\/4490"}],"wp:attachment":[{"href":"https:\/\/jifeline.net\/es\/wp-json\/wp\/v2\/media?parent=3819"}],"wp:term":[{"taxonomy":"soort-pagina","embeddable":true,"href":"https:\/\/jifeline.net\/es\/wp-json\/wp\/v2\/soort-pagina?post=3819"}],"curies":[{"name":"wp","href":"https:\/\/api.w.org\/{rel}","templated":true}]}}