{"id":3821,"date":"2024-08-21T15:32:33","date_gmt":"2024-08-21T13:32:33","guid":{"rendered":"https:\/\/jifeline.net\/?page_id=3821"},"modified":"2025-06-02T08:53:36","modified_gmt":"2025-06-02T06:53:36","slug":"para-quien","status":"publish","type":"page","link":"https:\/\/jifeline.net\/es\/voor-wie\/","title":{"rendered":"Para qui\u00e9n"},"content":{"rendered":"<p>La soluci\u00f3n Jifeline Networks ofrece un soporte vers\u00e1til y completo para una amplia gama de especialistas del autom\u00f3vil. Jifeline Networks proporciona las herramientas y tecnolog\u00edas necesarias para trabajar con eficacia. Esta soluci\u00f3n ayuda a los profesionales a realizar su trabajo con mayor rapidez, precisi\u00f3n y confianza.<\/p>\n\n\n\n<br>\n\n\n\n<hr class=\"wp-block-separator has-text-color has-alpha-channel-opacity has-background\" style=\"background-color:#27b7ea;color:#27b7ea\"\/>\n\n\n\n<br>\n\n\n\n<h3 class=\"wp-block-heading\">\u00bfQui\u00e9n puede beneficiarse de los servicios de Jifeline?<\/h3>\n\n\n\n<p>Jifeline Networks desarrolla, mantiene y suministra hardware e infraestructura a socios de toda Europa. Estos socios tienen sus propios servicios de ayuda al diagn\u00f3stico a distancia para ayudar a sus propios clientes, o tienen una especializaci\u00f3n concreta y s\u00f3lo prestan asistencia a otros socios con esta especializaci\u00f3n. En caso de que un socio no disponga del tiempo, las herramientas o los conocimientos necesarios, la solicitud de un cliente puede subcontratarse a otro socio de la red Jifeline.<\/p>\n\n\n\n<br>\n\n\n\n<h5 class=\"wp-block-heading\"><a href=\"https:\/\/jifeline.net\/es\/segmentos\/servicios-de-ayuda-al-diagnostico\/\" data-type=\"segmenten\" data-id=\"4497\">Servicios de ayuda al diagn\u00f3stico<\/a><\/h5>\n\n\n\n<h5 class=\"wp-block-heading\"><a href=\"https:\/\/jifeline.net\/es\/segmentos\/reparacion-de-danos\/\" data-type=\"segmenten\" data-id=\"3862\">Reparaci\u00f3n de da\u00f1os<\/a><\/h5>\n\n\n\n<h5 class=\"wp-block-heading\"><a href=\"https:\/\/jifeline.net\/es\/segmentos\/especialistas-en-ventanas\/\" data-type=\"segmenten\" data-id=\"4371\">Especialistas en parabrisas para calibraciones ADAS<\/a><\/h5>\n\n\n\n<h5 class=\"wp-block-heading\"><a href=\"https:\/\/jifeline.net\/es\/segmentos\/especialistas-en-ganchos-de-remolque\/\" data-type=\"segmenten\" data-id=\"4372\">Especialistas en ganchos de remolque<\/a><\/h5>\n\n\n\n<h5 class=\"wp-block-heading\"><a href=\"https:\/\/jifeline.net\/es\/segmentos\/concesionarios-de-la-marca-talleres-universales-y-conceptos-de-garaje\/\" data-type=\"segmenten\" data-id=\"4373\">(Marca) concesionarios, talleres universales y conceptos de garaje<\/a><\/h5>\n\n\n\n<h5 class=\"wp-block-heading\"><a href=\"https:\/\/jifeline.net\/es\/segmentos\/distribuidores-de-piezas\/\" data-type=\"segmenten\" data-id=\"4374\">Distribuidores de piezas<\/a><\/h5>\n\n\n\n<h5 class=\"wp-block-heading\"><a href=\"https:\/\/jifeline.net\/es\/segmentos\/companias-de-seguros\/\" data-type=\"segmenten\" data-id=\"4376\">Compa\u00f1\u00edas de seguros<\/a><\/h5>\n\n\n\n<h5 class=\"wp-block-heading\"><a href=\"https:\/\/jifeline.net\/es\/segmentos\/gestores-de-flota\/\" data-type=\"segmenten\" data-id=\"4378\">Gestores de flotas<\/a><\/h5>\n\n\n\n<h5 class=\"wp-block-heading\"><a href=\"https:\/\/jifeline.net\/es\/segmentos\/asistencia-en-carretera\/\" data-type=\"segmenten\" data-id=\"4379\">Servicios de asistencia en carretera<\/a><\/h5>\n\n\n\n<br>","protected":false},"excerpt":{"rendered":"<p>De Jifeline Networks oplossing biedt een veelzijdige en uitgebreide ondersteuning voor een breed scala aan automotive specialisten. Jifeline Networks levert de tools en technologie\u00ebn om effici\u00ebnt te werken. Deze oplossing helpt professionals om hun werkzaamheden sneller, nauwkeuriger en met meer vertrouwen uit te voeren. Wie kan profiteren van de diensten van Jifeline? Jifeline Networks ontwikkelt [&hellip;]<\/p>\n","protected":false},"author":1,"featured_media":4182,"parent":0,"menu_order":0,"comment_status":"closed","ping_status":"closed","template":"","meta":{"footnotes":""},"soort-pagina":[],"class_list":["post-3821","page","type-page","status-publish","has-post-thumbnail","hentry"],"_links":{"self":[{"href":"https:\/\/jifeline.net\/es\/wp-json\/wp\/v2\/pages\/3821","targetHints":{"allow":["GET"]}}],"collection":[{"href":"https:\/\/jifeline.net\/es\/wp-json\/wp\/v2\/pages"}],"about":[{"href":"https:\/\/jifeline.net\/es\/wp-json\/wp\/v2\/types\/page"}],"author":[{"embeddable":true,"href":"https:\/\/jifeline.net\/es\/wp-json\/wp\/v2\/users\/1"}],"replies":[{"embeddable":true,"href":"https:\/\/jifeline.net\/es\/wp-json\/wp\/v2\/comments?post=3821"}],"version-history":[{"count":5,"href":"https:\/\/jifeline.net\/es\/wp-json\/wp\/v2\/pages\/3821\/revisions"}],"predecessor-version":[{"id":4943,"href":"https:\/\/jifeline.net\/es\/wp-json\/wp\/v2\/pages\/3821\/revisions\/4943"}],"wp:featuredmedia":[{"embeddable":true,"href":"https:\/\/jifeline.net\/es\/wp-json\/wp\/v2\/media\/4182"}],"wp:attachment":[{"href":"https:\/\/jifeline.net\/es\/wp-json\/wp\/v2\/media?parent=3821"}],"wp:term":[{"taxonomy":"soort-pagina","embeddable":true,"href":"https:\/\/jifeline.net\/es\/wp-json\/wp\/v2\/soort-pagina?post=3821"}],"curies":[{"name":"wp","href":"https:\/\/api.w.org\/{rel}","templated":true}]}}