{"id":3828,"date":"2024-08-21T15:36:19","date_gmt":"2024-08-21T13:36:19","guid":{"rendered":"https:\/\/jifeline.net\/?page_id=3828"},"modified":"2025-11-17T11:17:57","modified_gmt":"2025-11-17T10:17:57","slug":"nuestra-historia","status":"publish","type":"page","link":"https:\/\/jifeline.net\/es\/over-ons\/ons-verhaal\/","title":{"rendered":"Nuestra historia"},"content":{"rendered":"<h2 class=\"wp-block-heading\">Su experiencia - Nuestra red<\/h2>\n\n\n\n<p>Gracias a Jifeline Networks, usted mismo puede realizar diagn\u00f3sticos a distancia, con sus propios especialistas en diagn\u00f3stico y al estilo de su casa. Para ello utiliza la red y la infraestructura de Jifeline. De este modo, puede descargar completa y r\u00e1pidamente a sus clientes o empresas asociadas del diagn\u00f3stico de veh\u00edculos. <\/p>\n\n\n\n<p><\/p>","protected":false},"excerpt":{"rendered":"<p>Uw expertise &#8211; Ons netwerk Dankzij Jifeline Networks kunt u zelf diagnose op afstand uitvoeren, met uw eigen diagnosespecialisten en in uw eigen huisstijl. Daarbij maakt u gebruik van het netwerk en de infrastructuur van Jifeline. U kunt uw klanten of aangesloten bedrijven volledig en snel ontzorgen op het gebied van voertuigdiagnose.<\/p>","protected":false},"author":1,"featured_media":2219,"parent":31,"menu_order":0,"comment_status":"closed","ping_status":"closed","template":"","meta":{"footnotes":""},"soort-pagina":[],"class_list":["post-3828","page","type-page","status-publish","has-post-thumbnail","hentry"],"_links":{"self":[{"href":"https:\/\/jifeline.net\/es\/wp-json\/wp\/v2\/pages\/3828","targetHints":{"allow":["GET"]}}],"collection":[{"href":"https:\/\/jifeline.net\/es\/wp-json\/wp\/v2\/pages"}],"about":[{"href":"https:\/\/jifeline.net\/es\/wp-json\/wp\/v2\/types\/page"}],"author":[{"embeddable":true,"href":"https:\/\/jifeline.net\/es\/wp-json\/wp\/v2\/users\/1"}],"replies":[{"embeddable":true,"href":"https:\/\/jifeline.net\/es\/wp-json\/wp\/v2\/comments?post=3828"}],"version-history":[{"count":5,"href":"https:\/\/jifeline.net\/es\/wp-json\/wp\/v2\/pages\/3828\/revisions"}],"predecessor-version":[{"id":5091,"href":"https:\/\/jifeline.net\/es\/wp-json\/wp\/v2\/pages\/3828\/revisions\/5091"}],"up":[{"embeddable":true,"href":"https:\/\/jifeline.net\/es\/wp-json\/wp\/v2\/pages\/31"}],"wp:featuredmedia":[{"embeddable":true,"href":"https:\/\/jifeline.net\/es\/wp-json\/wp\/v2\/media\/2219"}],"wp:attachment":[{"href":"https:\/\/jifeline.net\/es\/wp-json\/wp\/v2\/media?parent=3828"}],"wp:term":[{"taxonomy":"soort-pagina","embeddable":true,"href":"https:\/\/jifeline.net\/es\/wp-json\/wp\/v2\/soort-pagina?post=3828"}],"curies":[{"name":"wp","href":"https:\/\/api.w.org\/{rel}","templated":true}]}}