{"id":3832,"date":"2024-08-21T15:37:05","date_gmt":"2024-08-21T13:37:05","guid":{"rendered":"https:\/\/jifeline.net\/?page_id=3832"},"modified":"2025-07-23T16:59:03","modified_gmt":"2025-07-23T14:59:03","slug":"mision-y-vision","status":"publish","type":"page","link":"https:\/\/jifeline.net\/es\/over-ons\/missie-en-visie\/","title":{"rendered":"Misi\u00f3n y visi\u00f3n"},"content":{"rendered":"<h3 class=\"wp-block-heading\">Misi\u00f3n&nbsp;<\/h3>\n\n\n\n<p>Construimos y mantenemos una red internacional independiente de telediagn\u00f3stico, y nos esforzamos por ser el proveedor l\u00edder de tecnolog\u00edas de telediagn\u00f3stico en todo el mundo, proporcionando a cada taller las herramientas y los conocimientos adecuados para reparar veh\u00edculos con rapidez y precisi\u00f3n.<\/p>\n\n\n\n<br>\n\n\n\n<hr class=\"wp-block-separator has-text-color has-alpha-channel-opacity has-background\" style=\"background-color:#1ab7ea;color:#1ab7ea\"\/>\n\n\n\n<br>\n\n\n\n<h3 class=\"wp-block-heading\">Visi\u00f3n<\/h3>\n\n\n\n<p>Ofrecemos servicios de telediagn\u00f3stico de alta calidad que permiten a los talleres identificar y resolver problemas complejos de los veh\u00edculos con rapidez y eficacia. Al ofrecer formaci\u00f3n y asistencia completas, nuestros clientes se familiarizan plenamente con nuestras tecnolog\u00edas y pueden sacarles el m\u00e1ximo partido en sus operaciones diarias. Gracias a las actualizaciones e innovaciones peri\u00f3dicas del software, nos mantenemos a la vanguardia del sector y garantizamos que nuestros clientes siempre tengan acceso a las herramientas y funciones m\u00e1s recientes.<\/p>\n\n\n\n<br>\n\n\n\n<hr class=\"wp-block-separator has-text-color has-alpha-channel-opacity has-background\" style=\"background-color:#1ab7ea;color:#1ab7ea\"\/>\n\n\n\n<br>\n\n\n\n<h3 class=\"wp-block-heading\">Valores fundamentales<\/h3>\n\n\n\n<ul class=\"wp-block-list\">\n<li><strong>Fiable<\/strong>: Siempre puede contar con nuestro apoyo constante y fiable.<\/li>\n\n\n\n<li><strong>Experto<\/strong>: Utilizamos nuestra amplia experiencia y nuestros conocimientos actualizados para ayudarle.<\/li>\n\n\n\n<li><strong>Dedicado<\/strong>: Nos comprometemos plenamente a garantizar su \u00e9xito.<\/li>\n\n\n\n<li><strong>Innovador<\/strong>: Mejoramos constantemente nuestros servicios con los \u00faltimos avances.<\/li>\n\n\n\n<li><strong>Transparente<\/strong>La comunicaci\u00f3n abierta y sincera es nuestra norma.<\/li>\n<\/ul>\n\n\n\n<br>\n\n\n\n<hr class=\"wp-block-separator has-text-color has-alpha-channel-opacity has-background\" style=\"background-color:#1ab7ea;color:#1ab7ea\"\/>\n\n\n\n<br>\n\n\n\n<h3 class=\"wp-block-heading\">Futuro<\/h3>\n\n\n\n<p>Prevemos un futuro en el que nuestra red siga creciendo, proporcionando a los talleres de todo el mundo las herramientas y los conocimientos que necesitan para tener \u00e9xito. Centr\u00e1ndonos en nuestros valores fundamentales, reforzaremos nuestra posici\u00f3n como l\u00edderes del mercado y crearemos un valor duradero para nuestros clientes. Juntos, trabajamos por un mundo en el que los veh\u00edculos se mantengan y reparen con el m\u00e1ximo nivel de profesionalidad y eficacia en cualquier momento y lugar.<\/p>\n\n\n\n<br>\n\n\n\n<hr class=\"wp-block-separator has-text-color has-alpha-channel-opacity has-background\" style=\"background-color:#1ab7ea;color:#1ab7ea\"\/>","protected":false},"excerpt":{"rendered":"<p>Missie&nbsp; Wij bouwen en onderhouden een onafhankelijk internationaal netwerk voor diagnose op afstand, en streven ernaar wereldwijd de toonaangevende leverancier te zijn van technologie\u00ebn voor diagnose op afstand, zodat elke werkplaats beschikt over de juiste tools en expertise voor snelle en nauwkeurige voertuigreparaties. Visie We leveren hoogwaardige diensten voor diagnose op afstand, waarmee garages snel [&hellip;]<\/p>\n","protected":false},"author":1,"featured_media":4749,"parent":31,"menu_order":0,"comment_status":"closed","ping_status":"closed","template":"","meta":{"footnotes":""},"soort-pagina":[35],"class_list":["post-3832","page","type-page","status-publish","has-post-thumbnail","hentry","soort-pagina-standaard-contentpagina"],"_links":{"self":[{"href":"https:\/\/jifeline.net\/es\/wp-json\/wp\/v2\/pages\/3832","targetHints":{"allow":["GET"]}}],"collection":[{"href":"https:\/\/jifeline.net\/es\/wp-json\/wp\/v2\/pages"}],"about":[{"href":"https:\/\/jifeline.net\/es\/wp-json\/wp\/v2\/types\/page"}],"author":[{"embeddable":true,"href":"https:\/\/jifeline.net\/es\/wp-json\/wp\/v2\/users\/1"}],"replies":[{"embeddable":true,"href":"https:\/\/jifeline.net\/es\/wp-json\/wp\/v2\/comments?post=3832"}],"version-history":[{"count":5,"href":"https:\/\/jifeline.net\/es\/wp-json\/wp\/v2\/pages\/3832\/revisions"}],"predecessor-version":[{"id":4748,"href":"https:\/\/jifeline.net\/es\/wp-json\/wp\/v2\/pages\/3832\/revisions\/4748"}],"up":[{"embeddable":true,"href":"https:\/\/jifeline.net\/es\/wp-json\/wp\/v2\/pages\/31"}],"wp:featuredmedia":[{"embeddable":true,"href":"https:\/\/jifeline.net\/es\/wp-json\/wp\/v2\/media\/4749"}],"wp:attachment":[{"href":"https:\/\/jifeline.net\/es\/wp-json\/wp\/v2\/media?parent=3832"}],"wp:term":[{"taxonomy":"soort-pagina","embeddable":true,"href":"https:\/\/jifeline.net\/es\/wp-json\/wp\/v2\/soort-pagina?post=3832"}],"curies":[{"name":"wp","href":"https:\/\/api.w.org\/{rel}","templated":true}]}}