{"id":3843,"date":"2024-08-21T15:39:33","date_gmt":"2024-08-21T13:39:33","guid":{"rendered":"https:\/\/jifeline.net\/?page_id=3843"},"modified":"2026-03-24T09:20:28","modified_gmt":"2026-03-24T08:20:28","slug":"hardware","status":"publish","type":"page","link":"https:\/\/jifeline.net\/es\/creeer-uw-eigen-netwerk\/hardware\/","title":{"rendered":"Hardware"},"content":{"rendered":"<p>Para permitir el diagn\u00f3stico a distancia, Jifeline Networks ha desarrollado su propio hardware exclusivo. Para permitir la conexi\u00f3n entre el coche y el especialista en diagn\u00f3stico remoto, se necesitan dos componentes de hardware: el VCI de diagn\u00f3stico remoto en el taller y un \u2018alojamiento de servidor local Jifeline\u2019 en el especialista en diagn\u00f3stico remoto. Cuando ambos se conectan a trav\u00e9s de Internet al servidor central de Jifeline, se abre un \u2018t\u00fanel\u2019 seguro que extiende el puerto DAB del coche hasta la mesa del especialista en telediagn\u00f3stico, por as\u00ed decirlo.<\/p>\n\n\n\n<p>Jifeline Networks desarrolla y produce internamente todo el hardware y el software integrado, y los proveedores tambi\u00e9n tienen su sede en los Pa\u00edses Bajos. Esto repercute positivamente en la flexibilidad y la calidad del hardware.<\/p>\n\n\n\n<br>\n\n\n\n<hr class=\"wp-block-separator has-text-color has-alpha-channel-opacity has-background\" style=\"background-color:#1ab7ea;color:#1ab7ea\"\/>\n\n\n\n<br>\n\n\n\n<h3 class=\"wp-block-heading\">Diagn\u00f3stico a distancia VCI<\/h3>\n\n\n\n<br>\n\n\n\n<p>Ofrecemos dos VCI de diagn\u00f3stico remoto diferentes, ambos con algunas caracter\u00edsticas \u00fanicas que permiten un diagn\u00f3stico remoto eficaz;<\/p>\n\n\n\n<br>\n\n\n\n<figure class=\"wp-block-gallery has-nested-images columns-default is-cropped wp-block-gallery-1 is-layout-flex wp-block-gallery-is-layout-flex\">\n<figure class=\"wp-block-image size-large\"><img fetchpriority=\"high\" decoding=\"async\" width=\"1024\" height=\"683\" data-id=\"5046\" src=\"https:\/\/jifeline.net\/wp-content\/uploads\/2025\/10\/24-1128-Car-Lock-Systems-producten-104-1-1024x683.jpg\" alt=\"J-ReX\" class=\"wp-image-5046\" srcset=\"https:\/\/jifeline.net\/wp-content\/uploads\/2025\/10\/24-1128-Car-Lock-Systems-producten-104-1-1024x683.jpg 1024w, https:\/\/jifeline.net\/wp-content\/uploads\/2025\/10\/24-1128-Car-Lock-Systems-producten-104-1-300x200.jpg 300w, https:\/\/jifeline.net\/wp-content\/uploads\/2025\/10\/24-1128-Car-Lock-Systems-producten-104-1-768x512.jpg 768w, https:\/\/jifeline.net\/wp-content\/uploads\/2025\/10\/24-1128-Car-Lock-Systems-producten-104-1-1536x1024.jpg 1536w, https:\/\/jifeline.net\/wp-content\/uploads\/2025\/10\/24-1128-Car-Lock-Systems-producten-104-1-2048x1366.jpg 2048w, https:\/\/jifeline.net\/wp-content\/uploads\/2025\/10\/24-1128-Car-Lock-Systems-producten-104-1-18x12.jpg 18w\" sizes=\"(max-width: 1024px) 100vw, 1024px\" \/><\/figure>\n\n\n\n<figure class=\"wp-block-image size-large\"><img decoding=\"async\" width=\"1024\" height=\"666\" data-id=\"5049\" src=\"https:\/\/jifeline.net\/wp-content\/uploads\/2025\/10\/DSC02298-jpg-hoog-6-1-1-1-1024x666.jpg\" alt=\"J-TaB\" class=\"wp-image-5049\" srcset=\"https:\/\/jifeline.net\/wp-content\/uploads\/2025\/10\/DSC02298-jpg-hoog-6-1-1-1-1024x666.jpg 1024w, https:\/\/jifeline.net\/wp-content\/uploads\/2025\/10\/DSC02298-jpg-hoog-6-1-1-1-300x195.jpg 300w, https:\/\/jifeline.net\/wp-content\/uploads\/2025\/10\/DSC02298-jpg-hoog-6-1-1-1-768x500.jpg 768w, https:\/\/jifeline.net\/wp-content\/uploads\/2025\/10\/DSC02298-jpg-hoog-6-1-1-1-1536x1000.jpg 1536w, https:\/\/jifeline.net\/wp-content\/uploads\/2025\/10\/DSC02298-jpg-hoog-6-1-1-1-2048x1333.jpg 2048w, https:\/\/jifeline.net\/wp-content\/uploads\/2025\/10\/DSC02298-jpg-hoog-6-1-1-1-18x12.jpg 18w\" sizes=\"(max-width: 1024px) 100vw, 1024px\" \/><figcaption class=\"wp-element-caption\"><strong><a href=\"https:\/\/jifeline.net\/es\/j-ficha\/\" target=\"_blank\" rel=\"noreferrer noopener\">M\u00e1s informaci\u00f3n sobre el J-TaB<\/a><\/strong><\/figcaption><\/figure>\n<\/figure>\n\n\n\n<br>\n\n\n\n<ul class=\"wp-block-list\">\n<li>Conexi\u00f3n a Internet por Wi-Fi o por cable UTP<\/li>\n\n\n\n<li>Adecuado para CAN multicanal (hasta 4 buses CAN en paralelo)<\/li>\n\n\n\n<li>Apto para K-Line, CAN BUS, DoIP y preparado para CAN FD<\/li>\n<\/ul>\n\n\n\n<br>\n\n\n\n<p>Adem\u00e1s, los VCI de diagn\u00f3stico remoto cuentan con una carcasa resistente, varios LED y un zumbador para informar al usuario en el taller.<\/p>\n\n\n\n<p>Los dos VCI de diagn\u00f3stico remoto se pueden personalizar con su propia marca y disponen de varios accesorios, como una funda protectora adecuada.<\/p>\n\n\n\n<br>\n\n\n\n<hr class=\"wp-block-separator has-text-color has-alpha-channel-opacity has-background\" style=\"background-color:#1ab7ea;color:#1ab7ea\"\/>\n\n\n\n<br>\n\n\n\n<h3 class=\"wp-block-heading\">Armarios de diagn\u00f3stico remoto<\/h3>\n\n\n\n<p>Los armarios de diagn\u00f3stico remoto est\u00e1n disponibles en tres dise\u00f1os diferentes. Esto facilita el trabajo en distintas ubicaciones o el aumento gradual de las capacidades y las inversiones a medida que crece la base de clientes.<\/p>\n\n\n\n<br>\n\n\n\n<div class=\"wp-block-media-text is-stacked-on-mobile\"><figure class=\"wp-block-media-text__media\"><img decoding=\"async\" width=\"2500\" height=\"2500\" src=\"https:\/\/jifeline.net\/wp-content\/uploads\/2024\/09\/Single-Local-1.jpg\" alt=\"Carcasa del servidor Local 1\" class=\"wp-image-4669 size-full\" srcset=\"https:\/\/jifeline.net\/wp-content\/uploads\/2024\/09\/Single-Local-1.jpg 2500w, https:\/\/jifeline.net\/wp-content\/uploads\/2024\/09\/Single-Local-1-300x300.jpg 300w, https:\/\/jifeline.net\/wp-content\/uploads\/2024\/09\/Single-Local-1-1024x1024.jpg 1024w, https:\/\/jifeline.net\/wp-content\/uploads\/2024\/09\/Single-Local-1-150x150.jpg 150w, https:\/\/jifeline.net\/wp-content\/uploads\/2024\/09\/Single-Local-1-768x768.jpg 768w, https:\/\/jifeline.net\/wp-content\/uploads\/2024\/09\/Single-Local-1-1536x1536.jpg 1536w, https:\/\/jifeline.net\/wp-content\/uploads\/2024\/09\/Single-Local-1-2048x2048.jpg 2048w, https:\/\/jifeline.net\/wp-content\/uploads\/2024\/09\/Single-Local-1-12x12.jpg 12w\" sizes=\"(max-width: 2500px) 100vw, 2500px\" \/><\/figure><div class=\"wp-block-media-text__content\">\n<h5 class=\"wp-block-heading\"><strong>Carcasa del servidor Local-1<\/strong> (<em>incluyendo <\/em>1 m\u00f3dulo local)<\/h5>\n\n\n\n<p>Una peque\u00f1a caja ideal para el trabajo en casa o para su uso junto a una carcasa de servidor local-4 o local-10.<\/p>\n<\/div><\/div>\n\n\n\n<br>\n\n\n\n<div class=\"wp-block-media-text has-media-on-the-right is-stacked-on-mobile\"><div class=\"wp-block-media-text__content\">\n<h5 class=\"wp-block-heading\"><strong>Carcasa del servidor Local-4<\/strong> (para 4 m\u00f3dulos locales)<\/h5>\n\n\n\n<p>La caja m\u00e1s vendida. Permite conectar hasta 4 herramientas de diagn\u00f3stico de forma continua a la infraestructura Jifeline. Esto hace posible, a trav\u00e9s del portal de socios, cambiar f\u00e1cilmente entre herramientas de diagn\u00f3stico o trabajar en varios coches simult\u00e1neamente.<\/p>\n<\/div><figure class=\"wp-block-media-text__media\"><img loading=\"lazy\" decoding=\"async\" width=\"1024\" height=\"1024\" src=\"https:\/\/jifeline.net\/wp-content\/uploads\/2024\/09\/local-server-11-1024x1024.png\" alt=\"Carcasa del servidor Local 4\" class=\"wp-image-4670 size-full\" srcset=\"https:\/\/jifeline.net\/wp-content\/uploads\/2024\/09\/local-server-11-1024x1024.png 1024w, https:\/\/jifeline.net\/wp-content\/uploads\/2024\/09\/local-server-11-300x300.png 300w, https:\/\/jifeline.net\/wp-content\/uploads\/2024\/09\/local-server-11-150x150.png 150w, https:\/\/jifeline.net\/wp-content\/uploads\/2024\/09\/local-server-11-768x768.png 768w, https:\/\/jifeline.net\/wp-content\/uploads\/2024\/09\/local-server-11-12x12.png 12w, https:\/\/jifeline.net\/wp-content\/uploads\/2024\/09\/local-server-11.png 1500w\" sizes=\"(max-width: 1024px) 100vw, 1024px\" \/><\/figure><\/div>\n\n\n\n<br>\n\n\n\n<p>Las placas de circuitos (m\u00f3dulos locales) que \u2018activan\u2019 los puertos DAB en la carcasa del servidor local-4 pueden suministrarse por separado. Esto permite, por ejemplo, empezar con 1 m\u00f3dulo local (1 puerto DAB activo) y ampliarlo a\u00f1adiendo m\u00f3dulos locales adicionales. Esto le permite ampliar f\u00e1cilmente la capacidad a medida que aumenta la demanda.<\/p>\n\n\n\n<br>\n\n\n\n<div class=\"wp-block-media-text is-stacked-on-mobile\"><figure class=\"wp-block-media-text__media\"><img loading=\"lazy\" decoding=\"async\" width=\"1024\" height=\"1024\" src=\"https:\/\/jifeline.net\/wp-content\/uploads\/2024\/09\/19inch-Local-2-1024x1024.jpg\" alt=\"Alojamiento del servidor Local 10\" class=\"wp-image-4673 size-full\" srcset=\"https:\/\/jifeline.net\/wp-content\/uploads\/2024\/09\/19inch-Local-2-1024x1024.jpg 1024w, https:\/\/jifeline.net\/wp-content\/uploads\/2024\/09\/19inch-Local-2-300x300.jpg 300w, https:\/\/jifeline.net\/wp-content\/uploads\/2024\/09\/19inch-Local-2-150x150.jpg 150w, https:\/\/jifeline.net\/wp-content\/uploads\/2024\/09\/19inch-Local-2-768x768.jpg 768w, https:\/\/jifeline.net\/wp-content\/uploads\/2024\/09\/19inch-Local-2-12x12.jpg 12w, https:\/\/jifeline.net\/wp-content\/uploads\/2024\/09\/19inch-Local-2.jpg 1500w\" sizes=\"(max-width: 1024px) 100vw, 1024px\" \/><\/figure><div class=\"wp-block-media-text__content\">\n<h5 class=\"wp-block-heading\">Carcasa del servidor Local-10 <strong>(para 10 m\u00f3dulos locales)<\/strong><\/h5>\n\n\n\n<p>La carcasa del servidor local-10 est\u00e1 especialmente dise\u00f1ada para colocarse en un bastidor de servidor. En ella se pueden colocar hasta 10 m\u00f3dulos locales, por lo que puede tener hasta 10 herramientas de diagn\u00f3stico conectadas continuamente al servidor Jifeline.<\/p>\n\n\n\n<p>La conexi\u00f3n a su propia red se realiza mediante un \u00fanico cable UTP y un cable de alimentaci\u00f3n. El portal digital proporcionado permite a sus t\u00e9cnicos remotos, si se encuentran dentro de la misma red LAN, activar o desactivar individualmente las herramientas de diagn\u00f3stico remoto.<\/p>\n<\/div><\/div>\n\n\n\n<br>\n\n\n\n<div class=\"wp-block-media-text has-media-on-the-right is-stacked-on-mobile\" style=\"grid-template-columns:auto 45%\"><div class=\"wp-block-media-text__content\">\n<h5 class=\"wp-block-heading\">Carcasa del servidor Local-1 - Camiones<\/h5>\n\n\n\n<p>Una caja compacta, ideal para trabajar en casa o para utilizar junto a un armario de servidores local-4. Incluye 1 m\u00f3dulo local y adaptador DAB.<\/p>\n<\/div><figure class=\"wp-block-media-text__media\"><img loading=\"lazy\" decoding=\"async\" width=\"960\" height=\"960\" src=\"https:\/\/jifeline.net\/wp-content\/uploads\/2026\/03\/2.png\" alt=\"Carcasa del servidor Local-1 - Camiones\" class=\"wp-image-5333 size-full\" srcset=\"https:\/\/jifeline.net\/wp-content\/uploads\/2026\/03\/2.png 960w, https:\/\/jifeline.net\/wp-content\/uploads\/2026\/03\/2-300x300.png 300w, https:\/\/jifeline.net\/wp-content\/uploads\/2026\/03\/2-150x150.png 150w, https:\/\/jifeline.net\/wp-content\/uploads\/2026\/03\/2-768x768.png 768w, https:\/\/jifeline.net\/wp-content\/uploads\/2026\/03\/2-12x12.png 12w\" sizes=\"(max-width: 960px) 100vw, 960px\" \/><\/figure><\/div>\n\n\n\n<br>\n\n\n\n<div class=\"wp-block-media-text is-stacked-on-mobile\"><figure class=\"wp-block-media-text__media\"><img loading=\"lazy\" decoding=\"async\" width=\"1024\" height=\"547\" src=\"https:\/\/jifeline.net\/wp-content\/uploads\/2026\/03\/jhgfdcx-1024x547.png\" alt=\"\" class=\"wp-image-5334 size-full\" srcset=\"https:\/\/jifeline.net\/wp-content\/uploads\/2026\/03\/jhgfdcx-1024x547.png 1024w, https:\/\/jifeline.net\/wp-content\/uploads\/2026\/03\/jhgfdcx-300x160.png 300w, https:\/\/jifeline.net\/wp-content\/uploads\/2026\/03\/jhgfdcx-768x411.png 768w, https:\/\/jifeline.net\/wp-content\/uploads\/2026\/03\/jhgfdcx-18x10.png 18w, https:\/\/jifeline.net\/wp-content\/uploads\/2026\/03\/jhgfdcx.png 1171w\" sizes=\"(max-width: 1024px) 100vw, 1024px\" \/><\/figure><div class=\"wp-block-media-text__content\">\n<h5 class=\"wp-block-heading\">Carcasa del servidor Local-4 - Camiones<\/h5>\n\n\n\n<p>La caja m\u00e1s vendida. Espacio para hasta 4 m\u00f3dulos locales (no incluidos).<\/p>\n<\/div><\/div>\n\n\n\n<br>\n\n\n\n<br>\n\n\n\n<hr class=\"wp-block-separator has-text-color has-alpha-channel-opacity has-background\" style=\"background-color:#1ab7ea;color:#1ab7ea\"\/>\n\n\n\n<br>","protected":false},"excerpt":{"rendered":"<p>Om Remote Diagnose mogelijk te maken, heeft Jifeline Networks haar eigen, unieke hardware ontwikkeld. Om een verbinding tussen auto en diagnose specialist op afstand mogelijk te maken zijn er twee hardware componenten benodigd: de Remote Diagnose VCI in de werkplaats en een \u2018Jifeline local server housing\u2019 bij de remote diagnose specialist. Als deze beiden over [&hellip;]<\/p>\n","protected":false},"author":1,"featured_media":2058,"parent":34,"menu_order":0,"comment_status":"closed","ping_status":"closed","template":"","meta":{"footnotes":""},"soort-pagina":[35],"class_list":["post-3843","page","type-page","status-publish","has-post-thumbnail","hentry","soort-pagina-standaard-contentpagina"],"_links":{"self":[{"href":"https:\/\/jifeline.net\/es\/wp-json\/wp\/v2\/pages\/3843","targetHints":{"allow":["GET"]}}],"collection":[{"href":"https:\/\/jifeline.net\/es\/wp-json\/wp\/v2\/pages"}],"about":[{"href":"https:\/\/jifeline.net\/es\/wp-json\/wp\/v2\/types\/page"}],"author":[{"embeddable":true,"href":"https:\/\/jifeline.net\/es\/wp-json\/wp\/v2\/users\/1"}],"replies":[{"embeddable":true,"href":"https:\/\/jifeline.net\/es\/wp-json\/wp\/v2\/comments?post=3843"}],"version-history":[{"count":5,"href":"https:\/\/jifeline.net\/es\/wp-json\/wp\/v2\/pages\/3843\/revisions"}],"predecessor-version":[{"id":5335,"href":"https:\/\/jifeline.net\/es\/wp-json\/wp\/v2\/pages\/3843\/revisions\/5335"}],"up":[{"embeddable":true,"href":"https:\/\/jifeline.net\/es\/wp-json\/wp\/v2\/pages\/34"}],"wp:featuredmedia":[{"embeddable":true,"href":"https:\/\/jifeline.net\/es\/wp-json\/wp\/v2\/media\/2058"}],"wp:attachment":[{"href":"https:\/\/jifeline.net\/es\/wp-json\/wp\/v2\/media?parent=3843"}],"wp:term":[{"taxonomy":"soort-pagina","embeddable":true,"href":"https:\/\/jifeline.net\/es\/wp-json\/wp\/v2\/soort-pagina?post=3843"}],"curies":[{"name":"wp","href":"https:\/\/api.w.org\/{rel}","templated":true}]}}