{"id":3845,"date":"2024-08-21T15:39:49","date_gmt":"2024-08-21T13:39:49","guid":{"rendered":"https:\/\/jifeline.net\/?page_id=3845"},"modified":"2025-08-27T11:29:06","modified_gmt":"2025-08-27T09:29:06","slug":"marca","status":"publish","type":"page","link":"https:\/\/jifeline.net\/es\/creeer-uw-eigen-netwerk\/branding\/","title":{"rendered":"Marca"},"content":{"rendered":"<h3 class=\"wp-block-heading\">En su propia identidad corporativa&nbsp;<\/h3>\n\n\n\n<p>Jifeline Networks no s\u00f3lo ofrece ventajas t\u00e9cnicas, sino tambi\u00e9n oportunidades de comercializaci\u00f3n, ya que los socios pueden utilizar la tecnolog\u00eda con su propia marca. Esto la convierte en una soluci\u00f3n vers\u00e1til para una amplia gama de clientes, desde especialistas en diagn\u00f3sticos individuales hasta grandes organizaciones de servicios. Con la marca privada, puede ofrecer la herramienta de diagn\u00f3stico bajo su propia marca, reforzando su marca y creando coherencia en la imagen de su empresa.<\/p>\n\n\n\n<p>Los mandos a distancia est\u00e1n equipados con una l\u00e1mina t\u00e9cnica totalmente personalizable. Esto le permite ofrecer a sus clientes un mando a distancia con el estilo de su propia casa. Desahogamos a nuestros socios con una soluci\u00f3n de servicio completo en la que el mando a distancia se entrega en un paquete completo, que incluye un estuche o caja resistente con una funda de marca alrededor de la caja. Tambi\u00e9n proporcionamos manuales y accesorios adicionales.<\/p>\n\n\n\n<br>\n\n\n\n<hr class=\"wp-block-separator has-text-color has-alpha-channel-opacity has-background\" style=\"background-color:#27b7ea;color:#27b7ea\"\/>\n\n\n\n<br>\n\n\n\n<h3 class=\"wp-block-heading\">Integraci\u00f3n en sus procesos empresariales<\/h3>\n\n\n\n<p>Jifeline Networks tambi\u00e9n ha hecho posible integrar la soluci\u00f3n en sus propios procesos empresariales. Tanto si se trata de su propio portal de clientes, su aplicaci\u00f3n, su entorno especializado de diagn\u00f3stico, su sistema financiero o de tickets o su cat\u00e1logo de productos, lo m\u00e1s probable es que la integraci\u00f3n sea posible a trav\u00e9s de nuestro completo conjunto de API y SDK.<\/p>\n\n\n\n<br>\n\n\n\n<hr class=\"wp-block-separator has-text-color has-alpha-channel-opacity has-background\" style=\"background-color:#27b7ea;color:#27b7ea\"\/>\n\n\n\n<br>","protected":false},"excerpt":{"rendered":"<p>In uw eigen corporate identity&nbsp; Jifeline Networks biedt niet alleen technische voordelen, maar ook marketingmogelijkheden, doordat partners de technologie kunnen gebruiken onder hun eigen merknaam. Dit maakt het een veelzijdige oplossing voor een breed scala aan klanten, van individuele diagnosespecialisten tot grote serviceorganisaties\u200b. Met private branding kunt u de diagnosetool onder uw eigen merknaam aanbieden, [&hellip;]<\/p>\n","protected":false},"author":1,"featured_media":4223,"parent":34,"menu_order":0,"comment_status":"closed","ping_status":"closed","template":"","meta":{"footnotes":""},"soort-pagina":[35],"class_list":["post-3845","page","type-page","status-publish","has-post-thumbnail","hentry","soort-pagina-standaard-contentpagina"],"_links":{"self":[{"href":"https:\/\/jifeline.net\/es\/wp-json\/wp\/v2\/pages\/3845","targetHints":{"allow":["GET"]}}],"collection":[{"href":"https:\/\/jifeline.net\/es\/wp-json\/wp\/v2\/pages"}],"about":[{"href":"https:\/\/jifeline.net\/es\/wp-json\/wp\/v2\/types\/page"}],"author":[{"embeddable":true,"href":"https:\/\/jifeline.net\/es\/wp-json\/wp\/v2\/users\/1"}],"replies":[{"embeddable":true,"href":"https:\/\/jifeline.net\/es\/wp-json\/wp\/v2\/comments?post=3845"}],"version-history":[{"count":4,"href":"https:\/\/jifeline.net\/es\/wp-json\/wp\/v2\/pages\/3845\/revisions"}],"predecessor-version":[{"id":4752,"href":"https:\/\/jifeline.net\/es\/wp-json\/wp\/v2\/pages\/3845\/revisions\/4752"}],"up":[{"embeddable":true,"href":"https:\/\/jifeline.net\/es\/wp-json\/wp\/v2\/pages\/34"}],"wp:featuredmedia":[{"embeddable":true,"href":"https:\/\/jifeline.net\/es\/wp-json\/wp\/v2\/media\/4223"}],"wp:attachment":[{"href":"https:\/\/jifeline.net\/es\/wp-json\/wp\/v2\/media?parent=3845"}],"wp:term":[{"taxonomy":"soort-pagina","embeddable":true,"href":"https:\/\/jifeline.net\/es\/wp-json\/wp\/v2\/soort-pagina?post=3845"}],"curies":[{"name":"wp","href":"https:\/\/api.w.org\/{rel}","templated":true}]}}