{"id":3848,"date":"2024-08-21T15:40:09","date_gmt":"2024-08-21T13:40:09","guid":{"rendered":"https:\/\/jifeline.net\/?page_id=3848"},"modified":"2025-08-27T11:41:20","modified_gmt":"2025-08-27T09:41:20","slug":"soporte","status":"publish","type":"page","link":"https:\/\/jifeline.net\/es\/creeer-uw-eigen-netwerk\/support\/","title":{"rendered":"Ayuda"},"content":{"rendered":"<h3 class=\"wp-block-heading\">Servicio de ayuda al diagn\u00f3stico a distancia Jifeline<\/h3>\n\n\n\n<br>\n\n\n\n<p>Jifeline Remote Diagnostics es el servicio de asistencia de diagn\u00f3stico remoto de Jifeline. Con sede en los Pa\u00edses Bajos, trabajan con unos 30 operadores en m\u00e1s de 15.000 c\u00f3digos al mes. Estas cantidades proporcionan a nuestros operadores una experiencia muy amplia. Combinado con nuestro acceso a herramientas OEM de m\u00e1s de 60 marcas, casi no hay codificaci\u00f3n\/programaci\u00f3n que no puedan hacer.<\/p>\n\n\n\n<p>El enfoque de Jifeline Remote Diagnostics se desplaza hacia el apoyo a los dem\u00e1s socios de Jifeline. De este modo, como socio de Jifeline, siempre hay una forma de ayudar a su cliente. A trav\u00e9s de su propio equipo de diagn\u00f3stico, de otro socio de Jifeline Networks o a trav\u00e9s de Jifeline Remote Diagnostics. Y su cliente no notar\u00e1 nada.<\/p>\n\n\n\n<br>\n\n\n\n<hr class=\"wp-block-separator has-text-color has-alpha-channel-opacity has-background\" style=\"background-color:#1ab7ea;color:#1ab7ea\"\/>\n\n\n\n<br>","protected":false},"excerpt":{"rendered":"<p>Jifeline Remote Diagnostics helpdesk Jifeline Remote Diagnostics is Jifeline&#8217;s eigen Remote Diagnostics helpdesk. Zij werken vanuit Nederland met ongeveer 30 operators aan meer dan 15.000 coderingen per maand. Deze hoeveelheden geven onze operators een zeer uitgebreide ervaring. Gecombineerd met onze toegang tot OEM tools van meer dan 60 merken, is er bijna geen codering \/ [&hellip;]<\/p>\n","protected":false},"author":1,"featured_media":2063,"parent":34,"menu_order":0,"comment_status":"closed","ping_status":"closed","template":"","meta":{"footnotes":""},"soort-pagina":[35],"class_list":["post-3848","page","type-page","status-publish","has-post-thumbnail","hentry","soort-pagina-standaard-contentpagina"],"_links":{"self":[{"href":"https:\/\/jifeline.net\/es\/wp-json\/wp\/v2\/pages\/3848","targetHints":{"allow":["GET"]}}],"collection":[{"href":"https:\/\/jifeline.net\/es\/wp-json\/wp\/v2\/pages"}],"about":[{"href":"https:\/\/jifeline.net\/es\/wp-json\/wp\/v2\/types\/page"}],"author":[{"embeddable":true,"href":"https:\/\/jifeline.net\/es\/wp-json\/wp\/v2\/users\/1"}],"replies":[{"embeddable":true,"href":"https:\/\/jifeline.net\/es\/wp-json\/wp\/v2\/comments?post=3848"}],"version-history":[{"count":5,"href":"https:\/\/jifeline.net\/es\/wp-json\/wp\/v2\/pages\/3848\/revisions"}],"predecessor-version":[{"id":5009,"href":"https:\/\/jifeline.net\/es\/wp-json\/wp\/v2\/pages\/3848\/revisions\/5009"}],"up":[{"embeddable":true,"href":"https:\/\/jifeline.net\/es\/wp-json\/wp\/v2\/pages\/34"}],"wp:featuredmedia":[{"embeddable":true,"href":"https:\/\/jifeline.net\/es\/wp-json\/wp\/v2\/media\/2063"}],"wp:attachment":[{"href":"https:\/\/jifeline.net\/es\/wp-json\/wp\/v2\/media?parent=3848"}],"wp:term":[{"taxonomy":"soort-pagina","embeddable":true,"href":"https:\/\/jifeline.net\/es\/wp-json\/wp\/v2\/soort-pagina?post=3848"}],"curies":[{"name":"wp","href":"https:\/\/api.w.org\/{rel}","templated":true}]}}