{"id":3850,"date":"2024-08-21T15:40:22","date_gmt":"2024-08-21T13:40:22","guid":{"rendered":"https:\/\/jifeline.net\/?page_id=3850"},"modified":"2026-01-21T12:31:41","modified_gmt":"2026-01-21T11:31:41","slug":"diagnostico-remoto","status":"publish","type":"page","link":"https:\/\/jifeline.net\/es\/over-ons\/diagnose-op-afstand\/","title":{"rendered":"Diagn\u00f3stico a distancia"},"content":{"rendered":"<h3 class=\"wp-block-heading\">\u00bfC\u00f3mo funciona? <\/h3>\n\n\n\n<p>Imagine lo siguiente: un coche est\u00e1 en un concesionario con una duda o un problema. El coche puede quedarse all\u00ed porque el especialista en diagn\u00f3stico trabaja a distancia. Por ejemplo, incluso es posible que un especialista en diagn\u00f3stico de los Pa\u00edses Bajos programe, codifique o diagnostique un veh\u00edculo en los Estados Unidos. Lo \u00fanico que necesita el especialista es su equipo de diagn\u00f3stico y un local Jifeline conectado a Internet.<\/p>\n\n\n\n<p>El cliente que trabaja en el coche conecta el VCI remoto Jifeline al conector OBD2 del veh\u00edculo. A continuaci\u00f3n, se inicia autom\u00e1ticamente una aplicaci\u00f3n que permite al cliente especificar qu\u00e9 servicio debe realizarse.<\/p>\n\n\n\n<br>\n\n\n\n<hr class=\"wp-block-separator has-text-color has-alpha-channel-opacity has-background\" style=\"background-color:#17b7ea;color:#17b7ea\"\/>\n\n\n\n<br>\n\n\n\n<h3 class=\"wp-block-heading\">Especialistas de guardia<\/h3>\n\n\n\n<p>\u00bfAn\u00e1lisis de un mensaje de error, aprendizaje de un enganche o de una llave? Su especialista a distancia se hace cargo del veh\u00edculo con la tecnolog\u00eda Jifeline Networks y se encarga de que se lleve a cabo la tarea solicitada. El especialista en diagn\u00f3stico puede acceder a los veh\u00edculos a trav\u00e9s de la conexi\u00f3n OBD2 como si estuviera en el propio veh\u00edculo. En casos complejos, es posible solicitar la ayuda de los especialistas en diagn\u00f3stico de Jifeline Remote Diagnostics. Juntos, siempre encontramos una soluci\u00f3n.<\/p>\n\n\n\n<br>\n\n\n\n<hr class=\"wp-block-separator has-text-color has-alpha-channel-opacity has-background\" style=\"background-color:#17b7ea;color:#17b7ea\"\/>\n\n\n\n<br>\n\n\n\n<h3 class=\"wp-block-heading\">Servicios automatizados<\/h3>\n\n\n\n<p>Descubra las ventajas \u00fanicas de los scripts automatizados de Jifeline. Esta innovadora herramienta le permite realizar diversas tareas de codificaci\u00f3n, como llaves inglesas e instalaciones de ganchos de remolque, a la velocidad del rayo sin necesidad de un operador en directo. Nuestros scripts automatizados no s\u00f3lo proporcionan instrucciones paso a paso para su t\u00e9cnico de taller, sino que tambi\u00e9n realizan comprobaciones esenciales en segundo plano.<\/p>\n\n\n\n<p>Es muy sencillo: asigne un ticket entrante a nuestro socio virtual \u2018Funciones automatizadas\u2019 y obtenga acceso instant\u00e1neo a estas funciones. As\u00ed ahorrar\u00e1 tiempo y aumentar\u00e1 la eficiencia de su taller.<\/p>\n\n\n\n<br>\n\n\n\n<hr class=\"wp-block-separator has-text-color has-alpha-channel-opacity has-background\" style=\"background-color:#17b7ea;color:#17b7ea\"\/>\n\n\n\n<br>\n\n\n\n<h3 class=\"wp-block-heading\">Red de socios<\/h3>\n\n\n\n<p>Los socios de Jifeline Networks pueden utilizar el hardware y la infraestructura avanzados de Jifeline para prestar asistencia a sus clientes a distancia. La red ofrece la posibilidad de subcontratar el trabajo a otros socios de Jifeline que dispongan de las herramientas de diagn\u00f3stico y los conocimientos necesarios. Esto permite a las empresas ampliar su oferta de servicios y atender mejor a sus clientes, lo que se traduce en crecimiento y \u00e9xito sin grandes inversiones en nuevos equipos o formaci\u00f3n.<\/p>\n\n\n\n<figure class=\"wp-block-image size-full\"><img fetchpriority=\"high\" decoding=\"async\" width=\"882\" height=\"529\" src=\"https:\/\/jifeline.net\/wp-content\/uploads\/2024\/08\/2024_JNW_Automechanika_folder_A4-6_Pagina_1.jpg\" alt=\"Redes Jifeline\" class=\"wp-image-4218\" srcset=\"https:\/\/jifeline.net\/wp-content\/uploads\/2024\/08\/2024_JNW_Automechanika_folder_A4-6_Pagina_1.jpg 882w, https:\/\/jifeline.net\/wp-content\/uploads\/2024\/08\/2024_JNW_Automechanika_folder_A4-6_Pagina_1-300x180.jpg 300w, https:\/\/jifeline.net\/wp-content\/uploads\/2024\/08\/2024_JNW_Automechanika_folder_A4-6_Pagina_1-768x461.jpg 768w\" sizes=\"(max-width: 882px) 100vw, 882px\" \/><\/figure>\n\n\n\n<br>\n\n\n\n<hr class=\"wp-block-separator has-text-color has-alpha-channel-opacity has-background\" style=\"background-color:#17b7ea;color:#17b7ea\"\/>\n\n\n\n<br>","protected":false},"excerpt":{"rendered":"<p>Hoe werkt het? Stelt u zich het volgende voor: een auto staat bij een autobedrijf met een vraag of probleem. De auto kan daar gewoon blijven staan want de diagnosespecialist werkt op afstand. Het is bijvoorbeeld voor een diagnosespecialist in Nederland zelfs mogelijk om een voertuig in de Verenigde Staten te voorzien van een programmering, [&hellip;]<\/p>\n","protected":false},"author":1,"featured_media":4182,"parent":31,"menu_order":0,"comment_status":"closed","ping_status":"closed","template":"","meta":{"footnotes":""},"soort-pagina":[35],"class_list":["post-3850","page","type-page","status-publish","has-post-thumbnail","hentry","soort-pagina-standaard-contentpagina"],"_links":{"self":[{"href":"https:\/\/jifeline.net\/es\/wp-json\/wp\/v2\/pages\/3850","targetHints":{"allow":["GET"]}}],"collection":[{"href":"https:\/\/jifeline.net\/es\/wp-json\/wp\/v2\/pages"}],"about":[{"href":"https:\/\/jifeline.net\/es\/wp-json\/wp\/v2\/types\/page"}],"author":[{"embeddable":true,"href":"https:\/\/jifeline.net\/es\/wp-json\/wp\/v2\/users\/1"}],"replies":[{"embeddable":true,"href":"https:\/\/jifeline.net\/es\/wp-json\/wp\/v2\/comments?post=3850"}],"version-history":[{"count":5,"href":"https:\/\/jifeline.net\/es\/wp-json\/wp\/v2\/pages\/3850\/revisions"}],"predecessor-version":[{"id":5255,"href":"https:\/\/jifeline.net\/es\/wp-json\/wp\/v2\/pages\/3850\/revisions\/5255"}],"up":[{"embeddable":true,"href":"https:\/\/jifeline.net\/es\/wp-json\/wp\/v2\/pages\/31"}],"wp:featuredmedia":[{"embeddable":true,"href":"https:\/\/jifeline.net\/es\/wp-json\/wp\/v2\/media\/4182"}],"wp:attachment":[{"href":"https:\/\/jifeline.net\/es\/wp-json\/wp\/v2\/media?parent=3850"}],"wp:term":[{"taxonomy":"soort-pagina","embeddable":true,"href":"https:\/\/jifeline.net\/es\/wp-json\/wp\/v2\/soort-pagina?post=3850"}],"curies":[{"name":"wp","href":"https:\/\/api.w.org\/{rel}","templated":true}]}}