{"id":4576,"date":"2024-09-04T19:21:30","date_gmt":"2024-09-04T17:21:30","guid":{"rendered":"https:\/\/jifeline.net\/?page_id=4576"},"modified":"2026-02-26T08:21:23","modified_gmt":"2026-02-26T07:21:23","slug":"api","status":"publish","type":"page","link":"https:\/\/jifeline.net\/es\/creeer-uw-eigen-netwerk\/api\/","title":{"rendered":"APIs"},"content":{"rendered":"<h3 class=\"wp-block-heading\">Totalmente basado en API&nbsp;<\/h3>\n\n\n\n<p>La infraestructura de Jifeline Networks est\u00e1 totalmente basada en API. Esto se aplica a: <\/p>\n\n\n\n<ul class=\"wp-block-list\">\n<li>El portal del cliente Jifeline, donde el garajista puede solicitar un servicio<\/li>\n\n\n\n<li>El portal asociado en el que trabajan los expertos a distancia<\/li>\n\n\n\n<li>El back-end administrativo para, por ejemplo, el procesamiento financiero.<\/li>\n<\/ul>\n\n\n\n<p>Esto le permite crear una integraci\u00f3n completa con su tienda digital, sistema de gesti\u00f3n de centros de trabajo, portal de clientes o sistema ERP.<\/p>\n\n\n\n<div class=\"wp-block-buttons is-content-justification-center is-layout-flex wp-container-core-buttons-is-layout-a89b3969 wp-block-buttons-is-layout-flex\">\n<div class=\"wp-block-button has-custom-width wp-block-button__width-100 is-style-fill\"><a class=\"wp-block-button__link has-white-color has-text-color has-background has-link-color has-medium-font-size has-text-align-center has-custom-font-size wp-element-button\" href=\"https:\/\/partner-api-docs-001.prd.jifeline.cloud\/\" style=\"border-radius:0px;background-color:#27b7ea\" target=\"_blank\" rel=\"noopener\">Documentaci\u00f3n de la API de socios<\/a><\/div>\n\n\n\n<div class=\"wp-block-button has-custom-width wp-block-button__width-100 is-style-fill\"><a class=\"wp-block-button__link has-white-color has-text-color has-background has-link-color has-medium-font-size has-text-align-center has-custom-font-size wp-element-button\" href=\"https:\/\/customer-api-docs-001.prd.jifeline.cloud\/\" style=\"border-radius:0px;background-color:#27b7ea\" target=\"_blank\" rel=\"noopener\">Documentaci\u00f3n de la API del Portal del Cliente<\/a><\/div>\n<\/div>\n\n\n\n<br>\n\n\n\n<hr class=\"wp-block-separator has-text-color has-alpha-channel-opacity has-background\" style=\"background-color:#27b7ea;color:#27b7ea\"\/>\n\n\n\n<br>\n\n\n\n<h3 class=\"wp-block-heading\">Ejemplos<\/h3>\n\n\n\n<br>\n\n\n\n<p>Las posibilidades de integrar a la perfecci\u00f3n el Diagn\u00f3stico Remoto en su flujo de trabajo o en el de sus clientes son infinitas. He aqu\u00ed algunos ejemplos:<\/p>\n\n\n\n<br>\n\n\n\n<h4 class=\"wp-block-heading\">Facturaci\u00f3n autom\u00e1tica<\/h4>\n\n\n\n<p>Tras la finalizaci\u00f3n satisfactoria de un ticket, los datos del cliente, los detalles del servicio, el precio acordado, etc. se env\u00edan directamente a su sistema financiero para que pueda crear una factura inmediatamente.<\/p>\n\n\n\n<br>\n\n\n\n<h4 class=\"wp-block-heading\">Informes autom\u00e1ticos previos y posteriores a la exploraci\u00f3n para la aseguradora<\/h4>\n\n\n\n<p>Tras calibrar una c\u00e1mara ADAS despu\u00e9s de sustituir un parabrisas, se recogen autom\u00e1ticamente y se env\u00edan a la aseguradora los informes previos y posteriores al escaneado, una confirmaci\u00f3n del calibrado real y la factura.<\/p>\n\n\n\n<br>\n\n\n\n<h4 class=\"wp-block-heading\">Reconocimiento autom\u00e1tico e inicio de la programaci\u00f3n<\/h4>\n\n\n\n<p>El propietario de un taller compra una caja de direcci\u00f3n en la tienda online de un mayorista, ve que hay que programarla e inmediatamente compra la codificaci\u00f3n para ello. En cuanto conecta la interfaz de diagn\u00f3stico remoto al veh\u00edculo, este la reconoce y el piloto autom\u00e1tico se memoriza inmediatamente.<\/p>\n\n\n\n<br>\n\n\n\n<h4 class=\"wp-block-heading\">Comprobaci\u00f3n autom\u00e1tica de disponibilidad<\/h4>\n\n\n\n<p>Un mec\u00e1nico de un taller quiere realizar una actualizaci\u00f3n de un m\u00f3dulo utilizando un dispositivo de diagn\u00f3stico in situ, lo que falla porque el veh\u00edculo es demasiado nuevo y el dispositivo de diagn\u00f3stico in situ a\u00fan no lo conoce. El dispositivo de diagn\u00f3stico in situ comprueba con el departamento de diagn\u00f3stico remoto si esta operaci\u00f3n ya es posible a distancia y, a continuaci\u00f3n, se la ofrece al mec\u00e1nico. Una vez confirmado esto, se crea autom\u00e1ticamente un ticket en el departamento de diagn\u00f3stico remoto, y el m\u00f3dulo se sigue actualizando.<\/p>\n\n\n\n<br>\n\n\n\n<hr class=\"wp-block-separator has-text-color has-alpha-channel-opacity has-background\" style=\"background-color:#27b7ea;color:#27b7ea\"\/>\n\n\n\n<br>\n\n\n\n<h3 class=\"wp-block-heading\">D\u00e9jese inspirar por las posibilidades.<\/h3>\n\n\n\n<p>As\u00ed pues, se pueden concebir innumerables escenarios en los que el Diagn\u00f3stico Remoto puede apoyar o sustituir (parcialmente) los procesos existentes. Esto permite al taller trabajar de forma m\u00e1s eficiente, r\u00e1pida y rentable.<\/p>\n\n\n\n<br>\n\n\n\n<hr class=\"wp-block-separator has-text-color has-alpha-channel-opacity has-background\" style=\"background-color:#27b7ea;color:#27b7ea\"\/>\n\n\n\n<p><\/p>","protected":false},"excerpt":{"rendered":"<p>Volledig API gebaseerd&nbsp; De Jifeline Networks infrastructuur is volledig API gebaseerd. Dit geldt voor: Hierdoor kunt u een volledige integratie met uw digitale winkel, werkplaats management systeem, klantenportaal of ERP-systeem bouwen. Voorbeelden De mogelijkheden om Remote Diagnose naadloos te integreren in uw workflow of die van uw klanten zijn oneindig. Hier zijn enkele voorbeelden: Automatische [&hellip;]<\/p>\n","protected":false},"author":4,"featured_media":2063,"parent":34,"menu_order":0,"comment_status":"closed","ping_status":"closed","template":"","meta":{"footnotes":""},"soort-pagina":[35],"class_list":["post-4576","page","type-page","status-publish","has-post-thumbnail","hentry","soort-pagina-standaard-contentpagina"],"_links":{"self":[{"href":"https:\/\/jifeline.net\/es\/wp-json\/wp\/v2\/pages\/4576","targetHints":{"allow":["GET"]}}],"collection":[{"href":"https:\/\/jifeline.net\/es\/wp-json\/wp\/v2\/pages"}],"about":[{"href":"https:\/\/jifeline.net\/es\/wp-json\/wp\/v2\/types\/page"}],"author":[{"embeddable":true,"href":"https:\/\/jifeline.net\/es\/wp-json\/wp\/v2\/users\/4"}],"replies":[{"embeddable":true,"href":"https:\/\/jifeline.net\/es\/wp-json\/wp\/v2\/comments?post=4576"}],"version-history":[{"count":5,"href":"https:\/\/jifeline.net\/es\/wp-json\/wp\/v2\/pages\/4576\/revisions"}],"predecessor-version":[{"id":5293,"href":"https:\/\/jifeline.net\/es\/wp-json\/wp\/v2\/pages\/4576\/revisions\/5293"}],"up":[{"embeddable":true,"href":"https:\/\/jifeline.net\/es\/wp-json\/wp\/v2\/pages\/34"}],"wp:featuredmedia":[{"embeddable":true,"href":"https:\/\/jifeline.net\/es\/wp-json\/wp\/v2\/media\/2063"}],"wp:attachment":[{"href":"https:\/\/jifeline.net\/es\/wp-json\/wp\/v2\/media?parent=4576"}],"wp:term":[{"taxonomy":"soort-pagina","embeddable":true,"href":"https:\/\/jifeline.net\/es\/wp-json\/wp\/v2\/soort-pagina?post=4576"}],"curies":[{"name":"wp","href":"https:\/\/api.w.org\/{rel}","templated":true}]}}