{"id":4957,"date":"2025-07-01T19:51:25","date_gmt":"2025-07-01T17:51:25","guid":{"rendered":"https:\/\/jifeline.net\/?page_id=4957"},"modified":"2026-01-21T12:44:06","modified_gmt":"2026-01-21T11:44:06","slug":"j2r","status":"publish","type":"page","link":"https:\/\/jifeline.net\/es\/j2r\/","title":{"rendered":""},"content":{"rendered":"\n<div class=\"wp-block-group alignfull is-layout-constrained wp-block-group-is-layout-constrained\">\n<div class=\"wp-block-cover alignfull\" style=\"margin-top:0;min-height:797px;aspect-ratio:unset;\"><img fetchpriority=\"high\" decoding=\"async\" width=\"1024\" height=\"683\" class=\"wp-block-cover__image-background wp-image-4223 size-large\" alt=\"your brand\" src=\"https:\/\/jifeline.net\/wp-content\/uploads\/2024\/08\/DSC015281-1024x683.jpg\" style=\"object-position:39% 51%\" data-object-fit=\"cover\" data-object-position=\"39% 51%\" srcset=\"https:\/\/jifeline.net\/wp-content\/uploads\/2024\/08\/DSC015281-1024x683.jpg 1024w, https:\/\/jifeline.net\/wp-content\/uploads\/2024\/08\/DSC015281-300x200.jpg 300w, https:\/\/jifeline.net\/wp-content\/uploads\/2024\/08\/DSC015281-768x512.jpg 768w, https:\/\/jifeline.net\/wp-content\/uploads\/2024\/08\/DSC015281-1536x1024.jpg 1536w, https:\/\/jifeline.net\/wp-content\/uploads\/2024\/08\/DSC015281-2048x1365.jpg 2048w\" sizes=\"(max-width: 1024px) 100vw, 1024px\" \/><span aria-hidden=\"true\" class=\"wp-block-cover__background has-black-background-color has-background-dim-0 has-background-dim\"><\/span><div class=\"wp-block-cover__inner-container is-layout-flow wp-block-cover-is-layout-flow\">\n<h1 class=\"wp-block-heading has-text-align-center has-white-color has-text-color has-link-color has-large-font-size wp-elements-36e4666da000173d548e25616762c3f8\">Remote Diag<br>Votre expertise &#8211; Notre r\u00e9seau<\/h1>\n\n\n\n<p><\/p>\n<\/div><\/div>\n<\/div>\n\n\n\n<br>\n\n\n\n<br>\n\n\n\n<p>Bienvenue chez Jifeline Networks.&nbsp;<\/p>\n\n\n\n<p>Nous sommes ravis que vous vous int\u00e9ressiez \u00e0 notre \u00e9cosyst\u00e8me, notre vision et notre entreprise. Sur cette page, vous trouverez plus d&#8217;informations sur notre approche du service Remote Diag, ainsi que nos coordonn\u00e9es. Nous serions ravis d&#8217;avoir de vos nouvelles et de vous accueillir sur notre stand \u00e0 Equip Auto.&nbsp;<\/p>\n\n\n\n<h2 class=\"wp-block-heading\">Le c\u0153ur de notre m\u00e9tier\u202f: Le service&nbsp;<\/h2>\n\n\n\n<p>Les partenaires de Jifeline Networks utilisent le mat\u00e9riel et l&#8217;infrastructure de pointe pour d\u00e9panner, assister, servir leurs clients \u00e0 distance en mati\u00e8re de diagnostic, de programmation ou de codage.&nbsp;Notre r\u00e9seau offre la possibilit\u00e9 d&#8217;externaliser le travail \u00e0 d&#8217;autres partenaires Jifeline Networks en Europe, plus sp\u00e9cialis\u00e9s, plus experts ou qui disposent d&#8217;outils de diagnostic constructeurs et l\u2019expertise n\u00e9cessaire.&nbsp;Toutes nos entreprises partenaires peuvent ainsi \u00e9largir leur offre de services et mieux servir leurs clients, ce qui leur permet de cro\u00eetre avec succ\u00e8s sans avoir \u00e0 investir massivement dans de nouveaux \u00e9quipements constructeurs et dans sa formation associ\u00e9e.&nbsp;<\/p>\n\n\n\n<h2 class=\"wp-block-heading\">Un r\u00e9seau mondial d&#8217;experts<\/h2>\n\n\n\n<p>Avec plus de 150 partenaires internationaux et 500 experts en codage, Jifeline Networks est un v\u00e9ritable r\u00e9seau mondial. Les partenaires b\u00e9n\u00e9ficient de l&#8217;expertise de chacun et peuvent facilement \u00e9changer des missions de diagnostic et de programmation par l&#8217;interm\u00e9diaire de la plateforme Jifeline. Ce caract\u00e8re international garantit que les partenaires ont acc\u00e8s \u00e0 un large \u00e9ventail de connaissances et d&#8217;outils, ind\u00e9pendamment de leur situation g\u00e9ographique ou de leurs ressources.&nbsp;<\/p>\n\n\n\n<br>\n\n\n\n<figure class=\"wp-block-image size-large\"><img decoding=\"async\" width=\"1024\" height=\"575\" src=\"https:\/\/jifeline.net\/wp-content\/uploads\/2025\/07\/Image-Comment-cela-fonctionne-t-il-1024x575.png\" alt=\"Jifeline Networks - Comment cela fonctionne-t-il ?\" class=\"wp-image-4968\" srcset=\"https:\/\/jifeline.net\/wp-content\/uploads\/2025\/07\/Image-Comment-cela-fonctionne-t-il-1024x575.png 1024w, https:\/\/jifeline.net\/wp-content\/uploads\/2025\/07\/Image-Comment-cela-fonctionne-t-il-300x168.png 300w, https:\/\/jifeline.net\/wp-content\/uploads\/2025\/07\/Image-Comment-cela-fonctionne-t-il-768x431.png 768w, https:\/\/jifeline.net\/wp-content\/uploads\/2025\/07\/Image-Comment-cela-fonctionne-t-il-1536x863.png 1536w, https:\/\/jifeline.net\/wp-content\/uploads\/2025\/07\/Image-Comment-cela-fonctionne-t-il-18x10.png 18w, https:\/\/jifeline.net\/wp-content\/uploads\/2025\/07\/Image-Comment-cela-fonctionne-t-il.png 1898w\" sizes=\"(max-width: 1024px) 100vw, 1024px\" \/><\/figure>\n\n\n\n<p>Int\u00e9ress\u00e9(e) ? &nbsp;N&#8217;h\u00e9sitez pas \u00e0 nous contacter !&nbsp;<\/p>\n\n\n<script>\nvar gform;gform||(document.addEventListener(\"gform_main_scripts_loaded\",function(){gform.scriptsLoaded=!0}),document.addEventListener(\"gform\/theme\/scripts_loaded\",function(){gform.themeScriptsLoaded=!0}),window.addEventListener(\"DOMContentLoaded\",function(){gform.domLoaded=!0}),gform={domLoaded:!1,scriptsLoaded:!1,themeScriptsLoaded:!1,isFormEditor:()=>\"function\"==typeof InitializeEditor,callIfLoaded:function(o){return!(!gform.domLoaded||!gform.scriptsLoaded||!gform.themeScriptsLoaded&&!gform.isFormEditor()||(gform.isFormEditor()&&console.warn(\"The use of gform.initializeOnLoaded() is deprecated in the form editor context and will be removed in Gravity Forms 3.1.\"),o(),0))},initializeOnLoaded:function(o){gform.callIfLoaded(o)||(document.addEventListener(\"gform_main_scripts_loaded\",()=>{gform.scriptsLoaded=!0,gform.callIfLoaded(o)}),document.addEventListener(\"gform\/theme\/scripts_loaded\",()=>{gform.themeScriptsLoaded=!0,gform.callIfLoaded(o)}),window.addEventListener(\"DOMContentLoaded\",()=>{gform.domLoaded=!0,gform.callIfLoaded(o)}))},hooks:{action:{},filter:{}},addAction:function(o,r,e,t){gform.addHook(\"action\",o,r,e,t)},addFilter:function(o,r,e,t){gform.addHook(\"filter\",o,r,e,t)},doAction:function(o){gform.doHook(\"action\",o,arguments)},applyFilters:function(o){return gform.doHook(\"filter\",o,arguments)},removeAction:function(o,r){gform.removeHook(\"action\",o,r)},removeFilter:function(o,r,e){gform.removeHook(\"filter\",o,r,e)},addHook:function(o,r,e,t,n){null==gform.hooks[o][r]&&(gform.hooks[o][r]=[]);var d=gform.hooks[o][r];null==n&&(n=r+\"_\"+d.length),gform.hooks[o][r].push({tag:n,callable:e,priority:t=null==t?10:t})},doHook:function(r,o,e){var t;if(e=Array.prototype.slice.call(e,1),null!=gform.hooks[r][o]&&((o=gform.hooks[r][o]).sort(function(o,r){return o.priority-r.priority}),o.forEach(function(o){\"function\"!=typeof(t=o.callable)&&(t=window[t]),\"action\"==r?t.apply(null,e):e[0]=t.apply(null,e)})),\"filter\"==r)return e[0]},removeHook:function(o,r,t,n){var e;null!=gform.hooks[o][r]&&(e=(e=gform.hooks[o][r]).filter(function(o,r,e){return!!(null!=n&&n!=o.tag||null!=t&&t!=o.priority)}),gform.hooks[o][r]=e)}});\n<\/script>\n\n                <div class='gf_browser_gecko gform_wrapper gravity-theme gform-theme--no-framework' data-form-theme='gravity-theme' data-form-index='0' id='gform_wrapper_5' >\n                        <div class='gform_heading'>\n                            <h2 class=\"gform_title\">Contactformulier:<\/h2>\n                            <p class='gform_description'><\/p>\n                        <\/div><form method='post' enctype='multipart\/form-data'  id='gform_5'  action='\/es\/wp-json\/wp\/v2\/pages\/4957' data-formid='5' novalidate>\n                        <div class='gform-body gform_body'><div id='gform_fields_5' class='gform_fields top_label form_sublabel_below description_below validation_below'><fieldset id=\"field_5_1\" class=\"gfield gfield--type-name gfield--input-type-name gfield--width-half field_sublabel_hidden_label gfield--no-description field_description_below field_validation_below gfield_visibility_visible\"  ><legend class='gfield_label gform-field-label gfield_label_before_complex' >Naam<\/legend><div class='ginput_complex ginput_container ginput_container--name no_prefix has_first_name no_middle_name no_last_name no_suffix gf_name_has_1 ginput_container_name gform-grid-row' id='input_5_1'>\n                            \n                            <span id='input_5_1_3_container' class='name_first gform-grid-col gform-grid-col--size-auto' >\n                                                    <input type='text' name='input_1.3' id='input_5_1_3' value=''   aria-required='false'     \/>\n                                                    <label for='input_5_1_3' class='gform-field-label gform-field-label--type-sub hidden_sub_label screen-reader-text'>Nombre<\/label>\n                                                <\/span>\n                            \n                            \n                            \n                        <\/div><\/fieldset><fieldset id=\"field_5_8\" class=\"gfield gfield--type-name gfield--input-type-name gfield--width-half field_sublabel_hidden_label gfield--no-description field_description_below field_validation_below gfield_visibility_visible\"  ><legend class='gfield_label gform-field-label gfield_label_before_complex' >Naam bedrijf \/ organisatie<\/legend><div class='ginput_complex ginput_container ginput_container--name no_prefix has_first_name no_middle_name no_last_name no_suffix gf_name_has_1 ginput_container_name gform-grid-row' id='input_5_8'>\n                            \n                            <span id='input_5_8_3_container' class='name_first gform-grid-col gform-grid-col--size-auto' >\n                                                    <input type='text' name='input_8.3' id='input_5_8_3' value=''   aria-required='false'     \/>\n                                                    <label for='input_5_8_3' class='gform-field-label gform-field-label--type-sub hidden_sub_label screen-reader-text'>Nombre<\/label>\n                                                <\/span>\n                            \n                            \n                            \n                        <\/div><\/fieldset><div id=\"field_5_4\" class=\"gfield gfield--type-email gfield--input-type-email gfield--width-half field_sublabel_below gfield--no-description field_description_below field_validation_below gfield_visibility_visible\"  ><label class='gfield_label gform-field-label' for='input_5_4'>E-mailadres<\/label><div class='ginput_container ginput_container_email'>\n                            <input name='input_4' id='input_5_4' type='email' value='' class='large'     aria-invalid=\"false\"  \/>\n                        <\/div><\/div><div id=\"field_5_3\" class=\"gfield gfield--type-phone gfield--input-type-phone gfield--width-half field_sublabel_below gfield--no-description field_description_below field_validation_below gfield_visibility_visible\"  ><label class='gfield_label gform-field-label' for='input_5_3'>Telefoonnummer<\/label><div class='ginput_container ginput_container_phone'><input name='input_3' id='input_5_3' type='tel' value='' class='large'    aria-invalid=\"false\"   \/><\/div><\/div><div id=\"field_5_5\" class=\"gfield gfield--type-textarea gfield--input-type-textarea gfield--width-full field_sublabel_below gfield--no-description field_description_below field_validation_below gfield_visibility_visible\"  ><label class='gfield_label gform-field-label' for='input_5_5'>Vraag of opmerking<\/label><div class='ginput_container ginput_container_textarea'><textarea name='input_5' id='input_5_5' class='textarea large'    placeholder='Vraag of opmerking'  aria-invalid=\"false\"   rows='10' cols='50'><\/textarea><\/div><\/div><\/div><\/div>\n        <div class='gform-footer gform_footer top_label'> <input type='submit' id='gform_submit_button_5' class='gform_button button' onclick='gform.submission.handleButtonClick(this);' data-submission-type='submit' value='Enviar'  \/> \n            <input type='hidden' class='gform_hidden' name='gform_submission_method' data-js='gform_submission_method_5' value='postback' \/>\n            <input type='hidden' class='gform_hidden' name='gform_theme' data-js='gform_theme_5' id='gform_theme_5' value='gravity-theme' \/>\n            <input type='hidden' class='gform_hidden' name='gform_style_settings' data-js='gform_style_settings_5' id='gform_style_settings_5' value='{&quot;inputPrimaryColor&quot;:&quot;#204ce5&quot;,&quot;labelFontSize&quot;:&quot;14&quot;}' \/>\n            <input type='hidden' class='gform_hidden' name='is_submit_5' value='1' \/>\n            <input type='hidden' class='gform_hidden' name='gform_submit' value='5' \/>\n            \n            <input type='hidden' class='gform_hidden' name='gform_currency' data-currency='EUR' value='bPekbylIYTiCxx7fq3juENSY8MDrewZMH0F+vsSAO\/GFHUbL\/4EAaA4m\/SFqyryuMPaOBHXadsEQpUzodEg2U+O3EOXyQvNlrHMpgT2nUgsiG6I=' \/>\n            <input type='hidden' class='gform_hidden' name='gform_unique_id' value='' \/>\n            <input type='hidden' class='gform_hidden' name='state_5' value='WyJbXSIsIjg0NGJlN2U3MTMyOTIxMWMzZDY2NGJlNjExNTVlMjg2Il0=' \/>\n            <input type='hidden' autocomplete='off' class='gform_hidden' name='gform_target_page_number_5' id='gform_target_page_number_5' value='0' \/>\n            <input type='hidden' autocomplete='off' class='gform_hidden' name='gform_source_page_number_5' id='gform_source_page_number_5' value='1' \/>\n            <input type='hidden' name='gform_field_values' value='' \/>\n            \n        <\/div>\n                        <\/form>\n                        <\/div><script>\ngform.initializeOnLoaded( function() {gformInitSpinner( 5, 'https:\/\/jifeline.net\/wp-content\/plugins\/gravityforms\/images\/spinner.svg', true );jQuery('#gform_ajax_frame_5').on('load',function(){var contents = jQuery(this).contents().find('*').html();var is_postback = contents.indexOf('GF_AJAX_POSTBACK') >= 0;if(!is_postback){return;}var form_content = jQuery(this).contents().find('#gform_wrapper_5');var is_confirmation = jQuery(this).contents().find('#gform_confirmation_wrapper_5').length > 0;var is_redirect = contents.indexOf('gformRedirect(){') >= 0;var is_form = form_content.length > 0 && ! is_redirect && ! is_confirmation;var mt = parseInt(jQuery('html').css('margin-top'), 10) + parseInt(jQuery('body').css('margin-top'), 10) + 100;if(is_form){jQuery('#gform_wrapper_5').html(form_content.html());if(form_content.hasClass('gform_validation_error')){jQuery('#gform_wrapper_5').addClass('gform_validation_error');} else {jQuery('#gform_wrapper_5').removeClass('gform_validation_error');}setTimeout( function() { \/* delay the scroll by 50 milliseconds to fix a bug in chrome *\/  }, 50 );if(window['gformInitDatepicker']) {gformInitDatepicker();}if(window['gformInitPriceFields']) {gformInitPriceFields();}var current_page = jQuery('#gform_source_page_number_5').val();gformInitSpinner( 5, 'https:\/\/jifeline.net\/wp-content\/plugins\/gravityforms\/images\/spinner.svg', true );jQuery(document).trigger('gform_page_loaded', [5, current_page]);window['gf_submitting_5'] = false;}else if(!is_redirect){var confirmation_content = jQuery(this).contents().find('.GF_AJAX_POSTBACK').html();if(!confirmation_content){confirmation_content = contents;}jQuery('#gform_wrapper_5').replaceWith(confirmation_content);jQuery(document).trigger('gform_confirmation_loaded', [5]);window['gf_submitting_5'] = false;wp.a11y.speak(jQuery('#gform_confirmation_message_5').text());}else{jQuery('#gform_5').append(contents);if(window['gformRedirect']) {gformRedirect();}}jQuery(document).trigger(\"gform_pre_post_render\", [{ formId: \"5\", currentPage: \"current_page\", abort: function() { this.preventDefault(); } }]);        if (event && event.defaultPrevented) {                return;        }        const gformWrapperDiv = document.getElementById( \"gform_wrapper_5\" );        if ( gformWrapperDiv ) {            const visibilitySpan = document.createElement( \"span\" );            visibilitySpan.id = \"gform_visibility_test_5\";            gformWrapperDiv.insertAdjacentElement( \"afterend\", visibilitySpan );        }        const visibilityTestDiv = document.getElementById( \"gform_visibility_test_5\" );        let postRenderFired = false;        function triggerPostRender() {            if ( postRenderFired ) {                return;            }            postRenderFired = true;            gform.core.triggerPostRenderEvents( 5, current_page );            if ( visibilityTestDiv ) {                visibilityTestDiv.parentNode.removeChild( visibilityTestDiv );            }        }        function debounce( func, wait, immediate ) {            var timeout;            return function() {                var context = this, args = arguments;                var later = function() {                    timeout = null;                    if ( !immediate ) func.apply( context, args );                };                var callNow = immediate && !timeout;                clearTimeout( timeout );                timeout = setTimeout( later, wait );                if ( callNow ) func.apply( context, args );            };        }        const debouncedTriggerPostRender = debounce( function() {            triggerPostRender();        }, 200 );        if ( visibilityTestDiv && visibilityTestDiv.offsetParent === null ) {            const observer = new MutationObserver( ( mutations ) => {                mutations.forEach( ( mutation ) => {                    if ( mutation.type === 'attributes' && visibilityTestDiv.offsetParent !== null ) {                        debouncedTriggerPostRender();                        observer.disconnect();                    }                });            });            observer.observe( document.body, {                attributes: true,                childList: false,                subtree: true,                attributeFilter: [ 'style', 'class' ],            });        } else {            triggerPostRender();        }    } );} );\n<\/script>\n\n\n\n<br>\n","protected":false},"excerpt":{"rendered":"<p>Bienvenue chez Jifeline Networks.&nbsp; Nous sommes ravis que vous vous int\u00e9ressiez \u00e0 notre \u00e9cosyst\u00e8me, notre vision et notre entreprise. Sur cette page, vous trouverez plus d&#8217;informations sur notre approche du service Remote Diag, ainsi que nos coordonn\u00e9es. Nous serions ravis d&#8217;avoir de vos nouvelles et de vous accueillir sur notre stand \u00e0 Equip Auto.&nbsp; Le [&hellip;]<\/p>\n","protected":false},"author":4,"featured_media":4968,"parent":0,"menu_order":0,"comment_status":"closed","ping_status":"closed","template":"","meta":{"footnotes":""},"soort-pagina":[],"class_list":["post-4957","page","type-page","status-publish","has-post-thumbnail","hentry"],"_links":{"self":[{"href":"https:\/\/jifeline.net\/es\/wp-json\/wp\/v2\/pages\/4957","targetHints":{"allow":["GET"]}}],"collection":[{"href":"https:\/\/jifeline.net\/es\/wp-json\/wp\/v2\/pages"}],"about":[{"href":"https:\/\/jifeline.net\/es\/wp-json\/wp\/v2\/types\/page"}],"author":[{"embeddable":true,"href":"https:\/\/jifeline.net\/es\/wp-json\/wp\/v2\/users\/4"}],"replies":[{"embeddable":true,"href":"https:\/\/jifeline.net\/es\/wp-json\/wp\/v2\/comments?post=4957"}],"version-history":[{"count":3,"href":"https:\/\/jifeline.net\/es\/wp-json\/wp\/v2\/pages\/4957\/revisions"}],"predecessor-version":[{"id":5265,"href":"https:\/\/jifeline.net\/es\/wp-json\/wp\/v2\/pages\/4957\/revisions\/5265"}],"wp:featuredmedia":[{"embeddable":true,"href":"https:\/\/jifeline.net\/es\/wp-json\/wp\/v2\/media\/4968"}],"wp:attachment":[{"href":"https:\/\/jifeline.net\/es\/wp-json\/wp\/v2\/media?parent=4957"}],"wp:term":[{"taxonomy":"soort-pagina","embeddable":true,"href":"https:\/\/jifeline.net\/es\/wp-json\/wp\/v2\/soort-pagina?post=4957"}],"curies":[{"name":"wp","href":"https:\/\/api.w.org\/{rel}","templated":true}]}}