{"id":5044,"date":"2025-10-20T11:31:29","date_gmt":"2025-10-20T09:31:29","guid":{"rendered":"https:\/\/jifeline.net\/?page_id=5044"},"modified":"2025-12-16T08:15:02","modified_gmt":"2025-12-16T07:15:02","slug":"j-ficha","status":"publish","type":"page","link":"https:\/\/jifeline.net\/es\/j-tab\/","title":{"rendered":"J-TaB"},"content":{"rendered":"<h2 class=\"wp-block-heading\"><strong>Conozca el J-TaB: nuestro nuevo VCI de telediagn\u00f3stico<\/strong><\/h2>\n\n\n\n<br>\n\n\n\n<p>Estamos orgullosos de presentar el J-TaB, nuestra \u00faltima innovaci\u00f3n en tecnolog\u00eda de diagn\u00f3stico remoto. Basado en nuestra fiable y segura tecnolog\u00eda de comunicaci\u00f3n remota con el veh\u00edculo, el J-TaB ofrece las mismas potentes capacidades de diagn\u00f3stico que ya tenemos, ahora combinadas con una facilidad de uso y una simplicidad a\u00fan mayores.&nbsp;<\/p>\n\n\n\n<p>Con su pantalla integrada, el J-TaB es un aut\u00e9ntico dispositivo todo en uno, dise\u00f1ado para ofrecer el m\u00e1ximo rendimiento, fiabilidad y facilidad de uso. Dise\u00f1ado para satisfacer las exigencias de los talleres modernos, re\u00fane todo lo que necesita en una soluci\u00f3n inteligente.&nbsp;<\/p>\n\n\n\n<br>\n\n\n\n<figure class=\"wp-block-image size-large\"><img fetchpriority=\"high\" decoding=\"async\" width=\"1024\" height=\"666\" src=\"https:\/\/jifeline.net\/wp-content\/uploads\/2025\/10\/DSC02298-jpg-hoog-6-1-1-1024x666.jpg\" alt=\"J-TaB\" class=\"wp-image-5047\" srcset=\"https:\/\/jifeline.net\/wp-content\/uploads\/2025\/10\/DSC02298-jpg-hoog-6-1-1-1024x666.jpg 1024w, https:\/\/jifeline.net\/wp-content\/uploads\/2025\/10\/DSC02298-jpg-hoog-6-1-1-300x195.jpg 300w, https:\/\/jifeline.net\/wp-content\/uploads\/2025\/10\/DSC02298-jpg-hoog-6-1-1-768x500.jpg 768w, https:\/\/jifeline.net\/wp-content\/uploads\/2025\/10\/DSC02298-jpg-hoog-6-1-1-1536x1000.jpg 1536w, https:\/\/jifeline.net\/wp-content\/uploads\/2025\/10\/DSC02298-jpg-hoog-6-1-1-2048x1333.jpg 2048w, https:\/\/jifeline.net\/wp-content\/uploads\/2025\/10\/DSC02298-jpg-hoog-6-1-1-18x12.jpg 18w\" sizes=\"(max-width: 1024px) 100vw, 1024px\" \/><\/figure>\n\n\n\n<br>\n\n\n\n<hr class=\"wp-block-separator has-text-color has-alpha-channel-opacity has-background\" style=\"background-color:#1ab7ea;color:#1ab7ea\"\/>\n\n\n\n<br>\n\n\n\n<h3 class=\"wp-block-heading\"><strong>Principales caracter\u00edsticas del J-TaB<\/strong><\/h3>\n\n\n\n<ul class=\"wp-block-list\">\n<li>Pantalla integrada: no necesita port\u00e1til, tel\u00e9fono ni tableta, todo est\u00e1 incluido<\/li>\n\n\n\n<li>Conectividad 4G: mantente siempre conectado, est\u00e9s donde est\u00e9s<\/li>\n\n\n\n<li>Conexi\u00f3n Wi-Fi mejorada: compatible con 2,4 GHz y 5 GHz<\/li>\n\n\n\n<li>F\u00e1cil conexi\u00f3n Wi-Fi: interfaz de usuario clara y proceso de conexi\u00f3n mejorado<\/li>\n\n\n\n<li>Barra LED de estado inteligente: Mantente informado de un vistazo gracias a los indicadores de color<\/li>\n\n\n\n<li>Dise\u00f1o robusto: resiste entornos de taller exigentes<\/li>\n\n\n\n<li>Carga por OBD: Se carga mientras se utiliza, solo hay que conectarlo al veh\u00edculo<\/li>\n\n\n\n<li>Estaci\u00f3n de acoplamiento (opcional): F\u00e1cil de acoplar, cargar y mantener una visi\u00f3n general<\/li>\n\n\n\n<li>C\u00e1maras integradas (delantera y trasera): Haz y comparte fotos directamente en el chat de ticket<\/li>\n\n\n\n<li>L\u00e1piz stylus: controla la pantalla con precisi\u00f3n y comodidad<\/li>\n\n\n\n<li>Asa de transporte: garantiza un agarre seguro y c\u00f3modo<\/li>\n<\/ul>\n\n\n\n<p>Impulsado por los comentarios de los clientes y la creciente demanda de una soluci\u00f3n todo en uno, el J-TaB re\u00fane todo lo que los t\u00e9cnicos necesitan en un dispositivo potente y f\u00e1cil de usar. Tanto si trabaja en el taller como en la carretera, el J-TaB facilita y agiliza el diagn\u00f3stico remoto.<\/p>\n\n\n\n<div class=\"wp-block-buttons is-layout-flex wp-block-buttons-is-layout-flex\">\n<div class=\"wp-block-button\"><a class=\"wp-block-button__link wp-element-button\" href=\"https:\/\/jifeline.net\/es\/preguntas-frecuentes-j-tab\/\">Preguntas m\u00e1s frecuentes<\/a><\/div>\n<\/div>\n\n\n\n<br>\n\n\n\n<hr class=\"wp-block-separator has-text-color has-alpha-channel-opacity has-background\" style=\"background-color:#1ab7ea;color:#1ab7ea\"\/>\n\n\n\n<br>\n\n\n\n<h3 class=\"wp-block-heading\"><strong>Oferta especial de lanzamiento<\/strong><\/h3>\n\n\n\n<p>A partir del 1 de noviembre de 2025, puede hacer un pedido anticipado y recibir una base de conexi\u00f3n gratuita como parte de nuestra promoci\u00f3n especial de lanzamiento.<\/p>\n\n\n\n<p>Los pedidos anticipados pueden realizarse a trav\u00e9s de <a href=\"mailto:commercial@jifeline.com\">commercial@jifeline.com<\/a> y seguir\u00e1n siendo v\u00e1lidos hasta las primeras entregas, previstas para el segundo trimestre de 2026. La marca propia est\u00e1 disponible para pedidos de 10 unidades o m\u00e1s.<br><\/p>\n\n\n\n<br>\n\n\n\n<hr class=\"wp-block-separator has-text-color has-alpha-channel-opacity has-background\" style=\"background-color:#1ab7ea;color:#1ab7ea\"\/>\n\n\n\n<br>","protected":false},"excerpt":{"rendered":"<p>Maak kennis met de J-TaB: ons gloednieuwe remote diagnose VCI Vol trots introduceren we de J-TaB,&nbsp;onze nieuwste innovatie op het gebied van remote diagnosetechnologie. Gebouwd op onze vertrouwde en veilige technologie voor communicatie met voertuigen op afstand, biedt de J-TaB&nbsp;dezelfde krachtige diagnosemogelijkheden die&nbsp;we al hebben,&nbsp;nu gecombineerd met nog meer gebruiksgemak en eenvoud.&nbsp; Met&nbsp;de&nbsp;ge\u00efntegreerde display is [&hellip;]<\/p>\n","protected":false},"author":4,"featured_media":5047,"parent":0,"menu_order":0,"comment_status":"closed","ping_status":"closed","template":"","meta":{"footnotes":""},"soort-pagina":[35],"class_list":["post-5044","page","type-page","status-publish","has-post-thumbnail","hentry","soort-pagina-standaard-contentpagina"],"_links":{"self":[{"href":"https:\/\/jifeline.net\/es\/wp-json\/wp\/v2\/pages\/5044","targetHints":{"allow":["GET"]}}],"collection":[{"href":"https:\/\/jifeline.net\/es\/wp-json\/wp\/v2\/pages"}],"about":[{"href":"https:\/\/jifeline.net\/es\/wp-json\/wp\/v2\/types\/page"}],"author":[{"embeddable":true,"href":"https:\/\/jifeline.net\/es\/wp-json\/wp\/v2\/users\/4"}],"replies":[{"embeddable":true,"href":"https:\/\/jifeline.net\/es\/wp-json\/wp\/v2\/comments?post=5044"}],"version-history":[{"count":5,"href":"https:\/\/jifeline.net\/es\/wp-json\/wp\/v2\/pages\/5044\/revisions"}],"predecessor-version":[{"id":5198,"href":"https:\/\/jifeline.net\/es\/wp-json\/wp\/v2\/pages\/5044\/revisions\/5198"}],"wp:featuredmedia":[{"embeddable":true,"href":"https:\/\/jifeline.net\/es\/wp-json\/wp\/v2\/media\/5047"}],"wp:attachment":[{"href":"https:\/\/jifeline.net\/es\/wp-json\/wp\/v2\/media?parent=5044"}],"wp:term":[{"taxonomy":"soort-pagina","embeddable":true,"href":"https:\/\/jifeline.net\/es\/wp-json\/wp\/v2\/soort-pagina?post=5044"}],"curies":[{"name":"wp","href":"https:\/\/api.w.org\/{rel}","templated":true}]}}