{"id":5058,"date":"2025-10-30T14:25:07","date_gmt":"2025-10-30T13:25:07","guid":{"rendered":"https:\/\/jifeline.net\/?page_id=5058"},"modified":"2026-01-21T11:33:36","modified_gmt":"2026-01-21T10:33:36","slug":"preguntas-frecuentes-j-tab","status":"publish","type":"page","link":"https:\/\/jifeline.net\/es\/veelgestelde-vragen-j-tab\/","title":{"rendered":"FAQ J-TaB"},"content":{"rendered":"<h3 class=\"wp-block-heading\">Preguntas frecuentes sobre el J-TaB<\/h3>\n\n\n\n<p>A continuaci\u00f3n encontrar\u00e1 las preguntas m\u00e1s frecuentes y nuestras respuestas. No encuentra lo que busca o desea m\u00e1s informaci\u00f3n? <a href=\"https:\/\/jifeline.net\/es\/pongase-en-contacto-con\/\" target=\"_blank\" rel=\"noreferrer noopener\">P\u00f3ngase en contacto con nosotros<\/a>. El Helpdesk est\u00e1 abierto de lunes a viernes de 08:30 a 17:00.<\/p>\n\n\n\n<br>\n\n\n\n<hr class=\"wp-block-separator has-text-color has-alpha-channel-opacity has-background\" style=\"background-color:#1ab7ea;color:#1ab7ea\"\/>\n\n\n\n<br>\n\n\n\n<p><strong>\u00bfOfrece el J-TaB las mismas funcionalidades t\u00e9cnicas que la actual interfaz a distancia?<\/strong><br>S\u00ed, la J-TaB ofrece las mismas funcionalidades t\u00e9cnicas que nuestra interfaz remota actual, adem\u00e1s de c\u00f3modas funciones adicionales. Basado en nuestra fiable y segura tecnolog\u00eda de comunicaci\u00f3n remota con el veh\u00edculo, el J-TaB ofrece las mismas potentes funciones de diagn\u00f3stico.<\/p>\n\n\n\n<br>\n\n\n\n<p><strong>\u00bfExiste la posibilidad de marca blanca?<\/strong><br>S\u00ed, a partir de 10 unidades, es posible entregar el J-TaB con la marca del socio.<\/p>\n\n\n\n<br>\n\n\n\n<p><strong>\u00bfSe eliminar\u00e1 la actual interfaz remota?<\/strong><br>No, puede seguir utilizando su interfaz remota actual si lo desea. El J-TaB est\u00e1 dise\u00f1ado para complementar la interfaz remota existente, por lo que puede elegir entre los dos. Ambos productos est\u00e1n totalmente preparados para el futuro, por lo que se trata principalmente de una elecci\u00f3n personal.<\/p>\n\n\n\n<p>El J-TaB combina nuestra interfaz remota con una pantalla de 10 pulgadas en una carcasa robusta a prueba de talleres, lo que facilita el acceso al portal del cliente sin necesidad de un ordenador port\u00e1til, una tableta o un tel\u00e9fono aparte. Tambi\u00e9n ofrece las mismas potentes funciones de diagn\u00f3stico que la interfaz remota actual, lo que le proporciona todas las ventajas en un solo dispositivo.<\/p>\n\n\n\n<br>\n\n\n\n<p><strong>\u00bfEs posible controlar otras interfaces remotas directamente desde el J-TaB?<\/strong><br>S\u00ed, puede hacerlo. Una vez que se conecte a su J-TaB, ver\u00e1 tambi\u00e9n otras interfaces remotas asociadas a su cuenta. A continuaci\u00f3n, podr\u00e1 seleccionar la interfaz remota que desee utilizar para el servicio.<\/p>\n\n\n\n<br>\n\n\n\n<p><strong>\u00bfSe puede controlar la J-TaB tambi\u00e9n desde otro dispositivo (tel\u00e9fono m\u00f3vil, ordenador port\u00e1til o tableta)?<\/strong><br>S\u00ed, puede hacerlo. Al iniciar sesi\u00f3n en xxx.obd.help con su cuenta desde otro dispositivo, ver\u00e1 su J-TaB en la lista, junto con otras interfaces remotas asociadas a su cuenta. A continuaci\u00f3n, puede seleccionar el J-TaB para ejecutar un servicio, del mismo modo que con sus interfaces remotas habituales.<\/p>\n\n\n\n<br>\n\n\n\n<p><strong>\u00bfPueden los socios a\u00f1adir otras aplicaciones a la tableta?<\/strong><br>Un Sistema de Gesti\u00f3n de Dispositivos (DMS) dedicado nos permite gestionar actualizaciones, paquetes de software, etc. en el dispositivo. Esto proporciona seguridad adicional y nos permite a nosotros (o a nuestros socios) ofrecer servicios adicionales controlados a los clientes.<br>Sin embargo, esto tambi\u00e9n significa que los socios no pueden a\u00f1adir aplicaciones a la tableta de forma independiente. Esto se hace siempre en colaboraci\u00f3n con nosotros.<\/p>\n\n\n\n<br>\n\n\n\n<p><strong>\u00bfCu\u00e1les son las opciones de pedido del J-TaB?<\/strong><br>Puede pedir el J-TaB en un estuche con espuma incrustada o en una caja de cart\u00f3n.<\/p>\n\n\n\n<br>\n\n\n\n<p><strong>\u00bfCu\u00e1l es el plazo de entrega previsto tras el pedido del J-TaB?<\/strong><br>El J-TaB puede encargarse por adelantado a partir del 1 de noviembre, y las primeras entregas est\u00e1n previstas para finales del primer trimestre y principios del segundo de 2026.<\/p>\n\n\n\n<br>\n\n\n\n<p><strong>\u00bfSe puede conectar el J-TaB a una red WiFi de 5 GHz?<\/strong><br>S\u00ed. Tanto a 2,4 GHz como a 5 GHz (la interfaz remota actual s\u00f3lo admite 2,4 GHz).<\/p>\n\n\n\n<br>\n\n\n\n<p><strong>\u00bfQu\u00e9 diferencia hay entre conectar la interfaz remota actual a Internet y la J-TaB?<\/strong><br>La interfaz remota actual requiere siempre un dispositivo adicional, como un tel\u00e9fono, una tableta o un ordenador port\u00e1til, para establecer una conexi\u00f3n a Internet.<br><br>Adem\u00e1s, la interfaz remota actual s\u00f3lo puede almacenarse en una red Wi-Fi. Cuando el dispositivo emparejado se utilice en otra ubicaci\u00f3n, deber\u00e1 restablecerse la conexi\u00f3n.<br><br>La J-TaB funciona de otra manera. Se conecta a Internet a trav\u00e9s de la interfaz de usuario integrada en la tableta, que se asemeja a la de un smartphone personal. Esto la hace familiar y f\u00e1cil de usar. La J-TaB tambi\u00e9n puede conectarse autom\u00e1ticamente a varias redes Wi-Fi almacenadas en su memoria.<\/p>\n\n\n\n<br>\n\n\n\n<p><strong>\u00bfTiene el J-TaB conectividad 4G?<\/strong><br>El J-TaB tiene una ranura para tarjeta SIM, por lo que debes insertar tu propia tarjeta SIM y tener un paquete de datos activo para utilizarlo. Ten en cuenta que las eSIM y 5G no son compatibles (para diagn\u00f3sticos remotos, 5G no ofrece ninguna ventaja pr\u00e1ctica sobre 4G).<\/p>\n\n\n\n<br>\n\n\n\n<p><strong>\u00bfViene el J-TaB con cargador?<\/strong><br>No. El J-TaB se puede cargar a trav\u00e9s de USB-C. Tambi\u00e9n es posible solicitar un sistema de dock operativo que puede utilizarse para cargar el J-TaB. Adem\u00e1s, el J-TaB se carga durante el funcionamiento cuando el cable DAB est\u00e1 conectado al veh\u00edculo.<\/p>\n\n\n\n<br>\n\n\n\n<p><strong>\u00bfCu\u00e1l es el periodo de garant\u00eda del J-TaB?<\/strong><br>La garant\u00eda est\u00e1ndar es de un a\u00f1o a partir de la fecha de compra por parte del usuario.<\/p>\n\n\n\n<br>\n\n\n\n<p><strong>\u00bfPor qu\u00e9 el J-TaB utiliza 4G y lo soportar\u00e1 en el futuro?<\/strong><br>El J-TaB est\u00e1 dise\u00f1ado para una conectividad fiable a larga distancia, no para la m\u00e1xima velocidad. Aunque el 5G ofrece un mayor ancho de banda, el alcance es limitado. Nuestros dispositivos priorizan las conexiones 4G estables para ofrecer un rendimiento constante siempre que sea necesario. 4G ofrece velocidad suficiente para la aplicaci\u00f3n J-TaB y seguir\u00e1 siendo compatible en un futuro previsible.<\/p>\n\n\n\n<br>\n\n\n\n<hr class=\"wp-block-separator has-text-color has-alpha-channel-opacity has-background\" style=\"background-color:#1ab7ea;color:#1ab7ea\"\/>\n\n\n\n<br>\n\n\n\n<figure class=\"wp-block-embed is-type-video is-provider-youtube wp-block-embed-youtube wp-embed-aspect-16-9 wp-has-aspect-ratio\"><div class=\"wp-block-embed__wrapper\">\n<iframe title=\"J-TaB | Redes Jifeline\" width=\"800\" height=\"450\" src=\"https:\/\/www.youtube.com\/embed\/4kplQ0cyvaw?feature=oembed\" frameborder=\"0\" allow=\"accelerometer; autoplay; clipboard-write; encrypted-media; gyroscope; picture-in-picture; web-share\" referrerpolicy=\"strict-origin-when-cross-origin\" allowfullscreen><\/iframe>\n<\/div><\/figure>\n\n\n\n<br>\n\n\n\n<hr class=\"wp-block-separator has-text-color has-alpha-channel-opacity has-background\" style=\"background-color:#1ab7ea;color:#1ab7ea\"\/>","protected":false},"excerpt":{"rendered":"<p>Veelgestelde vragen over de J-TaB Hieronder vindt u de meest gestelde vragen en onze antwoorden hierop. Niet kunnen vinden wat u zoekt of wilt u graag aanvullende informatie? Neem contact met ons op. De Helpdesk is van maandag t\/m vrijdag geopend van 08:30 uur tot 17:00 uur. Biedt de J-TaB dezelfde technische functionaliteiten als de [&hellip;]<\/p>\n","protected":false},"author":4,"featured_media":5047,"parent":0,"menu_order":0,"comment_status":"closed","ping_status":"closed","template":"","meta":{"footnotes":""},"soort-pagina":[35],"class_list":["post-5058","page","type-page","status-publish","has-post-thumbnail","hentry","soort-pagina-standaard-contentpagina"],"_links":{"self":[{"href":"https:\/\/jifeline.net\/es\/wp-json\/wp\/v2\/pages\/5058","targetHints":{"allow":["GET"]}}],"collection":[{"href":"https:\/\/jifeline.net\/es\/wp-json\/wp\/v2\/pages"}],"about":[{"href":"https:\/\/jifeline.net\/es\/wp-json\/wp\/v2\/types\/page"}],"author":[{"embeddable":true,"href":"https:\/\/jifeline.net\/es\/wp-json\/wp\/v2\/users\/4"}],"replies":[{"embeddable":true,"href":"https:\/\/jifeline.net\/es\/wp-json\/wp\/v2\/comments?post=5058"}],"version-history":[{"count":5,"href":"https:\/\/jifeline.net\/es\/wp-json\/wp\/v2\/pages\/5058\/revisions"}],"predecessor-version":[{"id":5176,"href":"https:\/\/jifeline.net\/es\/wp-json\/wp\/v2\/pages\/5058\/revisions\/5176"}],"wp:featuredmedia":[{"embeddable":true,"href":"https:\/\/jifeline.net\/es\/wp-json\/wp\/v2\/media\/5047"}],"wp:attachment":[{"href":"https:\/\/jifeline.net\/es\/wp-json\/wp\/v2\/media?parent=5058"}],"wp:term":[{"taxonomy":"soort-pagina","embeddable":true,"href":"https:\/\/jifeline.net\/es\/wp-json\/wp\/v2\/soort-pagina?post=5058"}],"curies":[{"name":"wp","href":"https:\/\/api.w.org\/{rel}","templated":true}]}}