{"id":5215,"date":"2025-12-23T15:26:53","date_gmt":"2025-12-23T14:26:53","guid":{"rendered":"https:\/\/jifeline.net\/?page_id=5215"},"modified":"2026-03-30T12:01:59","modified_gmt":"2026-03-30T10:01:59","slug":"en-camiones","status":"publish","type":"page","link":"https:\/\/jifeline.net\/es\/nl-trucks\/","title":{"rendered":"Camiones"},"content":{"rendered":"<p>Jifeline Networks, l\u00edder del mercado de telediagn\u00f3stico para turismos desde hace una d\u00e9cada, traslada ahora su experiencia a los camiones. Este desarrollo abre nuevas posibilidades para el diagn\u00f3stico a distancia, permitiendo una supervisi\u00f3n y un mantenimiento sin fisuras de los camiones pesados.<\/p>\n\n\n\n<br>\n\n\n\n<figure class=\"wp-block-image size-large\"><img fetchpriority=\"high\" decoding=\"async\" width=\"1024\" height=\"683\" src=\"https:\/\/jifeline.net\/wp-content\/uploads\/2025\/12\/JNW-1024x683.png\" alt=\"Camiones\" class=\"wp-image-5217\" srcset=\"https:\/\/jifeline.net\/wp-content\/uploads\/2025\/12\/JNW-1024x683.png 1024w, https:\/\/jifeline.net\/wp-content\/uploads\/2025\/12\/JNW-300x200.png 300w, https:\/\/jifeline.net\/wp-content\/uploads\/2025\/12\/JNW-768x512.png 768w, https:\/\/jifeline.net\/wp-content\/uploads\/2025\/12\/JNW-1536x1024.png 1536w, https:\/\/jifeline.net\/wp-content\/uploads\/2025\/12\/JNW-2048x1365.png 2048w, https:\/\/jifeline.net\/wp-content\/uploads\/2025\/12\/JNW-18x12.png 18w\" sizes=\"(max-width: 1024px) 100vw, 1024px\" \/><\/figure>\n\n\n\n<br>\n\n\n\n<p>Nuestra soluci\u00f3n para camiones permite a nuestros socios realizar diagn\u00f3sticos remotos en una amplia gama de las principales marcas de camiones, como MAN, Mercedes Trucks, DAF, IVECO Trucks, Volvo Trucks y Renault Trucks. Adem\u00e1s, a\u00f1adimos constantemente nuevas marcas. Juntas, estas marcas cubren la mayor parte del mercado de camiones y proporcionan acceso directo a la mayor\u00eda de los principales fabricantes.<\/p>\n\n\n\n<p>Nuestra tecnolog\u00eda es compatible con los protocolos de comunicaci\u00f3n K-Line, CANBUS y DoIP. Servicios como la lectura\/restablecimiento de c\u00f3digos de aver\u00eda, la codificaci\u00f3n y la calibraci\u00f3n de m\u00f3dulos son totalmente compatibles.<\/p>\n\n\n\n<p>Tanto nuestras unidades J-ReX como J-TaB son totalmente compatibles con los sistemas de camiones. Estos billetes pueden procesarse en cualquiera de nuestros portales de operador existentes. Esto garantiza un despliegue fluido y eficaz de los servicios para camiones.<\/p>\n\n\n\n<p>Para cumplir los requisitos de determinados equipos de diagn\u00f3stico OEM, ofrecemos una versi\u00f3n de 24 V de nuestra caja Local-1 y Local-4.<\/p>\n\n\n\n<br>\n\n\n\n<hr class=\"wp-block-separator has-text-color has-alpha-channel-opacity has-background\" style=\"background-color:#27b7ea;color:#27b7ea\"\/>\n\n\n\n<br>\n\n\n\n<h4 class=\"wp-block-heading\">PREGUNTAS FRECUENTES <\/h4>\n\n\n\n<p><strong>V:<\/strong>&nbsp;\u00bfQu\u00e9 marcas de camiones son compatibles?<br><strong>A:<\/strong>&nbsp;DAF - IVECO Trucks - MAN - Mercedes Trucks - Renault Trucks - Scania - Volvo Trucks. Todos los camiones a partir de 2013 han sido probados y su CANBUS es compatible. El soporte para K-Line es incierto. En el caso de IVECO, la compatibilidad se limita actualmente a los modelos a partir de 2019, ya que los veh\u00edculos m\u00e1s antiguos dependen en gran medida de K-Line.<\/p>\n\n\n\n<p><strong>V:<\/strong>&nbsp;\u00bfNecesito otro salpicadero?<br><strong>A:<\/strong>&nbsp;No, las multas a camiones aparecen en el mismo salpicadero de los socios y pueden tramitarse de la misma forma que las multas a turismos.<\/p>\n\n\n\n<br>\n\n\n\n<p>Si desea m\u00e1s informaci\u00f3n, no dude en ponerse en contacto con nosotros a trav\u00e9s del siguiente formulario.<\/p>\n\n\n\n<br>","protected":false},"excerpt":{"rendered":"<p>Na een decennium marktleider te zijn geweest in diagnose op afstand voor personenauto&#8217;s, brengt Jifeline Networks zijn expertise nu ook naar trucks. Deze ontwikkeling opent nieuwe mogelijkheden voor diagnose op afstand, waardoor naadloze monitoring en onderhoud van zware trucks mogelijk wordt. Onze truckoplossing stelt onze partners in staat om op afstand diagnoses uit te voeren [&hellip;]<\/p>\n","protected":false},"author":4,"featured_media":5216,"parent":0,"menu_order":0,"comment_status":"closed","ping_status":"closed","template":"","meta":{"footnotes":""},"soort-pagina":[35],"class_list":["post-5215","page","type-page","status-publish","has-post-thumbnail","hentry","soort-pagina-standaard-contentpagina"],"_links":{"self":[{"href":"https:\/\/jifeline.net\/es\/wp-json\/wp\/v2\/pages\/5215","targetHints":{"allow":["GET"]}}],"collection":[{"href":"https:\/\/jifeline.net\/es\/wp-json\/wp\/v2\/pages"}],"about":[{"href":"https:\/\/jifeline.net\/es\/wp-json\/wp\/v2\/types\/page"}],"author":[{"embeddable":true,"href":"https:\/\/jifeline.net\/es\/wp-json\/wp\/v2\/users\/4"}],"replies":[{"embeddable":true,"href":"https:\/\/jifeline.net\/es\/wp-json\/wp\/v2\/comments?post=5215"}],"version-history":[{"count":5,"href":"https:\/\/jifeline.net\/es\/wp-json\/wp\/v2\/pages\/5215\/revisions"}],"predecessor-version":[{"id":5339,"href":"https:\/\/jifeline.net\/es\/wp-json\/wp\/v2\/pages\/5215\/revisions\/5339"}],"wp:featuredmedia":[{"embeddable":true,"href":"https:\/\/jifeline.net\/es\/wp-json\/wp\/v2\/media\/5216"}],"wp:attachment":[{"href":"https:\/\/jifeline.net\/es\/wp-json\/wp\/v2\/media?parent=5215"}],"wp:term":[{"taxonomy":"soort-pagina","embeddable":true,"href":"https:\/\/jifeline.net\/es\/wp-json\/wp\/v2\/soort-pagina?post=5215"}],"curies":[{"name":"wp","href":"https:\/\/api.w.org\/{rel}","templated":true}]}}