{"id":1915,"date":"2023-12-08T11:12:44","date_gmt":"2023-12-08T10:12:44","guid":{"rendered":"https:\/\/jifeline.net\/?page_id=1915"},"modified":"2025-08-27T11:54:11","modified_gmt":"2025-08-27T09:54:11","slug":"vie-privee","status":"publish","type":"page","link":"https:\/\/jifeline.net\/fr\/privacy\/","title":{"rendered":"Vie priv\u00e9e"},"content":{"rendered":"<h2 class=\"wp-block-heading\">POLITIQUE DE CONFIDENTIALIT\u00c9<\/h2>\n\n\n\n<p>Nous vous remercions d'utiliser l'infrastructure Jifeline par notre interm\u00e9diaire ou par celui de nos partenaires d\u00e9sign\u00e9s, ou de visiter notre (nos) site(s) web. La pr\u00e9sente politique explique les informations que nous recueillons, comment et pourquoi nous les recueillons, et comment nous les utilisons et les divulguons. Nous prenons votre vie priv\u00e9e tr\u00e8s au s\u00e9rieux et ne vendons jamais vos informations personnelles, y compris vos adresses \u00e9lectroniques.&nbsp;<\/p>\n\n\n\n<br>\n\n\n\n<hr class=\"wp-block-separator has-text-color has-alpha-channel-opacity has-background\" style=\"background-color:#1ab7ea;color:#1ab7ea\"\/>\n\n\n\n<br>\n\n\n\n<h3 class=\"wp-block-heading\">D\u00e9finitions<\/h3>\n\n\n\n<p>Les d\u00e9finitions suivantes devraient vous aider \u00e0 comprendre cette politique. Les termes \"nous\", \"notre\" ou \"nos\" d\u00e9signent Jifeline Networks B.V., situ\u00e9e aux Pays-Bas.<\/p>\n\n\n\n<p>Nous fournissons une infrastructure que vous pouvez utiliser pour faire coder\/programmer votre v\u00e9hicule (les \"services\"). Cette op\u00e9ration peut \u00eatre effectu\u00e9e directement par nous ou par l'interm\u00e9diaire de l'un de nos partenaires d\u00e9sign\u00e9s.<\/p>\n\n\n\n<p>Le terme \"partenaire d\u00e9sign\u00e9\" d\u00e9signe nos partenaires qui utilisent notre infrastructure pour servir leurs membres par l'interm\u00e9diaire de leurs propres centres de services.<\/p>\n\n\n\n<p>Le terme \"membre\" d\u00e9signe la personne ou l'entit\u00e9 qui s'est inscrite aupr\u00e8s de nous ou de l'un de nos partenaires pour utiliser nos services. \"Vous\" d\u00e9signe soit un membre, soit toute autre personne qui visite l'un de nos sites web.<\/p>\n\n\n\n<p>Par \"informations personnelles\", on entend les informations qui peuvent \u00eatre utilis\u00e9es pour vous identifier, telles que le nom et l'adresse, le nom de l'organisation, l'adresse de facturation, l'adresse de livraison, l'adresse \u00e9lectronique (professionnelle), le num\u00e9ro de t\u00e9l\u00e9phone (professionnel), les informations relatives au paiement, l'adresse IP.<\/p>\n\n\n\n<p>La pr\u00e9sente politique de confidentialit\u00e9 s'applique \u00e0 nos sites web et aux applications Google de Jifeline, ainsi qu'\u00e0 tout autre site que nous poss\u00e9dons ou exploitons.<\/p>\n\n\n\n<p>Les \"sites web\" comprennent les sites web eux-m\u00eames et toutes les pages web, fonctions interactives, applications, widgets, blogs, r\u00e9seaux sociaux ou autres offres en ligne li\u00e9es \u00e0 la pr\u00e9sente politique de protection de la vie priv\u00e9e.<\/p>\n\n\n\n<p>Les \"Google apps\" comprennent toutes les applications cr\u00e9\u00e9es par Jifeline, mais marqu\u00e9es pour nos partenaires.<\/p>\n\n\n\n<br>\n\n\n\n<hr class=\"wp-block-separator has-text-color has-alpha-channel-opacity has-background\" style=\"background-color:#1ab7ea;color:#1ab7ea\"\/>\n\n\n\n<br>\n\n\n\n<h3 class=\"wp-block-heading\">Champ d'application<\/h3>\n\n\n\n<p>La pr\u00e9sente politique de confidentialit\u00e9 s'applique \u00e0 toutes les donn\u00e9es que nous avons recueillies ou que nous recueillerons \u00e0 votre sujet.<\/p>\n\n\n\n<br>\n\n\n\n<hr class=\"wp-block-separator has-text-color has-alpha-channel-opacity has-background\" style=\"background-color:#1ab7ea;color:#1ab7ea\"\/>\n\n\n\n<br>\n\n\n\n<h3 class=\"wp-block-heading\">Informations collect\u00e9es<\/h3>\n\n\n\n<br>\n\n\n\n<h5 class=\"wp-block-heading\">Les informations que vous fournissez volontairement<\/h5>\n\n\n\n<p>Lorsque vous vous inscrivez \u00e0 nos services et que vous les utilisez, que vous contactez notre service client\u00e8le, que vous nous envoyez un courrier \u00e9lectronique, que vous publiez un article sur notre blog ou que vous communiquez avec nous de toute autre mani\u00e8re, vous nous fournissez volontairement des informations. Ces informations peuvent inclure votre nom, votre adresse physique, votre adresse \u00e9lectronique, votre adresse IP, votre num\u00e9ro de t\u00e9l\u00e9phone, ainsi que des d\u00e9tails tels que votre profession, votre localisation, votre historique d'achat et d'autres informations d\u00e9mographiques.<\/p>\n\n\n\n<br>\n\n\n\n<h5 class=\"wp-block-heading\">Informations collect\u00e9es automatiquement<\/h5>\n\n\n\n<p>Lorsque vous utilisez nos services ou naviguez sur nos sites web, nous pouvons collecter automatiquement des informations sur votre visite. Ces informations peuvent inclure votre adresse IP, votre syst\u00e8me d'exploitation, votre identifiant de navigateur, votre activit\u00e9 de navigation et d'autres d\u00e9tails sur la mani\u00e8re dont vous avez interagi avec nos sites web. Nous pouvons collecter ces informations par le biais de fichiers journaux, de cookies ou d'autres technologies de suivi.<\/p>\n\n\n\n<br>\n\n\n\n<h5 class=\"wp-block-heading\">Informations provenant de l'utilisation du service<\/h5>\n\n\n\n<p>Nous pouvons recueillir des informations sur la mani\u00e8re dont vous utilisez nos services et sur le moment o\u00f9 vous les utilisez, et stocker ces informations dans des fichiers journaux ou d'autres types de fichiers associ\u00e9s \u00e0 votre compte. Ces informations nous aident \u00e0 am\u00e9liorer nos services pour vous et tous nos utilisateurs.<\/p>\n\n\n\n<br>\n\n\n\n<h5 class=\"wp-block-heading\">Cookies et tra\u00e7age<\/h5>\n\n\n\n<p>Nous utilisons des cookies et des technologies similaires pour analyser les tendances, administrer le site web, suivre les mouvements des utilisateurs et recueillir des informations d\u00e9mographiques sur notre base d'utilisateurs.<\/p>\n\n\n\n<br>\n\n\n\n<h5 class=\"wp-block-heading\">Balises web<\/h5>\n\n\n\n<p>Nous utilisons des balises web sur nos sites web et dans nos courriels pour suivre les comportements, par exemple pour savoir qui a ouvert les courriels et cliqu\u00e9 sur les liens. Cela nous aide \u00e0 mesurer les performances de nos campagnes de courrier \u00e9lectronique et \u00e0 am\u00e9liorer nos fonctionnalit\u00e9s.<\/p>\n\n\n\n<br>\n\n\n\n<h5 class=\"wp-block-heading\">Informations provenant de nos applications mobiles<\/h5>\n\n\n\n<p>Lorsque vous utilisez nos applications mobiles, nous pouvons collecter des informations telles que le type d'appareil et le syst\u00e8me d'exploitation que vous utilisez, votre localisation, et nous pouvons utiliser des fonctions audio ou de cam\u00e9ra. Nous pouvons \u00e9galement vous envoyer des notifications push, que vous pouvez d\u00e9sactiver dans les param\u00e8tres de votre appareil.<\/p>\n\n\n\n<br>\n\n\n\n<hr class=\"wp-block-separator has-text-color has-alpha-channel-opacity has-background\" style=\"background-color:#1ab7ea;color:#1ab7ea\"\/>\n\n\n\n<br>\n\n\n\n<h3 class=\"wp-block-heading\">UTILISATION ET DIVULGATION DES INFORMATIONS PERSONNELLES<\/h3>\n\n\n\n<br>\n\n\n\n<p>Nous pouvons utiliser et divulguer vos informations personnelles aux fins suivantes :<\/p>\n\n\n\n<ul class=\"wp-block-list\">\n<li>promouvoir l'utilisation de nos services, notamment en vous envoyant des courriels promotionnels.<\/li>\n\n\n\n<li>Facturer et recouvrer les sommes qui nous sont dues par les membres.<\/li>\n\n\n\n<li>Pour vous envoyer des messages d'alerte concernant les changements apport\u00e9s \u00e0 nos services.<\/li>\n\n\n\n<li>Communiquer avec les membres au sujet de leur compte et fournir une assistance \u00e0 la client\u00e8le.<\/li>\n\n\n\n<li>Faire respecter nos conditions d'utilisation et les lois applicables.<\/li>\n\n\n\n<li>Prot\u00e9ger les droits et la s\u00e9curit\u00e9 de nos membres, de tiers et de nous-m\u00eames.<\/li>\n\n\n\n<li>Pour r\u00e9pondre aux exigences l\u00e9gales et fournir des informations aux repr\u00e9sentants l\u00e9gaux.<\/li>\n\n\n\n<li>Pour soutenir et am\u00e9liorer nos services, y compris le partage d'informations avec des tiers sous contrat.<\/li>\n\n\n\n<li>Ex\u00e9cuter les accords que nous concluons et maintenir les relations qui en d\u00e9coulent.<\/li>\n<\/ul>\n\n\n\n<br>\n\n\n\n<h3 class=\"wp-block-heading\">LE PARTAGE DE DONN\u00c9ES \u00c0 CARACT\u00c8RE PERSONNEL AVEC DES TIERS<\/h3>\n\n\n\n<br>\n\n\n\n<p>Nous ne partageons vos donn\u00e9es avec des tiers que lorsque la l\u00e9gislation en vigueur le permet. Dans certains cas, nous fournissons vos donn\u00e9es personnelles \u00e0 des tiers pour les raisons suivantes :<\/p>\n\n\n\n<ul class=\"wp-block-list\">\n<li>Nous les avons engag\u00e9s pour traiter certaines donn\u00e9es en notre nom ;<\/li>\n\n\n\n<li>Il est n\u00e9cessaire de respecter l'accord conclu avec vous ;<\/li>\n\n\n\n<li>Vous avez donn\u00e9 votre accord \u00e0 cet effet ;<\/li>\n\n\n\n<li>Nous avons un int\u00e9r\u00eat l\u00e9gitime \u00e0 le faire ;<\/li>\n\n\n\n<li>Nous sommes l\u00e9galement tenus de le faire (par exemple, si la police l'exige en cas de suspicion de crime).<\/li>\n<\/ul>\n\n\n\n<p>Les parties qui traitent les donn\u00e9es \u00e0 caract\u00e8re personnel en notre nom ou en votre nom sont les suivantes :<\/p>\n\n\n\n<ul class=\"wp-block-list\">\n<li>Fournisseurs de cookies<\/li>\n\n\n\n<li>Fournisseurs et prestataires de services informatiques<\/li>\n\n\n\n<li>Notre plateforme de commerce \u00e9lectronique h\u00e9berg\u00e9e<\/li>\n\n\n\n<li>Outils d'examen et d'\u00e9valuation en ligne<\/li>\n\n\n\n<li>Service de livraison<\/li>\n\n\n\n<li>Prestataires de services de paiement (et agences de recouvrement)<\/li>\n\n\n\n<li>Consultants<\/li>\n\n\n\n<li>Organisations et lieux d'\u00e9v\u00e9nements<\/li>\n<\/ul>\n\n\n\n<p>Pour fournir nos services, nous pouvons partager vos donn\u00e9es personnelles avec des parties situ\u00e9es en dehors de l'Espace \u00e9conomique europ\u00e9en (EEE). Nous ne le faisons que si un niveau de protection ad\u00e9quat est assur\u00e9 pour le traitement des donn\u00e9es \u00e0 caract\u00e8re personnel. Cela peut inclure l'utilisation d'une clause contractuelle standard de la Commission europ\u00e9enne ou la conclusion d'accords sp\u00e9cifiques sur le traitement des donn\u00e9es \u00e0 caract\u00e8re personnel.<\/p>\n\n\n\n<br>\n\n\n\n<hr class=\"wp-block-separator has-text-color has-alpha-channel-opacity has-background\" style=\"background-color:#1ab7ea;color:#1ab7ea\"\/>\n\n\n\n<br>\n\n\n\n<h3 class=\"wp-block-heading\">BASE JURIDIQUE DU TRAITEMENT<\/h3>\n\n\n\n<br>\n\n\n\n<p>Nous traitons vos donn\u00e9es personnelles sur la base d'un ou de plusieurs des motifs juridiques suivants :<\/p>\n\n\n\n<p>Int\u00e9r\u00eat l\u00e9gitime : nous pouvons traiter vos donn\u00e9es lorsque cela est n\u00e9cessaire aux fins de nos int\u00e9r\u00eats l\u00e9gitimes, tels que l'am\u00e9lioration de nos services, le maintien des relations commerciales et la garantie de la s\u00e9curit\u00e9 de nos syst\u00e8mes.<\/p>\n\n\n\n<p>Consentement : dans les cas o\u00f9 nous nous appuyons sur votre consentement, nous ne traiterons vos donn\u00e9es \u00e0 caract\u00e8re personnel qu'apr\u00e8s avoir obtenu votre consentement clair et explicite. Vous avez le droit de retirer votre consentement \u00e0 tout moment.<\/p>\n\n\n\n<p>Obligation l\u00e9gale : nous pouvons traiter vos donn\u00e9es pour nous conformer \u00e0 des obligations l\u00e9gales, telles que le respect des exigences en mati\u00e8re de conservation des donn\u00e9es fiscales ou la r\u00e9ponse \u00e0 des demandes l\u00e9gales \u00e9manant des autorit\u00e9s publiques.<\/p>\n\n\n\n<p>Ex\u00e9cution d'un contrat : nous traitons vos donn\u00e9es lorsqu'il est n\u00e9cessaire d'ex\u00e9cuter les termes d'un contrat, comme la fourniture d'un service ou la livraison d'un produit que vous avez demand\u00e9.<\/p>\n\n\n\n<p>Int\u00e9r\u00eats vitaux : Dans de rares cas, nous pouvons traiter vos donn\u00e9es pour prot\u00e9ger vos int\u00e9r\u00eats vitaux ou ceux d'une autre personne, par exemple dans des situations d'urgence o\u00f9 la vie ou la sant\u00e9 est en danger.<\/p>\n\n\n\n<br>\n\n\n\n<hr class=\"wp-block-separator has-text-color has-alpha-channel-opacity has-background\" style=\"background-color:#1ab7ea;color:#1ab7ea\"\/>\n\n\n\n<br>\n\n\n\n<h3 class=\"wp-block-heading\">LES INFORMATIONS PUBLIQUES ET LES SITES WEB DE TIERS<\/h3>\n\n\n\n<br>\n\n\n\n<h5 class=\"wp-block-heading\">Blog<\/h5>\n\n\n\n<p>Nos sites web peuvent contenir des blogs publics. Toute information que vous incluez dans un commentaire sur notre blog peut \u00eatre lue, collect\u00e9e et utilis\u00e9e par n'importe qui.<\/p>\n\n\n\n<br>\n\n\n\n<h5 class=\"wp-block-heading\">Plateformes de m\u00e9dias sociaux et widgets<\/h5>\n\n\n\n<p>Nos sites web peuvent inclure des fonctionnalit\u00e9s de m\u00e9dias sociaux qui collectent des informations sur votre adresse IP et la page que vous visitez. Vos interactions avec ces fonctionnalit\u00e9s sont r\u00e9gies par les politiques de confidentialit\u00e9 des plateformes respectives.<\/p>\n\n\n\n<br>\n\n\n\n<h5 class=\"wp-block-heading\">Liens vers des sites web de tiers<\/h5>\n\n\n\n<p>Nos sites web peuvent contenir des liens vers d'autres sites web. Leurs pratiques en mati\u00e8re de protection de la vie priv\u00e9e peuvent diff\u00e9rer des n\u00f4tres et nous vous encourageons \u00e0 lire leurs politiques de protection de la vie priv\u00e9e.<\/p>\n\n\n\n<br>\n\n\n\n<hr class=\"wp-block-separator has-text-color has-alpha-channel-opacity has-background\" style=\"background-color:#1ab7ea;color:#1ab7ea\"\/>\n\n\n\n<br>\n\n\n\n<h3 class=\"wp-block-heading\">S\u00c9CURIT\u00c9<\/h3>\n\n\n\n<br>\n\n\n\n<p>Nous accordons la priorit\u00e9 \u00e0 la s\u00e9curit\u00e9 de vos informations personnelles et adoptons une approche globale pour les prot\u00e9ger contre l'acc\u00e8s, la modification, la divulgation ou la destruction non autoris\u00e9s. Nous mettons en \u0153uvre une s\u00e9rie de mesures de s\u00e9curit\u00e9 techniques, administratives et physiques pour prot\u00e9ger vos donn\u00e9es.  Vous trouverez ci-dessous les principales pratiques de s\u00e9curit\u00e9 que nous suivons :<\/p>\n\n\n\n<br>\n\n\n\n<h5 class=\"wp-block-heading\"><a><\/a>Cryptage<\/h5>\n\n\n\n<ul class=\"wp-block-list\">\n<li><strong>Donn\u00e9es en transit et au repos :<\/strong> Nous utilisons le cryptage pour prot\u00e9ger vos informations lors de leur transmission sur Internet et lorsqu'elles sont stock\u00e9es sur nos serveurs.<\/li>\n<\/ul>\n\n\n\n<h5 class=\"wp-block-heading\"><a><\/a>Contr\u00f4le d'acc\u00e8s<\/h5>\n\n\n\n<ul class=\"wp-block-list\">\n<li><strong>Acc\u00e8s bas\u00e9 sur les r\u00f4les :<\/strong> L'acc\u00e8s aux donn\u00e9es personnelles est limit\u00e9 au personnel autoris\u00e9 en fonction de ses responsabilit\u00e9s professionnelles.<\/li>\n\n\n\n<li><strong>Authentification :<\/strong> Nous mettons en \u0153uvre une authentification forte, y compris des politiques de mot de passe et une authentification \u00e0 deux facteurs (2FA), afin d'emp\u00eacher tout acc\u00e8s non autoris\u00e9.<\/li>\n<\/ul>\n\n\n\n<h5 class=\"wp-block-heading\"><a><\/a>Contr\u00f4le et audit<\/h5>\n\n\n\n<ul class=\"wp-block-list\">\n<li><strong>Journaux et d\u00e9tection d'intrusion :<\/strong> Nous surveillons l'activit\u00e9 des utilisateurs et le trafic sur le r\u00e9seau, en examinant r\u00e9guli\u00e8rement les journaux et en utilisant des syst\u00e8mes de d\u00e9tection d'intrusion pour rep\u00e9rer et traiter les menaces potentielles.<\/li>\n<\/ul>\n\n\n\n<h5 class=\"wp-block-heading\"><a><\/a>\u00c9valuations de s\u00e9curit\u00e9<\/h5>\n\n\n\n<ul class=\"wp-block-list\">\n<li><strong>Analyse de la vuln\u00e9rabilit\u00e9 et tests de p\u00e9n\u00e9tration :<\/strong> Nous proc\u00e9dons r\u00e9guli\u00e8rement \u00e0 des analyses de vuln\u00e9rabilit\u00e9 et faisons appel \u00e0 des experts tiers pour tester nos syst\u00e8mes afin d'en d\u00e9celer les faiblesses.<\/li>\n\n\n\n<li><strong>Gestion des correctifs :<\/strong> Nous appliquons rapidement les correctifs de s\u00e9curit\u00e9 afin de maintenir nos syst\u00e8mes \u00e0 jour.<\/li>\n<\/ul>\n\n\n\n<h5 class=\"wp-block-heading\"><a><\/a>Pratiques de d\u00e9veloppement s\u00e9curis\u00e9es<\/h5>\n\n\n\n<ul class=\"wp-block-list\">\n<li><strong>Examens et tests du code :<\/strong> Nous suivons des pratiques de codage s\u00e9curis\u00e9es, en proc\u00e9dant \u00e0 des examens du code et \u00e0 des tests rigoureux afin de minimiser les vuln\u00e9rabilit\u00e9s.<\/li>\n<\/ul>\n\n\n\n<h5 class=\"wp-block-heading\"><a><\/a>Minimisation et conservation des donn\u00e9es<\/h5>\n\n\n\n<ul class=\"wp-block-list\">\n<li><strong>Minimisation :<\/strong> Nous ne collectons que les donn\u00e9es n\u00e9cessaires \u00e0 des fins sp\u00e9cifiques et ne les conservons que le temps n\u00e9cessaire.<\/li>\n\n\n\n<li><strong>R\u00e9tention :<\/strong> Lorsqu'elles ne sont plus n\u00e9cessaires, les donn\u00e9es sont supprim\u00e9es en toute s\u00e9curit\u00e9 ou rendues anonymes.<\/li>\n<\/ul>\n\n\n\n<h5 class=\"wp-block-heading\"><a><\/a>R\u00e9ponse aux incidents<\/h5>\n\n\n\n<ul class=\"wp-block-list\">\n<li><strong>Gestion des incidents :<\/strong> Nous disposons d'un plan d'intervention d\u00e9taill\u00e9 en cas de violation des donn\u00e9es, y compris des proc\u00e9dures de notification conformes aux exigences l\u00e9gales.<\/li>\n<\/ul>\n\n\n\n<h5 class=\"wp-block-heading\"><a><\/a>Formation et sensibilisation<\/h5>\n\n\n\n<ul class=\"wp-block-list\">\n<li><strong>Formation des employ\u00e9s :<\/strong> Notre personnel suit r\u00e9guli\u00e8rement des formations sur la s\u00e9curit\u00e9, notamment sur la sensibilisation \u00e0 l'hame\u00e7onnage et la pr\u00e9vention de l'ing\u00e9nierie sociale.<\/li>\n<\/ul>\n\n\n\n<h5 class=\"wp-block-heading\"><a><\/a>S\u00e9curit\u00e9 physique<\/h5>\n\n\n\n<ul class=\"wp-block-list\">\n<li><strong>S\u00e9curit\u00e9 des centres de donn\u00e9es et des bureaux :<\/strong> Nos serveurs sont h\u00e9berg\u00e9s dans des centres de donn\u00e9es s\u00e9curis\u00e9s, dot\u00e9s de mesures de s\u00e9curit\u00e9 physique strictes, et l'acc\u00e8s \u00e0 nos bureaux est limit\u00e9.<\/li>\n<\/ul>\n\n\n\n<h5 class=\"wp-block-heading\"><a><\/a>S\u00e9curit\u00e9 des tiers<\/h5>\n\n\n\n<ul class=\"wp-block-list\">\n<li><strong>Gestion des fournisseurs :<\/strong> Nous veillons \u00e0 ce que les fournisseurs tiers respectent nos normes de s\u00e9curit\u00e9 et se conforment aux exigences l\u00e9gales par le biais d'accords sur le traitement des donn\u00e9es.<\/li>\n<\/ul>\n\n\n\n<p>Si vous avez des inqui\u00e9tudes ou si vous soup\u00e7onnez un acc\u00e8s non autoris\u00e9 \u00e0 votre compte, veuillez nous contacter imm\u00e9diatement.<\/p>\n\n\n\n<br>\n\n\n\n<hr class=\"wp-block-separator has-text-color has-alpha-channel-opacity has-background\" style=\"background-color:#1ab7ea;color:#1ab7ea\"\/>\n\n\n\n<br>\n\n\n\n<h3 class=\"wp-block-heading\">L'EXACTITUDE DES DONN\u00c9ES ET LA TRANSPARENCE<\/h3>\n\n\n\n<br>\n\n\n\n<p>Nous nous effor\u00e7ons de maintenir vos donn\u00e9es exactes et \u00e0 jour. Il vous incombe de nous informer de toute modification de vos informations. Nous conserverons vos informations aussi longtemps que votre compte sera actif ou aussi longtemps que n\u00e9cessaire pour fournir nos services et\/ou nous conformer \u00e0 des obligations l\u00e9gales, par exemple en raison de la p\u00e9riode de conservation fiscale de sept ans.<\/p>\n\n\n\n<br>\n\n\n\n<hr class=\"wp-block-separator has-text-color has-alpha-channel-opacity has-background\" style=\"background-color:#1ab7ea;color:#1ab7ea\"\/>\n\n\n\n<br>\n\n\n\n<h3 class=\"wp-block-heading\">QUESTIONS ET PR\u00c9OCCUPATIONS<\/h3>\n\n\n\n<br>\n\n\n\n<p>Si vous avez des questions, des commentaires ou des pr\u00e9occupations, ou si vous souhaitez mettre \u00e0 jour, supprimer ou modifier toute information personnelle que nous d\u00e9tenons, veuillez nous contacter \u00e0 l'adresse privacy@jifeline.com ou utiliser notre formulaire de contact. Toutefois, si vous estimez que nous ne vous aidons pas correctement, vous pouvez contacter le bureau de la Commission europ\u00e9enne \u00e0 l'adresse suivante <a href=\"https:\/\/autoriteitpersoonsgegevens.nl\/nl\/contact-met-de-autoriteit-persoonsgegevens\/tip-ons\" target=\"_blank\" rel=\"noopener\">Autorit\u00e9 n\u00e9erlandaise de protection des donn\u00e9es<\/a> (Autorit\u00e9 des donn\u00e9es personnelles) pour d\u00e9poser une plainte.<\/p>\n\n\n\n<br>\n\n\n\n<hr class=\"wp-block-separator has-text-color has-alpha-channel-opacity has-background\" style=\"background-color:#1ab7ea;color:#1ab7ea\"\/>\n\n\n\n<br>\n\n\n\n<h3 class=\"wp-block-heading\">CHANGEMENTS<\/h3>\n\n\n\n<br>\n\n\n\n<p>Nous pouvons mettre \u00e0 jour la pr\u00e9sente politique de confidentialit\u00e9 de temps \u00e0 autre. La derni\u00e8re version de la politique de confidentialit\u00e9 sera refl\u00e9t\u00e9e par la date figurant au bas de cette page. Toute mise \u00e0 jour ou modification entrera en vigueur imm\u00e9diatement apr\u00e8s notification, que nous pouvons fournir en publiant la politique r\u00e9vis\u00e9e sur notre site web. Nous vous encourageons \u00e0 consulter r\u00e9guli\u00e8rement la pr\u00e9sente politique de confidentialit\u00e9 afin de rester inform\u00e9 de tout changement susceptible de vous concerner. En continuant \u00e0 utiliser notre site web ou nos services, vous acceptez la politique de confidentialit\u00e9 mise \u00e0 jour.<\/p>\n\n\n\n<br>\n\n\n\n<hr class=\"wp-block-separator has-text-color has-alpha-channel-opacity has-background\" style=\"background-color:#1ab7ea;color:#1ab7ea\"\/>\n\n\n\n<br>\n\n\n\n<p>Jifeline Networks B.V.<br>Zweihaak 1<br>4251 LT Werkendam<br>Les Pays-Bas<\/p>\n\n\n\n<p>privacy@jifeline.com<br>www.jifeline.com<\/p>","protected":false},"excerpt":{"rendered":"<p>PRIVACY POLICY Thank you for using the Jifeline infrastructure through us or through our designated partners, or for visiting our website(s). This policy explains the information we collect, how and why we collect it, and how we use and disclose it. We take your privacy very seriously and never sell your personal information, including email [&hellip;]<\/p>\n","protected":false},"author":1,"featured_media":4551,"parent":0,"menu_order":0,"comment_status":"closed","ping_status":"closed","template":"","meta":{"footnotes":""},"soort-pagina":[35],"class_list":["post-1915","page","type-page","status-publish","has-post-thumbnail","hentry","soort-pagina-standaard-contentpagina"],"_links":{"self":[{"href":"https:\/\/jifeline.net\/fr\/wp-json\/wp\/v2\/pages\/1915","targetHints":{"allow":["GET"]}}],"collection":[{"href":"https:\/\/jifeline.net\/fr\/wp-json\/wp\/v2\/pages"}],"about":[{"href":"https:\/\/jifeline.net\/fr\/wp-json\/wp\/v2\/types\/page"}],"author":[{"embeddable":true,"href":"https:\/\/jifeline.net\/fr\/wp-json\/wp\/v2\/users\/1"}],"replies":[{"embeddable":true,"href":"https:\/\/jifeline.net\/fr\/wp-json\/wp\/v2\/comments?post=1915"}],"version-history":[{"count":5,"href":"https:\/\/jifeline.net\/fr\/wp-json\/wp\/v2\/pages\/1915\/revisions"}],"predecessor-version":[{"id":5010,"href":"https:\/\/jifeline.net\/fr\/wp-json\/wp\/v2\/pages\/1915\/revisions\/5010"}],"wp:featuredmedia":[{"embeddable":true,"href":"https:\/\/jifeline.net\/fr\/wp-json\/wp\/v2\/media\/4551"}],"wp:attachment":[{"href":"https:\/\/jifeline.net\/fr\/wp-json\/wp\/v2\/media?parent=1915"}],"wp:term":[{"taxonomy":"soort-pagina","embeddable":true,"href":"https:\/\/jifeline.net\/fr\/wp-json\/wp\/v2\/soort-pagina?post=1915"}],"curies":[{"name":"wp","href":"https:\/\/api.w.org\/{rel}","templated":true}]}}