{"id":31,"date":"2023-10-27T19:48:46","date_gmt":"2023-10-27T17:48:46","guid":{"rendered":"https:\/\/jifeline.net\/?page_id=31"},"modified":"2024-09-23T16:42:15","modified_gmt":"2024-09-23T14:42:15","slug":"a-propos-de-nous","status":"publish","type":"page","link":"https:\/\/jifeline.net\/fr\/over-ons\/","title":{"rendered":"A propos de nous"},"content":{"rendered":"<h3 class=\"wp-block-heading\">Vision progressive<\/h3>\n\n\n\n<p>En 2012, Jifeline a \u00e9t\u00e9 fond\u00e9e avec la vision progressive de r\u00e9volutionner l'industrie automobile dans le domaine du t\u00e9l\u00e9diagnostic.<\/p>\n\n\n\n<p>L'\u00e9volution rapide des technologies dans l'industrie automobile a fait na\u00eetre le besoin d'une solution permettant aux garages de r\u00e9soudre \u00e0 distance les probl\u00e8mes de diagnostic, de codage et de programmation.<\/p>\n\n\n\n<br>\n\n\n\n<hr class=\"wp-block-separator has-text-color has-alpha-channel-opacity has-background\" style=\"background-color:#27b7ea;color:#27b7ea\"\/>\n\n\n\n<br>\n\n\n\n<h3 class=\"wp-block-heading\">Mettre l'accent sur l'innovation<\/h3>\n\n\n\n<p>En mettant l'accent sur l'innovation et la technologie, Jifeline a d\u00e9velopp\u00e9 une infrastructure unique et solide qui permet d'effectuer des diagnostics \u00e0 distance sans que le v\u00e9hicule ne doive quitter l'atelier.<\/p>\n\n\n\n<p>Une solution \u00e9conomique a vu le jour : l'achat unique du mat\u00e9riel de l'interface \u00e0 distance Jifeline suffit et l'utilisateur de Jifeline ne paie que pour les services qu'il utilise effectivement.<\/p>\n\n\n\n<br>\n\n\n\n<hr class=\"wp-block-separator has-text-color has-alpha-channel-opacity has-background\" style=\"background-color:#27b7ea;color:#27b7ea\"\/>\n\n\n\n<br>\n\n\n\n<h3 class=\"wp-block-heading\">La naissance de Jifeline Networks<\/h3>\n\n\n\n<p>Le succ\u00e8s grandissant et la demande croissante des parties internationales et des sp\u00e9cialistes des v\u00e9hicules de pouvoir \u00e9galement utiliser cette technologie ont conduit \u00e0 la cr\u00e9ation de Jifeline Networks en 2018. L'infrastructure est mise \u00e0 la disposition de partenaires qui peuvent l'utiliser pour desservir leurs propres sites ou clients. Cela est \u00e9galement possible sous le propre label du partenaire, ce qui fait \u00e9galement de Jifeline Networks un outil de marketing important. <\/p>\n\n\n\n<br>\n\n\n\n<hr class=\"wp-block-separator has-text-color has-alpha-channel-opacity has-background\" style=\"background-color:#27b7ea;color:#27b7ea\"\/>\n\n\n\n<br>\n\n\n\n<h3 class=\"wp-block-heading\">L'avenir<\/h3>\n\n\n\n<p>Depuis, Jifeline Networks est devenu un r\u00e9seau mondial comptant plus de 150 partenaires. Les partenaires disposent d'une plateforme unique sur laquelle le travail peut \u00e9galement \u00eatre sous-trait\u00e9 \u00e0 d'autres partenaires au sein du r\u00e9seau. Cette coop\u00e9ration et ce partage des connaissances permettent aux partenaires de b\u00e9n\u00e9ficier de l'expertise des autres, sans avoir \u00e0 acqu\u00e9rir eux-m\u00eames ces connaissances sp\u00e9cifiques. Ce r\u00e9seau continuera \u00e0 se d\u00e9velopper \u00e0 l'avenir.<\/p>\n\n\n\n<br>\n\n\n\n<hr class=\"wp-block-separator has-text-color has-alpha-channel-opacity has-background\" style=\"background-color:#27b7ea;color:#27b7ea\"\/>\n\n\n\n<br>","protected":false},"excerpt":{"rendered":"<p>Vooruitstrevende visie In 2012 werd Jifeline opgericht met de vooruitstrevende visie om een revolutie teweeg te gaan brengen in de auto-industrie op het gebied van remote diagnose. Door de snelle technologische ontwikkelingen binnen de auto-industrie ontstond de behoefte aan een oplossing die garagebedrijven in staat stelde om diagnose-, codeer- en programmeerproblemen op afstand op te [&hellip;]<\/p>\n","protected":false},"author":1,"featured_media":4183,"parent":0,"menu_order":0,"comment_status":"closed","ping_status":"closed","template":"","meta":{"footnotes":""},"soort-pagina":[],"class_list":["post-31","page","type-page","status-publish","has-post-thumbnail","hentry"],"_links":{"self":[{"href":"https:\/\/jifeline.net\/fr\/wp-json\/wp\/v2\/pages\/31","targetHints":{"allow":["GET"]}}],"collection":[{"href":"https:\/\/jifeline.net\/fr\/wp-json\/wp\/v2\/pages"}],"about":[{"href":"https:\/\/jifeline.net\/fr\/wp-json\/wp\/v2\/types\/page"}],"author":[{"embeddable":true,"href":"https:\/\/jifeline.net\/fr\/wp-json\/wp\/v2\/users\/1"}],"replies":[{"embeddable":true,"href":"https:\/\/jifeline.net\/fr\/wp-json\/wp\/v2\/comments?post=31"}],"version-history":[{"count":5,"href":"https:\/\/jifeline.net\/fr\/wp-json\/wp\/v2\/pages\/31\/revisions"}],"predecessor-version":[{"id":4975,"href":"https:\/\/jifeline.net\/fr\/wp-json\/wp\/v2\/pages\/31\/revisions\/4975"}],"wp:featuredmedia":[{"embeddable":true,"href":"https:\/\/jifeline.net\/fr\/wp-json\/wp\/v2\/media\/4183"}],"wp:attachment":[{"href":"https:\/\/jifeline.net\/fr\/wp-json\/wp\/v2\/media?parent=31"}],"wp:term":[{"taxonomy":"soort-pagina","embeddable":true,"href":"https:\/\/jifeline.net\/fr\/wp-json\/wp\/v2\/soort-pagina?post=31"}],"curies":[{"name":"wp","href":"https:\/\/api.w.org\/{rel}","templated":true}]}}