{"id":34,"date":"2023-10-27T19:49:04","date_gmt":"2023-10-27T17:49:04","guid":{"rendered":"https:\/\/jifeline.net\/?page_id=34"},"modified":"2026-01-21T12:32:02","modified_gmt":"2026-01-21T11:32:02","slug":"creer-son-propre-reseau","status":"publish","type":"page","link":"https:\/\/jifeline.net\/fr\/creeer-uw-eigen-netwerk\/","title":{"rendered":"Cr\u00e9ez votre propre r\u00e9seau"},"content":{"rendered":"<h3>Devenir partenaire<\/h3>\n<p>Devenir partenaire de Jifeline Networks est facile. Les principales \u00e9tapes \u00e0 franchir sont d'ordre organisationnel :\u00a0<\/p>\n\n\n<ul class=\"wp-block-list\">\n<li>Veillez \u00e0 ce que vos meilleurs sp\u00e9cialistes du diagnostic disposent de leur propre site central.<\/li>\n\n\n\n<li>Les sp\u00e9cialistes de votre centre de diagnostic re\u00e7oivent alors l'infrastructure Jifeline. Il s'agit d'une \"interface locale\" avec un tableau de bord personnalis\u00e9.<\/li>\n\n\n\n<li>Les m\u00e9caniciens des entreprises membres disposent d'une \"interface \u00e0 distance\", un appareil Jifeline qui est connect\u00e9 au v\u00e9hicule via la prise OBD2.<\/li>\n<\/ul>\n\n\n\n<p>Une fois que le m\u00e9canicien a cr\u00e9\u00e9 un ticket \u00e0 l'aide de l'interface \u00e0 distance, le sp\u00e9cialiste peut prendre en charge le v\u00e9hicule. Le sp\u00e9cialiste connecte \u00e0 distance l'appareil de diagnostic requis \u00e0 son interface locale et le codage\/la programmation peut commencer.<\/p>\n\n\n\n<br>\n\n\n\n<hr class=\"wp-block-separator has-text-color has-alpha-channel-opacity has-background\" style=\"background-color:#1ab7ea;color:#1ab7ea\"\/>\n\n\n\n<br>\n\n\n\n<h3 class=\"wp-block-heading\">Gr\u00e2ce au r\u00e9seau, vous pouvez<\/h3>\n\n\n\n<ul class=\"wp-block-list\">\n<li>Effectuer le diagnostic, le codage ou la programmation des v\u00e9hicules \u00e9quip\u00e9s d'un connecteur OBDII<\/li>\n\n\n\n<li>Soutenez vos propres clients ou collaborez avec un autre partenaire Jifeline pour soutenir ses clients.<\/li>\n\n\n\n<li>Demander l'aide d'un autre partenaire si vous ne pouvez pas (ou ne voulez pas) effectuer un certain service vous-m\u00eame.<\/li>\n\n\n\n<li>Travail \u00e0 distance sur des v\u00e9hicules dans toute l'Europe - via un r\u00e9seau stable et s\u00e9curis\u00e9<\/li>\n\n\n\n<li>Utilisation de diff\u00e9rents fichiers journaux pour mieux comprendre les encodages r\u00e9els<\/li>\n\n\n\n<li>Utilisation de fonctions automatis\u00e9es via des scripts de programmation pour aider vos clients de mani\u00e8re tr\u00e8s rentable<\/li>\n<\/ul>\n\n\n\n<br>\n\n\n\n<hr class=\"wp-block-separator has-text-color has-alpha-channel-opacity has-background\" style=\"background-color:#1ab7ea;color:#1ab7ea\"\/>\n\n\n\n<br>\n\n\n\n<h3 class=\"wp-block-heading\">De quoi avez-vous besoin ? <\/h3>\n\n\n\n<p>Pour utiliser notre r\u00e9seau, il faut du mat\u00e9riel. Du c\u00f4t\u00e9 du garagiste, il s'agit de ce que l'on appelle le \"remote\", et du c\u00f4t\u00e9 du service d'assistance \u00e0 distance, il s'agit du serveur local. Les serveurs locaux sont disponibles en diff\u00e9rentes versions, de sorte qu'il existe une solution adapt\u00e9e \u00e0 chaque partenaire :<\/p>\n\n\n\n<ul class=\"wp-block-list\">\n<li><strong>Bo\u00eetier du serveur Local-1 :<\/strong> Facile \u00e0 d\u00e9placer pour travailler \u00e0 domicile ou dans un autre bureau.<\/li>\n\n\n\n<li>L<strong>Bo\u00eetier de serveur ocal-4 :<\/strong> Convient pour un bureau, avec la possibilit\u00e9 de travailler sur 4 v\u00e9hicules simultan\u00e9ment.<\/li>\n\n\n\n<li><strong>Bo\u00eetier de serveur Local-10 (rack 19 pouces) :<\/strong> Cela vous permet de placer des outils de diagnostic dans votre salle de serveurs et de commencer \u00e0 travailler \u00e0 distance.<\/li>\n<\/ul>\n\n\n\n<br>\n\n\n\n<div class=\"wp-block-media-text is-stacked-on-mobile is-vertically-aligned-center\"><figure class=\"wp-block-media-text__media\"><img fetchpriority=\"high\" decoding=\"async\" width=\"1024\" height=\"1024\" src=\"https:\/\/jifeline.net\/wp-content\/uploads\/2024\/09\/local-server-1-1024x1024.png\" alt=\"Local 4\" class=\"wp-image-4454 size-full\" srcset=\"https:\/\/jifeline.net\/wp-content\/uploads\/2024\/09\/local-server-1-1024x1024.png 1024w, https:\/\/jifeline.net\/wp-content\/uploads\/2024\/09\/local-server-1-300x300.png 300w, https:\/\/jifeline.net\/wp-content\/uploads\/2024\/09\/local-server-1-150x150.png 150w, https:\/\/jifeline.net\/wp-content\/uploads\/2024\/09\/local-server-1-768x768.png 768w, https:\/\/jifeline.net\/wp-content\/uploads\/2024\/09\/local-server-1-12x12.png 12w, https:\/\/jifeline.net\/wp-content\/uploads\/2024\/09\/local-server-1.png 1500w\" sizes=\"(max-width: 1024px) 100vw, 1024px\" \/><\/figure><div class=\"wp-block-media-text__content\">\n<p>Le paquet de d\u00e9marrage comprend un tableau de bord personnalis\u00e9 incluant un bo\u00eetier de serveur local avec au moins un module local. Ce dernier vous permet d'\u00e9tablir une connexion s\u00e9curis\u00e9e avec l'autre partie de l'infrastructure, l'\"interface \u00e0 distance\". Ces deux composants vous permettent d'acc\u00e9der aux r\u00e9seaux du v\u00e9hicule.<\/p>\n<\/div><\/div>\n\n\n\n<br>\n\n\n\n<br>\n\n\n\n<hr class=\"wp-block-separator has-text-color has-alpha-channel-opacity has-background\" style=\"background-color:#1ab7ea;color:#1ab7ea\"\/>\n\n\n\n<br>\n\n\n\n<h3 class=\"wp-block-heading\">Acc\u00e9der \u00e0 un large \u00e9ventail d'outils et de connaissances<\/h3>\n\n\n\n<p>Avec plus de 150 partenaires internationaux, Jifeline Networks est un v\u00e9ritable r\u00e9seau mondial. Les partenaires b\u00e9n\u00e9ficient de l'expertise de chacun et peuvent facilement \u00e9changer des missions de diagnostic et de programmation par l'interm\u00e9diaire de la plateforme Jifeline. Ce caract\u00e8re international garantit que les partenaires ont acc\u00e8s \u00e0 un large \u00e9ventail de connaissances et d'outils, ind\u00e9pendamment de leur situation g\u00e9ographique ou de leurs ressources.<\/p>\n\n\n\n<br>\n\n\n\n<hr class=\"wp-block-separator has-text-color has-alpha-channel-opacity has-background\" style=\"background-color:#1ab7ea;color:#1ab7ea\"\/>\n\n\n\n<br>\n\n\n\n<h3 class=\"wp-block-heading\">Travailler avec d'autres partenaires<\/h3>\n\n\n\n<p>Une caract\u00e9ristique unique est la possibilit\u00e9 d'externaliser les tickets vers d'autres partenaires Jifeline. Il y a parfois des probl\u00e8mes pour lesquels vos propres sp\u00e9cialistes en diagnostic n'ont pas de solution. Il est alors agr\u00e9able de savoir que vous pouvez faire appel aux dizaines d'autres partenaires de Jifeline Networks. Gr\u00e2ce au r\u00e9seau, il y a toujours un sp\u00e9cialiste qui peut r\u00e9soudre le probl\u00e8me pour vous. Bien entendu, c'est vous qui d\u00e9cidez avec quels partenaires vous souhaitez travailler ou non. <\/p>\n\n\n\n<br>\n\n\n\n<hr class=\"wp-block-separator has-text-color has-alpha-channel-opacity has-background is-style-default\" style=\"background-color:#1ab7ea;color:#1ab7ea\"\/>\n\n\n\n<br>\n\n\n\n<h3 class=\"wp-block-heading\">Services automatis\u00e9s<\/h3>\n\n\n\n<p>Jifeline d\u00e9veloppe des scripts internes qui acc\u00e9l\u00e8rent consid\u00e9rablement la programmation courante et complexe. Par exemple, l'apprentissage des attelages et des cl\u00e9s pour certains mod\u00e8les de voitures devient une question de secondes.<\/p>\n\n\n\n<br>\n\n\n\n<hr class=\"wp-block-separator has-text-color has-alpha-channel-opacity has-background\" style=\"background-color:#1ab7ea;color:#1ab7ea\"\/>","protected":false},"excerpt":{"rendered":"<p>Partner worden Partner worden van Jifeline Networks is eenvoudig. De belangrijkste stappen die u moet zetten zijn organisatorisch:\u00a0 Nadat de monteur met de remote interface een ticket heeft aangemaakt, kan de specialist het voertuig overnemen. De specialist koppelt op afstand het benodigde diagnoseapparaat aan zijn local interface en het coderen\/programmeren kan beginnen. Via het netwerk [&hellip;]<\/p>\n","protected":false},"author":1,"featured_media":4534,"parent":0,"menu_order":0,"comment_status":"closed","ping_status":"closed","template":"","meta":{"footnotes":""},"soort-pagina":[],"class_list":["post-34","page","type-page","status-publish","has-post-thumbnail","hentry"],"_links":{"self":[{"href":"https:\/\/jifeline.net\/fr\/wp-json\/wp\/v2\/pages\/34","targetHints":{"allow":["GET"]}}],"collection":[{"href":"https:\/\/jifeline.net\/fr\/wp-json\/wp\/v2\/pages"}],"about":[{"href":"https:\/\/jifeline.net\/fr\/wp-json\/wp\/v2\/types\/page"}],"author":[{"embeddable":true,"href":"https:\/\/jifeline.net\/fr\/wp-json\/wp\/v2\/users\/1"}],"replies":[{"embeddable":true,"href":"https:\/\/jifeline.net\/fr\/wp-json\/wp\/v2\/comments?post=34"}],"version-history":[{"count":5,"href":"https:\/\/jifeline.net\/fr\/wp-json\/wp\/v2\/pages\/34\/revisions"}],"predecessor-version":[{"id":5256,"href":"https:\/\/jifeline.net\/fr\/wp-json\/wp\/v2\/pages\/34\/revisions\/5256"}],"wp:featuredmedia":[{"embeddable":true,"href":"https:\/\/jifeline.net\/fr\/wp-json\/wp\/v2\/media\/4534"}],"wp:attachment":[{"href":"https:\/\/jifeline.net\/fr\/wp-json\/wp\/v2\/media?parent=34"}],"wp:term":[{"taxonomy":"soort-pagina","embeddable":true,"href":"https:\/\/jifeline.net\/fr\/wp-json\/wp\/v2\/soort-pagina?post=34"}],"curies":[{"name":"wp","href":"https:\/\/api.w.org\/{rel}","templated":true}]}}