{"id":3819,"date":"2024-08-21T15:32:12","date_gmt":"2024-08-21T13:32:12","guid":{"rendered":"https:\/\/jifeline.net\/?page_id=3819"},"modified":"2026-01-21T12:45:59","modified_gmt":"2026-01-21T11:45:59","slug":"openobd","status":"publish","type":"page","link":"https:\/\/jifeline.net\/fr\/openobd\/","title":{"rendered":"OpenOBD"},"content":{"rendered":"<h2 class=\"wp-block-heading has-text-color has-link-color wp-elements-9f76a00341eecb691e1eb61efa21cffe\" style=\"color:#e50d6d\">Qu'est-ce que l'openOBD ? <\/h2>\n\n\n\n<p>Ouvrez la voie \u00e0 une nouvelle \u00e8re de diagnostics \u00e0 distance avec openOBD. D\u00e9couvrez le potentiel de l'openOBD pour faire passer vos diagnostics \u00e0 distance au niveau sup\u00e9rieur. Avec openOBD, vous pouvez vous connecter directement au port OBD2 d'un v\u00e9hicule en utilisant l'infrastructure de Jifeline Networks. Cela vous permet de cr\u00e9er des proc\u00e9dures de diagnostic automatis\u00e9es (fonctions automatis\u00e9es) dans la langue de votre choix. Vous pouvez ainsi simplifier les proc\u00e9dures complexes de r\u00e9paration et d'entretien pour aider votre \u00e9quipe d'op\u00e9rateurs.<\/p>\n\n\n\n<br>\n\n\n\n<hr class=\"wp-block-separator has-text-color has-alpha-channel-opacity has-background\" style=\"background-color:#e50d6d;color:#e50d6d\"\/>\n\n\n\n<br>\n\n\n\n<h3 class=\"wp-block-heading has-text-color has-link-color wp-elements-a91d322ae6d37dfdf5aa0ed19aed4eb3\" style=\"color:#e50d6d\">Le d\u00e9fi<\/h3>\n\n\n\n<div class=\"wp-block-media-text is-stacked-on-mobile\"><figure class=\"wp-block-media-text__media\"><img fetchpriority=\"high\" decoding=\"async\" width=\"654\" height=\"797\" src=\"https:\/\/jifeline.net\/wp-content\/uploads\/2024\/09\/ford_puma_topology.png\" alt=\"OpenOBD\" class=\"wp-image-4730 size-full\" srcset=\"https:\/\/jifeline.net\/wp-content\/uploads\/2024\/09\/ford_puma_topology.png 654w, https:\/\/jifeline.net\/wp-content\/uploads\/2024\/09\/ford_puma_topology-246x300.png 246w, https:\/\/jifeline.net\/wp-content\/uploads\/2024\/09\/ford_puma_topology-10x12.png 10w\" sizes=\"(max-width: 654px) 100vw, 654px\" \/><\/figure><div class=\"wp-block-media-text__content\">\n<p>Les v\u00e9hicules d'aujourd'hui ont des architectures \u00e9lectroniques complexes qui n\u00e9cessitent des comp\u00e9tences sp\u00e9cialis\u00e9es en mati\u00e8re de codage, de programmation et d'\u00e9talonnage. Le co\u00fbt \u00e9lev\u00e9 et l'\u00e9volution rapide des \u00e9quipements de diagnostic constituent un d\u00e9fi majeur pour de nombreux ateliers. Le t\u00e9l\u00e9diagnostic offre une solution prometteuse en optimisant les outils et les connaissances en mati\u00e8re de diagnostic. Cependant, le mod\u00e8le actuel, qui repose sur des outils et du personnel sp\u00e9cifiques pour chaque service \u00e0 distance, limite l'efficacit\u00e9.<\/p>\n<\/div><\/div>\n\n\n\n<br>\n\n\n\n<hr class=\"wp-block-separator has-text-color has-alpha-channel-opacity has-background\" style=\"background-color:#e50d6d;color:#e50d6d\"\/>\n\n\n\n<br>\n\n\n\n<h3 class=\"wp-block-heading has-text-color has-link-color wp-elements-d9c778a84b7ac87c2cf6122b1bfeb123\" style=\"color:#e50d6d\">La solution <\/h3>\n\n\n\n<p>Pour relever ces d\u00e9fis, Jifeline Networks pr\u00e9sente openOBD. Cette technologie innovante vous permet de cr\u00e9er des proc\u00e9dures de diagnostic personnalis\u00e9es qui g\u00e8rent directement les communications OBD2. En automatisant les t\u00e2ches de routine et en rationalisant les flux de travail, openOBD aide les ateliers \u00e0 optimiser leurs op\u00e9rations et \u00e0 se concentrer sur les probl\u00e8mes complexes.<\/p>\n\n\n\n<br>\n\n\n\n<hr class=\"wp-block-separator has-text-color has-alpha-channel-opacity has-background\" style=\"background-color:#e50d6d;color:#e50d6d\"\/>\n\n\n\n<br>\n\n\n\n<h3 class=\"wp-block-heading has-text-color has-link-color wp-elements-f9402a5aa499c6fe793e6be3cf259246\" style=\"color:#e50d6d\">Pourquoi openOBD ?  <\/h3>\n\n\n\n<p>Les prestataires de services \u00e0 distance peuvent int\u00e9grer de mani\u00e8re transparente les routines de diagnostic dans leur flux de travail quotidien. Par exemple, en automatisant les t\u00e2ches de diagnostic courantes et en \u00e9liminant les temps d'attente, vous permettez \u00e0 votre personnel de se concentrer sur des diagnostics plus complexes. Des rapports automatis\u00e9s ou des codes d'erreur peuvent \u00e9galement \u00eatre g\u00e9n\u00e9r\u00e9s.<\/p>\n\n\n\n<br>\n\n\n\n<hr class=\"wp-block-separator has-text-color has-alpha-channel-opacity has-background\" style=\"background-color:#e50d6d;color:#e50d6d\"\/>\n\n\n\n<br>\n\n\n\n<h3 class=\"wp-block-heading has-text-color has-link-color wp-elements-778007f34063671ccdd30e0c56bbbe7a\" style=\"color:#e50d6d\">Comment cela fonctionne-t-il ?  <\/h3>\n\n\n\n<figure class=\"wp-block-image size-full\"><img decoding=\"async\" width=\"702\" height=\"443\" src=\"https:\/\/jifeline.net\/wp-content\/uploads\/2024\/09\/openobd-flow.png\" alt=\"OpenOBD\" class=\"wp-image-4732\" srcset=\"https:\/\/jifeline.net\/wp-content\/uploads\/2024\/09\/openobd-flow.png 702w, https:\/\/jifeline.net\/wp-content\/uploads\/2024\/09\/openobd-flow-300x189.png 300w, https:\/\/jifeline.net\/wp-content\/uploads\/2024\/09\/openobd-flow-18x12.png 18w\" sizes=\"(max-width: 702px) 100vw, 702px\" \/><\/figure>\n\n\n\n<br>\n\n\n\n<hr class=\"wp-block-separator has-text-color has-alpha-channel-opacity has-background\" style=\"background-color:#e50d6d;color:#e50d6d\"\/>\n\n\n\n<br>\n\n\n\n<h3 class=\"wp-block-heading has-text-color has-link-color wp-elements-5cefa8f93691a540b3f3d79d22a1b2bb\" style=\"color:#e50d6d\">Les avantages d'openOBD<\/h3>\n\n\n\n<br>\n\n\n\n<h5 class=\"wp-block-heading has-text-color has-link-color wp-elements-7b31ceae28bd6a4e03831d340483f851\" style=\"color:#e50d6d\">Un acc\u00e8s plus rapide, des solutions plus rapides<\/h5>\n\n\n\n<p>Connectez-vous directement au port OBD2 de votre v\u00e9hicule gr\u00e2ce \u00e0 l'infrastructure de Jifeline Networks. Cr\u00e9ez des proc\u00e9dures de diagnostic personnalis\u00e9es dans votre langage de programmation pr\u00e9f\u00e9r\u00e9 pour rationaliser les r\u00e9parations \u00e0 distance et soutenir votre \u00e9quipe.<\/p>\n\n\n\n<br>\n\n\n\n<h5 class=\"wp-block-heading has-text-color has-link-color wp-elements-252ad5002f8f2207e7f4d8a6781ce805\" style=\"color:#e50d6d\">Augmentez votre efficacit\u00e9 et impressionnez vos clients<\/h5>\n\n\n\n<p>Transformez votre service d'assistance, automatisez les t\u00e2ches de diagnostic et impressionnez vos clients avec des rapports d'erreur d\u00e9taill\u00e9s. G\u00e9n\u00e9rez des revenus suppl\u00e9mentaires en partageant votre expertise avec des partenaires.<\/p>\n\n\n\n<br>\n\n\n\n<h5 class=\"wp-block-heading has-text-color has-link-color wp-elements-8545cb89c503718a6986716f58b72746\" style=\"color:#e50d6d\">Ouvert, flexible et s\u00fbr<\/h5>\n\n\n\n<p>Exploitez la puissance de la technologie gRPC open-source pour cr\u00e9er vos propres solutions de diagnostic. B\u00e9n\u00e9ficiez d'une int\u00e9gration transparente avec Jifeline Networks et gardez le contr\u00f4le total de votre propri\u00e9t\u00e9 intellectuelle.<\/p>\n\n\n\n<br>\n\n\n\n<hr class=\"wp-block-separator has-text-color has-alpha-channel-opacity has-background\" style=\"background-color:#e50d6d;color:#e50d6d\"\/>\n\n\n\n<br>","protected":false},"excerpt":{"rendered":"<p>Wat is openOBD? Loop voorop in een nieuw tijdperk van diagnose op afstand met openOBD. Ontdek het potentieel van openOBD om uw diagnose op afstand naar een hoger niveau te tillen. Met openOBD kunt u direct verbinding maken met de OBD2-poort van een voertuig door gebruik te maken van de infrastructuur van Jifeline Networks. Hierdoor [&hellip;]<\/p>\n","protected":false},"author":1,"featured_media":4490,"parent":0,"menu_order":0,"comment_status":"closed","ping_status":"closed","template":"","meta":{"footnotes":""},"soort-pagina":[35],"class_list":["post-3819","page","type-page","status-publish","has-post-thumbnail","hentry","soort-pagina-standaard-contentpagina"],"_links":{"self":[{"href":"https:\/\/jifeline.net\/fr\/wp-json\/wp\/v2\/pages\/3819","targetHints":{"allow":["GET"]}}],"collection":[{"href":"https:\/\/jifeline.net\/fr\/wp-json\/wp\/v2\/pages"}],"about":[{"href":"https:\/\/jifeline.net\/fr\/wp-json\/wp\/v2\/types\/page"}],"author":[{"embeddable":true,"href":"https:\/\/jifeline.net\/fr\/wp-json\/wp\/v2\/users\/1"}],"replies":[{"embeddable":true,"href":"https:\/\/jifeline.net\/fr\/wp-json\/wp\/v2\/comments?post=3819"}],"version-history":[{"count":5,"href":"https:\/\/jifeline.net\/fr\/wp-json\/wp\/v2\/pages\/3819\/revisions"}],"predecessor-version":[{"id":5268,"href":"https:\/\/jifeline.net\/fr\/wp-json\/wp\/v2\/pages\/3819\/revisions\/5268"}],"wp:featuredmedia":[{"embeddable":true,"href":"https:\/\/jifeline.net\/fr\/wp-json\/wp\/v2\/media\/4490"}],"wp:attachment":[{"href":"https:\/\/jifeline.net\/fr\/wp-json\/wp\/v2\/media?parent=3819"}],"wp:term":[{"taxonomy":"soort-pagina","embeddable":true,"href":"https:\/\/jifeline.net\/fr\/wp-json\/wp\/v2\/soort-pagina?post=3819"}],"curies":[{"name":"wp","href":"https:\/\/api.w.org\/{rel}","templated":true}]}}