{"id":3821,"date":"2024-08-21T15:32:33","date_gmt":"2024-08-21T13:32:33","guid":{"rendered":"https:\/\/jifeline.net\/?page_id=3821"},"modified":"2025-06-02T08:53:36","modified_gmt":"2025-06-02T06:53:36","slug":"pour-qui","status":"publish","type":"page","link":"https:\/\/jifeline.net\/fr\/voor-wie\/","title":{"rendered":"Pour qui"},"content":{"rendered":"<p>La solution Jifeline Networks offre un soutien polyvalent et complet \u00e0 un large \u00e9ventail de sp\u00e9cialistes de l'automobile. Jifeline Networks fournit les outils et les technologies n\u00e9cessaires pour travailler efficacement. Cette solution aide les professionnels \u00e0 effectuer leur travail plus rapidement, avec plus de pr\u00e9cision et en toute confiance.<\/p>\n\n\n\n<br>\n\n\n\n<hr class=\"wp-block-separator has-text-color has-alpha-channel-opacity has-background\" style=\"background-color:#27b7ea;color:#27b7ea\"\/>\n\n\n\n<br>\n\n\n\n<h3 class=\"wp-block-heading\">Qui peut b\u00e9n\u00e9ficier des services de Jifeline ?<\/h3>\n\n\n\n<p>Jifeline Networks d\u00e9veloppe, entretient et fournit du mat\u00e9riel et des infrastructures \u00e0 des partenaires dans toute l'Europe. Ces partenaires disposent de leurs propres services d'aide au diagnostic \u00e0 distance pour aider leurs propres clients, ou ont une sp\u00e9cialisation sp\u00e9cifique et ne soutiennent que d'autres partenaires ayant cette sp\u00e9cialisation. Si un partenaire ne dispose pas du temps, des outils ou des connaissances n\u00e9cessaires, la demande d'un client peut \u00eatre confi\u00e9e \u00e0 un autre partenaire du r\u00e9seau Jifeline.<\/p>\n\n\n\n<br>\n\n\n\n<h5 class=\"wp-block-heading\"><a href=\"https:\/\/jifeline.net\/fr\/segments\/services-daide-au-diagnostic\/\" data-type=\"segmenten\" data-id=\"4497\">Services d'aide au diagnostic<\/a><\/h5>\n\n\n\n<h5 class=\"wp-block-heading\"><a href=\"https:\/\/jifeline.net\/fr\/segments\/reparation-des-dommages\/\" data-type=\"segmenten\" data-id=\"3862\">R\u00e9paration des dommages<\/a><\/h5>\n\n\n\n<h5 class=\"wp-block-heading\"><a href=\"https:\/\/jifeline.net\/fr\/segments\/specialistes-des-fenetres\/\" data-type=\"segmenten\" data-id=\"4371\">Sp\u00e9cialistes des pare-brise pour les \u00e9talonnages ADAS<\/a><\/h5>\n\n\n\n<h5 class=\"wp-block-heading\"><a href=\"https:\/\/jifeline.net\/fr\/segments\/specialistes-de-lattelage\/\" data-type=\"segmenten\" data-id=\"4372\">Sp\u00e9cialistes des barres d'attelage<\/a><\/h5>\n\n\n\n<h5 class=\"wp-block-heading\"><a href=\"https:\/\/jifeline.net\/fr\/segments\/concessionnaires-de-la-marque-ateliers-universels-et-concepts-de-garage\/\" data-type=\"segmenten\" data-id=\"4373\">(Marque) concessionnaires, ateliers universels et concepts de garage<\/a><\/h5>\n\n\n\n<h5 class=\"wp-block-heading\"><a href=\"https:\/\/jifeline.net\/fr\/segments\/revendeurs-de-pieces-detachees\/\" data-type=\"segmenten\" data-id=\"4374\">Revendeurs de pi\u00e8ces d\u00e9tach\u00e9es<\/a><\/h5>\n\n\n\n<h5 class=\"wp-block-heading\"><a href=\"https:\/\/jifeline.net\/fr\/segments\/les-compagnies-dassurance\/\" data-type=\"segmenten\" data-id=\"4376\">Compagnies d'assurance<\/a><\/h5>\n\n\n\n<h5 class=\"wp-block-heading\"><a href=\"https:\/\/jifeline.net\/fr\/segments\/gestionnaires-de-flotte\/\" data-type=\"segmenten\" data-id=\"4378\">Gestionnaires de flotte<\/a><\/h5>\n\n\n\n<h5 class=\"wp-block-heading\"><a href=\"https:\/\/jifeline.net\/fr\/segments\/les-services-de-depannage\/\" data-type=\"segmenten\" data-id=\"4379\">Services de d\u00e9pannage<\/a><\/h5>\n\n\n\n<br>","protected":false},"excerpt":{"rendered":"<p>De Jifeline Networks oplossing biedt een veelzijdige en uitgebreide ondersteuning voor een breed scala aan automotive specialisten. Jifeline Networks levert de tools en technologie\u00ebn om effici\u00ebnt te werken. Deze oplossing helpt professionals om hun werkzaamheden sneller, nauwkeuriger en met meer vertrouwen uit te voeren. Wie kan profiteren van de diensten van Jifeline? Jifeline Networks ontwikkelt [&hellip;]<\/p>\n","protected":false},"author":1,"featured_media":4182,"parent":0,"menu_order":0,"comment_status":"closed","ping_status":"closed","template":"","meta":{"footnotes":""},"soort-pagina":[],"class_list":["post-3821","page","type-page","status-publish","has-post-thumbnail","hentry"],"_links":{"self":[{"href":"https:\/\/jifeline.net\/fr\/wp-json\/wp\/v2\/pages\/3821","targetHints":{"allow":["GET"]}}],"collection":[{"href":"https:\/\/jifeline.net\/fr\/wp-json\/wp\/v2\/pages"}],"about":[{"href":"https:\/\/jifeline.net\/fr\/wp-json\/wp\/v2\/types\/page"}],"author":[{"embeddable":true,"href":"https:\/\/jifeline.net\/fr\/wp-json\/wp\/v2\/users\/1"}],"replies":[{"embeddable":true,"href":"https:\/\/jifeline.net\/fr\/wp-json\/wp\/v2\/comments?post=3821"}],"version-history":[{"count":5,"href":"https:\/\/jifeline.net\/fr\/wp-json\/wp\/v2\/pages\/3821\/revisions"}],"predecessor-version":[{"id":4943,"href":"https:\/\/jifeline.net\/fr\/wp-json\/wp\/v2\/pages\/3821\/revisions\/4943"}],"wp:featuredmedia":[{"embeddable":true,"href":"https:\/\/jifeline.net\/fr\/wp-json\/wp\/v2\/media\/4182"}],"wp:attachment":[{"href":"https:\/\/jifeline.net\/fr\/wp-json\/wp\/v2\/media?parent=3821"}],"wp:term":[{"taxonomy":"soort-pagina","embeddable":true,"href":"https:\/\/jifeline.net\/fr\/wp-json\/wp\/v2\/soort-pagina?post=3821"}],"curies":[{"name":"wp","href":"https:\/\/api.w.org\/{rel}","templated":true}]}}