{"id":3828,"date":"2024-08-21T15:36:19","date_gmt":"2024-08-21T13:36:19","guid":{"rendered":"https:\/\/jifeline.net\/?page_id=3828"},"modified":"2025-11-17T11:17:57","modified_gmt":"2025-11-17T10:17:57","slug":"notre-histoire","status":"publish","type":"page","link":"https:\/\/jifeline.net\/fr\/over-ons\/ons-verhaal\/","title":{"rendered":"Notre histoire"},"content":{"rendered":"<h2 class=\"wp-block-heading\">Votre expertise - Notre r\u00e9seau<\/h2>\n\n\n\n<p>Gr\u00e2ce \u00e0 Jifeline Networks, vous pouvez effectuer vous-m\u00eame des diagnostics \u00e0 distance, avec vos propres sp\u00e9cialistes en diagnostic et dans votre propre style. Vous utilisez pour cela le r\u00e9seau et l'infrastructure de Jifeline. Vous pouvez ainsi d\u00e9charger compl\u00e8tement et rapidement vos clients ou vos entreprises affili\u00e9es du diagnostic des v\u00e9hicules. <\/p>\n\n\n\n<p><\/p>","protected":false},"excerpt":{"rendered":"<p>Votre expertise - Notre r\u00e9seau Gr\u00e2ce \u00e0 Jifeline Networks, vous pouvez effectuer vous-m\u00eame des diagnostics \u00e0 distance, avec vos propres sp\u00e9cialistes en diagnostic et dans votre propre style. Vous utilisez pour cela le r\u00e9seau et l'infrastructure de Jifeline. Vous pouvez ainsi d\u00e9charger compl\u00e8tement et rapidement vos clients ou entreprises affili\u00e9es du diagnostic de leurs v\u00e9hicules.<\/p>","protected":false},"author":1,"featured_media":2219,"parent":31,"menu_order":0,"comment_status":"closed","ping_status":"closed","template":"","meta":{"footnotes":""},"soort-pagina":[],"class_list":["post-3828","page","type-page","status-publish","has-post-thumbnail","hentry"],"_links":{"self":[{"href":"https:\/\/jifeline.net\/fr\/wp-json\/wp\/v2\/pages\/3828","targetHints":{"allow":["GET"]}}],"collection":[{"href":"https:\/\/jifeline.net\/fr\/wp-json\/wp\/v2\/pages"}],"about":[{"href":"https:\/\/jifeline.net\/fr\/wp-json\/wp\/v2\/types\/page"}],"author":[{"embeddable":true,"href":"https:\/\/jifeline.net\/fr\/wp-json\/wp\/v2\/users\/1"}],"replies":[{"embeddable":true,"href":"https:\/\/jifeline.net\/fr\/wp-json\/wp\/v2\/comments?post=3828"}],"version-history":[{"count":5,"href":"https:\/\/jifeline.net\/fr\/wp-json\/wp\/v2\/pages\/3828\/revisions"}],"predecessor-version":[{"id":5091,"href":"https:\/\/jifeline.net\/fr\/wp-json\/wp\/v2\/pages\/3828\/revisions\/5091"}],"up":[{"embeddable":true,"href":"https:\/\/jifeline.net\/fr\/wp-json\/wp\/v2\/pages\/31"}],"wp:featuredmedia":[{"embeddable":true,"href":"https:\/\/jifeline.net\/fr\/wp-json\/wp\/v2\/media\/2219"}],"wp:attachment":[{"href":"https:\/\/jifeline.net\/fr\/wp-json\/wp\/v2\/media?parent=3828"}],"wp:term":[{"taxonomy":"soort-pagina","embeddable":true,"href":"https:\/\/jifeline.net\/fr\/wp-json\/wp\/v2\/soort-pagina?post=3828"}],"curies":[{"name":"wp","href":"https:\/\/api.w.org\/{rel}","templated":true}]}}