{"id":3832,"date":"2024-08-21T15:37:05","date_gmt":"2024-08-21T13:37:05","guid":{"rendered":"https:\/\/jifeline.net\/?page_id=3832"},"modified":"2025-07-23T16:59:03","modified_gmt":"2025-07-23T14:59:03","slug":"mission-et-vision","status":"publish","type":"page","link":"https:\/\/jifeline.net\/fr\/over-ons\/missie-en-visie\/","title":{"rendered":"Mission et vision"},"content":{"rendered":"<h3 class=\"wp-block-heading\">La mission&nbsp;<\/h3>\n\n\n\n<p>Nous construisons et entretenons un r\u00e9seau international ind\u00e9pendant de t\u00e9l\u00e9diagnostic et nous nous effor\u00e7ons d'\u00eatre le premier fournisseur de technologies de t\u00e9l\u00e9diagnostic dans le monde, en fournissant \u00e0 chaque atelier les outils et l'expertise n\u00e9cessaires \u00e0 des r\u00e9parations rapides et pr\u00e9cises des v\u00e9hicules.<\/p>\n\n\n\n<br>\n\n\n\n<hr class=\"wp-block-separator has-text-color has-alpha-channel-opacity has-background\" style=\"background-color:#1ab7ea;color:#1ab7ea\"\/>\n\n\n\n<br>\n\n\n\n<h3 class=\"wp-block-heading\">Vision<\/h3>\n\n\n\n<p>Nous fournissons des services de t\u00e9l\u00e9diagnostic de haute qualit\u00e9 qui permettent aux garages d'identifier et de r\u00e9soudre rapidement et efficacement les probl\u00e8mes complexes des v\u00e9hicules. Gr\u00e2ce \u00e0 une formation et \u00e0 une assistance compl\u00e8tes, nos clients se familiarisent avec nos technologies et peuvent en tirer le meilleur parti dans leurs activit\u00e9s quotidiennes. Gr\u00e2ce \u00e0 des mises \u00e0 jour r\u00e9guli\u00e8res des logiciels et \u00e0 des innovations, nous restons \u00e0 la pointe de l'industrie et veillons \u00e0 ce que nos clients aient toujours acc\u00e8s aux outils et aux fonctionnalit\u00e9s les plus r\u00e9cents.<\/p>\n\n\n\n<br>\n\n\n\n<hr class=\"wp-block-separator has-text-color has-alpha-channel-opacity has-background\" style=\"background-color:#1ab7ea;color:#1ab7ea\"\/>\n\n\n\n<br>\n\n\n\n<h3 class=\"wp-block-heading\">Valeurs fondamentales<\/h3>\n\n\n\n<ul class=\"wp-block-list\">\n<li><strong>Fiable<\/strong>Vous pouvez toujours compter sur notre soutien constant et fiable.<\/li>\n\n\n\n<li><strong>Expert<\/strong>Les services de l'Union europ\u00e9enne : Nous mettons \u00e0 votre service notre vaste exp\u00e9rience et nos connaissances actualis\u00e9es.<\/li>\n\n\n\n<li><strong>D\u00e9di\u00e9<\/strong>Nous nous engageons pleinement \u00e0 assurer votre r\u00e9ussite.<\/li>\n\n\n\n<li><strong>Innovante<\/strong>Les services : Nous am\u00e9liorons constamment nos services en les adaptant aux derni\u00e8res \u00e9volutions.<\/li>\n\n\n\n<li><strong>Transparent<\/strong>La communication ouverte et honn\u00eate est notre norme.<\/li>\n<\/ul>\n\n\n\n<br>\n\n\n\n<hr class=\"wp-block-separator has-text-color has-alpha-channel-opacity has-background\" style=\"background-color:#1ab7ea;color:#1ab7ea\"\/>\n\n\n\n<br>\n\n\n\n<h3 class=\"wp-block-heading\">L'avenir<\/h3>\n\n\n\n<p>Nous envisageons un avenir dans lequel notre r\u00e9seau continuera \u00e0 se d\u00e9velopper, donnant aux garages du monde entier les outils et les connaissances dont ils ont besoin pour r\u00e9ussir. En restant concentr\u00e9s sur nos valeurs fondamentales, nous renforcerons notre position de leader sur le march\u00e9 et cr\u00e9erons une valeur durable pour nos clients. Ensemble, nous travaillons \u00e0 l'av\u00e8nement d'un monde o\u00f9 les v\u00e9hicules sont entretenus et r\u00e9par\u00e9s avec le plus haut niveau de professionnalisme et d'efficacit\u00e9, \u00e0 tout moment et en tout lieu.<\/p>\n\n\n\n<br>\n\n\n\n<hr class=\"wp-block-separator has-text-color has-alpha-channel-opacity has-background\" style=\"background-color:#1ab7ea;color:#1ab7ea\"\/>","protected":false},"excerpt":{"rendered":"<p>Missie&nbsp; Wij bouwen en onderhouden een onafhankelijk internationaal netwerk voor diagnose op afstand, en streven ernaar wereldwijd de toonaangevende leverancier te zijn van technologie\u00ebn voor diagnose op afstand, zodat elke werkplaats beschikt over de juiste tools en expertise voor snelle en nauwkeurige voertuigreparaties. Visie We leveren hoogwaardige diensten voor diagnose op afstand, waarmee garages snel [&hellip;]<\/p>\n","protected":false},"author":1,"featured_media":4749,"parent":31,"menu_order":0,"comment_status":"closed","ping_status":"closed","template":"","meta":{"footnotes":""},"soort-pagina":[35],"class_list":["post-3832","page","type-page","status-publish","has-post-thumbnail","hentry","soort-pagina-standaard-contentpagina"],"_links":{"self":[{"href":"https:\/\/jifeline.net\/fr\/wp-json\/wp\/v2\/pages\/3832","targetHints":{"allow":["GET"]}}],"collection":[{"href":"https:\/\/jifeline.net\/fr\/wp-json\/wp\/v2\/pages"}],"about":[{"href":"https:\/\/jifeline.net\/fr\/wp-json\/wp\/v2\/types\/page"}],"author":[{"embeddable":true,"href":"https:\/\/jifeline.net\/fr\/wp-json\/wp\/v2\/users\/1"}],"replies":[{"embeddable":true,"href":"https:\/\/jifeline.net\/fr\/wp-json\/wp\/v2\/comments?post=3832"}],"version-history":[{"count":5,"href":"https:\/\/jifeline.net\/fr\/wp-json\/wp\/v2\/pages\/3832\/revisions"}],"predecessor-version":[{"id":4748,"href":"https:\/\/jifeline.net\/fr\/wp-json\/wp\/v2\/pages\/3832\/revisions\/4748"}],"up":[{"embeddable":true,"href":"https:\/\/jifeline.net\/fr\/wp-json\/wp\/v2\/pages\/31"}],"wp:featuredmedia":[{"embeddable":true,"href":"https:\/\/jifeline.net\/fr\/wp-json\/wp\/v2\/media\/4749"}],"wp:attachment":[{"href":"https:\/\/jifeline.net\/fr\/wp-json\/wp\/v2\/media?parent=3832"}],"wp:term":[{"taxonomy":"soort-pagina","embeddable":true,"href":"https:\/\/jifeline.net\/fr\/wp-json\/wp\/v2\/soort-pagina?post=3832"}],"curies":[{"name":"wp","href":"https:\/\/api.w.org\/{rel}","templated":true}]}}