{"id":3843,"date":"2024-08-21T15:39:33","date_gmt":"2024-08-21T13:39:33","guid":{"rendered":"https:\/\/jifeline.net\/?page_id=3843"},"modified":"2026-03-24T09:20:28","modified_gmt":"2026-03-24T08:20:28","slug":"materiel","status":"publish","type":"page","link":"https:\/\/jifeline.net\/fr\/creeer-uw-eigen-netwerk\/hardware\/","title":{"rendered":"Mat\u00e9riel"},"content":{"rendered":"<p>Pour permettre le diagnostic \u00e0 distance, Jifeline Networks a d\u00e9velopp\u00e9 son propre mat\u00e9riel. Pour permettre une connexion entre la voiture et le sp\u00e9cialiste du diagnostic \u00e0 distance, deux composants mat\u00e9riels sont n\u00e9cessaires : le VCI de diagnostic \u00e0 distance dans l'atelier et un \"bo\u00eetier de serveur local Jifeline\" chez le sp\u00e9cialiste du diagnostic \u00e0 distance. Lorsque ces deux \u00e9l\u00e9ments sont connect\u00e9s par Internet au serveur central Jifeline, un \"tunnel\" s\u00e9curis\u00e9 est ouvert, \u00e9tendant le port OBD de la voiture jusqu'au bureau du sp\u00e9cialiste du diagnostic \u00e0 distance, pour ainsi dire.<\/p>\n\n\n\n<p>Tout le mat\u00e9riel et les logiciels int\u00e9gr\u00e9s sont d\u00e9velopp\u00e9s et produits en interne par Jifeline Networks, les fournisseurs \u00e9tant \u00e9galement bas\u00e9s aux Pays-Bas. Cela a un effet positif sur la flexibilit\u00e9 et la qualit\u00e9 du mat\u00e9riel.<\/p>\n\n\n\n<br>\n\n\n\n<hr class=\"wp-block-separator has-text-color has-alpha-channel-opacity has-background\" style=\"background-color:#1ab7ea;color:#1ab7ea\"\/>\n\n\n\n<br>\n\n\n\n<h3 class=\"wp-block-heading\">T\u00e9l\u00e9diagnostic VCI<\/h3>\n\n\n\n<br>\n\n\n\n<p>Nous proposons deux ICV de t\u00e9l\u00e9diagnostic diff\u00e9rents, qui pr\u00e9sentent tous deux des caract\u00e9ristiques uniques permettant un t\u00e9l\u00e9diagnostic efficace ;<\/p>\n\n\n\n<br>\n\n\n\n<figure class=\"wp-block-gallery has-nested-images columns-default is-cropped wp-block-gallery-1 is-layout-flex wp-block-gallery-is-layout-flex\">\n<figure class=\"wp-block-image size-large\"><img fetchpriority=\"high\" decoding=\"async\" width=\"1024\" height=\"683\" data-id=\"5046\" src=\"https:\/\/jifeline.net\/wp-content\/uploads\/2025\/10\/24-1128-Car-Lock-Systems-producten-104-1-1024x683.jpg\" alt=\"J-ReX\" class=\"wp-image-5046\" srcset=\"https:\/\/jifeline.net\/wp-content\/uploads\/2025\/10\/24-1128-Car-Lock-Systems-producten-104-1-1024x683.jpg 1024w, https:\/\/jifeline.net\/wp-content\/uploads\/2025\/10\/24-1128-Car-Lock-Systems-producten-104-1-300x200.jpg 300w, https:\/\/jifeline.net\/wp-content\/uploads\/2025\/10\/24-1128-Car-Lock-Systems-producten-104-1-768x512.jpg 768w, https:\/\/jifeline.net\/wp-content\/uploads\/2025\/10\/24-1128-Car-Lock-Systems-producten-104-1-1536x1024.jpg 1536w, https:\/\/jifeline.net\/wp-content\/uploads\/2025\/10\/24-1128-Car-Lock-Systems-producten-104-1-2048x1366.jpg 2048w, https:\/\/jifeline.net\/wp-content\/uploads\/2025\/10\/24-1128-Car-Lock-Systems-producten-104-1-18x12.jpg 18w\" sizes=\"(max-width: 1024px) 100vw, 1024px\" \/><\/figure>\n\n\n\n<figure class=\"wp-block-image size-large\"><img decoding=\"async\" width=\"1024\" height=\"666\" data-id=\"5049\" src=\"https:\/\/jifeline.net\/wp-content\/uploads\/2025\/10\/DSC02298-jpg-hoog-6-1-1-1-1024x666.jpg\" alt=\"J-TaB\" class=\"wp-image-5049\" srcset=\"https:\/\/jifeline.net\/wp-content\/uploads\/2025\/10\/DSC02298-jpg-hoog-6-1-1-1-1024x666.jpg 1024w, https:\/\/jifeline.net\/wp-content\/uploads\/2025\/10\/DSC02298-jpg-hoog-6-1-1-1-300x195.jpg 300w, https:\/\/jifeline.net\/wp-content\/uploads\/2025\/10\/DSC02298-jpg-hoog-6-1-1-1-768x500.jpg 768w, https:\/\/jifeline.net\/wp-content\/uploads\/2025\/10\/DSC02298-jpg-hoog-6-1-1-1-1536x1000.jpg 1536w, https:\/\/jifeline.net\/wp-content\/uploads\/2025\/10\/DSC02298-jpg-hoog-6-1-1-1-2048x1333.jpg 2048w, https:\/\/jifeline.net\/wp-content\/uploads\/2025\/10\/DSC02298-jpg-hoog-6-1-1-1-18x12.jpg 18w\" sizes=\"(max-width: 1024px) 100vw, 1024px\" \/><figcaption class=\"wp-element-caption\"><strong><a href=\"https:\/\/jifeline.net\/fr\/j-tab\/\" target=\"_blank\" rel=\"noreferrer noopener\">Plus d'informations sur le J-TaB<\/a><\/strong><\/figcaption><\/figure>\n<\/figure>\n\n\n\n<br>\n\n\n\n<ul class=\"wp-block-list\">\n<li>Connexion Internet par Wi-Fi ou par c\u00e2ble UTP<\/li>\n\n\n\n<li>Convient pour le CAN multicanal (jusqu'\u00e0 4 bus CAN en parall\u00e8le)<\/li>\n\n\n\n<li>Convient pour K-Line, CAN BUS, DoIP et pr\u00e9par\u00e9 pour CAN FD<\/li>\n<\/ul>\n\n\n\n<br>\n\n\n\n<p>En outre, les VCI de t\u00e9l\u00e9diagnostic sont dot\u00e9s d'un bo\u00eetier robuste, de plusieurs diodes \u00e9lectroluminescentes et d'un avertisseur sonore pour informer l'utilisateur dans l'atelier.<\/p>\n\n\n\n<p>Les deux VCI de t\u00e9l\u00e9diagnostic peuvent \u00eatre marqu\u00e9s de votre propre marque et divers accessoires sont disponibles, tels qu'un \u00e9tui de protection appropri\u00e9.<\/p>\n\n\n\n<br>\n\n\n\n<hr class=\"wp-block-separator has-text-color has-alpha-channel-opacity has-background\" style=\"background-color:#1ab7ea;color:#1ab7ea\"\/>\n\n\n\n<br>\n\n\n\n<h3 class=\"wp-block-heading\">Bo\u00eetiers de diagnostic \u00e0 distance<\/h3>\n\n\n\n<p>Les bo\u00eetiers de diagnostic \u00e0 distance sont disponibles en trois mod\u00e8les diff\u00e9rents. Il est donc facile de travailler dans diff\u00e9rents endroits ou d'augmenter progressivement vos capacit\u00e9s et vos investissements au fur et \u00e0 mesure que votre client\u00e8le s'accro\u00eet.<\/p>\n\n\n\n<br>\n\n\n\n<div class=\"wp-block-media-text is-stacked-on-mobile\"><figure class=\"wp-block-media-text__media\"><img decoding=\"async\" width=\"2500\" height=\"2500\" src=\"https:\/\/jifeline.net\/wp-content\/uploads\/2024\/09\/Single-Local-1.jpg\" alt=\"Local 1 bo\u00eetier serveur\" class=\"wp-image-4669 size-full\" srcset=\"https:\/\/jifeline.net\/wp-content\/uploads\/2024\/09\/Single-Local-1.jpg 2500w, https:\/\/jifeline.net\/wp-content\/uploads\/2024\/09\/Single-Local-1-300x300.jpg 300w, https:\/\/jifeline.net\/wp-content\/uploads\/2024\/09\/Single-Local-1-1024x1024.jpg 1024w, https:\/\/jifeline.net\/wp-content\/uploads\/2024\/09\/Single-Local-1-150x150.jpg 150w, https:\/\/jifeline.net\/wp-content\/uploads\/2024\/09\/Single-Local-1-768x768.jpg 768w, https:\/\/jifeline.net\/wp-content\/uploads\/2024\/09\/Single-Local-1-1536x1536.jpg 1536w, https:\/\/jifeline.net\/wp-content\/uploads\/2024\/09\/Single-Local-1-2048x2048.jpg 2048w, https:\/\/jifeline.net\/wp-content\/uploads\/2024\/09\/Single-Local-1-12x12.jpg 12w\" sizes=\"(max-width: 2500px) 100vw, 2500px\" \/><\/figure><div class=\"wp-block-media-text__content\">\n<h5 class=\"wp-block-heading\"><strong>Bo\u00eetier du serveur Local-1<\/strong> (<em>y compris <\/em>1 module local)<\/h5>\n\n\n\n<p>Un petit bo\u00eetier id\u00e9al pour le travail \u00e0 domicile ou pour une utilisation \u00e0 c\u00f4t\u00e9 d'un bo\u00eetier de serveur local-4 ou local-10.<\/p>\n<\/div><\/div>\n\n\n\n<br>\n\n\n\n<div class=\"wp-block-media-text has-media-on-the-right is-stacked-on-mobile\"><div class=\"wp-block-media-text__content\">\n<h5 class=\"wp-block-heading\"><strong>Bo\u00eetier du serveur Local-4<\/strong> (pour 4 modules locaux)<\/h5>\n\n\n\n<p>Le bo\u00eetier le plus vendu. Il vous permet de connecter jusqu'\u00e0 4 outils de diagnostic en continu \u00e0 l'infrastructure Jifeline. Cela vous permet, via le portail partenaire, de passer facilement d'un outil de diagnostic \u00e0 l'autre ou de travailler sur plusieurs voitures en m\u00eame temps.<\/p>\n<\/div><figure class=\"wp-block-media-text__media\"><img loading=\"lazy\" decoding=\"async\" width=\"1024\" height=\"1024\" src=\"https:\/\/jifeline.net\/wp-content\/uploads\/2024\/09\/local-server-11-1024x1024.png\" alt=\"Bo\u00eetier du serveur Local 4\" class=\"wp-image-4670 size-full\" srcset=\"https:\/\/jifeline.net\/wp-content\/uploads\/2024\/09\/local-server-11-1024x1024.png 1024w, https:\/\/jifeline.net\/wp-content\/uploads\/2024\/09\/local-server-11-300x300.png 300w, https:\/\/jifeline.net\/wp-content\/uploads\/2024\/09\/local-server-11-150x150.png 150w, https:\/\/jifeline.net\/wp-content\/uploads\/2024\/09\/local-server-11-768x768.png 768w, https:\/\/jifeline.net\/wp-content\/uploads\/2024\/09\/local-server-11-12x12.png 12w, https:\/\/jifeline.net\/wp-content\/uploads\/2024\/09\/local-server-11.png 1500w\" sizes=\"(max-width: 1024px) 100vw, 1024px\" \/><\/figure><\/div>\n\n\n\n<br>\n\n\n\n<p>Les cartes de circuits imprim\u00e9s (modules locaux) qui \"animent\" les ports OBD dans le bo\u00eetier du serveur local-4 peuvent \u00eatre fournies s\u00e9par\u00e9ment. Il est ainsi possible, par exemple, de commencer avec un module local (1 port OBD actif) et de l'\u00e9tendre en ajoutant des modules locaux suppl\u00e9mentaires. Cela vous permet d'augmenter facilement la capacit\u00e9 en fonction de l'augmentation de la demande.<\/p>\n\n\n\n<br>\n\n\n\n<div class=\"wp-block-media-text is-stacked-on-mobile\"><figure class=\"wp-block-media-text__media\"><img loading=\"lazy\" decoding=\"async\" width=\"1024\" height=\"1024\" src=\"https:\/\/jifeline.net\/wp-content\/uploads\/2024\/09\/19inch-Local-2-1024x1024.jpg\" alt=\"Bo\u00eetier du serveur Local 10\" class=\"wp-image-4673 size-full\" srcset=\"https:\/\/jifeline.net\/wp-content\/uploads\/2024\/09\/19inch-Local-2-1024x1024.jpg 1024w, https:\/\/jifeline.net\/wp-content\/uploads\/2024\/09\/19inch-Local-2-300x300.jpg 300w, https:\/\/jifeline.net\/wp-content\/uploads\/2024\/09\/19inch-Local-2-150x150.jpg 150w, https:\/\/jifeline.net\/wp-content\/uploads\/2024\/09\/19inch-Local-2-768x768.jpg 768w, https:\/\/jifeline.net\/wp-content\/uploads\/2024\/09\/19inch-Local-2-12x12.jpg 12w, https:\/\/jifeline.net\/wp-content\/uploads\/2024\/09\/19inch-Local-2.jpg 1500w\" sizes=\"(max-width: 1024px) 100vw, 1024px\" \/><\/figure><div class=\"wp-block-media-text__content\">\n<h5 class=\"wp-block-heading\">Bo\u00eetier du serveur Local-10 <strong>(pour 10 modules locaux)<\/strong><\/h5>\n\n\n\n<p>Le bo\u00eetier du serveur local-10 est sp\u00e9cialement con\u00e7u pour \u00eatre plac\u00e9 dans un rack de serveur. Il est possible d'y placer jusqu'\u00e0 10 modules locaux, ce qui permet d'avoir jusqu'\u00e0 10 outils de diagnostic connect\u00e9s en permanence au serveur Jifeline.<\/p>\n\n\n\n<p>La connexion \u00e0 votre propre r\u00e9seau se fait par un simple c\u00e2ble UTP et un c\u00e2ble d'alimentation. Le portail num\u00e9rique fourni permet \u00e0 vos techniciens distants, s'ils se trouvent sur le m\u00eame r\u00e9seau LAN, d'activer ou de d\u00e9sactiver individuellement les outils de diagnostic \u00e0 distance.<\/p>\n<\/div><\/div>\n\n\n\n<br>\n\n\n\n<div class=\"wp-block-media-text has-media-on-the-right is-stacked-on-mobile\" style=\"grid-template-columns:auto 45%\"><div class=\"wp-block-media-text__content\">\n<h5 class=\"wp-block-heading\">Bo\u00eetier de serveur Local-1 - Camions<\/h5>\n\n\n\n<p>Un bo\u00eetier compact, id\u00e9al pour le travail \u00e0 domicile ou pour une utilisation \u00e0 c\u00f4t\u00e9 d'une armoire de serveur local-4. Comprend un module local et un adaptateur OBD.<\/p>\n<\/div><figure class=\"wp-block-media-text__media\"><img loading=\"lazy\" decoding=\"async\" width=\"960\" height=\"960\" src=\"https:\/\/jifeline.net\/wp-content\/uploads\/2026\/03\/2.png\" alt=\"Bo\u00eetier de serveur Local-1 - Camions\" class=\"wp-image-5333 size-full\" srcset=\"https:\/\/jifeline.net\/wp-content\/uploads\/2026\/03\/2.png 960w, https:\/\/jifeline.net\/wp-content\/uploads\/2026\/03\/2-300x300.png 300w, https:\/\/jifeline.net\/wp-content\/uploads\/2026\/03\/2-150x150.png 150w, https:\/\/jifeline.net\/wp-content\/uploads\/2026\/03\/2-768x768.png 768w, https:\/\/jifeline.net\/wp-content\/uploads\/2026\/03\/2-12x12.png 12w\" sizes=\"(max-width: 960px) 100vw, 960px\" \/><\/figure><\/div>\n\n\n\n<br>\n\n\n\n<div class=\"wp-block-media-text is-stacked-on-mobile\"><figure class=\"wp-block-media-text__media\"><img loading=\"lazy\" decoding=\"async\" width=\"1024\" height=\"547\" src=\"https:\/\/jifeline.net\/wp-content\/uploads\/2026\/03\/jhgfdcx-1024x547.png\" alt=\"\" class=\"wp-image-5334 size-full\" srcset=\"https:\/\/jifeline.net\/wp-content\/uploads\/2026\/03\/jhgfdcx-1024x547.png 1024w, https:\/\/jifeline.net\/wp-content\/uploads\/2026\/03\/jhgfdcx-300x160.png 300w, https:\/\/jifeline.net\/wp-content\/uploads\/2026\/03\/jhgfdcx-768x411.png 768w, https:\/\/jifeline.net\/wp-content\/uploads\/2026\/03\/jhgfdcx-18x10.png 18w, https:\/\/jifeline.net\/wp-content\/uploads\/2026\/03\/jhgfdcx.png 1171w\" sizes=\"(max-width: 1024px) 100vw, 1024px\" \/><\/figure><div class=\"wp-block-media-text__content\">\n<h5 class=\"wp-block-heading\">Bo\u00eetier de serveur Local-4 - Camions<\/h5>\n\n\n\n<p>Le bo\u00eetier le plus vendu. Peut accueillir jusqu'\u00e0 4 modules locaux (non inclus).<\/p>\n<\/div><\/div>\n\n\n\n<br>\n\n\n\n<br>\n\n\n\n<hr class=\"wp-block-separator has-text-color has-alpha-channel-opacity has-background\" style=\"background-color:#1ab7ea;color:#1ab7ea\"\/>\n\n\n\n<br>","protected":false},"excerpt":{"rendered":"<p>Om Remote Diagnose mogelijk te maken, heeft Jifeline Networks haar eigen, unieke hardware ontwikkeld. Om een verbinding tussen auto en diagnose specialist op afstand mogelijk te maken zijn er twee hardware componenten benodigd: de Remote Diagnose VCI in de werkplaats en een \u2018Jifeline local server housing\u2019 bij de remote diagnose specialist. Als deze beiden over [&hellip;]<\/p>\n","protected":false},"author":1,"featured_media":2058,"parent":34,"menu_order":0,"comment_status":"closed","ping_status":"closed","template":"","meta":{"footnotes":""},"soort-pagina":[35],"class_list":["post-3843","page","type-page","status-publish","has-post-thumbnail","hentry","soort-pagina-standaard-contentpagina"],"_links":{"self":[{"href":"https:\/\/jifeline.net\/fr\/wp-json\/wp\/v2\/pages\/3843","targetHints":{"allow":["GET"]}}],"collection":[{"href":"https:\/\/jifeline.net\/fr\/wp-json\/wp\/v2\/pages"}],"about":[{"href":"https:\/\/jifeline.net\/fr\/wp-json\/wp\/v2\/types\/page"}],"author":[{"embeddable":true,"href":"https:\/\/jifeline.net\/fr\/wp-json\/wp\/v2\/users\/1"}],"replies":[{"embeddable":true,"href":"https:\/\/jifeline.net\/fr\/wp-json\/wp\/v2\/comments?post=3843"}],"version-history":[{"count":5,"href":"https:\/\/jifeline.net\/fr\/wp-json\/wp\/v2\/pages\/3843\/revisions"}],"predecessor-version":[{"id":5335,"href":"https:\/\/jifeline.net\/fr\/wp-json\/wp\/v2\/pages\/3843\/revisions\/5335"}],"up":[{"embeddable":true,"href":"https:\/\/jifeline.net\/fr\/wp-json\/wp\/v2\/pages\/34"}],"wp:featuredmedia":[{"embeddable":true,"href":"https:\/\/jifeline.net\/fr\/wp-json\/wp\/v2\/media\/2058"}],"wp:attachment":[{"href":"https:\/\/jifeline.net\/fr\/wp-json\/wp\/v2\/media?parent=3843"}],"wp:term":[{"taxonomy":"soort-pagina","embeddable":true,"href":"https:\/\/jifeline.net\/fr\/wp-json\/wp\/v2\/soort-pagina?post=3843"}],"curies":[{"name":"wp","href":"https:\/\/api.w.org\/{rel}","templated":true}]}}