{"id":3845,"date":"2024-08-21T15:39:49","date_gmt":"2024-08-21T13:39:49","guid":{"rendered":"https:\/\/jifeline.net\/?page_id=3845"},"modified":"2025-08-27T11:29:06","modified_gmt":"2025-08-27T09:29:06","slug":"marquage-au-fer-rouge","status":"publish","type":"page","link":"https:\/\/jifeline.net\/fr\/creeer-uw-eigen-netwerk\/branding\/","title":{"rendered":"L'image de marque"},"content":{"rendered":"<h3 class=\"wp-block-heading\">Dans votre propre identit\u00e9 d'entreprise&nbsp;<\/h3>\n\n\n\n<p>Jifeline Networks offre non seulement des avantages techniques, mais aussi des possibilit\u00e9s de commercialisation, car les partenaires peuvent utiliser la technologie sous leur propre marque. Il s'agit donc d'une solution polyvalente pour un large \u00e9ventail de clients, qu'il s'agisse de sp\u00e9cialistes du diagnostic ou de grandes entreprises de services. Gr\u00e2ce au marquage priv\u00e9, vous pouvez proposer l'outil de diagnostic sous votre propre nom, ce qui renforce votre marque et cr\u00e9e une coh\u00e9rence dans l'image de votre entreprise.<\/p>\n\n\n\n<p>Les t\u00e9l\u00e9commandes sont \u00e9quip\u00e9es d'une feuille technique enti\u00e8rement personnalisable. Cela vous permet d'offrir \u00e0 vos clients une t\u00e9l\u00e9commande dans votre propre style. Nous d\u00e9chargeons nos partenaires en leur proposant une solution de service complet o\u00f9 la t\u00e9l\u00e9commande est livr\u00e9e dans un emballage complet, comprenant un \u00e9tui ou une bo\u00eete solide avec une pochette de marque autour de la bo\u00eete. Nous fournissons \u00e9galement des manuels et des accessoires suppl\u00e9mentaires.<\/p>\n\n\n\n<br>\n\n\n\n<hr class=\"wp-block-separator has-text-color has-alpha-channel-opacity has-background\" style=\"background-color:#27b7ea;color:#27b7ea\"\/>\n\n\n\n<br>\n\n\n\n<h3 class=\"wp-block-heading\">Int\u00e9gration dans vos processus d'entreprise<\/h3>\n\n\n\n<p>Jifeline Networks a \u00e9galement rendu possible l'int\u00e9gration de la solution dans vos propres processus commerciaux. Qu'il s'agisse de votre propre portail client, d'une application, d'un environnement de diagnostic sp\u00e9cialis\u00e9, de votre syst\u00e8me financier ou de billetterie ou de votre catalogue de produits, l'int\u00e9gration est tr\u00e8s probablement possible gr\u00e2ce \u00e0 notre ensemble complet d'API et de SDK.<\/p>\n\n\n\n<br>\n\n\n\n<hr class=\"wp-block-separator has-text-color has-alpha-channel-opacity has-background\" style=\"background-color:#27b7ea;color:#27b7ea\"\/>\n\n\n\n<br>","protected":false},"excerpt":{"rendered":"<p>In uw eigen corporate identity&nbsp; Jifeline Networks biedt niet alleen technische voordelen, maar ook marketingmogelijkheden, doordat partners de technologie kunnen gebruiken onder hun eigen merknaam. Dit maakt het een veelzijdige oplossing voor een breed scala aan klanten, van individuele diagnosespecialisten tot grote serviceorganisaties\u200b. Met private branding kunt u de diagnosetool onder uw eigen merknaam aanbieden, [&hellip;]<\/p>\n","protected":false},"author":1,"featured_media":4223,"parent":34,"menu_order":0,"comment_status":"closed","ping_status":"closed","template":"","meta":{"footnotes":""},"soort-pagina":[35],"class_list":["post-3845","page","type-page","status-publish","has-post-thumbnail","hentry","soort-pagina-standaard-contentpagina"],"_links":{"self":[{"href":"https:\/\/jifeline.net\/fr\/wp-json\/wp\/v2\/pages\/3845","targetHints":{"allow":["GET"]}}],"collection":[{"href":"https:\/\/jifeline.net\/fr\/wp-json\/wp\/v2\/pages"}],"about":[{"href":"https:\/\/jifeline.net\/fr\/wp-json\/wp\/v2\/types\/page"}],"author":[{"embeddable":true,"href":"https:\/\/jifeline.net\/fr\/wp-json\/wp\/v2\/users\/1"}],"replies":[{"embeddable":true,"href":"https:\/\/jifeline.net\/fr\/wp-json\/wp\/v2\/comments?post=3845"}],"version-history":[{"count":4,"href":"https:\/\/jifeline.net\/fr\/wp-json\/wp\/v2\/pages\/3845\/revisions"}],"predecessor-version":[{"id":4752,"href":"https:\/\/jifeline.net\/fr\/wp-json\/wp\/v2\/pages\/3845\/revisions\/4752"}],"up":[{"embeddable":true,"href":"https:\/\/jifeline.net\/fr\/wp-json\/wp\/v2\/pages\/34"}],"wp:featuredmedia":[{"embeddable":true,"href":"https:\/\/jifeline.net\/fr\/wp-json\/wp\/v2\/media\/4223"}],"wp:attachment":[{"href":"https:\/\/jifeline.net\/fr\/wp-json\/wp\/v2\/media?parent=3845"}],"wp:term":[{"taxonomy":"soort-pagina","embeddable":true,"href":"https:\/\/jifeline.net\/fr\/wp-json\/wp\/v2\/soort-pagina?post=3845"}],"curies":[{"name":"wp","href":"https:\/\/api.w.org\/{rel}","templated":true}]}}