{"id":3848,"date":"2024-08-21T15:40:09","date_gmt":"2024-08-21T13:40:09","guid":{"rendered":"https:\/\/jifeline.net\/?page_id=3848"},"modified":"2025-08-27T11:41:20","modified_gmt":"2025-08-27T09:41:20","slug":"soutien","status":"publish","type":"page","link":"https:\/\/jifeline.net\/fr\/creeer-uw-eigen-netwerk\/support\/","title":{"rendered":"Soutien"},"content":{"rendered":"<h3 class=\"wp-block-heading\">Jifeline Remote Diagnostics helpdesk<\/h3>\n\n\n\n<br>\n\n\n\n<p>Jifeline Remote Diagnostics est le propre service d'assistance de Jifeline pour les diagnostics \u00e0 distance. Bas\u00e9 aux Pays-Bas, il travaille avec une trentaine d'op\u00e9rateurs sur plus de 15 000 codes par mois. Ces quantit\u00e9s permettent \u00e0 nos op\u00e9rateurs d'acqu\u00e9rir une tr\u00e8s grande exp\u00e9rience. Combin\u00e9 \u00e0 notre acc\u00e8s aux outils OEM de plus de 60 marques, il n'y a pratiquement aucun codage\/programmation qu'ils ne peuvent pas faire.<\/p>\n\n\n\n<p>Jifeline Remote Diagnostics se concentre d\u00e9sormais sur le soutien aux autres partenaires Jifeline. Ainsi, en tant que partenaire Jifeline, il y a toujours un moyen d'aider votre client. Par l'interm\u00e9diaire de votre propre \u00e9quipe de diagnostic, d'un autre partenaire Jifeline Networks ou de Jifeline Remote Diagnostics. Et votre client ne s'en aper\u00e7oit pas !<\/p>\n\n\n\n<br>\n\n\n\n<hr class=\"wp-block-separator has-text-color has-alpha-channel-opacity has-background\" style=\"background-color:#1ab7ea;color:#1ab7ea\"\/>\n\n\n\n<br>","protected":false},"excerpt":{"rendered":"<p>Jifeline Remote Diagnostics helpdesk Jifeline Remote Diagnostics is Jifeline&#8217;s eigen Remote Diagnostics helpdesk. Zij werken vanuit Nederland met ongeveer 30 operators aan meer dan 15.000 coderingen per maand. Deze hoeveelheden geven onze operators een zeer uitgebreide ervaring. Gecombineerd met onze toegang tot OEM tools van meer dan 60 merken, is er bijna geen codering \/ [&hellip;]<\/p>\n","protected":false},"author":1,"featured_media":2063,"parent":34,"menu_order":0,"comment_status":"closed","ping_status":"closed","template":"","meta":{"footnotes":""},"soort-pagina":[35],"class_list":["post-3848","page","type-page","status-publish","has-post-thumbnail","hentry","soort-pagina-standaard-contentpagina"],"_links":{"self":[{"href":"https:\/\/jifeline.net\/fr\/wp-json\/wp\/v2\/pages\/3848","targetHints":{"allow":["GET"]}}],"collection":[{"href":"https:\/\/jifeline.net\/fr\/wp-json\/wp\/v2\/pages"}],"about":[{"href":"https:\/\/jifeline.net\/fr\/wp-json\/wp\/v2\/types\/page"}],"author":[{"embeddable":true,"href":"https:\/\/jifeline.net\/fr\/wp-json\/wp\/v2\/users\/1"}],"replies":[{"embeddable":true,"href":"https:\/\/jifeline.net\/fr\/wp-json\/wp\/v2\/comments?post=3848"}],"version-history":[{"count":5,"href":"https:\/\/jifeline.net\/fr\/wp-json\/wp\/v2\/pages\/3848\/revisions"}],"predecessor-version":[{"id":5009,"href":"https:\/\/jifeline.net\/fr\/wp-json\/wp\/v2\/pages\/3848\/revisions\/5009"}],"up":[{"embeddable":true,"href":"https:\/\/jifeline.net\/fr\/wp-json\/wp\/v2\/pages\/34"}],"wp:featuredmedia":[{"embeddable":true,"href":"https:\/\/jifeline.net\/fr\/wp-json\/wp\/v2\/media\/2063"}],"wp:attachment":[{"href":"https:\/\/jifeline.net\/fr\/wp-json\/wp\/v2\/media?parent=3848"}],"wp:term":[{"taxonomy":"soort-pagina","embeddable":true,"href":"https:\/\/jifeline.net\/fr\/wp-json\/wp\/v2\/soort-pagina?post=3848"}],"curies":[{"name":"wp","href":"https:\/\/api.w.org\/{rel}","templated":true}]}}