{"id":3850,"date":"2024-08-21T15:40:22","date_gmt":"2024-08-21T13:40:22","guid":{"rendered":"https:\/\/jifeline.net\/?page_id=3850"},"modified":"2026-01-21T12:31:41","modified_gmt":"2026-01-21T11:31:41","slug":"diagnostic-a-distance","status":"publish","type":"page","link":"https:\/\/jifeline.net\/fr\/over-ons\/diagnose-op-afstand\/","title":{"rendered":"Diagnostic \u00e0 distance"},"content":{"rendered":"<h3 class=\"wp-block-heading\">Comment cela fonctionne-t-il ? <\/h3>\n\n\n\n<p>Imaginez la situation suivante : une voiture se trouve chez un concessionnaire automobile pour une question ou un probl\u00e8me. La voiture peut rester l\u00e0 parce que le sp\u00e9cialiste du diagnostic travaille \u00e0 distance. Par exemple, il est m\u00eame possible pour un sp\u00e9cialiste du diagnostic aux Pays-Bas de programmer, coder ou diagnostiquer un v\u00e9hicule aux \u00c9tats-Unis. Tout ce dont le sp\u00e9cialiste du diagnostic a besoin, c'est de son \u00e9quipement de diagnostic et d'une Jifeline locale connect\u00e9e \u00e0 l'internet.<\/p>\n\n\n\n<p>Le client qui travaille sur la voiture branche le VCI \u00e0 distance Jifeline sur le connecteur OBD2 du v\u00e9hicule. Une application se lance alors automatiquement, permettant au client de sp\u00e9cifier le service \u00e0 effectuer.<\/p>\n\n\n\n<br>\n\n\n\n<hr class=\"wp-block-separator has-text-color has-alpha-channel-opacity has-background\" style=\"background-color:#17b7ea;color:#17b7ea\"\/>\n\n\n\n<br>\n\n\n\n<h3 class=\"wp-block-heading\">Sp\u00e9cialistes sur appel<\/h3>\n\n\n\n<p>Analyse d'un message d'erreur, apprentissage d'un attelage ou d'une cl\u00e9 ? Votre sp\u00e9cialiste \u00e0 distance prend le contr\u00f4le du v\u00e9hicule gr\u00e2ce \u00e0 la technologie Jifeline Networks et veille \u00e0 ce que la t\u00e2che demand\u00e9e soit ex\u00e9cut\u00e9e. Le sp\u00e9cialiste en diagnostic peut acc\u00e9der aux v\u00e9hicules via la connexion OBD2 comme s'il \u00e9tait lui-m\u00eame dans le v\u00e9hicule. Dans les cas complexes, il est possible de faire appel aux sp\u00e9cialistes en diagnostic de Jifeline Remote Diagnostics. Ensemble, nous trouvons toujours une solution.<\/p>\n\n\n\n<br>\n\n\n\n<hr class=\"wp-block-separator has-text-color has-alpha-channel-opacity has-background\" style=\"background-color:#17b7ea;color:#17b7ea\"\/>\n\n\n\n<br>\n\n\n\n<h3 class=\"wp-block-heading\">Services automatis\u00e9s<\/h3>\n\n\n\n<p>D\u00e9couvrez les avantages uniques des scripts automatis\u00e9s de Jifeline. Cet outil innovant vous permet d'effectuer diverses t\u00e2ches de codage, telles que l'installation de cl\u00e9s et de barres de remorquage, \u00e0 une vitesse fulgurante, sans avoir besoin d'un op\u00e9rateur en chair et en os. Nos scripts automatis\u00e9s fournissent non seulement des instructions \u00e9tape par \u00e9tape \u00e0 votre technicien d'atelier, mais effectuent \u00e9galement des contr\u00f4les essentiels en arri\u00e8re-plan.<\/p>\n\n\n\n<p>C'est simple : assignez un ticket entrant \u00e0 notre partenaire virtuel \"Fonctions automatis\u00e9es\" et obtenez un acc\u00e8s instantan\u00e9 \u00e0 ces fonctions. Vous gagnez ainsi du temps et augmentez l'efficacit\u00e9 de votre atelier.<\/p>\n\n\n\n<br>\n\n\n\n<hr class=\"wp-block-separator has-text-color has-alpha-channel-opacity has-background\" style=\"background-color:#17b7ea;color:#17b7ea\"\/>\n\n\n\n<br>\n\n\n\n<h3 class=\"wp-block-heading\">R\u00e9seau de partenaires<\/h3>\n\n\n\n<p>Les partenaires de Jifeline Networks peuvent utiliser le mat\u00e9riel et l'infrastructure de pointe de Jifeline pour assister leurs clients \u00e0 distance. Le r\u00e9seau offre la possibilit\u00e9 d'externaliser le travail \u00e0 d'autres partenaires Jifeline qui disposent des outils de diagnostic et de l'expertise n\u00e9cessaires. Les entreprises peuvent ainsi \u00e9largir leur offre de services et mieux servir leurs clients, ce qui leur permet de cro\u00eetre et de r\u00e9ussir sans avoir \u00e0 investir massivement dans de nouveaux \u00e9quipements ou dans la formation.<\/p>\n\n\n\n<figure class=\"wp-block-image size-full\"><img fetchpriority=\"high\" decoding=\"async\" width=\"882\" height=\"529\" src=\"https:\/\/jifeline.net\/wp-content\/uploads\/2024\/08\/2024_JNW_Automechanika_folder_A4-6_Pagina_1.jpg\" alt=\"R\u00e9seaux Jifeline\" class=\"wp-image-4218\" srcset=\"https:\/\/jifeline.net\/wp-content\/uploads\/2024\/08\/2024_JNW_Automechanika_folder_A4-6_Pagina_1.jpg 882w, https:\/\/jifeline.net\/wp-content\/uploads\/2024\/08\/2024_JNW_Automechanika_folder_A4-6_Pagina_1-300x180.jpg 300w, https:\/\/jifeline.net\/wp-content\/uploads\/2024\/08\/2024_JNW_Automechanika_folder_A4-6_Pagina_1-768x461.jpg 768w\" sizes=\"(max-width: 882px) 100vw, 882px\" \/><\/figure>\n\n\n\n<br>\n\n\n\n<hr class=\"wp-block-separator has-text-color has-alpha-channel-opacity has-background\" style=\"background-color:#17b7ea;color:#17b7ea\"\/>\n\n\n\n<br>","protected":false},"excerpt":{"rendered":"<p>Hoe werkt het? Stelt u zich het volgende voor: een auto staat bij een autobedrijf met een vraag of probleem. De auto kan daar gewoon blijven staan want de diagnosespecialist werkt op afstand. Het is bijvoorbeeld voor een diagnosespecialist in Nederland zelfs mogelijk om een voertuig in de Verenigde Staten te voorzien van een programmering, [&hellip;]<\/p>\n","protected":false},"author":1,"featured_media":4182,"parent":31,"menu_order":0,"comment_status":"closed","ping_status":"closed","template":"","meta":{"footnotes":""},"soort-pagina":[35],"class_list":["post-3850","page","type-page","status-publish","has-post-thumbnail","hentry","soort-pagina-standaard-contentpagina"],"_links":{"self":[{"href":"https:\/\/jifeline.net\/fr\/wp-json\/wp\/v2\/pages\/3850","targetHints":{"allow":["GET"]}}],"collection":[{"href":"https:\/\/jifeline.net\/fr\/wp-json\/wp\/v2\/pages"}],"about":[{"href":"https:\/\/jifeline.net\/fr\/wp-json\/wp\/v2\/types\/page"}],"author":[{"embeddable":true,"href":"https:\/\/jifeline.net\/fr\/wp-json\/wp\/v2\/users\/1"}],"replies":[{"embeddable":true,"href":"https:\/\/jifeline.net\/fr\/wp-json\/wp\/v2\/comments?post=3850"}],"version-history":[{"count":5,"href":"https:\/\/jifeline.net\/fr\/wp-json\/wp\/v2\/pages\/3850\/revisions"}],"predecessor-version":[{"id":5255,"href":"https:\/\/jifeline.net\/fr\/wp-json\/wp\/v2\/pages\/3850\/revisions\/5255"}],"up":[{"embeddable":true,"href":"https:\/\/jifeline.net\/fr\/wp-json\/wp\/v2\/pages\/31"}],"wp:featuredmedia":[{"embeddable":true,"href":"https:\/\/jifeline.net\/fr\/wp-json\/wp\/v2\/media\/4182"}],"wp:attachment":[{"href":"https:\/\/jifeline.net\/fr\/wp-json\/wp\/v2\/media?parent=3850"}],"wp:term":[{"taxonomy":"soort-pagina","embeddable":true,"href":"https:\/\/jifeline.net\/fr\/wp-json\/wp\/v2\/soort-pagina?post=3850"}],"curies":[{"name":"wp","href":"https:\/\/api.w.org\/{rel}","templated":true}]}}