{"id":4576,"date":"2024-09-04T19:21:30","date_gmt":"2024-09-04T17:21:30","guid":{"rendered":"https:\/\/jifeline.net\/?page_id=4576"},"modified":"2026-02-26T08:21:23","modified_gmt":"2026-02-26T07:21:23","slug":"api","status":"publish","type":"page","link":"https:\/\/jifeline.net\/fr\/creeer-uw-eigen-netwerk\/api\/","title":{"rendered":"API"},"content":{"rendered":"<h3 class=\"wp-block-heading\">Enti\u00e8rement bas\u00e9 sur l'API&nbsp;<\/h3>\n\n\n\n<p>L'infrastructure de Jifeline Networks est enti\u00e8rement bas\u00e9e sur des API. Cela s'applique \u00e0 : <\/p>\n\n\n\n<ul class=\"wp-block-list\">\n<li>Le portail client Jifeline o\u00f9 le garagiste peut demander un service<\/li>\n\n\n\n<li>Le portail partenaire dans lequel travaillent les experts \u00e0 distance<\/li>\n\n\n\n<li>Le back-end administratif pour, par exemple, le traitement financier<\/li>\n<\/ul>\n\n\n\n<p>Cela vous permet de r\u00e9aliser une int\u00e9gration compl\u00e8te avec votre boutique num\u00e9rique, votre syst\u00e8me de gestion des lieux de travail, votre portail client ou votre syst\u00e8me ERP.<\/p>\n\n\n\n<div class=\"wp-block-buttons is-content-justification-center is-layout-flex wp-container-core-buttons-is-layout-a89b3969 wp-block-buttons-is-layout-flex\">\n<div class=\"wp-block-button has-custom-width wp-block-button__width-100 is-style-fill\"><a class=\"wp-block-button__link has-white-color has-text-color has-background has-link-color has-medium-font-size has-text-align-center has-custom-font-size wp-element-button\" href=\"https:\/\/partner-api-docs-001.prd.jifeline.cloud\/\" style=\"border-radius:0px;background-color:#27b7ea\" target=\"_blank\" rel=\"noopener\">Documentation de l'API partenaire<\/a><\/div>\n\n\n\n<div class=\"wp-block-button has-custom-width wp-block-button__width-100 is-style-fill\"><a class=\"wp-block-button__link has-white-color has-text-color has-background has-link-color has-medium-font-size has-text-align-center has-custom-font-size wp-element-button\" href=\"https:\/\/customer-api-docs-001.prd.jifeline.cloud\/\" style=\"border-radius:0px;background-color:#27b7ea\" target=\"_blank\" rel=\"noopener\">Documentation de l'API du portail client<\/a><\/div>\n<\/div>\n\n\n\n<br>\n\n\n\n<hr class=\"wp-block-separator has-text-color has-alpha-channel-opacity has-background\" style=\"background-color:#27b7ea;color:#27b7ea\"\/>\n\n\n\n<br>\n\n\n\n<h3 class=\"wp-block-heading\">Exemples<\/h3>\n\n\n\n<br>\n\n\n\n<p>Les possibilit\u00e9s d'int\u00e9grer de mani\u00e8re transparente le diagnostic \u00e0 distance dans votre flux de travail ou celui de vos clients sont infinies. En voici quelques exemples :<\/p>\n\n\n\n<br>\n\n\n\n<h4 class=\"wp-block-heading\">Facturation automatique<\/h4>\n\n\n\n<p>Une fois qu'un ticket a \u00e9t\u00e9 rempli avec succ\u00e8s, les coordonn\u00e9es du client, les d\u00e9tails du service, le prix convenu, etc. sont envoy\u00e9s directement \u00e0 votre syst\u00e8me financier afin que vous puissiez cr\u00e9er une facture imm\u00e9diatement.<\/p>\n\n\n\n<br>\n\n\n\n<h4 class=\"wp-block-heading\">Rapports automatiques avant et apr\u00e8s le balayage pour l'assureur<\/h4>\n\n\n\n<p>Apr\u00e8s le calibrage d'une cam\u00e9ra ADAS suite au remplacement d'un pare-brise, les rapports pr\u00e9- et post-scan, une confirmation du calibrage r\u00e9el et la facture sont automatiquement collect\u00e9s et envoy\u00e9s \u00e0 l'assureur.<\/p>\n\n\n\n<br>\n\n\n\n<h4 class=\"wp-block-heading\">Reconnaissance automatique et d\u00e9marrage de la programmation<\/h4>\n\n\n\n<p>Un garagiste ach\u00e8te un bo\u00eetier de direction dans la boutique en ligne d'un grossiste, constate qu'il doit \u00eatre programm\u00e9 et ach\u00e8te imm\u00e9diatement le codage n\u00e9cessaire. D\u00e8s qu'il connecte l'interface de diagnostic \u00e0 distance \u00e0 la voiture, celle-ci est reconnue et le pilote automatique est imm\u00e9diatement programm\u00e9.<\/p>\n\n\n\n<br>\n\n\n\n<h4 class=\"wp-block-heading\">V\u00e9rification automatique de la disponibilit\u00e9<\/h4>\n\n\n\n<p>Un m\u00e9canicien dans un atelier veut effectuer une mise \u00e0 jour de module avec un appareil de diagnostic sur site, ce qui \u00e9choue parce que le v\u00e9hicule est trop r\u00e9cent et que l'appareil de diagnostic sur site ne le conna\u00eet pas encore. L'appareil de diagnostic sur site v\u00e9rifie aupr\u00e8s du service de t\u00e9l\u00e9diagnostic si cette op\u00e9ration est d\u00e9j\u00e0 possible \u00e0 distance, puis la propose au m\u00e9canicien. Une fois l'op\u00e9ration confirm\u00e9e, un ticket est automatiquement cr\u00e9\u00e9 dans le service de t\u00e9l\u00e9diagnostic et le module est toujours mis \u00e0 jour.<\/p>\n\n\n\n<br>\n\n\n\n<hr class=\"wp-block-separator has-text-color has-alpha-channel-opacity has-background\" style=\"background-color:#27b7ea;color:#27b7ea\"\/>\n\n\n\n<br>\n\n\n\n<h3 class=\"wp-block-heading\">Laissez-vous inspirer par les possibilit\u00e9s qui s'offrent \u00e0 vous !<\/h3>\n\n\n\n<p>D'innombrables sc\u00e9narios sont donc envisageables, dans lesquels le diagnostic \u00e0 distance peut soutenir ou remplacer (partiellement) les processus existants. Cela permet \u00e0 l'atelier de travailler de mani\u00e8re plus efficace, plus rapide et plus rentable.<\/p>\n\n\n\n<br>\n\n\n\n<hr class=\"wp-block-separator has-text-color has-alpha-channel-opacity has-background\" style=\"background-color:#27b7ea;color:#27b7ea\"\/>\n\n\n\n<p><\/p>","protected":false},"excerpt":{"rendered":"<p>Volledig API gebaseerd&nbsp; De Jifeline Networks infrastructuur is volledig API gebaseerd. Dit geldt voor: Hierdoor kunt u een volledige integratie met uw digitale winkel, werkplaats management systeem, klantenportaal of ERP-systeem bouwen. Voorbeelden De mogelijkheden om Remote Diagnose naadloos te integreren in uw workflow of die van uw klanten zijn oneindig. Hier zijn enkele voorbeelden: Automatische [&hellip;]<\/p>\n","protected":false},"author":4,"featured_media":2063,"parent":34,"menu_order":0,"comment_status":"closed","ping_status":"closed","template":"","meta":{"footnotes":""},"soort-pagina":[35],"class_list":["post-4576","page","type-page","status-publish","has-post-thumbnail","hentry","soort-pagina-standaard-contentpagina"],"_links":{"self":[{"href":"https:\/\/jifeline.net\/fr\/wp-json\/wp\/v2\/pages\/4576","targetHints":{"allow":["GET"]}}],"collection":[{"href":"https:\/\/jifeline.net\/fr\/wp-json\/wp\/v2\/pages"}],"about":[{"href":"https:\/\/jifeline.net\/fr\/wp-json\/wp\/v2\/types\/page"}],"author":[{"embeddable":true,"href":"https:\/\/jifeline.net\/fr\/wp-json\/wp\/v2\/users\/4"}],"replies":[{"embeddable":true,"href":"https:\/\/jifeline.net\/fr\/wp-json\/wp\/v2\/comments?post=4576"}],"version-history":[{"count":5,"href":"https:\/\/jifeline.net\/fr\/wp-json\/wp\/v2\/pages\/4576\/revisions"}],"predecessor-version":[{"id":5293,"href":"https:\/\/jifeline.net\/fr\/wp-json\/wp\/v2\/pages\/4576\/revisions\/5293"}],"up":[{"embeddable":true,"href":"https:\/\/jifeline.net\/fr\/wp-json\/wp\/v2\/pages\/34"}],"wp:featuredmedia":[{"embeddable":true,"href":"https:\/\/jifeline.net\/fr\/wp-json\/wp\/v2\/media\/2063"}],"wp:attachment":[{"href":"https:\/\/jifeline.net\/fr\/wp-json\/wp\/v2\/media?parent=4576"}],"wp:term":[{"taxonomy":"soort-pagina","embeddable":true,"href":"https:\/\/jifeline.net\/fr\/wp-json\/wp\/v2\/soort-pagina?post=4576"}],"curies":[{"name":"wp","href":"https:\/\/api.w.org\/{rel}","templated":true}]}}