{"id":4895,"date":"2025-03-24T09:08:17","date_gmt":"2025-03-24T08:08:17","guid":{"rendered":"https:\/\/jifeline.net\/?page_id=4895"},"modified":"2026-01-21T12:46:34","modified_gmt":"2026-01-21T11:46:34","slug":"parti","status":"publish","type":"page","link":"https:\/\/jifeline.net\/fr\/party\/","title":{"rendered":"Parti"},"content":{"rendered":"<h3 class=\"wp-block-heading\">Jifeline 12\u00bd ans&nbsp;<\/h3>\n\n\n\n<p>En 2012, Jifeline a \u00e9t\u00e9 fond\u00e9e avec la vision progressive de r\u00e9volutionner l'industrie automobile dans le domaine du diagnostic \u00e0 distance. Depuis, Jifeline est devenu un r\u00e9seau mondial comptant plus de 150 partenaires. Nous aimerions f\u00eater cela avec nos coll\u00e8gues et nos partenaires ! <\/p>\n\n\n\n<br>\n\n\n\n<hr class=\"wp-block-separator has-text-color has-alpha-channel-opacity has-background\" style=\"background-color:#1ab7ea;color:#1ab7ea\"\/>\n\n\n\n<br>\n\n\n\n<h3 class=\"wp-block-heading\">Programme<\/h3>\n\n\n\n<p>Vendredi 9 mai 2025<\/p>\n\n\n\n<p>Lieu : Zweihaak 2 - 4251 LT - Werkendam<\/p>\n\n\n\n<ul class=\"wp-block-list\">\n<li>16:00 R\u00e9ception des invit\u00e9s<\/li>\n\n\n\n<li>17:00 Discours et ouverture des nouveaux locaux<\/li>\n\n\n\n<li>17:30 D\u00eener sur la place du foodtruck<\/li>\n\n\n\n<li>20:00 D\u00e9but de la soir\u00e9e<\/li>\n<\/ul>\n\n\n\n<div class=\"wp-block-buttons is-layout-flex wp-block-buttons-is-layout-flex\">\n<div class=\"wp-block-button\"><a class=\"wp-block-button__link wp-element-button\" href=\"https:\/\/docs.google.com\/forms\/d\/e\/1FAIpQLSfzB6zNNQIecSr6sLnPeXiXJHb_PyL4g_gStGrpmDg34VyevQ\/viewform?usp=header\" target=\"_blank\" rel=\"noopener\">S'inscrire<\/a><\/div>\n<\/div>\n\n\n\n<br>\n\n\n\n<p><strong>Remarque : <\/strong>Les inscriptions sont possibles jusqu'au vendredi 18 avril 2025<\/p>\n\n\n\n<br>\n\n\n\n<hr class=\"wp-block-separator has-text-color has-alpha-channel-opacity has-background\" style=\"background-color:#1ab7ea;color:#1ab7ea\"\/>\n\n\n\n<br>\n\n\n\n<figure class=\"wp-block-image size-large\"><img fetchpriority=\"high\" decoding=\"async\" width=\"730\" height=\"1024\" src=\"https:\/\/jifeline.net\/wp-content\/uploads\/2025\/03\/Jifeline-125-jaar-2-730x1024.jpg\" alt=\"Jifeline - 12,5 ans\" class=\"wp-image-4905\" srcset=\"https:\/\/jifeline.net\/wp-content\/uploads\/2025\/03\/Jifeline-125-jaar-2-730x1024.jpg 730w, https:\/\/jifeline.net\/wp-content\/uploads\/2025\/03\/Jifeline-125-jaar-2-214x300.jpg 214w, https:\/\/jifeline.net\/wp-content\/uploads\/2025\/03\/Jifeline-125-jaar-2-768x1077.jpg 768w, https:\/\/jifeline.net\/wp-content\/uploads\/2025\/03\/Jifeline-125-jaar-2-1095x1536.jpg 1095w, https:\/\/jifeline.net\/wp-content\/uploads\/2025\/03\/Jifeline-125-jaar-2-1460x2048.jpg 1460w, https:\/\/jifeline.net\/wp-content\/uploads\/2025\/03\/Jifeline-125-jaar-2-9x12.jpg 9w, https:\/\/jifeline.net\/wp-content\/uploads\/2025\/03\/Jifeline-125-jaar-2-scaled.jpg 1825w\" sizes=\"(max-width: 730px) 100vw, 730px\" \/><\/figure>","protected":false},"excerpt":{"rendered":"<p>Jifeline 12\u00bd jaar&nbsp; In 2012 werd Jifeline opgericht met de vooruitstrevende visie om een revolutie teweeg te gaan brengen in de auto-industrie op het gebied van remote diagnose. Inmiddels heeft Jifeline zich ontwikkeld tot een wereldwijd netwerk met meer dan 150 partners. Dit willen we graag samen met onze collega&#8217;s en partners vieren! Programma Vrijdag [&hellip;]<\/p>\n","protected":false},"author":4,"featured_media":4896,"parent":0,"menu_order":0,"comment_status":"closed","ping_status":"closed","template":"","meta":{"footnotes":""},"soort-pagina":[35],"class_list":["post-4895","page","type-page","status-publish","has-post-thumbnail","hentry","soort-pagina-standaard-contentpagina"],"_links":{"self":[{"href":"https:\/\/jifeline.net\/fr\/wp-json\/wp\/v2\/pages\/4895","targetHints":{"allow":["GET"]}}],"collection":[{"href":"https:\/\/jifeline.net\/fr\/wp-json\/wp\/v2\/pages"}],"about":[{"href":"https:\/\/jifeline.net\/fr\/wp-json\/wp\/v2\/types\/page"}],"author":[{"embeddable":true,"href":"https:\/\/jifeline.net\/fr\/wp-json\/wp\/v2\/users\/4"}],"replies":[{"embeddable":true,"href":"https:\/\/jifeline.net\/fr\/wp-json\/wp\/v2\/comments?post=4895"}],"version-history":[{"count":5,"href":"https:\/\/jifeline.net\/fr\/wp-json\/wp\/v2\/pages\/4895\/revisions"}],"predecessor-version":[{"id":5269,"href":"https:\/\/jifeline.net\/fr\/wp-json\/wp\/v2\/pages\/4895\/revisions\/5269"}],"wp:featuredmedia":[{"embeddable":true,"href":"https:\/\/jifeline.net\/fr\/wp-json\/wp\/v2\/media\/4896"}],"wp:attachment":[{"href":"https:\/\/jifeline.net\/fr\/wp-json\/wp\/v2\/media?parent=4895"}],"wp:term":[{"taxonomy":"soort-pagina","embeddable":true,"href":"https:\/\/jifeline.net\/fr\/wp-json\/wp\/v2\/soort-pagina?post=4895"}],"curies":[{"name":"wp","href":"https:\/\/api.w.org\/{rel}","templated":true}]}}