{"id":5215,"date":"2025-12-23T15:26:53","date_gmt":"2025-12-23T14:26:53","guid":{"rendered":"https:\/\/jifeline.net\/?page_id=5215"},"modified":"2026-03-30T12:01:59","modified_gmt":"2026-03-30T10:01:59","slug":"camions","status":"publish","type":"page","link":"https:\/\/jifeline.net\/fr\/nl-trucks\/","title":{"rendered":"Camions"},"content":{"rendered":"<p>Leader du march\u00e9 du t\u00e9l\u00e9diagnostic pour les voitures particuli\u00e8res depuis une dizaine d'ann\u00e9es, Jifeline Networks apporte d\u00e9sormais son expertise aux camions. Cette \u00e9volution ouvre de nouvelles perspectives en mati\u00e8re de t\u00e9l\u00e9diagnostic, permettant une surveillance et une maintenance sans faille des poids lourds.<\/p>\n\n\n\n<br>\n\n\n\n<figure class=\"wp-block-image size-large\"><img fetchpriority=\"high\" decoding=\"async\" width=\"1024\" height=\"683\" src=\"https:\/\/jifeline.net\/wp-content\/uploads\/2025\/12\/JNW-1024x683.png\" alt=\"Camions\" class=\"wp-image-5217\" srcset=\"https:\/\/jifeline.net\/wp-content\/uploads\/2025\/12\/JNW-1024x683.png 1024w, https:\/\/jifeline.net\/wp-content\/uploads\/2025\/12\/JNW-300x200.png 300w, https:\/\/jifeline.net\/wp-content\/uploads\/2025\/12\/JNW-768x512.png 768w, https:\/\/jifeline.net\/wp-content\/uploads\/2025\/12\/JNW-1536x1024.png 1536w, https:\/\/jifeline.net\/wp-content\/uploads\/2025\/12\/JNW-2048x1365.png 2048w, https:\/\/jifeline.net\/wp-content\/uploads\/2025\/12\/JNW-18x12.png 18w\" sizes=\"(max-width: 1024px) 100vw, 1024px\" \/><\/figure>\n\n\n\n<br>\n\n\n\n<p>Notre solution pour camions permet \u00e0 nos partenaires d'effectuer des diagnostics \u00e0 distance sur un large \u00e9ventail de grandes marques de camions, notamment MAN, Mercedes Trucks, DAF, IVECO Trucks, Volvo Trucks et Renault Trucks. De plus, nous ajoutons constamment de nouvelles marques. Ensemble, ces marques couvrent la majeure partie du march\u00e9 des camions et offrent un acc\u00e8s direct \u00e0 la plupart des grands constructeurs.<\/p>\n\n\n\n<p>Notre technologie prend en charge les protocoles de communication K-Line, CANBUS et DoIP. Les services tels que la lecture\/r\u00e9initialisation des codes d'erreur, le codage et l'\u00e9talonnage des modules sont enti\u00e8rement pris en charge.<\/p>\n\n\n\n<p>Nos unit\u00e9s J-ReX et J-TaB sont toutes deux enti\u00e8rement compatibles avec les syst\u00e8mes des camions. Ces tickets peuvent \u00eatre trait\u00e9s dans n'importe lequel de nos portails d'op\u00e9rateurs existants. Cela garantit un d\u00e9ploiement efficace et sans heurts des services aux camions.<\/p>\n\n\n\n<p>Afin de r\u00e9pondre aux exigences de certains \u00e9quipements de diagnostic OEM, nous proposons une version 24 V de nos bo\u00eetiers Local-1 et Local-4.<\/p>\n\n\n\n<br>\n\n\n\n<hr class=\"wp-block-separator has-text-color has-alpha-channel-opacity has-background\" style=\"background-color:#27b7ea;color:#27b7ea\"\/>\n\n\n\n<br>\n\n\n\n<h4 class=\"wp-block-heading\">FAQ <\/h4>\n\n\n\n<p><strong>Q :<\/strong>&nbsp;Quelles marques de camions sont prises en charge ?<br><strong>A :<\/strong>&nbsp;DAF \u2013 IVECO Trucks \u2013 MAN \u2013 Mercedes Trucks \u2013 Renault Trucks \u2013 Scania \u2013 Volvo Trucks. Tous les camions \u00e0 partir de 2013 ont \u00e9t\u00e9 test\u00e9s et leur CANBUS est pris en charge. La prise en charge de K-Line est incertaine. Pour IVECO, la prise en charge est actuellement limit\u00e9e aux mod\u00e8les \u00e0 partir de 2019, car les v\u00e9hicules plus anciens d\u00e9pendent fortement de K-Line.<\/p>\n\n\n\n<p><strong>Q :<\/strong>&nbsp;Ai-je besoin d'un autre tableau de bord ?<br><strong>A :<\/strong>&nbsp;Non, les contraventions pour les camions apparaissent sur le tableau de bord du m\u00eame partenaire et peuvent \u00eatre trait\u00e9es de la m\u00eame mani\u00e8re que les amendes pour les voitures particuli\u00e8res.<\/p>\n\n\n\n<br>\n\n\n\n<p>N'h\u00e9sitez pas \u00e0 nous contacter en utilisant le formulaire de contact ci-dessous si vous souhaitez obtenir plus d'informations.<\/p>\n\n\n\n<br>","protected":false},"excerpt":{"rendered":"<p>Na een decennium marktleider te zijn geweest in diagnose op afstand voor personenauto&#8217;s, brengt Jifeline Networks zijn expertise nu ook naar trucks. Deze ontwikkeling opent nieuwe mogelijkheden voor diagnose op afstand, waardoor naadloze monitoring en onderhoud van zware trucks mogelijk wordt. Onze truckoplossing stelt onze partners in staat om op afstand diagnoses uit te voeren [&hellip;]<\/p>\n","protected":false},"author":4,"featured_media":5216,"parent":0,"menu_order":0,"comment_status":"closed","ping_status":"closed","template":"","meta":{"footnotes":""},"soort-pagina":[35],"class_list":["post-5215","page","type-page","status-publish","has-post-thumbnail","hentry","soort-pagina-standaard-contentpagina"],"_links":{"self":[{"href":"https:\/\/jifeline.net\/fr\/wp-json\/wp\/v2\/pages\/5215","targetHints":{"allow":["GET"]}}],"collection":[{"href":"https:\/\/jifeline.net\/fr\/wp-json\/wp\/v2\/pages"}],"about":[{"href":"https:\/\/jifeline.net\/fr\/wp-json\/wp\/v2\/types\/page"}],"author":[{"embeddable":true,"href":"https:\/\/jifeline.net\/fr\/wp-json\/wp\/v2\/users\/4"}],"replies":[{"embeddable":true,"href":"https:\/\/jifeline.net\/fr\/wp-json\/wp\/v2\/comments?post=5215"}],"version-history":[{"count":5,"href":"https:\/\/jifeline.net\/fr\/wp-json\/wp\/v2\/pages\/5215\/revisions"}],"predecessor-version":[{"id":5339,"href":"https:\/\/jifeline.net\/fr\/wp-json\/wp\/v2\/pages\/5215\/revisions\/5339"}],"wp:featuredmedia":[{"embeddable":true,"href":"https:\/\/jifeline.net\/fr\/wp-json\/wp\/v2\/media\/5216"}],"wp:attachment":[{"href":"https:\/\/jifeline.net\/fr\/wp-json\/wp\/v2\/media?parent=5215"}],"wp:term":[{"taxonomy":"soort-pagina","embeddable":true,"href":"https:\/\/jifeline.net\/fr\/wp-json\/wp\/v2\/soort-pagina?post=5215"}],"curies":[{"name":"wp","href":"https:\/\/api.w.org\/{rel}","templated":true}]}}